{"id":11418,"date":"2025-06-26T12:31:22","date_gmt":"2025-06-26T12:31:22","guid":{"rendered":"https:\/\/egypt-tourist-information.com\/2-day-luxor-tour-from-hurghada"},"modified":"2026-04-24T10:06:34","modified_gmt":"2026-04-24T10:06:34","slug":"ausflug-hurghada-luxor-2-tage","status":"publish","type":"page","link":"https:\/\/egypt-tourist-information.com\/de\/ausflug-hurghada-luxor-2-tage","title":{"rendered":"2-t\u00e4giger Ausflug von Hurghada nach Luxor: Ballonfahrt, Nilkreuzfahrt &amp; Hotel"},"content":{"rendered":"<p><span><img decoding=\"async\" alt=\"\" data-id=\"9417\" width=\"\" height=\"undefined\" title=\"Hurghada \u2013 2-t\u00e4gige Luxor-Tour mit Hotel, Ballonfahrt und Bootsfahrt\" src=\"https:\/\/egypt-tourist-information.com\/wp-content\/uploads\/Hurghada-2-Day-Luxor-Tour-with-Hotel-Balloon-Boat-Ride-ota.avif\" data-src=\"https:\/\/egypt-tourist-information.com\/wp-content\/uploads\/Hurghada-2-Day-Luxor-Tour-with-Hotel-Balloon-Boat-Ride-ota.avif\" loading=\"lazy\" data-sizes=\"{&quot;full&quot;:{&quot;url&quot;:&quot;https:\/\/egypt-tourist-information.com\/wp-content\/uploads\/Hurghada-2-Day-Luxor-Tour-with-Hotel-Balloon-Boat-Ride-ota.avif&quot;}}\"><\/span><span><img decoding=\"async\" alt=\"\" data-id=\"9416\" width=\"2166\" height=\"1300\" title=\"Hurghada \u2013 2-t\u00e4gige Luxor-Tour mit Hotel, Ballonfahrt und Bootsfahrt ota2\" src=\"https:\/\/egypt-tourist-information.com\/wp-content\/uploads\/Hurghada-2-Day-Luxor-Tour-with-Hotel-Balloon-Boat-Ride-ota2-1024x615.webp\" data-src=\"https:\/\/egypt-tourist-information.com\/wp-content\/uploads\/Hurghada-2-Day-Luxor-Tour-with-Hotel-Balloon-Boat-Ride-ota2-300x180.webp\" loading=\"lazy\" data-sizes=\"{&quot;thumbnail&quot;:{&quot;url&quot;:&quot;https:\/\/egypt-tourist-information.com\/wp-content\/uploads\/Hurghada-2-Day-Luxor-Tour-with-Hotel-Balloon-Boat-Ride-ota2-150x150.webp&quot;,&quot;height&quot;:150,&quot;width&quot;:150,&quot;orientation&quot;:&quot;landscape&quot;},&quot;medium&quot;:{&quot;url&quot;:&quot;https:\/\/egypt-tourist-information.com\/wp-content\/uploads\/Hurghada-2-Day-Luxor-Tour-with-Hotel-Balloon-Boat-Ride-ota2-300x180.webp&quot;,&quot;height&quot;:180,&quot;width&quot;:300,&quot;orientation&quot;:&quot;landscape&quot;},&quot;large&quot;:{&quot;url&quot;:&quot;https:\/\/egypt-tourist-information.com\/wp-content\/uploads\/Hurghada-2-Day-Luxor-Tour-with-Hotel-Balloon-Boat-Ride-ota2-1024x615.webp&quot;,&quot;height&quot;:615,&quot;width&quot;:1024,&quot;orientation&quot;:&quot;landscape&quot;},&quot;full&quot;:{&quot;url&quot;:&quot;https:\/\/egypt-tourist-information.com\/wp-content\/uploads\/Hurghada-2-Day-Luxor-Tour-with-Hotel-Balloon-Boat-Ride-ota2.webp&quot;,&quot;height&quot;:1300,&quot;width&quot;:2166,&quot;orientation&quot;:&quot;landscape&quot;},&quot;1536x1536&quot;:{&quot;url&quot;:&quot;https:\/\/egypt-tourist-information.com\/wp-content\/uploads\/Hurghada-2-Day-Luxor-Tour-with-Hotel-Balloon-Boat-Ride-ota2-1536x922.webp&quot;,&quot;height&quot;:922,&quot;width&quot;:1536,&quot;orientation&quot;:&quot;landscape&quot;},&quot;2048x2048&quot;:{&quot;url&quot;:&quot;https:\/\/egypt-tourist-information.com\/wp-content\/uploads\/Hurghada-2-Day-Luxor-Tour-with-Hotel-Balloon-Boat-Ride-ota2-2048x1229.webp&quot;,&quot;height&quot;:1229,&quot;width&quot;:2048,&quot;orientation&quot;:&quot;landscape&quot;}}\"><\/span><span><img decoding=\"async\" alt=\"\" data-id=\"9415\" width=\"\" height=\"undefined\" title=\"Hurghada \u2013 2-t\u00e4gige Luxor-Tour mit Hotel, Ballonfahrt und Bootsfahrt ota3\" src=\"https:\/\/egypt-tourist-information.com\/wp-content\/uploads\/Hurghada-2-Day-Luxor-Tour-with-Hotel-Balloon-Boat-Ride-ota3.avif\" data-src=\"https:\/\/egypt-tourist-information.com\/wp-content\/uploads\/Hurghada-2-Day-Luxor-Tour-with-Hotel-Balloon-Boat-Ride-ota3.avif\" loading=\"lazy\" data-sizes=\"{&quot;full&quot;:{&quot;url&quot;:&quot;https:\/\/egypt-tourist-information.com\/wp-content\/uploads\/Hurghada-2-Day-Luxor-Tour-with-Hotel-Balloon-Boat-Ride-ota3.avif&quot;}}\"><\/span><span><img decoding=\"async\" alt=\"\" data-id=\"9414\" width=\"2265\" height=\"1300\" title=\"Hurghada \u2013 2-t\u00e4gige Luxor-Tour mit Hotel, Ballonfahrt und Bootsfahrt ota4\" src=\"https:\/\/egypt-tourist-information.com\/wp-content\/uploads\/Hurghada-2-Day-Luxor-Tour-with-Hotel-Balloon-Boat-Ride-ota4-1024x588.webp\" data-src=\"https:\/\/egypt-tourist-information.com\/wp-content\/uploads\/Hurghada-2-Day-Luxor-Tour-with-Hotel-Balloon-Boat-Ride-ota4-300x172.webp\" loading=\"lazy\" data-sizes=\"{&quot;thumbnail&quot;:{&quot;url&quot;:&quot;https:\/\/egypt-tourist-information.com\/wp-content\/uploads\/Hurghada-2-Day-Luxor-Tour-with-Hotel-Balloon-Boat-Ride-ota4-150x150.webp&quot;,&quot;height&quot;:150,&quot;width&quot;:150,&quot;orientation&quot;:&quot;landscape&quot;},&quot;medium&quot;:{&quot;url&quot;:&quot;https:\/\/egypt-tourist-information.com\/wp-content\/uploads\/Hurghada-2-Day-Luxor-Tour-with-Hotel-Balloon-Boat-Ride-ota4-300x172.webp&quot;,&quot;height&quot;:172,&quot;width&quot;:300,&quot;orientation&quot;:&quot;landscape&quot;},&quot;large&quot;:{&quot;url&quot;:&quot;https:\/\/egypt-tourist-information.com\/wp-content\/uploads\/Hurghada-2-Day-Luxor-Tour-with-Hotel-Balloon-Boat-Ride-ota4-1024x588.webp&quot;,&quot;height&quot;:588,&quot;width&quot;:1024,&quot;orientation&quot;:&quot;landscape&quot;},&quot;full&quot;:{&quot;url&quot;:&quot;https:\/\/egypt-tourist-information.com\/wp-content\/uploads\/Hurghada-2-Day-Luxor-Tour-with-Hotel-Balloon-Boat-Ride-ota4.webp&quot;,&quot;height&quot;:1300,&quot;width&quot;:2265,&quot;orientation&quot;:&quot;landscape&quot;},&quot;1536x1536&quot;:{&quot;url&quot;:&quot;https:\/\/egypt-tourist-information.com\/wp-content\/uploads\/Hurghada-2-Day-Luxor-Tour-with-Hotel-Balloon-Boat-Ride-ota4-1536x882.webp&quot;,&quot;height&quot;:882,&quot;width&quot;:1536,&quot;orientation&quot;:&quot;landscape&quot;},&quot;2048x2048&quot;:{&quot;url&quot;:&quot;https:\/\/egypt-tourist-information.com\/wp-content\/uploads\/Hurghada-2-Day-Luxor-Tour-with-Hotel-Balloon-Boat-Ride-ota4-2048x1175.webp&quot;,&quot;height&quot;:1175,&quot;width&quot;:2048,&quot;orientation&quot;:&quot;landscape&quot;}}\"><\/span><span><img decoding=\"async\" alt=\"\" data-id=\"9413\" width=\"2083\" height=\"1300\" title=\"Hurghada \u2013 2-t\u00e4gige Luxor-Tour mit Hotel, Ballonfahrt und Bootsfahrt ota5\" src=\"https:\/\/egypt-tourist-information.com\/wp-content\/uploads\/Hurghada-2-Day-Luxor-Tour-with-Hotel-Balloon-Boat-Ride-ota5-1024x639.webp\" data-src=\"https:\/\/egypt-tourist-information.com\/wp-content\/uploads\/Hurghada-2-Day-Luxor-Tour-with-Hotel-Balloon-Boat-Ride-ota5-300x187.webp\" loading=\"lazy\" data-sizes=\"{&quot;thumbnail&quot;:{&quot;url&quot;:&quot;https:\/\/egypt-tourist-information.com\/wp-content\/uploads\/Hurghada-2-Day-Luxor-Tour-with-Hotel-Balloon-Boat-Ride-ota5-150x150.webp&quot;,&quot;height&quot;:150,&quot;width&quot;:150,&quot;orientation&quot;:&quot;landscape&quot;},&quot;medium&quot;:{&quot;url&quot;:&quot;https:\/\/egypt-tourist-information.com\/wp-content\/uploads\/Hurghada-2-Day-Luxor-Tour-with-Hotel-Balloon-Boat-Ride-ota5-300x187.webp&quot;,&quot;height&quot;:187,&quot;width&quot;:300,&quot;orientation&quot;:&quot;landscape&quot;},&quot;large&quot;:{&quot;url&quot;:&quot;https:\/\/egypt-tourist-information.com\/wp-content\/uploads\/Hurghada-2-Day-Luxor-Tour-with-Hotel-Balloon-Boat-Ride-ota5-1024x639.webp&quot;,&quot;height&quot;:639,&quot;width&quot;:1024,&quot;orientation&quot;:&quot;landscape&quot;},&quot;full&quot;:{&quot;url&quot;:&quot;https:\/\/egypt-tourist-information.com\/wp-content\/uploads\/Hurghada-2-Day-Luxor-Tour-with-Hotel-Balloon-Boat-Ride-ota5.webp&quot;,&quot;height&quot;:1300,&quot;width&quot;:2083,&quot;orientation&quot;:&quot;landscape&quot;},&quot;1536x1536&quot;:{&quot;url&quot;:&quot;https:\/\/egypt-tourist-information.com\/wp-content\/uploads\/Hurghada-2-Day-Luxor-Tour-with-Hotel-Balloon-Boat-Ride-ota5-1536x959.webp&quot;,&quot;height&quot;:959,&quot;width&quot;:1536,&quot;orientation&quot;:&quot;landscape&quot;},&quot;2048x2048&quot;:{&quot;url&quot;:&quot;https:\/\/egypt-tourist-information.com\/wp-content\/uploads\/Hurghada-2-Day-Luxor-Tour-with-Hotel-Balloon-Boat-Ride-ota5-2048x1278.webp&quot;,&quot;height&quot;:1278,&quot;width&quot;:2048,&quot;orientation&quot;:&quot;landscape&quot;}}\"><\/span><span><img decoding=\"async\" alt=\"\" data-id=\"9412\" width=\"\" height=\"undefined\" title=\"Hurghada \u2013 2-t\u00e4gige Luxor-Tour mit Hotel, Ballonfahrt und Bootsfahrt ota6\" src=\"https:\/\/egypt-tourist-information.com\/wp-content\/uploads\/Hurghada-2-Day-Luxor-Tour-with-Hotel-Balloon-Boat-Ride-ota6.avif\" data-src=\"https:\/\/egypt-tourist-information.com\/wp-content\/uploads\/Hurghada-2-Day-Luxor-Tour-with-Hotel-Balloon-Boat-Ride-ota6.avif\" loading=\"lazy\" data-sizes=\"{&quot;full&quot;:{&quot;url&quot;:&quot;https:\/\/egypt-tourist-information.com\/wp-content\/uploads\/Hurghada-2-Day-Luxor-Tour-with-Hotel-Balloon-Boat-Ride-ota6.avif&quot;}}\"><\/span><\/p>\n<h1 data-v-40e07fd2=\"\" data-v-bf11bbc7=\"\"><span data-v-40e07fd2=\"\">Hurghada: 2-t\u00e4gige Luxor-Tour mit Hotel, Ballonfahrt und Bootsfahrt<\/span><\/h1>\n<h2><a href=\"https:\/\/www.getyourguide.com\/luxor-l109\/hurghada-luxor-hot-air-balloon-ride-and-day-tour-with-meals-t412341\/?partner_id=NO9XIDE&amp;utm_medium=online_publisher&amp;cmp=ETIDe2DayLuxorfromHurghadaSP\" target=\"_blank\" rel=\"nofollow noopener\" style=\"outline: none;\">Zur Buchung<\/a><\/h2>\n<h1><a href=\"https:\/\/www.getyourguide.com\/luxor-l109\/hurghada-luxor-hot-air-balloon-ride-and-day-tour-with-meals-t412341\/?partner_id=NO9XIDE&amp;utm_medium=online_publisher&amp;cmp=ETIDe2DayLuxorfromHurghadaSP\" target=\"_blank\" rel=\"nofollow noopener\" style=\"outline: none;\"><span style=\"font-weight: normal;\"><\/span>Ab 213 \u20ac<span style=\"font-weight: normal;\"><\/span><\/a><strong><\/strong><\/h1>\n<p dir=\"ltr\">Verpassen Sie nicht diesen <strong>2-t\u00e4gigen Ausflug nach Luxor ab Hurghada<\/strong>! Erleben Sie den Sonnenaufgang aus einem <strong>Hei\u00dfluftballon<\/strong>, erkunden Sie antike <strong>Tempel<\/strong> mit einem privaten Guide und genie\u00dfen Sie eine <strong>Felukenfahrt<\/strong> und einen <strong>Kamelritt<\/strong>.<\/p>\n<ul>\n<li style=\"\"><span>Handverlesenes Ticket&nbsp;<\/span><\/li>\n<li style=\"\"><span>Sofortbest\u00e4tigung<\/span><\/li>\n<li style=\"\"><span>Dauer: 2 Tage<\/span><\/li>\n<li style=\"\"><span>Kostenlose Stornierung<\/span><\/li>\n<\/ul>\n<h2>Inbegriffen<\/h2>\n<ul>\n<li style=\"\">                    <span>Abholung und R\u00fccktransfer vom Hotel&nbsp;<\/span><\/li>\n<li style=\"\">                    <span>Hei\u00dfluftballonfahrt bei Sonnenaufgang \u00fcber Luxor<\/span><\/li>\n<li style=\"\">                    <span>4-Sterne-Hotelunterkunft mit Fr\u00fchst\u00fcck in Luxor<\/span><\/li>\n<li style=\"\">                    <span>Mittagessen an Tag 1 und Tag 2<\/span><\/li>\n<li style=\"\">                    <span>Abendessen am 1. Tag<\/span><\/li>\n<li style=\"\">                    <span>Privater \u00c4gyptologe-F\u00fchrer (Englisch)<\/span><\/li>\n<li style=\"\">                    <span>Fahrt mit dem Feluke-Segelboot auf dem Nil<\/span><\/li>\n<li style=\"\">                    <span>Kamelritt<\/span><\/li>\n<li style=\"\">                    <span>Komfortabler, klimatisierter Transport<\/span><\/li>\n<\/ul>\n<h2>Nicht inbegriffen<\/h2>\n<ul>\n<li style=\"\"><span>Eintrittskarten<\/span><\/li>\n<li style=\"\"><span>Getr\u00e4nke<\/span><\/li>\n<li style=\"\"><span>Trinkgelder und pers\u00f6nliche Ausgaben<\/span><\/li>\n<\/ul>\n<h2>Wichtige Informationen<\/h2>\n<ul>\n<li style=\"\"><span>Spanische, deutsche oder franz\u00f6sische Reisef\u00fchrer sind gegen Aufpreis verf\u00fcgbar \u2013 bitte w\u00e4hlen Sie die Sprache bei der Buchung aus<\/span><\/li>\n<li><span>Bringen Sie Ihren Reisepass, Sonnenschutz und bequeme Schuhe mit<\/span><\/li>\n<li><span>Check-out vor der Hei\u00dfluftballonfahrt am zweiten Tag erforderlich<\/span><\/li>\n<li><span>Hei\u00dfluftballonfahrten h\u00e4ngen von den Wetterbedingungen ab<\/span><\/li>\n<li><span>Die Abfahrt von Hurghada erfolgt am ersten Tag um 5:00 Uhr<\/span><\/li>\n<\/ul>\n<h2>Beschreibung:<\/h2>\n<p data-pm-slice=\"1 1 []\">Auf dieser unvergesslichen <strong>zweit\u00e4gigen Tour von Hurghada nach Luxor<\/strong> k\u00f6nnen Sie \u00c4gypten <strong>zu Land, in der Luft und zu Wasser erleben.<\/strong><\/p>\n<p data-pm-slice=\"1 1 []\"><strong><\/strong>Machen Sie eine Nilkreuzfahrt mit einer Feluke, fliegen Sie bei Sonnenaufgang in einem <strong>Hei\u00dfluftballon<\/strong> \u00fcber die Stadt und erkunden Sie mit Ihrem privaten Reisef\u00fchrer ber\u00fchmte Sehensw\u00fcrdigkeiten wie den Karnak-Tempel und das <strong>Tal der K\u00f6nige<\/strong>.<\/p>\n<p data-pm-slice=\"1 1 []\">Genie\u00dfen Sie authentische \u00e4gyptische Gerichte, eine <strong>Nacht in einem 4-Sterne-Hotel<\/strong> und einen <strong>Kamelritt<\/strong> durch die umliegenden D\u00f6rfer, bevor Sie nach Hurghada zur\u00fcckkehren \u2013 ein intensiver kultureller Ausflug in zwei aufregende Tage.<\/p>\n<h2>Route:<\/h2>\n<p ltr\"\"=\"\">\n<ul>\n<li dir=\"ltr\"><strong>Tag 1:&nbsp;<\/strong>Transfer von Hurghada, Mittagessen in Luxor, gef\u00fchrte Besichtigungen des Luxor-Tempels und des Karnak-Tempels, Felukenfahrt bei Sonnenuntergang, Abendessen, \u00dcbernachtung im Hotel<\/li>\n<li dir=\"ltr\"><strong>Tag 2:<\/strong> Hei\u00dfluftballonfahrt bei Sonnenaufgang, Tal der K\u00f6nige, Hatschepsut-Tempel, Memnonkolosse, Kamelritt durch D\u00f6rfer, Mittagessen, R\u00fcckkehr nach Hurghada<\/li>\n<li dir=\"ltr\">Inklusive <strong>fachkundigem Reiseleiter<\/strong> w\u00e4hrend der gesamten Reise<\/li>\n<li dir=\"ltr\"><strong>Alle Transfers<\/strong> in einem privaten, klimatisierten Fahrzeug<\/li>\n<\/ul>\n<h2>Stornierungsbedingungen<\/h2>\n<p dir=\"ltr\">Kostenlose Stornierung bis 24 Stunden vor Tourbeginn mit voller R\u00fcckerstattung m\u00f6glich.<\/p>\n<h2>Treffpunkt &amp; Anweisungen<\/h2>\n<p dir=\"ltr\">Die Abholung erfolgt direkt von Ihrem Hotel oder Ihrer Unterkunft in Hurghada. Bitte seien Sie bis 4:45 Uhr bereit. Die Abholzeit wird nach der Buchung best\u00e4tigt. Am Ende des zweiten Tages kehren Sie zur gleichen Adresse zur\u00fcck.<\/p>\n<p><a href=\"https:\/\/www.getyourguide.com\/luxor-l109\/hurghada-luxor-hot-air-balloon-ride-and-day-tour-with-meals-t412341\/?partner_id=NO9XIDE&amp;utm_medium=online_publisher&amp;cmp=ETIDe2DayLuxorfromHurghadaSP\" rel=\"nofollow noopener\" spellcheck=\"false\" target=\"_blank\" style=\"outline: none;\">Abholbereiche anzeigen<\/a><\/p>\n<h2>Bewertungen<\/h2>\n<p><strong>4.5\/ 5&nbsp; <\/strong><strong>(1160+ Bewertungen)<\/strong><\/p>\n<p dir=\"ltr\"><em>,,Wir hatten zwei M\u00e4nner in Louxor, darunter Mohammed Alazeb. Alles war gro\u00dfartig, der Reiseleiter ist professionell, sehr interessant und k\u00fcmmert sich w\u00e4hrend des gesamten Services um uns. Seine Erkl\u00e4rungen sind klar und relevant, was den Fahrer betrifft, dessen Fahrweise ist sehr sicher und vorsichtig. Mohammed ist ein wirklich guter Reiseleiter. Ich empfehle dieses professionelle Paar f\u00fcr Ihren Aufenthalt.&#8220;<\/em><em>&nbsp;<\/em> &#8211; Guillaume, Juni 2025 &gt;&gt; <a href=\"https:\/\/www.getyourguide.com\/luxor-l109\/hurghada-luxor-hot-air-balloon-ride-and-day-tour-with-meals-t412341\/?partner_id=NO9XIDE&amp;utm_medium=online_publisher&amp;cmp=ETIDe2DayLuxorfromHurghadaSP\" target=\"_blank\" rel=\"nofollow noopener\" style=\"outline: none;\" spellcheck=\"false\">Weitere Bewertungen<\/a><\/p>\n<h2>Einige Aktivit\u00e4ten, die Ihnen gefallen k\u00f6nnten<\/h2>\n<p><span># <\/span><strong><span>2<\/span><\/strong><span># <\/span><strong><span>2<\/span><\/strong><span><img decoding=\"async\" alt=\"Hurghada: Luxor-Tal der K\u00f6nige &amp; Tutanchamun-Grab\" data-id=\"8966\" width=\"159\" data-init-width=\"720\" height=\"103\" data-init-height=\"480\" title=\"Hurghada \u2013 Luxor-Tal der K\u00f6nige und Ausflug zum Grab des Tutanchamun usw\" loading=\"lazy\" src=\"https:\/\/egypt-tourist-information.com\/wp-content\/uploads\/Hurghada-Luxor-Valley-of-the-Kings-Tutankhamun-Tomb-Trip-ota.avif\" data-width=\"159\" data-height=\"103\" style=\"aspect-ratio: auto 720 \/ 480;\"><\/span><\/p>\n<table>\n<tbody>\n<tr>\n<td>\n<table>\n<tbody>\n<tr>\n<td>\n<table>\n<tbody>\n<tr>\n<td><a data-lt-tmp-id=\"lt-552028\" href=\"https:\/\/www.getyourguide.com\/luxor-l109\/hurghada-luxor-valley-of-the-kings-tutankhamun-tomb-trip-t22357\/?partner_id=NO9XIDE&amp;utm_medium=online_publisher&amp;cmp=ETIDe2DayLuxorfromHurghadaSP2\" rel=\"nofollow noopener\" spellcheck=\"false\" target=\"_blank\" style=\"outline: none;\">Hurghada: Luxor-Tal der K\u00f6nige &amp; Tutanchamun-Grab<\/a><\/td>\n<\/tr>\n<\/tbody>\n<\/table>\n<\/td>\n<\/tr>\n<\/tbody>\n<\/table>\n<\/td>\n<\/tr>\n<\/tbody>\n<\/table>\n<p>Begeben Sie sich auf einen unvergesslichen Tagesausflug von Hurghada nach&nbsp;<strong>Luxor<\/strong>, erkunden Sie das legend\u00e4re&nbsp;<strong>Tal der K\u00f6nige<\/strong>&nbsp;und steigen Sie hinab in das ikonische Grab von&nbsp;<strong>Tutanchamun<\/strong>.<\/p>\n<h3 style=\"\">Gesamtpreis<\/h3>\n<h3 style=\"\">Ihr Konto wird noch nicht belastet.<\/h3>\n<p><span># <\/span><strong><span>2<\/span><\/strong><span># <\/span><strong><span>2<\/span><\/strong><span><img decoding=\"async\" alt=\"Ganzt\u00e4gige Kairo-Tour ab Hurghada: Pyramiden von Gizeh und Highlights\" data-id=\"9160\" width=\"159\" data-init-width=\"1598\" height=\"119\" data-init-height=\"999\" title=\"Ganzt\u00e4gige Kairo-Tour ab Hurghada: Pyramiden von Gizeh und Highlights\" loading=\"lazy\" src=\"https:\/\/egypt-tourist-information.com\/wp-content\/uploads\/From-Hurghada-Cairo-and-Giza-Highlights-Full-Day-Tour-ota.avif\" data-width=\"159\" data-height=\"119\" style=\"aspect-ratio: auto 1598 \/ 999;\"><\/span><\/p>\n<table>\n<tbody>\n<tr>\n<td>\n<table>\n<tbody>\n<tr>\n<td><a href=\"https:\/\/www.getyourguide.com\/hurghada-l403\/from-hurghada-cairo-and-giza-highlights-full-day-tour-t686648\/?partner_id=NO9XIDE&amp;utm_medium=online_publisher&amp;cmp=ETIDe2DayLuxorfromHurghadaSP3\" rel=\"nofollow noopener\" spellcheck=\"false\" target=\"_blank\" style=\"outline: none;\">Ab Hurghada: Tagestour zu den Highlights von Kairo und Gizeh<\/a><\/td>\n<\/tr>\n<\/tbody>\n<\/table>\n<\/td>\n<\/tr>\n<\/tbody>\n<\/table>\n<p data-end=\"393\" data-start=\"186\">Verpassen Sie nicht diese All-in-One-Tagestour&nbsp;<strong data-end=\"241\" data-start=\"213\">durch Kairo ab Hurghada im Minivan!&nbsp;<\/strong>Besuchen Sie die ber\u00fchmten&nbsp;<strong data-end=\"280\" data-start=\"260\">Pyramiden von Gizeh,&nbsp;<\/strong>die&nbsp;<strong data-end=\"302\" data-start=\"286\">Gro\u00dfe Sphinx<\/strong>&nbsp;und das&nbsp;<strong data-end=\"331\" data-start=\"312\">\u00c4gyptische Museum<\/strong> an einem Tag \u2013 Transfers, Mittagessen und fachkundige Reiseleiter inklusive.<\/p>\n<h3 style=\"\">Gesamtpreis<\/h3>\n<h3>Ihr Konto wird noch nicht belastet.<\/h3>\n<p><span># <\/span><strong><span>2<\/span><\/strong><span><img decoding=\"async\" alt=\"\" data-id=\"9410\" width=\"159\" data-init-width=\"2333\" height=\"119\" data-init-height=\"1556\" title=\"Hurghada: Luxor - Privater Transfer zwischen Hurghada und Luxor ota\" loading=\"lazy\" src=\"https:\/\/egypt-tourist-information.com\/wp-content\/uploads\/HurghadaLuxor-Private-Transfer-Between-Hurghada-and-Luxor-ota.avif\" data-width=\"159\" data-height=\"119\" style=\"aspect-ratio: auto 2333 \/ 1556;\"><\/span><\/p>\n<table>\n<tbody>\n<tr>\n<td>\n<table>\n<tbody>\n<tr>\n<td><a href=\"https:\/\/www.getyourguide.com\/hurghada-l403\/hurghada-and-luxor-one-way-or-return-private-transfer-t447176\/?partner_id=NO9XIDE&amp;utm_medium=online_publisher&amp;cmp=ETIDe2DayLuxorfromHurghadaSP4\" rel=\"nofollow noopener\" spellcheck=\"false\" target=\"_blank\" style=\"outline: none;\">Hurghada\/Luxor: Privater Transfer zwischen Hurghada und Luxor<\/a><\/td>\n<\/tr>\n<\/tbody>\n<\/table>\n<\/td>\n<\/tr>\n<\/tbody>\n<\/table>\n<p>G\u00f6nnen Sie sich einen Tag voller Luxus auf einer&nbsp;<strong>Kreuzfahrt von Hurghada nach Orange Bay,<\/strong>&nbsp;wo&nbsp;<strong>kristallklares Wasser<\/strong> und wei\u00dfer Sand auf Sie warten, inklusive eines k\u00f6stlichen Mittagessens an Bord.<\/p>\n<h3 style=\"\">Gesamtpreis<\/h3>\n<h3>Ihr Konto wird noch nicht belastet.<\/h3>\n<p><\/p>\n<h2><a href=\"https:\/\/www.getyourguide.com\/luxor-l109\/hurghada-luxor-hot-air-balloon-ride-and-day-tour-with-meals-t412341\/?partner_id=NO9XIDE&amp;utm_medium=online_publisher&amp;cmp=ETIDe2DayLuxorfromHurghadaSP\" target=\"_blank\" rel=\"nofollow noopener\" style=\"outline: none;\" spellcheck=\"false\">Zur Buchung<\/a><span style=\"font-weight: normal;\"><\/span><\/h2>\n<p><strong style=\"outline: currentcolor;\"><a href=\"https:\/\/www.getyourguide.com\/luxor-l109\/hurghada-luxor-hot-air-balloon-ride-and-day-tour-with-meals-t412341\/?partner_id=NO9XIDE&amp;utm_medium=online_publisher&amp;cmp=ETIDe2DayLuxorfromHurghadaSP\" target=\"_blank\" rel=\"nofollow noopener\" spellcheck=\"false\" style=\"outline: none;\"><span style=\"font-weight: normal;\"><\/span>Ab 213 \u20ac<span style=\"font-weight: normal;\"><\/span><\/a><\/strong><\/p>\n<h3>Ihr Konto wird noch nicht belastet.<\/h3>\n","protected":false},"excerpt":{"rendered":"<p>Hurghada: 2-t\u00e4gige Luxor-Tour mit Hotel, Ballonfahrt und Bootsfahrt Zur Buchung Ab 213 \u20ac Verpassen Sie nicht diesen 2-t\u00e4gigen Ausflug nach Luxor ab Hurghada! Erleben Sie den Sonnenaufgang aus einem Hei\u00dfluftballon, erkunden Sie antike Tempel mit einem privaten Guide und genie\u00dfen Sie eine Felukenfahrt und einen Kamelritt. Handverlesenes Ticket&nbsp; Sofortbest\u00e4tigung Dauer: 2 Tage Kostenlose Stornierung Inbegriffen [&hellip;]<\/p>\n","protected":false},"author":6,"featured_media":10971,"parent":0,"menu_order":0,"comment_status":"closed","ping_status":"closed","template":"","meta":{"_acf_changed":false,"footnotes":"","tve_updated_post":"","tve_custom_css":"","tve_user_custom_css":"","tve_globals":{},"tcb2_ready":1,"tcb_editor_enabled":1,"tve_landing_page":"bd86f3fc67210fed5b2794ad4a56d3a9","_tve_header":"10865","_tve_footer":"10866"},"categories":[114],"tags":[122,125,129],"class_list":["post-11418","page","type-page","status-publish","has-post-thumbnail","hentry","category-hurghada-de","tag-hurghada-de","tag-mehrtagige-ausfluge","tag-verkaufsseite","post-wrapper","thrv_wrapper"],"acf":[],"_links":{"self":[{"href":"https:\/\/egypt-tourist-information.com\/de\/wp-json\/wp\/v2\/pages\/11418","targetHints":{"allow":["GET"]}}],"collection":[{"href":"https:\/\/egypt-tourist-information.com\/de\/wp-json\/wp\/v2\/pages"}],"about":[{"href":"https:\/\/egypt-tourist-information.com\/de\/wp-json\/wp\/v2\/types\/page"}],"author":[{"embeddable":true,"href":"https:\/\/egypt-tourist-information.com\/de\/wp-json\/wp\/v2\/users\/6"}],"replies":[{"embeddable":true,"href":"https:\/\/egypt-tourist-information.com\/de\/wp-json\/wp\/v2\/comments?post=11418"}],"version-history":[{"count":10,"href":"https:\/\/egypt-tourist-information.com\/de\/wp-json\/wp\/v2\/pages\/11418\/revisions"}],"predecessor-version":[{"id":13731,"href":"https:\/\/egypt-tourist-information.com\/de\/wp-json\/wp\/v2\/pages\/11418\/revisions\/13731"}],"wp:featuredmedia":[{"embeddable":true,"href":"https:\/\/egypt-tourist-information.com\/de\/wp-json\/wp\/v2\/media\/10971"}],"wp:attachment":[{"href":"https:\/\/egypt-tourist-information.com\/de\/wp-json\/wp\/v2\/media?parent=11418"}],"wp:term":[{"taxonomy":"category","embeddable":true,"href":"https:\/\/egypt-tourist-information.com\/de\/wp-json\/wp\/v2\/categories?post=11418"},{"taxonomy":"post_tag","embeddable":true,"href":"https:\/\/egypt-tourist-information.com\/de\/wp-json\/wp\/v2\/tags?post=11418"}],"curies":[{"name":"wp","href":"https:\/\/api.w.org\/{rel}","templated":true}]}}