{"id":11447,"date":"2025-06-25T14:42:16","date_gmt":"2025-06-25T14:42:16","guid":{"rendered":"https:\/\/egypt-tourist-information.com\/4-day-nile-cruise-from-aswan-to-luxor"},"modified":"2026-04-24T10:08:11","modified_gmt":"2026-04-24T10:08:11","slug":"4-tage-nil-kreuzfahrt-von-assuan-nach-luxor","status":"publish","type":"page","link":"https:\/\/egypt-tourist-information.com\/de\/4-tage-nil-kreuzfahrt-von-assuan-nach-luxor","title":{"rendered":"4-t\u00e4gige Nil-Kreuzfahrt von Assuan nach Luxor mit Reiseleiter"},"content":{"rendered":"<p><span><img decoding=\"async\" alt=\"\" data-id=\"9366\" width=\"\" height=\"undefined\" title=\"Von Assuan zum Abu Simbel-Tempel \u2013 Tagesausflug mit Abholung vom Hotel\" src=\"https:\/\/egypt-tourist-information.com\/wp-content\/uploads\/From-Aswan-Abu-Simbel-Temple-Day-Trip-with-Hotel-Pickup-ota.avif\" data-src=\"https:\/\/egypt-tourist-information.com\/wp-content\/uploads\/From-Aswan-Abu-Simbel-Temple-Day-Trip-with-Hotel-Pickup-ota.avif\" loading=\"lazy\" data-sizes=\"{&quot;full&quot;:{&quot;url&quot;:&quot;https:\/\/egypt-tourist-information.com\/wp-content\/uploads\/From-Aswan-Abu-Simbel-Temple-Day-Trip-with-Hotel-Pickup-ota.avif&quot;}}\"><\/span><span><img decoding=\"async\" alt=\"\" data-id=\"9365\" width=\"2311\" height=\"1300\" title=\"Von Assuan zum Abu Simbel-Tempel \u2013 Tagesausflug mit Abholung vom Hotel ota2\" src=\"https:\/\/egypt-tourist-information.com\/wp-content\/uploads\/From-Aswan-Abu-Simbel-Temple-Day-Trip-with-Hotel-Pickup-ota2-1024x576.webp\" data-src=\"https:\/\/egypt-tourist-information.com\/wp-content\/uploads\/From-Aswan-Abu-Simbel-Temple-Day-Trip-with-Hotel-Pickup-ota2-300x169.webp\" loading=\"lazy\" data-sizes=\"{&quot;thumbnail&quot;:{&quot;url&quot;:&quot;https:\/\/egypt-tourist-information.com\/wp-content\/uploads\/From-Aswan-Abu-Simbel-Temple-Day-Trip-with-Hotel-Pickup-ota2-150x150.webp&quot;,&quot;height&quot;:150,&quot;width&quot;:150,&quot;orientation&quot;:&quot;landscape&quot;},&quot;medium&quot;:{&quot;url&quot;:&quot;https:\/\/egypt-tourist-information.com\/wp-content\/uploads\/From-Aswan-Abu-Simbel-Temple-Day-Trip-with-Hotel-Pickup-ota2-300x169.webp&quot;,&quot;height&quot;:169,&quot;width&quot;:300,&quot;orientation&quot;:&quot;landscape&quot;},&quot;large&quot;:{&quot;url&quot;:&quot;https:\/\/egypt-tourist-information.com\/wp-content\/uploads\/From-Aswan-Abu-Simbel-Temple-Day-Trip-with-Hotel-Pickup-ota2-1024x576.webp&quot;,&quot;height&quot;:576,&quot;width&quot;:1024,&quot;orientation&quot;:&quot;landscape&quot;},&quot;full&quot;:{&quot;url&quot;:&quot;https:\/\/egypt-tourist-information.com\/wp-content\/uploads\/From-Aswan-Abu-Simbel-Temple-Day-Trip-with-Hotel-Pickup-ota2.webp&quot;,&quot;height&quot;:1300,&quot;width&quot;:2311,&quot;orientation&quot;:&quot;landscape&quot;},&quot;1536x1536&quot;:{&quot;url&quot;:&quot;https:\/\/egypt-tourist-information.com\/wp-content\/uploads\/From-Aswan-Abu-Simbel-Temple-Day-Trip-with-Hotel-Pickup-ota2-1536x864.webp&quot;,&quot;height&quot;:864,&quot;width&quot;:1536,&quot;orientation&quot;:&quot;landscape&quot;},&quot;2048x2048&quot;:{&quot;url&quot;:&quot;https:\/\/egypt-tourist-information.com\/wp-content\/uploads\/From-Aswan-Abu-Simbel-Temple-Day-Trip-with-Hotel-Pickup-ota2-2048x1152.webp&quot;,&quot;height&quot;:1152,&quot;width&quot;:2048,&quot;orientation&quot;:&quot;landscape&quot;}}\"><\/span><span><img decoding=\"async\" alt=\"\" data-id=\"9364\" width=\"2311\" height=\"1300\" title=\"Von Assuan zum Abu Simbel-Tempel \u2013 Tagesausflug mit Abholung vom Hotel ota3\" src=\"https:\/\/egypt-tourist-information.com\/wp-content\/uploads\/From-Aswan-Abu-Simbel-Temple-Day-Trip-with-Hotel-Pickup-ota3-1024x576.webp\" data-src=\"https:\/\/egypt-tourist-information.com\/wp-content\/uploads\/From-Aswan-Abu-Simbel-Temple-Day-Trip-with-Hotel-Pickup-ota3-300x169.webp\" loading=\"lazy\" data-sizes=\"{&quot;thumbnail&quot;:{&quot;url&quot;:&quot;https:\/\/egypt-tourist-information.com\/wp-content\/uploads\/From-Aswan-Abu-Simbel-Temple-Day-Trip-with-Hotel-Pickup-ota3-150x150.webp&quot;,&quot;height&quot;:150,&quot;width&quot;:150,&quot;orientation&quot;:&quot;landscape&quot;},&quot;medium&quot;:{&quot;url&quot;:&quot;https:\/\/egypt-tourist-information.com\/wp-content\/uploads\/From-Aswan-Abu-Simbel-Temple-Day-Trip-with-Hotel-Pickup-ota3-300x169.webp&quot;,&quot;height&quot;:169,&quot;width&quot;:300,&quot;orientation&quot;:&quot;landscape&quot;},&quot;large&quot;:{&quot;url&quot;:&quot;https:\/\/egypt-tourist-information.com\/wp-content\/uploads\/From-Aswan-Abu-Simbel-Temple-Day-Trip-with-Hotel-Pickup-ota3-1024x576.webp&quot;,&quot;height&quot;:576,&quot;width&quot;:1024,&quot;orientation&quot;:&quot;landscape&quot;},&quot;full&quot;:{&quot;url&quot;:&quot;https:\/\/egypt-tourist-information.com\/wp-content\/uploads\/From-Aswan-Abu-Simbel-Temple-Day-Trip-with-Hotel-Pickup-ota3.webp&quot;,&quot;height&quot;:1300,&quot;width&quot;:2311,&quot;orientation&quot;:&quot;landscape&quot;},&quot;1536x1536&quot;:{&quot;url&quot;:&quot;https:\/\/egypt-tourist-information.com\/wp-content\/uploads\/From-Aswan-Abu-Simbel-Temple-Day-Trip-with-Hotel-Pickup-ota3-1536x864.webp&quot;,&quot;height&quot;:864,&quot;width&quot;:1536,&quot;orientation&quot;:&quot;landscape&quot;},&quot;2048x2048&quot;:{&quot;url&quot;:&quot;https:\/\/egypt-tourist-information.com\/wp-content\/uploads\/From-Aswan-Abu-Simbel-Temple-Day-Trip-with-Hotel-Pickup-ota3-2048x1152.webp&quot;,&quot;height&quot;:1152,&quot;width&quot;:2048,&quot;orientation&quot;:&quot;landscape&quot;}}\"><\/span><span><img decoding=\"async\" alt=\"\" data-id=\"9363\" width=\"2311\" height=\"1300\" title=\"Von Assuan zum Abu Simbel-Tempel \u2013 Tagesausflug mit Abholung vom Hotel ota4\" src=\"https:\/\/egypt-tourist-information.com\/wp-content\/uploads\/From-Aswan-Abu-Simbel-Temple-Day-Trip-with-Hotel-Pickup-ota4-1024x576.webp\" data-src=\"https:\/\/egypt-tourist-information.com\/wp-content\/uploads\/From-Aswan-Abu-Simbel-Temple-Day-Trip-with-Hotel-Pickup-ota4-300x169.webp\" loading=\"lazy\" data-sizes=\"{&quot;thumbnail&quot;:{&quot;url&quot;:&quot;https:\/\/egypt-tourist-information.com\/wp-content\/uploads\/From-Aswan-Abu-Simbel-Temple-Day-Trip-with-Hotel-Pickup-ota4-150x150.webp&quot;,&quot;height&quot;:150,&quot;width&quot;:150,&quot;orientation&quot;:&quot;landscape&quot;},&quot;medium&quot;:{&quot;url&quot;:&quot;https:\/\/egypt-tourist-information.com\/wp-content\/uploads\/From-Aswan-Abu-Simbel-Temple-Day-Trip-with-Hotel-Pickup-ota4-300x169.webp&quot;,&quot;height&quot;:169,&quot;width&quot;:300,&quot;orientation&quot;:&quot;landscape&quot;},&quot;large&quot;:{&quot;url&quot;:&quot;https:\/\/egypt-tourist-information.com\/wp-content\/uploads\/From-Aswan-Abu-Simbel-Temple-Day-Trip-with-Hotel-Pickup-ota4-1024x576.webp&quot;,&quot;height&quot;:576,&quot;width&quot;:1024,&quot;orientation&quot;:&quot;landscape&quot;},&quot;full&quot;:{&quot;url&quot;:&quot;https:\/\/egypt-tourist-information.com\/wp-content\/uploads\/From-Aswan-Abu-Simbel-Temple-Day-Trip-with-Hotel-Pickup-ota4.webp&quot;,&quot;height&quot;:1300,&quot;width&quot;:2311,&quot;orientation&quot;:&quot;landscape&quot;},&quot;1536x1536&quot;:{&quot;url&quot;:&quot;https:\/\/egypt-tourist-information.com\/wp-content\/uploads\/From-Aswan-Abu-Simbel-Temple-Day-Trip-with-Hotel-Pickup-ota4-1536x864.webp&quot;,&quot;height&quot;:864,&quot;width&quot;:1536,&quot;orientation&quot;:&quot;landscape&quot;},&quot;2048x2048&quot;:{&quot;url&quot;:&quot;https:\/\/egypt-tourist-information.com\/wp-content\/uploads\/From-Aswan-Abu-Simbel-Temple-Day-Trip-with-Hotel-Pickup-ota4-2048x1152.webp&quot;,&quot;height&quot;:1152,&quot;width&quot;:2048,&quot;orientation&quot;:&quot;landscape&quot;}}\"><\/span><\/p>\n<h1 data-v-40e07fd2=\"\" data-v-bf11bbc7=\"\"><span data-v-40e07fd2=\"\">4-t\u00e4gige Nilkreuzfahrt von Assuan nach Luxor mit Reiseleiter<\/span><\/h1>\n<h2><a href=\"https:\/\/www.getyourguide.com\/aswan-l543\/from-aswan-4-day-3-night-nile-cruise-to-luxor-t528020\/?partner_id=NO9XIDE&amp;utm_medium=online_publisher&amp;cmp=ETIDe4DayNileCruiseAswanSP\" target=\"_blank\" rel=\"nofollow noopener\" style=\"outline: none;\">Zur Buchung<\/a><\/h2>\n<h1><a href=\"https:\/\/www.getyourguide.com\/aswan-l543\/from-aswan-4-day-3-night-nile-cruise-to-luxor-t528020\/?partner_id=NO9XIDE&amp;utm_medium=online_publisher&amp;cmp=ETIDe4DayNileCruiseAswanSP\" target=\"_blank\" rel=\"nofollow noopener\" style=\"outline: none;\">Ab 710 \u20ac<\/a><strong><\/strong><\/h1>\n<p data-end=\"308\" data-is-last-node=\"\" data-is-only-node=\"\" data-start=\"113\">Diese 4-t\u00e4gige Nilkreuzfahrt von Assuan nach Luxor kombiniert 5-Sterne-Komfort, Vollpension und gef\u00fchrte Tempelbesuche \u2013 plus einen optionalen Ausflug nach Abu Simbel f\u00fcr die ultimative Reise durch das alte \u00c4gypten.<\/p>\n<ul>\n<li style=\"\"><span>Handverlesenes Ticket&nbsp;<\/span><\/li>\n<li style=\"\"><span>Jetzt reservieren &amp; sp\u00e4ter bezahlen<\/span><\/li>\n<li style=\"\"><span>Dauer: 4 Tage<\/span><\/li>\n<li style=\"\"><span>Kostenlose Stornierung<\/span><\/li>\n<\/ul>\n<h2>Inbegriffen<\/h2>\n<ul>\n<li style=\"\">                    <span>Abholung und R\u00fccktransfer zum Hotel in Assuan<\/span><\/li>\n<li style=\"\">                    <span>5-Sterne-Nilkreuzfahrt mit Vollpension<\/span><\/li>\n<li style=\"\">                    <span>Privater Reisef\u00fchrer und Fahrer f\u00fcr Touren<\/span><\/li>\n<li style=\"\">                    <span>Mittagessen in einem lokalen Restaurant in Luxor<\/span><\/li>\n<li style=\"\">                    <span>Abu Simbel-Tour (<strong>F\u00e4lle Option ausgew\u00e4hlt)<\/strong><\/span><\/li>\n<\/ul>\n<h2>Nicht inbegriffen<\/h2>\n<ul>\n<li style=\"\"><span>Eintrittspreise<\/span><\/li>\n<li style=\"\"><span>Abholung und R\u00fccktransport vom Flughafen oder Bahnhof<\/span><\/li>\n<li style=\"\"><span>Getr\u00e4nke an Bord<\/span><\/li>\n<li style=\"\"><span>Trinkgelder und pers\u00f6nliche Ausgaben<\/span><\/li>\n<\/ul>\n<h2>Wichtige Informationen<\/h2>\n<ul>\n<li style=\"\"><span><strong>Wichtig<\/strong>: Die Reiseroute kann sich aufgrund der Bedingungen auf dem Nil \u00e4ndern<\/span><\/li>\n<li><span>Der Besuch von Abu Simbel ist <strong>nur inbegriffen,<\/strong>&nbsp;wenn<strong>&nbsp;<\/strong>er&nbsp;bei der <strong>Buchung<\/strong> <strong>ausgew\u00e4hlt<\/strong> wurde.<\/span><\/li>\n<li><span>Bitte geben Sie bei der Buchung die Hoteldetails an<\/span><\/li>\n<li><span>Check-out ist nach dem Fr\u00fchst\u00fcck am 4. Tag<\/span><\/li>\n<li><span>Bequeme Schuhe und Sonnenschutz werden empfohlen<\/span><\/li>\n<\/ul>\n<h2>Beschreibung:<\/h2>\n<p dir=\"ltr\">Begeben Sie sich auf eine <strong>4-t\u00e4gige Nilkreuzfahrt von Assuan nach Luxor und<\/strong> entdecken Sie \u00c4gyptens antike Wunder in absolutem Komfort. Besuchen Sie <strong>den Philae-Tempel, Kom Ombo, Edfu, Karnak<\/strong> und das <strong>Tal der K\u00f6nige,<\/strong> alles mit einem privaten Reiseleiter.<\/p>\n<p dir=\"ltr\">Genie\u00dfen Sie <strong>die Vollpension an Bord Ihres 5-Sterne-Kreuzfahrtschiffs, <\/strong>w\u00e4hrend Sie durch goldene W\u00fcstenlandschaften gleiten.<strong>&nbsp;Optional <\/strong>k\u00f6nnen Sie am fr\u00fchen Morgen&nbsp;<strong>Abu Simbel<\/strong>&nbsp;<strong>besuchen<\/strong>,&nbsp;einen der beeindruckendsten Tempel \u00c4gyptens. Ihre Reise endete in Luxor, nachdem Sie in die antike Geschichte eingetaucht sind.<\/p>\n<h2>Route:<\/h2>\n<ul>\n<li dir=\"ltr\"><strong>Tag 1:<\/strong> Besuchen Sie <span style=\"text-decoration: underline;\">den Philae-Tempel<\/span> und gehen Sie in Assuan an Bord Ihres Kreuzfahrtschiffes<\/li>\n<li dir=\"ltr\"><strong>Tag 2:<\/strong> Optionaler Morgenausflug nach <span style=\"text-decoration: underline;\">Abu Simbel;<\/span> Erkundung <span style=\"text-decoration: underline;\">des Kom Ombo-Tempels<\/span><\/li>\n<li dir=\"ltr\"><strong>Tag 3<\/strong>: Besichtigen Sie den&nbsp;<span style=\"text-decoration: underline;\">Horus-Tempel in Edfu<\/span> und segeln Sie nach Luxor<\/li>\n<li dir=\"ltr\"><strong>Tag 4:<\/strong> Besuchen Sie <span style=\"text-decoration: underline;\">das Tal der K\u00f6nige, <\/span><span style=\"text-decoration: underline;\">den Hatschepsut-Tempel, Karnak<\/span> und <span style=\"text-decoration: underline;\">den Luxor-Tempel<\/span><\/li>\n<\/ul>\n<h2>Stornierungsbedingungen<\/h2>\n<p dir=\"ltr\">Kostenlose Stornierung bis zu 24 Stunden im Voraus mit voller R\u00fcckerstattung m\u00f6glich.<\/p>\n<h2>Treffpunkt &amp; Anweisungen<\/h2>\n<p dir=\"ltr\">Die Abholung von Hotels in Assuan ist inbegriffen. Bitte finden Sie sich 10\u201315 Minuten vor der geplanten Abholzeit in Ihrer Hotellobby ein.<\/p>\n<p dir=\"ltr\">F\u00fcr G\u00e4ste au\u00dferhalb von Assuan wird nach der Buchung ein Treffpunkt vereinbart.<\/p>\n<p><a href=\"https:\/\/www.getyourguide.com\/aswan-l543\/from-aswan-4-day-3-night-nile-cruise-to-luxor-t528020\/?partner_id=NO9XIDE&amp;utm_medium=online_publisher&amp;cmp=ETIDe4DayNileCruiseAswanSP\" rel=\"nofollow noopener\" spellcheck=\"false\" target=\"_blank\" style=\"outline: none;\">Abholbereiche anzeigen<\/a><\/p>\n<h2>Bewertungen&nbsp;<\/h2>\n<p><strong>4,2\/5 (620+ Bewertungen)<\/strong><\/p>\n<p dir=\"ltr\"><em>,,Wir haben gerade erst mit der Kreuzfahrt begonnen, aber ich wollte schon eine Bewertung \u00fcber unsere wundervolle Reiseleiterin Mariam schreiben. Sie war so kompetent und freundlich, und wir waren so dankbar, sie heute bei uns zu haben, als wir den Philae-Tempel in Assuan besuchten. Sie hat uns mit genau der richtigen Menge an Informationen \u00fcber die Geschichte des Tempels versorgt. Auch meine 13-j\u00e4hrige Tochter hat die Tour sehr genossen. Wir sind traurig, dass wir sie nicht wiedersehen werden, aber was f\u00fcr ein toller Start in unsere Nilkreuzfahrt! Danke, Mariam!&#8220;<\/em> \u2013 Kate, Mai 2025 &gt;&gt; <a href=\"https:\/\/www.getyourguide.com\/aswan-l543\/from-aswan-4-day-3-night-nile-cruise-to-luxor-t528020\/?partner_id=NO9XIDE&amp;utm_medium=online_publisher&amp;cmp=ETIDe4DayNileCruiseAswanSP\" target=\"_blank\" rel=\"nofollow noopener\" style=\"outline: none;\" spellcheck=\"false\">Weitere Bewertungen&#8230;<\/a><\/p>\n<h2>Einige Aktivit\u00e4ten, die Ihnen gefallen k\u00f6nnten<\/h2>\n<p><span># <\/span><strong><span>2<\/span><\/strong><span># <\/span><strong><span>2<\/span><\/strong><span><img decoding=\"async\" alt=\"\" data-id=\"9368\" width=\"159\" data-init-width=\"2308\" height=\"90\" data-init-height=\"1300\" title=\"Luxor-Abu Simbel-Tempel: Privater gef\u00fchrter Tagesausflug mit Mittagessen\" loading=\"lazy\" src=\"https:\/\/egypt-tourist-information.com\/wp-content\/uploads\/Luxor-Abu-Simbel-Temple-Private-Guided-Day-Trip-with-Lunch-ota.webp\" data-width=\"159\" data-height=\"90\" style=\"aspect-ratio: auto 2308 \/ 1300;\"><\/span><\/p>\n<table>\n<tbody>\n<tr>\n<td><a href=\"https:\/\/www.getyourguide.com\/aswan-l543\/from-aswan-abu-simbel-temple-day-trip-with-hotel-pickup-t431588\/?partner_id=NO9XIDE&amp;utm_medium=online_publisher&amp;cmp=ETI4DayNileCruiseAswanSP2\" target=\"_blank\" rel=\"nofollow noopener\" style=\"outline: none;\" data-lt-tmp-id=\"lt-31826\" spellcheck=\"false\">Ab Assuan: Tagestour zum Tempel Abu Simbel mit Hotelabholung<\/a><\/td>\n<\/tr>\n<\/tbody>\n<\/table>\n<p>Unternehmen Sie von Assuan aus einen gef\u00fchrten Tagesausflug zum beeindruckenden <strong>Tempel von Abu Simbel<\/strong> und bestaunen Sie seine monumentale antike Architektur, inklusive Abholung vom Hotel.<\/p>\n<h3 style=\"\">Gesamtpreis<\/h3>\n<h3 style=\"\">Ihr Konto wird noch nicht belastet.<\/h3>\n<p><span># <\/span><strong><span>2<\/span><\/strong><span># <\/span><strong><span>2<\/span><\/strong><span><img decoding=\"async\" alt=\"\" data-id=\"9369\" width=\"159\" data-init-width=\"1598\" height=\"106\" data-init-height=\"999\" title=\"Von Assuan - 4-t\u00e4gige Nilkreuzfahrt von Assuan nach Luxor mit Reiseleiter\" loading=\"lazy\" src=\"https:\/\/egypt-tourist-information.com\/wp-content\/uploads\/From-Aswan-4-Day-Nile-Cruise-from-Aswan-to-Luxor-with-Guide-ota.avif\" data-width=\"159\" data-height=\"106\" style=\"aspect-ratio: auto 1598 \/ 999;\"><\/span><\/p>\n<table>\n<tbody>\n<tr>\n<td><a data-lt-tmp-id=\"lt-180506\" href=\"https:\/\/www.getyourguide.com\/aswan-l543\/from-aswan-2-night-cruise-to-luxor-with-hot-air-balloon-t447835\/?partner_id=NO9XIDE&amp;utm_medium=online_publisher&amp;cmp=ETI4DayNileCruiseAswanSP3\" rel=\"nofollow noopener\" spellcheck=\"false\" target=\"_blank\" style=\"outline: none;\">Ab Assuan: 3-t\u00e4gige Kreuzfahrt nach Luxor mit Hei\u00dfluftballon<\/a><\/td>\n<\/tr>\n<\/tbody>\n<\/table>\n<h3 data-sourcepos=\"2:1-2:66\"><span style=\"font-size: 18px;\">Erleben Sie die Magie des alten \u00c4gypten auf einer <strong>dreit\u00e4gigen Nilkreuzfahrt<\/strong> von Assuan nach Luxor, die in einer atemberaubenden Fahrt mit dem Hei\u00dfluftballon \u00fcber die historischen St\u00e4tten gipfelt.<\/span><\/h3>\n<h3 style=\"\">Gesamtpreis<\/h3>\n<h3 style=\"\">Ihr Konto wird noch nicht belastet.<\/h3>\n<p><span># <\/span><strong><span>2<\/span><\/strong><span><img decoding=\"async\" alt=\"\" data-id=\"9372\" width=\"159\" data-init-width=\"2560\" height=\"80\" data-init-height=\"1280\" title=\"Von Assuan aus: Private F\u00fchrung durch den Philae-Tempel mit Eintritt\" loading=\"lazy\" src=\"https:\/\/egypt-tourist-information.com\/wp-content\/uploads\/From-Aswan-Private-Guided-Tour-of-Philae-Temple-with-Entry-ota-scaled.webp\" data-width=\"159\" data-height=\"80\" style=\"aspect-ratio: auto 2560 \/ 1280;\"><\/span><\/p>\n<table>\n<tbody>\n<tr>\n<td><a data-lt-tmp-id=\"lt-691903\" href=\"https:\/\/www.getyourguide.com\/aswan-l543\/4days-3-nights-nile-cruise-including-abu-simbel-air-balloon-t521042\/?partner_id=NO9XIDE&amp;utm_medium=online_publisher&amp;cmp=ETI4DayNileCruiseAswanSP4\" rel=\"nofollow noopener\" spellcheck=\"false\" target=\"_blank\" style=\"outline: none;\">Von Assuan: 4 Tage Nilkreuzfahrt Luxor Abu Simbel &amp; Luftballon<\/a><\/td>\n<\/tr>\n<\/tbody>\n<\/table>\n<p>Begeben Sie sich von Assuan aus auf eine epische <strong>4-t\u00e4gige Nilkreuzfahrt<\/strong>, die die Wunder von Luxor, die majest\u00e4tischen Tempel von Abu Simbel und eine atemberaubende&nbsp;<strong>Fahrt mit dem Hei\u00dfluftballon<\/strong> \u00fcber das alte \u00c4gypten kombiniert.<\/p>\n<h3 style=\"\">Gesamtpreis<\/h3>\n<h3 style=\"\">Ihr Konto wird noch nicht belastet.<\/h3>\n<p><\/p>\n<h2><a href=\"https:\/\/www.getyourguide.com\/aswan-l543\/from-aswan-4-day-3-night-nile-cruise-to-luxor-t528020\/?partner_id=NO9XIDE&amp;utm_medium=online_publisher&amp;cmp=ETIDe4DayNileCruiseAswanSP\" target=\"_blank\" rel=\"nofollow noopener\" style=\"outline: none;\" spellcheck=\"false\">Zur Buchung<\/a><span style=\"font-weight: normal;\"><\/span><\/h2>\n<p><strong style=\"outline: currentcolor;\"><a href=\"https:\/\/www.getyourguide.com\/aswan-l543\/from-aswan-4-day-3-night-nile-cruise-to-luxor-t528020\/?partner_id=NO9XIDE&amp;utm_medium=online_publisher&amp;cmp=ETIDe4DayNileCruiseAswanSP\" target=\"_blank\" rel=\"nofollow noopener\" spellcheck=\"false\" style=\"outline: none;\">Ab 710 \u20ac<\/a><\/strong><\/p>\n<p style=\"\">Ihr Konto wird noch nicht belastet.<\/p>\n","protected":false},"excerpt":{"rendered":"<p>4-t\u00e4gige Nilkreuzfahrt von Assuan nach Luxor mit Reiseleiter Zur Buchung Ab 710 \u20ac Diese 4-t\u00e4gige Nilkreuzfahrt von Assuan nach Luxor kombiniert 5-Sterne-Komfort, Vollpension und gef\u00fchrte Tempelbesuche \u2013 plus einen optionalen Ausflug nach Abu Simbel f\u00fcr die ultimative Reise durch das alte \u00c4gypten. Handverlesenes Ticket&nbsp; Jetzt reservieren &amp; sp\u00e4ter bezahlen Dauer: 4 Tage Kostenlose Stornierung Inbegriffen [&hellip;]<\/p>\n","protected":false},"author":6,"featured_media":10963,"parent":0,"menu_order":0,"comment_status":"closed","ping_status":"closed","template":"","meta":{"_acf_changed":false,"footnotes":"","tve_updated_post":"","tve_custom_css":"","tve_user_custom_css":"","tve_globals":{},"tcb2_ready":1,"tcb_editor_enabled":1,"tve_landing_page":"bd86f3fc67210fed5b2794ad4a56d3a9","_tve_header":"10865","_tve_footer":"10866"},"categories":[112,79],"tags":[119,121,125,129],"class_list":["post-11447","page","type-page","status-publish","has-post-thumbnail","hentry","category-assuan","category-aswan","tag-assuan","tag-erfahrungen","tag-mehrtagige-ausfluge","tag-verkaufsseite","post-wrapper","thrv_wrapper"],"acf":[],"_links":{"self":[{"href":"https:\/\/egypt-tourist-information.com\/de\/wp-json\/wp\/v2\/pages\/11447","targetHints":{"allow":["GET"]}}],"collection":[{"href":"https:\/\/egypt-tourist-information.com\/de\/wp-json\/wp\/v2\/pages"}],"about":[{"href":"https:\/\/egypt-tourist-information.com\/de\/wp-json\/wp\/v2\/types\/page"}],"author":[{"embeddable":true,"href":"https:\/\/egypt-tourist-information.com\/de\/wp-json\/wp\/v2\/users\/6"}],"replies":[{"embeddable":true,"href":"https:\/\/egypt-tourist-information.com\/de\/wp-json\/wp\/v2\/comments?post=11447"}],"version-history":[{"count":11,"href":"https:\/\/egypt-tourist-information.com\/de\/wp-json\/wp\/v2\/pages\/11447\/revisions"}],"predecessor-version":[{"id":13733,"href":"https:\/\/egypt-tourist-information.com\/de\/wp-json\/wp\/v2\/pages\/11447\/revisions\/13733"}],"wp:featuredmedia":[{"embeddable":true,"href":"https:\/\/egypt-tourist-information.com\/de\/wp-json\/wp\/v2\/media\/10963"}],"wp:attachment":[{"href":"https:\/\/egypt-tourist-information.com\/de\/wp-json\/wp\/v2\/media?parent=11447"}],"wp:term":[{"taxonomy":"category","embeddable":true,"href":"https:\/\/egypt-tourist-information.com\/de\/wp-json\/wp\/v2\/categories?post=11447"},{"taxonomy":"post_tag","embeddable":true,"href":"https:\/\/egypt-tourist-information.com\/de\/wp-json\/wp\/v2\/tags?post=11447"}],"curies":[{"name":"wp","href":"https:\/\/api.w.org\/{rel}","templated":true}]}}