{"id":11450,"date":"2025-06-26T13:50:53","date_gmt":"2025-06-26T13:50:53","guid":{"rendered":"https:\/\/egypt-tourist-information.com\/5-day-nile-cruise-from-luxor-to-aswan"},"modified":"2026-04-24T10:08:50","modified_gmt":"2026-04-24T10:08:50","slug":"5-tage-nilkreuzfahrt-von-luxor-nach-assuan","status":"publish","type":"page","link":"https:\/\/egypt-tourist-information.com\/de\/5-tage-nilkreuzfahrt-von-luxor-nach-assuan","title":{"rendered":"5 Tage Nilkreuzfahrt von Luxor nach Assuan mit Ballonfahrt"},"content":{"rendered":"<p><span><img decoding=\"async\" alt=\"\" data-id=\"9439\" width=\"2560\" height=\"1280\" title=\"Von Luxor - 5-t\u00e4gige Nilkreuzfahrt nach Assuan mit Ballonfahrt ota1\" src=\"https:\/\/egypt-tourist-information.com\/wp-content\/uploads\/From-Luxor-5-Day-Nile-Cruise-to-Aswan-with-Balloon-Ride-ota1-1024x512.webp\" data-src=\"https:\/\/egypt-tourist-information.com\/wp-content\/uploads\/From-Luxor-5-Day-Nile-Cruise-to-Aswan-with-Balloon-Ride-ota1-300x150.webp\" loading=\"lazy\" data-sizes=\"{&quot;thumbnail&quot;:{&quot;url&quot;:&quot;https:\/\/egypt-tourist-information.com\/wp-content\/uploads\/From-Luxor-5-Day-Nile-Cruise-to-Aswan-with-Balloon-Ride-ota1-150x150.webp&quot;,&quot;height&quot;:150,&quot;width&quot;:150,&quot;orientation&quot;:&quot;landscape&quot;},&quot;medium&quot;:{&quot;url&quot;:&quot;https:\/\/egypt-tourist-information.com\/wp-content\/uploads\/From-Luxor-5-Day-Nile-Cruise-to-Aswan-with-Balloon-Ride-ota1-300x150.webp&quot;,&quot;height&quot;:150,&quot;width&quot;:300,&quot;orientation&quot;:&quot;landscape&quot;},&quot;large&quot;:{&quot;url&quot;:&quot;https:\/\/egypt-tourist-information.com\/wp-content\/uploads\/From-Luxor-5-Day-Nile-Cruise-to-Aswan-with-Balloon-Ride-ota1-1024x512.webp&quot;,&quot;height&quot;:512,&quot;width&quot;:1024,&quot;orientation&quot;:&quot;landscape&quot;},&quot;full&quot;:{&quot;url&quot;:&quot;https:\/\/egypt-tourist-information.com\/wp-content\/uploads\/From-Luxor-5-Day-Nile-Cruise-to-Aswan-with-Balloon-Ride-ota1-scaled.webp&quot;,&quot;height&quot;:1280,&quot;width&quot;:2560,&quot;orientation&quot;:&quot;landscape&quot;},&quot;1536x1536&quot;:{&quot;url&quot;:&quot;https:\/\/egypt-tourist-information.com\/wp-content\/uploads\/From-Luxor-5-Day-Nile-Cruise-to-Aswan-with-Balloon-Ride-ota1-1536x768.webp&quot;,&quot;height&quot;:768,&quot;width&quot;:1536,&quot;orientation&quot;:&quot;landscape&quot;},&quot;2048x2048&quot;:{&quot;url&quot;:&quot;https:\/\/egypt-tourist-information.com\/wp-content\/uploads\/From-Luxor-5-Day-Nile-Cruise-to-Aswan-with-Balloon-Ride-ota1-2048x1024.webp&quot;,&quot;height&quot;:1024,&quot;width&quot;:2048,&quot;orientation&quot;:&quot;landscape&quot;}}\"><\/span><span><img decoding=\"async\" alt=\"\" data-id=\"9435\" width=\"2560\" height=\"1280\" title=\"Von Luxor - 5-t\u00e4gige Nilkreuzfahrt nach Assuan mit Ballonfahrt ota2\" src=\"https:\/\/egypt-tourist-information.com\/wp-content\/uploads\/From-Luxor-5-Day-Nile-Cruise-to-Aswan-with-Balloon-Ride-ota2-1024x512.webp\" data-src=\"https:\/\/egypt-tourist-information.com\/wp-content\/uploads\/From-Luxor-5-Day-Nile-Cruise-to-Aswan-with-Balloon-Ride-ota2-300x150.webp\" loading=\"lazy\" data-sizes=\"{&quot;thumbnail&quot;:{&quot;url&quot;:&quot;https:\/\/egypt-tourist-information.com\/wp-content\/uploads\/From-Luxor-5-Day-Nile-Cruise-to-Aswan-with-Balloon-Ride-ota2-150x150.webp&quot;,&quot;height&quot;:150,&quot;width&quot;:150,&quot;orientation&quot;:&quot;landscape&quot;},&quot;medium&quot;:{&quot;url&quot;:&quot;https:\/\/egypt-tourist-information.com\/wp-content\/uploads\/From-Luxor-5-Day-Nile-Cruise-to-Aswan-with-Balloon-Ride-ota2-300x150.webp&quot;,&quot;height&quot;:150,&quot;width&quot;:300,&quot;orientation&quot;:&quot;landscape&quot;},&quot;large&quot;:{&quot;url&quot;:&quot;https:\/\/egypt-tourist-information.com\/wp-content\/uploads\/From-Luxor-5-Day-Nile-Cruise-to-Aswan-with-Balloon-Ride-ota2-1024x512.webp&quot;,&quot;height&quot;:512,&quot;width&quot;:1024,&quot;orientation&quot;:&quot;landscape&quot;},&quot;full&quot;:{&quot;url&quot;:&quot;https:\/\/egypt-tourist-information.com\/wp-content\/uploads\/From-Luxor-5-Day-Nile-Cruise-to-Aswan-with-Balloon-Ride-ota2-scaled.webp&quot;,&quot;height&quot;:1280,&quot;width&quot;:2560,&quot;orientation&quot;:&quot;landscape&quot;},&quot;1536x1536&quot;:{&quot;url&quot;:&quot;https:\/\/egypt-tourist-information.com\/wp-content\/uploads\/From-Luxor-5-Day-Nile-Cruise-to-Aswan-with-Balloon-Ride-ota2-1536x768.webp&quot;,&quot;height&quot;:768,&quot;width&quot;:1536,&quot;orientation&quot;:&quot;landscape&quot;},&quot;2048x2048&quot;:{&quot;url&quot;:&quot;https:\/\/egypt-tourist-information.com\/wp-content\/uploads\/From-Luxor-5-Day-Nile-Cruise-to-Aswan-with-Balloon-Ride-ota2-2048x1024.webp&quot;,&quot;height&quot;:1024,&quot;width&quot;:2048,&quot;orientation&quot;:&quot;landscape&quot;}}\"><\/span><span><img decoding=\"async\" alt=\"\" data-id=\"9438\" width=\"2560\" height=\"1280\" title=\"Von Luxor - 5-t\u00e4gige Nilkreuzfahrt nach Assuan mit Ballonfahrt ota3\" src=\"https:\/\/egypt-tourist-information.com\/wp-content\/uploads\/From-Luxor-5-Day-Nile-Cruise-to-Aswan-with-Balloon-Ride-ota3-1024x512.webp\" data-src=\"https:\/\/egypt-tourist-information.com\/wp-content\/uploads\/From-Luxor-5-Day-Nile-Cruise-to-Aswan-with-Balloon-Ride-ota3-300x150.webp\" loading=\"lazy\" data-sizes=\"{&quot;thumbnail&quot;:{&quot;url&quot;:&quot;https:\/\/egypt-tourist-information.com\/wp-content\/uploads\/From-Luxor-5-Day-Nile-Cruise-to-Aswan-with-Balloon-Ride-ota3-150x150.webp&quot;,&quot;height&quot;:150,&quot;width&quot;:150,&quot;orientation&quot;:&quot;landscape&quot;},&quot;medium&quot;:{&quot;url&quot;:&quot;https:\/\/egypt-tourist-information.com\/wp-content\/uploads\/From-Luxor-5-Day-Nile-Cruise-to-Aswan-with-Balloon-Ride-ota3-300x150.webp&quot;,&quot;height&quot;:150,&quot;width&quot;:300,&quot;orientation&quot;:&quot;landscape&quot;},&quot;large&quot;:{&quot;url&quot;:&quot;https:\/\/egypt-tourist-information.com\/wp-content\/uploads\/From-Luxor-5-Day-Nile-Cruise-to-Aswan-with-Balloon-Ride-ota3-1024x512.webp&quot;,&quot;height&quot;:512,&quot;width&quot;:1024,&quot;orientation&quot;:&quot;landscape&quot;},&quot;full&quot;:{&quot;url&quot;:&quot;https:\/\/egypt-tourist-information.com\/wp-content\/uploads\/From-Luxor-5-Day-Nile-Cruise-to-Aswan-with-Balloon-Ride-ota3-scaled.webp&quot;,&quot;height&quot;:1280,&quot;width&quot;:2560,&quot;orientation&quot;:&quot;landscape&quot;},&quot;1536x1536&quot;:{&quot;url&quot;:&quot;https:\/\/egypt-tourist-information.com\/wp-content\/uploads\/From-Luxor-5-Day-Nile-Cruise-to-Aswan-with-Balloon-Ride-ota3-1536x768.webp&quot;,&quot;height&quot;:768,&quot;width&quot;:1536,&quot;orientation&quot;:&quot;landscape&quot;},&quot;2048x2048&quot;:{&quot;url&quot;:&quot;https:\/\/egypt-tourist-information.com\/wp-content\/uploads\/From-Luxor-5-Day-Nile-Cruise-to-Aswan-with-Balloon-Ride-ota3-2048x1024.webp&quot;,&quot;height&quot;:1024,&quot;width&quot;:2048,&quot;orientation&quot;:&quot;landscape&quot;}}\"><\/span><span><img decoding=\"async\" alt=\"\" data-id=\"9437\" width=\"2560\" height=\"1280\" title=\"Von Luxor - 5-t\u00e4gige Nilkreuzfahrt nach Assuan mit Ballonfahrt ota4\" src=\"https:\/\/egypt-tourist-information.com\/wp-content\/uploads\/From-Luxor-5-Day-Nile-Cruise-to-Aswan-with-Balloon-Ride-ota4-1024x512.webp\" data-src=\"https:\/\/egypt-tourist-information.com\/wp-content\/uploads\/From-Luxor-5-Day-Nile-Cruise-to-Aswan-with-Balloon-Ride-ota4-300x150.webp\" loading=\"lazy\" data-sizes=\"{&quot;thumbnail&quot;:{&quot;url&quot;:&quot;https:\/\/egypt-tourist-information.com\/wp-content\/uploads\/From-Luxor-5-Day-Nile-Cruise-to-Aswan-with-Balloon-Ride-ota4-150x150.webp&quot;,&quot;height&quot;:150,&quot;width&quot;:150,&quot;orientation&quot;:&quot;landscape&quot;},&quot;medium&quot;:{&quot;url&quot;:&quot;https:\/\/egypt-tourist-information.com\/wp-content\/uploads\/From-Luxor-5-Day-Nile-Cruise-to-Aswan-with-Balloon-Ride-ota4-300x150.webp&quot;,&quot;height&quot;:150,&quot;width&quot;:300,&quot;orientation&quot;:&quot;landscape&quot;},&quot;large&quot;:{&quot;url&quot;:&quot;https:\/\/egypt-tourist-information.com\/wp-content\/uploads\/From-Luxor-5-Day-Nile-Cruise-to-Aswan-with-Balloon-Ride-ota4-1024x512.webp&quot;,&quot;height&quot;:512,&quot;width&quot;:1024,&quot;orientation&quot;:&quot;landscape&quot;},&quot;full&quot;:{&quot;url&quot;:&quot;https:\/\/egypt-tourist-information.com\/wp-content\/uploads\/From-Luxor-5-Day-Nile-Cruise-to-Aswan-with-Balloon-Ride-ota4-scaled.webp&quot;,&quot;height&quot;:1280,&quot;width&quot;:2560,&quot;orientation&quot;:&quot;landscape&quot;},&quot;1536x1536&quot;:{&quot;url&quot;:&quot;https:\/\/egypt-tourist-information.com\/wp-content\/uploads\/From-Luxor-5-Day-Nile-Cruise-to-Aswan-with-Balloon-Ride-ota4-1536x768.webp&quot;,&quot;height&quot;:768,&quot;width&quot;:1536,&quot;orientation&quot;:&quot;landscape&quot;},&quot;2048x2048&quot;:{&quot;url&quot;:&quot;https:\/\/egypt-tourist-information.com\/wp-content\/uploads\/From-Luxor-5-Day-Nile-Cruise-to-Aswan-with-Balloon-Ride-ota4-2048x1024.webp&quot;,&quot;height&quot;:1024,&quot;width&quot;:2048,&quot;orientation&quot;:&quot;landscape&quot;}}\"><\/span><span><img decoding=\"async\" alt=\"\" data-id=\"9436\" width=\"2560\" height=\"1280\" title=\"Von Luxor - 5-t\u00e4gige Nilkreuzfahrt nach Assuan mit Ballonfahrt ota5\" src=\"https:\/\/egypt-tourist-information.com\/wp-content\/uploads\/From-Luxor-5-Day-Nile-Cruise-to-Aswan-with-Balloon-Ride-ota5-1024x512.webp\" data-src=\"https:\/\/egypt-tourist-information.com\/wp-content\/uploads\/From-Luxor-5-Day-Nile-Cruise-to-Aswan-with-Balloon-Ride-ota5-300x150.webp\" loading=\"lazy\" data-sizes=\"{&quot;thumbnail&quot;:{&quot;url&quot;:&quot;https:\/\/egypt-tourist-information.com\/wp-content\/uploads\/From-Luxor-5-Day-Nile-Cruise-to-Aswan-with-Balloon-Ride-ota5-150x150.webp&quot;,&quot;height&quot;:150,&quot;width&quot;:150,&quot;orientation&quot;:&quot;landscape&quot;},&quot;medium&quot;:{&quot;url&quot;:&quot;https:\/\/egypt-tourist-information.com\/wp-content\/uploads\/From-Luxor-5-Day-Nile-Cruise-to-Aswan-with-Balloon-Ride-ota5-300x150.webp&quot;,&quot;height&quot;:150,&quot;width&quot;:300,&quot;orientation&quot;:&quot;landscape&quot;},&quot;large&quot;:{&quot;url&quot;:&quot;https:\/\/egypt-tourist-information.com\/wp-content\/uploads\/From-Luxor-5-Day-Nile-Cruise-to-Aswan-with-Balloon-Ride-ota5-1024x512.webp&quot;,&quot;height&quot;:512,&quot;width&quot;:1024,&quot;orientation&quot;:&quot;landscape&quot;},&quot;full&quot;:{&quot;url&quot;:&quot;https:\/\/egypt-tourist-information.com\/wp-content\/uploads\/From-Luxor-5-Day-Nile-Cruise-to-Aswan-with-Balloon-Ride-ota5-scaled.webp&quot;,&quot;height&quot;:1280,&quot;width&quot;:2560,&quot;orientation&quot;:&quot;landscape&quot;},&quot;1536x1536&quot;:{&quot;url&quot;:&quot;https:\/\/egypt-tourist-information.com\/wp-content\/uploads\/From-Luxor-5-Day-Nile-Cruise-to-Aswan-with-Balloon-Ride-ota5-1536x768.webp&quot;,&quot;height&quot;:768,&quot;width&quot;:1536,&quot;orientation&quot;:&quot;landscape&quot;},&quot;2048x2048&quot;:{&quot;url&quot;:&quot;https:\/\/egypt-tourist-information.com\/wp-content\/uploads\/From-Luxor-5-Day-Nile-Cruise-to-Aswan-with-Balloon-Ride-ota5-2048x1024.webp&quot;,&quot;height&quot;:1024,&quot;width&quot;:2048,&quot;orientation&quot;:&quot;landscape&quot;}}\"><\/span><span><img decoding=\"async\" alt=\"\" data-id=\"9434\" width=\"2560\" height=\"1280\" title=\"Von Luxor - 5-t\u00e4gige Nilkreuzfahrt nach Assuan mit Ballonfahrt ota6\" src=\"https:\/\/egypt-tourist-information.com\/wp-content\/uploads\/From-Luxor-5-Day-Nile-Cruise-to-Aswan-with-Balloon-Ride-ota6-1024x512.webp\" data-src=\"https:\/\/egypt-tourist-information.com\/wp-content\/uploads\/From-Luxor-5-Day-Nile-Cruise-to-Aswan-with-Balloon-Ride-ota6-300x150.webp\" loading=\"lazy\" data-sizes=\"{&quot;thumbnail&quot;:{&quot;url&quot;:&quot;https:\/\/egypt-tourist-information.com\/wp-content\/uploads\/From-Luxor-5-Day-Nile-Cruise-to-Aswan-with-Balloon-Ride-ota6-150x150.webp&quot;,&quot;height&quot;:150,&quot;width&quot;:150,&quot;orientation&quot;:&quot;landscape&quot;},&quot;medium&quot;:{&quot;url&quot;:&quot;https:\/\/egypt-tourist-information.com\/wp-content\/uploads\/From-Luxor-5-Day-Nile-Cruise-to-Aswan-with-Balloon-Ride-ota6-300x150.webp&quot;,&quot;height&quot;:150,&quot;width&quot;:300,&quot;orientation&quot;:&quot;landscape&quot;},&quot;large&quot;:{&quot;url&quot;:&quot;https:\/\/egypt-tourist-information.com\/wp-content\/uploads\/From-Luxor-5-Day-Nile-Cruise-to-Aswan-with-Balloon-Ride-ota6-1024x512.webp&quot;,&quot;height&quot;:512,&quot;width&quot;:1024,&quot;orientation&quot;:&quot;landscape&quot;},&quot;full&quot;:{&quot;url&quot;:&quot;https:\/\/egypt-tourist-information.com\/wp-content\/uploads\/From-Luxor-5-Day-Nile-Cruise-to-Aswan-with-Balloon-Ride-ota6-scaled.webp&quot;,&quot;height&quot;:1280,&quot;width&quot;:2560,&quot;orientation&quot;:&quot;landscape&quot;},&quot;1536x1536&quot;:{&quot;url&quot;:&quot;https:\/\/egypt-tourist-information.com\/wp-content\/uploads\/From-Luxor-5-Day-Nile-Cruise-to-Aswan-with-Balloon-Ride-ota6-1536x768.webp&quot;,&quot;height&quot;:768,&quot;width&quot;:1536,&quot;orientation&quot;:&quot;landscape&quot;},&quot;2048x2048&quot;:{&quot;url&quot;:&quot;https:\/\/egypt-tourist-information.com\/wp-content\/uploads\/From-Luxor-5-Day-Nile-Cruise-to-Aswan-with-Balloon-Ride-ota6-2048x1024.webp&quot;,&quot;height&quot;:1024,&quot;width&quot;:2048,&quot;orientation&quot;:&quot;landscape&quot;}}\"><\/span><\/p>\n<h1 data-v-40e07fd2=\"\" data-v-bf11bbc7=\"\"><span data-v-40e07fd2=\"\">Ab Luxor: 5-t\u00e4gige Nilkreuzfahrt nach Assuan mit Ballonfahrt<\/span><\/h1>\n<h2><a href=\"https:\/\/www.getyourguide.com\/luxor-l109\/from-luxor-4-night-nile-cruise-to-aswan-with-balloon-ride-t454983\/?partner_id=NO9XIDE&amp;utm_medium=online_publisher&amp;cmp=ETIDe5DayNileCruiseLuxorSP\" target=\"_blank\" rel=\"nofollow noopener\" style=\"outline: none;\">Zur Buchung<\/a><\/h2>\n<h1><a href=\"https:\/\/www.getyourguide.com\/luxor-l109\/from-luxor-4-night-nile-cruise-to-aswan-with-balloon-ride-t454983\/?partner_id=NO9XIDE&amp;utm_medium=online_publisher&amp;cmp=ETIDe5DayNileCruiseLuxorSP\" target=\"_blank\" rel=\"nofollow noopener\" style=\"outline: none;\">Ab 1027 \u20ac<\/a><strong><\/strong><\/h1>\n<p dir=\"ltr\">Erleben Sie eine einmalige 5-t\u00e4gige Nilkreuzfahrt von Luxor nach Assuan. Diese <strong>Reise mit Vollpension<\/strong> beinhaltet eine unvergessliche <strong>Hei\u00dfluftballonfahrt,<\/strong> fachkundig gef\u00fchrte <strong>Tempelf\u00fchrungen<\/strong> und <strong>luxuri\u00f6sen Komfort an Bord<\/strong> \u2013 perfekt, um das alte \u00c4gypten stilvoll zu entdecken.<\/p>\n<ul>\n<li style=\"\"><span>Handverlesenes Ticket&nbsp;<\/span><\/li>\n<li style=\"\"><span>Sofortige Best\u00e4tigung<\/span><\/li>\n<li style=\"\"><span>Dauer: 5 Tage<\/span><\/li>\n<li style=\"\"><span>Kostenlose Stornierung<\/span><\/li>\n<\/ul>\n<h2>Inbegriffen<\/h2>\n<ul>\n<li style=\"\">                    <span>Abholung vom Hotel in Luxor<\/span><\/li>\n<li style=\"\">                    <span>4 \u00dcbernachtungen auf einer 5-Sterne-Nilkreuzfahrt (Vollpension)<\/span><\/li>\n<li style=\"\">                    <span>Private F\u00fchrung<br \/><\/span><\/li>\n<li style=\"\">                    <span>Kabine mit allen Annehmlichkeiten<\/span><\/li>\n<li style=\"\">                    <span>Englischsprachiger \u00c4gyptologe als Reiseleiter (andere Sprachen auf Anfrage erh\u00e4ltlich)<\/span><\/li>\n<li style=\"\">                    <span>Private, klimatisierte Transfers w\u00e4hrend der gesamten Reise<\/span><\/li>\n<li style=\"\">                    <span>VIP-Hei\u00dfluftballonfahrt bei Sonnenaufgang<\/span><\/li>\n<li style=\"\">                    <span>Gef\u00fchrte Touren in Luxor, Edfu, Kom Ombo und Assuan<\/span><\/li>\n<li style=\"\">                    <span>R\u00fccktransfer zum Hotel in Assuan<\/span><\/li>\n<li style=\"\">                    <span>Lizenzierter Fahrer<\/span><\/li>\n<li><span>Felukenfahrt<\/span><\/li>\n<\/ul>\n<h2>Nicht inbegriffen&nbsp;<\/h2>\n<ul>\n<li style=\"\"><span>Eintrittspreise&nbsp;<\/span><\/li>\n<li style=\"\"><span>Getr\u00e4nke und pers\u00f6nliche Ausgaben<\/span><\/li>\n<li style=\"\"><span>R\u00fccktransfer zum Flughafen oder Bahnhof von Assuan (gegen Aufpreis m\u00f6glich)<br \/><\/span><\/li>\n<li style=\"\"><span>Tipps<\/span><\/li>\n<\/ul>\n<h2>Wichtige Informationen<\/h2>\n<ul>\n<li style=\"\"><span>Dauer: 5 Tage, inkl. \u00dcbernachtungen<\/span><\/li>\n<li><span>Bitte w\u00e4hlen Sie bei der Buchung Ihre bevorzugte Reisef\u00fchrersprache aus<\/span><\/li>\n<li><span>Eintrittskarten m\u00fcssen separat vor Ort oder online erworben werden<\/span><\/li>\n<\/ul>\n<h2>Beschreibung:<\/h2>\n<p dir=\"ltr\">Entdecken Sie die zeitlosen Wunder \u00c4gyptens auf einer <strong>luxuri\u00f6sen 5-t\u00e4gigen Nilkreuzfahrt von Luxor nach Assuan<\/strong>. Beginnen Sie mit majest\u00e4tischen Tempeln wie Karnak und Luxor und schweben Sie dann in einem&nbsp;<strong>Hei\u00dfluftballon<\/strong>&nbsp;\u00fcber antike L\u00e4nder.<\/p>\n<p dir=\"ltr\">Segeln Sie nach <strong>Edfu, Kom Ombo und Assuan und entdecken Sie mit Ihrem <\/strong><strong>privaten <\/strong><strong>\u00c4gyptologen<\/strong> Geschichten \u00fcber G\u00f6tter, Pharaonen und K\u00f6niginnen . Genie\u00dfen Sie Vollpension, entspannende Ausblicke auf den Nil und eine abschlie\u00dfende Reise zu den beeindruckenden <strong>Tempeln von Abu Simbel<\/strong> \u2013 ein unvergessliches Finale Ihres \u00c4gypten-Abenteuers.<\/p>\n<h2>Route:<\/h2>\n<ul>\n<li dir=\"ltr\"><strong>Tag 1:<\/strong> Besuchen Sie die Tempel von Karnak und Luxor und genie\u00dfen Sie eine malerische Felukenfahrt auf dem Nil<\/li>\n<li dir=\"ltr\"><strong>Tag 2:<\/strong> Hei\u00dfluftballonfahrt bei Sonnenaufgang \u00fcber den Ruinen von Luxor, Erkundung des Tals der K\u00f6nige, des Hatschepsut-Tempels und der Memnonkolosse<\/li>\n<li dir=\"ltr\"><strong>Tag 3:<\/strong> Entdecken Sie den Edfu-Tempel (Horus) und den Doppeltempel von Sobek und Horus in Kom Ombo<\/li>\n<li dir=\"ltr\"><strong>Tag 4:<\/strong> Besuchen Sie den Assuan-Staudamm, den unvollendeten Obelisken und den Philae-Tempel<\/li>\n<li dir=\"ltr\"><strong>Tag 5:<\/strong> Fr\u00fchmorgendlicher Ausflug nach Abu Simbel, R\u00fcckkehr nach Assuan und R\u00fcckfahrt zu Ihrer Unterkunft<\/li>\n<\/ul>\n<h2>Stornierungsbedingungen<\/h2>\n<p dir=\"ltr\">Kostenlose Stornierung bis zu 24 Stunden im Voraus mit voller R\u00fcckerstattung m\u00f6glich.<\/p>\n<h2>Treffpunkt &amp; Anweisungen<\/h2>\n<p dir=\"ltr\">Die Abholung von jedem Hotel oder jeder Unterkunft in Luxor ist im Preis inbegriffen. Bitte halten Sie sich zur vereinbarten Abholzeit in Ihrer Hotellobby bereit. Der genaue Zeitpunkt und die Treffpunktdetails werden nach der Buchung best\u00e4tigt.<\/p>\n<p><a href=\"https:\/\/www.getyourguide.com\/luxor-l109\/from-luxor-4-night-nile-cruise-to-aswan-with-balloon-ride-t454983\/?partner_id=NO9XIDE&amp;utm_medium=online_publisher&amp;cmp=ETIDe5DayNileCruiseLuxorSP\" rel=\"nofollow noopener\" spellcheck=\"false\" target=\"_blank\" style=\"outline: none;\">Abholbereiche anzeigen<\/a><\/p>\n<h2>Bewertungen<\/h2>\n<p><strong>4,2\/5 (180+ Bewertungen)<\/strong><\/p>\n<p>,,<em>Wir hatten eine fantastische 5-t\u00e4gige Kreuzfahrt von Luxor nach Assuan mit Nice Tours! Alles war sehr gut organisiert und wir hatten eine fantastische Zeit! Unsere Reiseleiterin Heba in Assuan hat unsere Reise noch besser gemacht! Sie war unsere F\u00fchrerin zum Assuan-Staudamm, zum Philae-Tempel und zum unvollendeten Obelisken. Sie hat alles bis ins kleinste Detail erkl\u00e4rt, uns ein sehr angenehmes Gef\u00fchl gegeben und sich sehr gut um uns gek\u00fcmmert. Danke f\u00fcr die zauberhafte Kreuzfahrt!!&#8220;<\/em><em>&nbsp;<\/em> &#8211; Efstathia, Februar 2025 &gt;&gt; <a href=\"https:\/\/www.getyourguide.com\/luxor-l109\/from-luxor-4-night-nile-cruise-to-aswan-with-balloon-ride-t454983\/?partner_id=NO9XIDE&amp;utm_medium=online_publisher&amp;cmp=ETIDe5DayNileCruiseLuxorSP\" target=\"_blank\" rel=\"nofollow noopener\" style=\"outline: none;\" spellcheck=\"false\">Mehr Details&#8230;<\/a><\/p>\n<h2>Einige Aktivit\u00e4ten, die Ihnen gefallen k\u00f6nnten<\/h2>\n<p><span># <\/span><strong><span>2<\/span><\/strong><span># <\/span><strong><span>2<\/span><\/strong><span><img decoding=\"async\" alt=\"\" data-id=\"9292\" width=\"159\" data-init-width=\"2006\" height=\"103\" data-init-height=\"1300\" title=\"Luxor \u2013 Hei\u00dfluftballonfahrt mit ganzt\u00e4giger Sehensw\u00fcrdigkeitentour ota\" loading=\"lazy\" src=\"https:\/\/egypt-tourist-information.com\/wp-content\/uploads\/Luxor-Hot-Air-Balloon-Ride-with-Full-Day-Sights-Tour-ota.webp\" data-width=\"159\" data-height=\"103\" style=\"aspect-ratio: auto 2006 \/ 1300;\"><\/span><\/p>\n<table>\n<tbody>\n<tr>\n<td><a href=\"https:\/\/www.getyourguide.com\/luxor-l109\/luxor-one-package-luxor-hot-air-balloon-with-full-day-tour-t477361\/?partner_id=NO9XIDE&amp;utm_medium=online_publisher&amp;cmp=ETIDe5DayNileCruiseLuxorSP2\" target=\"_blank\" rel=\"nofollow noopener\" style=\"outline: none;\" data-lt-tmp-id=\"lt-717130\" spellcheck=\"false\"><span data-v-40e07fd2=\"\">Luxor: Hei\u00dfluftballonfahrt mit ganzt\u00e4giger Sehensw\u00fcrdigkeitentour<\/span><\/a><\/td>\n<\/tr>\n<\/tbody>\n<\/table>\n<p>Erleben Sie die antiken Wunder von Luxor von oben bei einer atemberaubenden Fahrt <strong>mit dem Hei\u00dfluftballon<\/strong> und&nbsp;tauchen Sie anschlie\u00dfend in eine <strong>ganzt\u00e4gige Tour <\/strong>ein<strong>,&nbsp;<\/strong>bei der&nbsp;Sie die gro\u00dfartigen historischen Sehensw\u00fcrdigkeiten der Stadt erkunden.<\/p>\n<h3 style=\"\">Gesamtpreis<\/h3>\n<h3 style=\"\">Ihr Konto wird noch nicht belastet.<\/h3>\n<p><span># <\/span><strong><span>2<\/span><\/strong><span># <\/span><strong><span>2<\/span><\/strong><span><img decoding=\"async\" alt=\"\" data-id=\"8966\" width=\"159\" data-init-width=\"1598\" height=\"103\" data-init-height=\"999\" title=\"Hurghada \u2013 Luxor-Tal der K\u00f6nige und Ausflug zum Grab des Tutanchamun usw\" loading=\"lazy\" src=\"https:\/\/egypt-tourist-information.com\/wp-content\/uploads\/Hurghada-Luxor-Valley-of-the-Kings-Tutankhamun-Tomb-Trip-ota.avif\" data-width=\"159\" data-height=\"103\" style=\"aspect-ratio: auto 1598 \/ 999;\"><\/span><\/p>\n<table>\n<tbody>\n<tr>\n<td><a data-lt-tmp-id=\"lt-44270\" href=\"https:\/\/www.getyourguide.com\/luxor-l109\/hurghada-luxor-valley-of-the-kings-tutankhamun-tomb-trip-t22357\/?partner_id=NO9XIDE&amp;utm_medium=online_publisher&amp;cmp=ETIDe5DayNileCruiseLuxorSP3\" rel=\"nofollow noopener\" spellcheck=\"false\" target=\"_blank\" style=\"outline: none;\">Hurghada: Luxor-Tal der K\u00f6nige &amp; Tutanchamun-Grab<\/a><\/td>\n<\/tr>\n<\/tbody>\n<\/table>\n<p>Begeben Sie sich auf eine unvergessliche Reise <strong>von Hurghada nach Luxor,<\/strong> erkunden Sie das legend\u00e4re <strong>Tal der K\u00f6nige<\/strong> und steigen Sie hinab in das ikonische Grab von <strong>Tutanchamun<\/strong>.<\/p>\n<h3 style=\"\">Gesamtpreis<\/h3>\n<h3 style=\"\">Ihr Konto wird noch nicht belastet.<\/h3>\n<p><span># <\/span><strong><span>2<\/span><\/strong><span><img decoding=\"async\" alt=\"\" data-id=\"8968\" width=\"159\" data-init-width=\"2333\" height=\"92\" data-init-height=\"1556\" title=\"Luxor - Gemeinsame Ganztagestour zum West- und Ostufer von Luxor\" loading=\"lazy\" src=\"https:\/\/egypt-tourist-information.com\/wp-content\/uploads\/Luxor-Shared-Full-Day-Tour-to-Luxor-West-and-East-Banks-ota.avif\" data-width=\"159\" data-height=\"92\" style=\"aspect-ratio: auto 2333 \/ 1556;\"><\/span><\/p>\n<table>\n<tbody>\n<tr>\n<td><a data-lt-tmp-id=\"lt-755804\" href=\"https:\/\/www.getyourguide.com\/luxor-l109\/luxor-shared-full-day-tour-to-luxor-west-and-east-banks-t453520\/?partner_id=NO9XIDE&amp;utm_medium=online_publisher&amp;cmp=ETIDe5DayNileCruiseLuxorSP4\" rel=\"nofollow noopener\" spellcheck=\"false\" target=\"_blank\" style=\"outline: none;\">Luxor: Gruppentagestour zum West- und Ostufer von Luxor<\/a><\/td>\n<\/tr>\n<\/tbody>\n<\/table>\n<p>Erkunden Sie die antiken Wunder des <strong>Ost- und Westufers von Luxor<\/strong> auf einer umfassenden gemeinsamen Tagestour und entdecken Sie legend\u00e4re Tempel, Gr\u00e4ber und Monumente.<\/p>\n<h3 style=\"\">Gesamtpreis<\/h3>\n<h3 style=\"\">Ihr Konto wird noch nicht belastet.<\/h3>\n<p><\/p>\n<h2><a href=\"https:\/\/www.getyourguide.com\/luxor-l109\/from-luxor-4-night-nile-cruise-to-aswan-with-balloon-ride-t454983\/?partner_id=NO9XIDE&amp;utm_medium=online_publisher&amp;cmp=ETIDe5DayNileCruiseLuxorSP\" target=\"_blank\" rel=\"nofollow noopener\" style=\"outline: none;\" spellcheck=\"false\">Zur Buchung<\/a><span style=\"font-weight: normal;\"><\/span><\/h2>\n<p><strong style=\"outline: currentcolor;\"><a href=\"https:\/\/www.getyourguide.com\/luxor-l109\/from-luxor-4-night-nile-cruise-to-aswan-with-balloon-ride-t454983\/?partner_id=NO9XIDE&amp;utm_medium=online_publisher&amp;cmp=ETIDe5DayNileCruiseLuxorSP\" target=\"_blank\" rel=\"nofollow noopener\" spellcheck=\"false\" style=\"outline: none;\">Ab 1027 \u20ac&nbsp;<\/a><\/strong><\/p>\n<p style=\"\">Ihr Konto wird noch nicht belastet.<\/p>\n","protected":false},"excerpt":{"rendered":"<p>Ab Luxor: 5-t\u00e4gige Nilkreuzfahrt nach Assuan mit Ballonfahrt Zur Buchung Ab 1027 \u20ac Erleben Sie eine einmalige 5-t\u00e4gige Nilkreuzfahrt von Luxor nach Assuan. Diese Reise mit Vollpension beinhaltet eine unvergessliche Hei\u00dfluftballonfahrt, fachkundig gef\u00fchrte Tempelf\u00fchrungen und luxuri\u00f6sen Komfort an Bord \u2013 perfekt, um das alte \u00c4gypten stilvoll zu entdecken. Handverlesenes Ticket&nbsp; Sofortige Best\u00e4tigung Dauer: 5 Tage [&hellip;]<\/p>\n","protected":false},"author":6,"featured_media":10977,"parent":0,"menu_order":0,"comment_status":"closed","ping_status":"closed","template":"","meta":{"_acf_changed":false,"footnotes":"","tve_updated_post":"","tve_custom_css":"","tve_user_custom_css":"","tve_globals":{},"tcb2_ready":1,"tcb_editor_enabled":1,"tve_landing_page":"bd86f3fc67210fed5b2794ad4a56d3a9","_tve_header":"10865","_tve_footer":"10866"},"categories":[115],"tags":[123,125,129],"class_list":["post-11450","page","type-page","status-publish","has-post-thumbnail","hentry","category-luxor-de","tag-luxor-de","tag-mehrtagige-ausfluge","tag-verkaufsseite","post-wrapper","thrv_wrapper"],"acf":[],"_links":{"self":[{"href":"https:\/\/egypt-tourist-information.com\/de\/wp-json\/wp\/v2\/pages\/11450","targetHints":{"allow":["GET"]}}],"collection":[{"href":"https:\/\/egypt-tourist-information.com\/de\/wp-json\/wp\/v2\/pages"}],"about":[{"href":"https:\/\/egypt-tourist-information.com\/de\/wp-json\/wp\/v2\/types\/page"}],"author":[{"embeddable":true,"href":"https:\/\/egypt-tourist-information.com\/de\/wp-json\/wp\/v2\/users\/6"}],"replies":[{"embeddable":true,"href":"https:\/\/egypt-tourist-information.com\/de\/wp-json\/wp\/v2\/comments?post=11450"}],"version-history":[{"count":9,"href":"https:\/\/egypt-tourist-information.com\/de\/wp-json\/wp\/v2\/pages\/11450\/revisions"}],"predecessor-version":[{"id":13734,"href":"https:\/\/egypt-tourist-information.com\/de\/wp-json\/wp\/v2\/pages\/11450\/revisions\/13734"}],"wp:featuredmedia":[{"embeddable":true,"href":"https:\/\/egypt-tourist-information.com\/de\/wp-json\/wp\/v2\/media\/10977"}],"wp:attachment":[{"href":"https:\/\/egypt-tourist-information.com\/de\/wp-json\/wp\/v2\/media?parent=11450"}],"wp:term":[{"taxonomy":"category","embeddable":true,"href":"https:\/\/egypt-tourist-information.com\/de\/wp-json\/wp\/v2\/categories?post=11450"},{"taxonomy":"post_tag","embeddable":true,"href":"https:\/\/egypt-tourist-information.com\/de\/wp-json\/wp\/v2\/tags?post=11450"}],"curies":[{"name":"wp","href":"https:\/\/api.w.org\/{rel}","templated":true}]}}