{"id":11453,"date":"2025-06-26T14:37:23","date_gmt":"2025-06-26T14:37:23","guid":{"rendered":"https:\/\/egypt-tourist-information.com\/8-day-egypt-tour"},"modified":"2025-09-12T14:39:54","modified_gmt":"2025-09-12T14:39:54","slug":"8-tage-agypten-all-inclusive","status":"publish","type":"page","link":"https:\/\/egypt-tourist-information.com\/de\/8-tage-agypten-all-inclusive","title":{"rendered":"8 Tage \u00c4gypten-All-Inclusive Tour: Kairo, Luxor, Assuan, Nilkreuzfahrt"},"content":{"rendered":"<p><span><img decoding=\"async\" alt=\"\" data-id=\"9468\" width=\"2318\" height=\"1300\" title=\"Ab Kairo: 8-t\u00e4gige Tour durch Kairo, Luxor und Assuan mit Kreuzfahrt\" src=\"https:\/\/egypt-tourist-information.com\/wp-content\/uploads\/From-Cairo-8-Day-Tour-of-Cairo-Luxor-and-Aswan-with-Cruise-ota-1024x574.webp\" data-src=\"https:\/\/egypt-tourist-information.com\/wp-content\/uploads\/From-Cairo-8-Day-Tour-of-Cairo-Luxor-and-Aswan-with-Cruise-ota-300x168.webp\" loading=\"lazy\" data-sizes=\"{&quot;thumbnail&quot;:{&quot;url&quot;:&quot;https:\/\/egypt-tourist-information.com\/wp-content\/uploads\/From-Cairo-8-Day-Tour-of-Cairo-Luxor-and-Aswan-with-Cruise-ota-150x150.webp&quot;,&quot;height&quot;:150,&quot;width&quot;:150,&quot;orientation&quot;:&quot;landscape&quot;},&quot;medium&quot;:{&quot;url&quot;:&quot;https:\/\/egypt-tourist-information.com\/wp-content\/uploads\/From-Cairo-8-Day-Tour-of-Cairo-Luxor-and-Aswan-with-Cruise-ota-300x168.webp&quot;,&quot;height&quot;:168,&quot;width&quot;:300,&quot;orientation&quot;:&quot;landscape&quot;},&quot;large&quot;:{&quot;url&quot;:&quot;https:\/\/egypt-tourist-information.com\/wp-content\/uploads\/From-Cairo-8-Day-Tour-of-Cairo-Luxor-and-Aswan-with-Cruise-ota-1024x574.webp&quot;,&quot;height&quot;:574,&quot;width&quot;:1024,&quot;orientation&quot;:&quot;landscape&quot;},&quot;full&quot;:{&quot;url&quot;:&quot;https:\/\/egypt-tourist-information.com\/wp-content\/uploads\/From-Cairo-8-Day-Tour-of-Cairo-Luxor-and-Aswan-with-Cruise-ota.webp&quot;,&quot;height&quot;:1300,&quot;width&quot;:2318,&quot;orientation&quot;:&quot;landscape&quot;},&quot;1536x1536&quot;:{&quot;url&quot;:&quot;https:\/\/egypt-tourist-information.com\/wp-content\/uploads\/From-Cairo-8-Day-Tour-of-Cairo-Luxor-and-Aswan-with-Cruise-ota-1536x861.webp&quot;,&quot;height&quot;:861,&quot;width&quot;:1536,&quot;orientation&quot;:&quot;landscape&quot;},&quot;2048x2048&quot;:{&quot;url&quot;:&quot;https:\/\/egypt-tourist-information.com\/wp-content\/uploads\/From-Cairo-8-Day-Tour-of-Cairo-Luxor-and-Aswan-with-Cruise-ota-2048x1149.webp&quot;,&quot;height&quot;:1149,&quot;width&quot;:2048,&quot;orientation&quot;:&quot;landscape&quot;}}\"><\/span><span><img decoding=\"async\" alt=\"\" data-id=\"9467\" width=\"2560\" height=\"1280\" title=\"Ab Kairo: 8-t\u00e4gige Tour durch Kairo, Luxor und Assuan mit Kreuzfahrt ota2\" src=\"https:\/\/egypt-tourist-information.com\/wp-content\/uploads\/From-Cairo-8-Day-Tour-of-Cairo-Luxor-and-Aswan-with-Cruise-ota2-1024x512.webp\" data-src=\"https:\/\/egypt-tourist-information.com\/wp-content\/uploads\/From-Cairo-8-Day-Tour-of-Cairo-Luxor-and-Aswan-with-Cruise-ota2-300x150.webp\" loading=\"lazy\" data-sizes=\"{&quot;thumbnail&quot;:{&quot;url&quot;:&quot;https:\/\/egypt-tourist-information.com\/wp-content\/uploads\/From-Cairo-8-Day-Tour-of-Cairo-Luxor-and-Aswan-with-Cruise-ota2-150x150.webp&quot;,&quot;height&quot;:150,&quot;width&quot;:150,&quot;orientation&quot;:&quot;landscape&quot;},&quot;medium&quot;:{&quot;url&quot;:&quot;https:\/\/egypt-tourist-information.com\/wp-content\/uploads\/From-Cairo-8-Day-Tour-of-Cairo-Luxor-and-Aswan-with-Cruise-ota2-300x150.webp&quot;,&quot;height&quot;:150,&quot;width&quot;:300,&quot;orientation&quot;:&quot;landscape&quot;},&quot;large&quot;:{&quot;url&quot;:&quot;https:\/\/egypt-tourist-information.com\/wp-content\/uploads\/From-Cairo-8-Day-Tour-of-Cairo-Luxor-and-Aswan-with-Cruise-ota2-1024x512.webp&quot;,&quot;height&quot;:512,&quot;width&quot;:1024,&quot;orientation&quot;:&quot;landscape&quot;},&quot;full&quot;:{&quot;url&quot;:&quot;https:\/\/egypt-tourist-information.com\/wp-content\/uploads\/From-Cairo-8-Day-Tour-of-Cairo-Luxor-and-Aswan-with-Cruise-ota2-scaled.webp&quot;,&quot;height&quot;:1280,&quot;width&quot;:2560,&quot;orientation&quot;:&quot;landscape&quot;},&quot;1536x1536&quot;:{&quot;url&quot;:&quot;https:\/\/egypt-tourist-information.com\/wp-content\/uploads\/From-Cairo-8-Day-Tour-of-Cairo-Luxor-and-Aswan-with-Cruise-ota2-1536x768.webp&quot;,&quot;height&quot;:768,&quot;width&quot;:1536,&quot;orientation&quot;:&quot;landscape&quot;},&quot;2048x2048&quot;:{&quot;url&quot;:&quot;https:\/\/egypt-tourist-information.com\/wp-content\/uploads\/From-Cairo-8-Day-Tour-of-Cairo-Luxor-and-Aswan-with-Cruise-ota2-2048x1024.webp&quot;,&quot;height&quot;:1024,&quot;width&quot;:2048,&quot;orientation&quot;:&quot;landscape&quot;}}\"><\/span><span><img decoding=\"async\" alt=\"\" data-id=\"9466\" width=\"\" height=\"undefined\" title=\"Ab Kairo: 8-t\u00e4gige Tour durch Kairo, Luxor und Assuan mit Kreuzfahrt ota3\" src=\"https:\/\/egypt-tourist-information.com\/wp-content\/uploads\/From-Cairo-8-Day-Tour-of-Cairo-Luxor-and-Aswan-with-Cruise-ota3.avif\" data-src=\"https:\/\/egypt-tourist-information.com\/wp-content\/uploads\/From-Cairo-8-Day-Tour-of-Cairo-Luxor-and-Aswan-with-Cruise-ota3.avif\" loading=\"lazy\" data-sizes=\"{&quot;full&quot;:{&quot;url&quot;:&quot;https:\/\/egypt-tourist-information.com\/wp-content\/uploads\/From-Cairo-8-Day-Tour-of-Cairo-Luxor-and-Aswan-with-Cruise-ota3.avif&quot;}}\"><\/span><span><img decoding=\"async\" alt=\"\" data-id=\"9465\" width=\"\" height=\"undefined\" title=\"Ab Kairo: 8-t\u00e4gige Tour durch Kairo, Luxor und Assuan mit Kreuzfahrt ota4\" src=\"https:\/\/egypt-tourist-information.com\/wp-content\/uploads\/From-Cairo-8-Day-Tour-of-Cairo-Luxor-and-Aswan-with-Cruise-ota4.avif\" data-src=\"https:\/\/egypt-tourist-information.com\/wp-content\/uploads\/From-Cairo-8-Day-Tour-of-Cairo-Luxor-and-Aswan-with-Cruise-ota4.avif\" loading=\"lazy\" data-sizes=\"{&quot;full&quot;:{&quot;url&quot;:&quot;https:\/\/egypt-tourist-information.com\/wp-content\/uploads\/From-Cairo-8-Day-Tour-of-Cairo-Luxor-and-Aswan-with-Cruise-ota4.avif&quot;}}\"><\/span><span><img decoding=\"async\" alt=\"\" data-id=\"9464\" width=\"\" height=\"undefined\" title=\"Ab Kairo: 8-t\u00e4gige Tour durch Kairo, Luxor und Assuan mit Kreuzfahrt ota5\" src=\"https:\/\/egypt-tourist-information.com\/wp-content\/uploads\/From-Cairo-8-Day-Tour-of-Cairo-Luxor-and-Aswan-with-Cruise-ota5.avif\" data-src=\"https:\/\/egypt-tourist-information.com\/wp-content\/uploads\/From-Cairo-8-Day-Tour-of-Cairo-Luxor-and-Aswan-with-Cruise-ota5.avif\" loading=\"lazy\" data-sizes=\"{&quot;full&quot;:{&quot;url&quot;:&quot;https:\/\/egypt-tourist-information.com\/wp-content\/uploads\/From-Cairo-8-Day-Tour-of-Cairo-Luxor-and-Aswan-with-Cruise-ota5.avif&quot;}}\"><\/span><span><img decoding=\"async\" alt=\"\" data-id=\"9463\" width=\"\" height=\"undefined\" title=\"Ab Kairo: 8-t\u00e4gige Tour durch Kairo, Luxor und Assuan mit Kreuzfahrt ota6\" src=\"https:\/\/egypt-tourist-information.com\/wp-content\/uploads\/From-Cairo-8-Day-Tour-of-Cairo-Luxor-and-Aswan-with-Cruise-ota6.avif\" data-src=\"https:\/\/egypt-tourist-information.com\/wp-content\/uploads\/From-Cairo-8-Day-Tour-of-Cairo-Luxor-and-Aswan-with-Cruise-ota6.avif\" loading=\"lazy\" data-sizes=\"{&quot;full&quot;:{&quot;url&quot;:&quot;https:\/\/egypt-tourist-information.com\/wp-content\/uploads\/From-Cairo-8-Day-Tour-of-Cairo-Luxor-and-Aswan-with-Cruise-ota6.avif&quot;}}\"><\/span><span><img decoding=\"async\" alt=\"\" data-id=\"9462\" width=\"\" height=\"undefined\" title=\"Ab Kairo: 8-t\u00e4gige Tour durch Kairo, Luxor und Assuan mit Kreuzfahrt ota7\" src=\"https:\/\/egypt-tourist-information.com\/wp-content\/uploads\/From-Cairo-8-Day-Tour-of-Cairo-Luxor-and-Aswan-with-Cruise-ota7.avif\" data-src=\"https:\/\/egypt-tourist-information.com\/wp-content\/uploads\/From-Cairo-8-Day-Tour-of-Cairo-Luxor-and-Aswan-with-Cruise-ota7.avif\" loading=\"lazy\" data-sizes=\"{&quot;full&quot;:{&quot;url&quot;:&quot;https:\/\/egypt-tourist-information.com\/wp-content\/uploads\/From-Cairo-8-Day-Tour-of-Cairo-Luxor-and-Aswan-with-Cruise-ota7.avif&quot;}}\"><\/span><span><img decoding=\"async\" alt=\"\" data-id=\"9461\" width=\"2017\" height=\"1300\" title=\"Ab Kairo: 8-t\u00e4gige Tour durch Kairo, Luxor und Assuan mit Kreuzfahrt ota8\" src=\"https:\/\/egypt-tourist-information.com\/wp-content\/uploads\/From-Cairo-8-Day-Tour-of-Cairo-Luxor-and-Aswan-with-Cruise-ota8-1024x660.webp\" data-src=\"https:\/\/egypt-tourist-information.com\/wp-content\/uploads\/From-Cairo-8-Day-Tour-of-Cairo-Luxor-and-Aswan-with-Cruise-ota8-300x193.webp\" loading=\"lazy\" data-sizes=\"{&quot;thumbnail&quot;:{&quot;url&quot;:&quot;https:\/\/egypt-tourist-information.com\/wp-content\/uploads\/From-Cairo-8-Day-Tour-of-Cairo-Luxor-and-Aswan-with-Cruise-ota8-150x150.webp&quot;,&quot;height&quot;:150,&quot;width&quot;:150,&quot;orientation&quot;:&quot;landscape&quot;},&quot;medium&quot;:{&quot;url&quot;:&quot;https:\/\/egypt-tourist-information.com\/wp-content\/uploads\/From-Cairo-8-Day-Tour-of-Cairo-Luxor-and-Aswan-with-Cruise-ota8-300x193.webp&quot;,&quot;height&quot;:193,&quot;width&quot;:300,&quot;orientation&quot;:&quot;landscape&quot;},&quot;large&quot;:{&quot;url&quot;:&quot;https:\/\/egypt-tourist-information.com\/wp-content\/uploads\/From-Cairo-8-Day-Tour-of-Cairo-Luxor-and-Aswan-with-Cruise-ota8-1024x660.webp&quot;,&quot;height&quot;:660,&quot;width&quot;:1024,&quot;orientation&quot;:&quot;landscape&quot;},&quot;full&quot;:{&quot;url&quot;:&quot;https:\/\/egypt-tourist-information.com\/wp-content\/uploads\/From-Cairo-8-Day-Tour-of-Cairo-Luxor-and-Aswan-with-Cruise-ota8.webp&quot;,&quot;height&quot;:1300,&quot;width&quot;:2017,&quot;orientation&quot;:&quot;landscape&quot;},&quot;1536x1536&quot;:{&quot;url&quot;:&quot;https:\/\/egypt-tourist-information.com\/wp-content\/uploads\/From-Cairo-8-Day-Tour-of-Cairo-Luxor-and-Aswan-with-Cruise-ota8-1536x990.webp&quot;,&quot;height&quot;:990,&quot;width&quot;:1536,&quot;orientation&quot;:&quot;landscape&quot;}}\"><\/span><span><img decoding=\"async\" alt=\"\" data-id=\"9460\" width=\"2311\" height=\"1300\" title=\"Ab Kairo: 8-t\u00e4gige Tour durch Kairo, Luxor und Assuan mit Kreuzfahrt ota9\" src=\"https:\/\/egypt-tourist-information.com\/wp-content\/uploads\/From-Cairo-8-Day-Tour-of-Cairo-Luxor-and-Aswan-with-Cruise-ota9-1024x576.webp\" data-src=\"https:\/\/egypt-tourist-information.com\/wp-content\/uploads\/From-Cairo-8-Day-Tour-of-Cairo-Luxor-and-Aswan-with-Cruise-ota9-300x169.webp\" loading=\"lazy\" data-sizes=\"{&quot;thumbnail&quot;:{&quot;url&quot;:&quot;https:\/\/egypt-tourist-information.com\/wp-content\/uploads\/From-Cairo-8-Day-Tour-of-Cairo-Luxor-and-Aswan-with-Cruise-ota9-150x150.webp&quot;,&quot;height&quot;:150,&quot;width&quot;:150,&quot;orientation&quot;:&quot;landscape&quot;},&quot;medium&quot;:{&quot;url&quot;:&quot;https:\/\/egypt-tourist-information.com\/wp-content\/uploads\/From-Cairo-8-Day-Tour-of-Cairo-Luxor-and-Aswan-with-Cruise-ota9-300x169.webp&quot;,&quot;height&quot;:169,&quot;width&quot;:300,&quot;orientation&quot;:&quot;landscape&quot;},&quot;large&quot;:{&quot;url&quot;:&quot;https:\/\/egypt-tourist-information.com\/wp-content\/uploads\/From-Cairo-8-Day-Tour-of-Cairo-Luxor-and-Aswan-with-Cruise-ota9-1024x576.webp&quot;,&quot;height&quot;:576,&quot;width&quot;:1024,&quot;orientation&quot;:&quot;landscape&quot;},&quot;full&quot;:{&quot;url&quot;:&quot;https:\/\/egypt-tourist-information.com\/wp-content\/uploads\/From-Cairo-8-Day-Tour-of-Cairo-Luxor-and-Aswan-with-Cruise-ota9.webp&quot;,&quot;height&quot;:1300,&quot;width&quot;:2311,&quot;orientation&quot;:&quot;landscape&quot;},&quot;1536x1536&quot;:{&quot;url&quot;:&quot;https:\/\/egypt-tourist-information.com\/wp-content\/uploads\/From-Cairo-8-Day-Tour-of-Cairo-Luxor-and-Aswan-with-Cruise-ota9-1536x864.webp&quot;,&quot;height&quot;:864,&quot;width&quot;:1536,&quot;orientation&quot;:&quot;landscape&quot;},&quot;2048x2048&quot;:{&quot;url&quot;:&quot;https:\/\/egypt-tourist-information.com\/wp-content\/uploads\/From-Cairo-8-Day-Tour-of-Cairo-Luxor-and-Aswan-with-Cruise-ota9-2048x1152.webp&quot;,&quot;height&quot;:1152,&quot;width&quot;:2048,&quot;orientation&quot;:&quot;landscape&quot;}}\"><\/span><\/p>\n<h1 dir=\"ltr\">Ab Kairo: 8-t\u00e4gige Tour durch Kairo, Luxor und Assuan mit Kreuzfahrt<\/h1>\n<h2><a href=\"https:\/\/www.getyourguide.com\/cairo-l92\/egypt-8-day-all-inclusive-tour-package-t521466\/?partner_id=NO9XIDE&amp;utm_medium=online_publisher&amp;cmp=ETIDe8DayEgyptTourfromCairoSP\" target=\"_blank\" rel=\"nofollow noopener\" style=\"outline: none;\">Zur Buchung<\/a><\/h2>\n<h1><a href=\"https:\/\/www.getyourguide.com\/cairo-l92\/egypt-8-day-all-inclusive-tour-package-t521466\/?partner_id=NO9XIDE&amp;utm_medium=online_publisher&amp;cmp=ETIDe8DayEgyptTourfromCairoSP\" target=\"_blank\" rel=\"nofollow noopener\" style=\"outline: none;\" spellcheck=\"false\"><span style=\"font-weight: normal;\"><\/span>Ab 1190&nbsp;<span style=\"font-weight: normal;\">\u20ac<\/span><\/a><strong><\/strong><\/h1>\n<p dir=\"ltr\">Begeben Sie sich von Kairo aus auf das <strong>ultimative 8-t\u00e4gige \u00c4gypten-Abenteuer! Dieses&nbsp;<\/strong><strong>All-Inclusive-Paket<\/strong> kombiniert ber\u00fchmte Sehensw\u00fcrdigkeiten, eine <strong>5-Sterne-Nilkreuzfahrt<\/strong> von Luxor nach Assuan und <strong>fachkundig gef\u00fchrte Touren<\/strong> zu den gr\u00f6\u00dften Wundern \u00c4gyptens, einschlie\u00dflich Abu Simbel.<\/p>\n<ul>\n<li style=\"\"><span>Handverlesenes Ticket&nbsp;<\/span><\/li>\n<li style=\"\"><span>Sofortige Best\u00e4tigung<\/span><\/li>\n<li style=\"\"><span>Dauer: 8 Tage<\/span><\/li>\n<li style=\"\"><span>Kostenlose Stornierung<\/span><\/li>\n<\/ul>\n<h2>Inbegriffen<\/h2>\n<ul>\n<li style=\"\">                    <span>Abhol- und Bringservice vom Hotel<\/span><\/li>\n<li style=\"\">                    <span>Privater Auto-\/Van-Transport<\/span><\/li>\n<li style=\"\">                    <span>3 N\u00e4chte in einem 5-Sterne-Hotel in Kairo (Halbpension)<\/span><\/li>\n<li style=\"\">                    <span>4-t\u00e4gige 5-Sterne-Nilkreuzfahrt (Vollpension)<\/span><\/li>\n<li style=\"\">                    <span>T\u00e4glich Fr\u00fchst\u00fcck, Mittag- und Abendessen<\/span><\/li>\n<li style=\"\">                    <span>Alle Eintrittsgeb\u00fchren<\/span><\/li>\n<li style=\"\">                    <span>Inlandsfl\u00fcge (Hin- und R\u00fcckflug): Kairo\u2013Luxor \/ Assuan\u2013Kairo<\/span><\/li>\n<li style=\"\">                    <span>Felukenfahrt in Luxor und Assuan<\/span><\/li>\n<li style=\"\">                    <span>Privater Reisef\u00fchrer<\/span><\/li>\n<\/ul>\n<h2>Nicht inbegriffen<\/h2>\n<ul>\n<li style=\"\"><span>Spanisch-, deutsch- oder franz\u00f6sischsprachiger Reisef\u00fchrer<\/span><\/li>\n<li style=\"\"><span>Optionale Fahrt mit dem Hei\u00dfluftballon (ca. 120 \u20ac pro Person)<\/span><\/li>\n<li style=\"\"><span>Getr\u00e4nke<\/span><\/li>\n<li style=\"\"><span>Trinkgelder<\/span><\/li>\n<\/ul>\n<h2>Wichtige Informationen<\/h2>\n<ul>\n<li style=\"\"><span>Die Fahrt mit dem Hei\u00dfluftballon ist optional und muss im Voraus ausgew\u00e4hlt werden<\/span><\/li>\n<li><span>Mindestalter f\u00fcr Ballonfahrten: 6 Jahre<\/span><\/li>\n<li><span>Reisende, die Einzelzimmer ben\u00f6tigen, m\u00fcssen diese einzeln buchen<\/span><\/li>\n<li><span>Die Tour beginnt und endet in Kairo<\/span><\/li>\n<li><span>Bitte best\u00e4tigen Sie die Inlandsflugzeiten nach der Buchung<\/span><\/li>\n<li><span>Dies ist eine private Tour mit einigen gemeinsamen Aktivit\u00e4ten (z. B. einer Ballonfahrt)<\/span><\/li>\n<\/ul>\n<h2>Beschreibung:<\/h2>\n<p dir=\"ltr\">Entdecken Sie die Seele \u00c4gyptens auf dieser unvergesslichen <strong>8-t\u00e4gigen \u00c4gypten-Tour von Kairo<\/strong> nach Assuan. Von den <strong>m\u00e4chtigen Pyramiden und antiken Tempeln<\/strong> bis hin zu einer luxuri\u00f6sen <strong>Nilkreuzfahrt \u2013<\/strong> diese fachm\u00e4nnisch zusammengestellte Tour verbindet Abenteuer und Komfort.<\/p>\n<p dir=\"ltr\">Erkunden Sie das legend\u00e4re <strong>Tal der K\u00f6nige,<\/strong> bestaunen Sie die kolossalen Statuen von <strong>Abu Simbel<\/strong> und erleben Sie Kairos lebendige Geschichte. <strong>Fl\u00fcge<\/strong>, Mahlzeiten, Luxusaufenthalte und Transfers sind f\u00fcr Sie organisiert \u2013 Sie k\u00f6nnen den Zauber \u00c4gyptens genie\u00dfen.<\/p>\n<h2>Highlights:<\/h2>\n<ul>\n<li ltr\"\"=\"\"><strong>Tag 1:<\/strong> Ankunft in Kairo, \u00e4gyptisches Mittagessen, Nil-Dinner-Kreuzfahrt mit Folklore-Show, \u00dcbernachtung im 5-Sterne-Hotel in Kairo<\/li>\n<li ltr\"\"=\"\"><strong>Tag 2:<\/strong> Gef\u00fchrte Tour zu den Pyramiden von Gizeh, der Sphinx, Memphis und Sakkara; \u00dcbernachtung in Kairo<\/li>\n<li ltr\"\"=\"\"><strong>Tag 3:<\/strong> Erkundung des islamischen Kairo (Zitadelle, Muhammad-Ali-Moschee) und des koptischen Kairo (St. Georg, H\u00e4ngende Kirche); \u00dcbernachtung in Kairo<\/li>\n<li ltr\"\"=\"\"><strong>Tag 4:<\/strong> Flug nach Luxor, Besuch der Tempel von Karnak und Luxor, Check-in f\u00fcr die Nilkreuzfahrt, Felukenfahrt auf dem Nil<\/li>\n<li ltr\"\"=\"\"><strong>Tag 5:<\/strong> Optionale Fahrt mit dem Hei\u00dfluftballon, Besichtigung des Tals der K\u00f6nige, des Hatschepsut-Tempels und der Memnonkolosse, Segeln nach Edfu<\/li>\n<li ltr\"\"=\"\"><strong>Tag 6:<\/strong> Entdecken Sie den Horus-Tempel in Edfu, segeln Sie zum Kom Ombo-Tempel, Abendessen an Bord<\/li>\n<li ltr\"\"=\"\"><strong>Tag 7:<\/strong> Tagesausflug nach Abu Simbel, Besuch des Philae-Tempels, Felukenfahrt in Assuan<\/li>\n<li ltr\"\"=\"\"><strong>Tag 8:<\/strong> Flug von Assuan nach Kairo, Transfer zu Ihrem Hotel \u2013 Ende der Tour<\/li>\n<\/ul>\n<h2>Stornierungsbedingungen<\/h2>\n<p dir=\"ltr\">Kostenlose Stornierung bis 24 Stunden vor Tourbeginn mit voller R\u00fcckerstattung m\u00f6glich.<\/p>\n<h2>Treffpunkt &amp; Anweisungen<\/h2>\n<p dir=\"ltr\">Sie werden von Ihrem Hotel in Kairo abgeholt. Bitte finden Sie sich zur vereinbarten Zeit in der Hotellobby ein. Ein offizieller Vertreter mit einem \u201eNice Tours\u201c Schild wird Sie begr\u00fc\u00dfen.<\/p>\n<h2>Bewertungen<\/h2>\n<p><strong>4.3\/5&nbsp; <\/strong><strong>(170+ Bewertungen)<\/strong><\/p>\n<p dir=\"ltr\"><em>,,Wir hatten eine fantastische 8-t\u00e4gige Nilkreuzfahrt mit Nice Tours. Die Organisation verlief reibungslos und reibungslos. Alle Aktivit\u00e4ten verliefen genau wie beschrieben, und jeden Abend erhielten wir den Namen des Reiseleiters, die Abholzeit und den detaillierten Reiseplan f\u00fcr den n\u00e4chsten Tag. Die Reiseleiter und Fahrer waren ausgezeichnet und sorgten daf\u00fcr, dass wir w\u00e4hrend der gesamten Reise rundum zufrieden waren. Wir haben so viel \u00fcber jeden Ort gelernt, den wir besucht haben. Die Kreuzfahrt selbst war komfortabel und angenehm, mit einer h\u00f6flichen und hilfsbereiten Crew. Unser Erlebnis hat unsere Erwartungen \u00fcbertroffen \u2013 sehr empfehlenswert!<\/em>&nbsp;&#8220; \u2013 J, April 2025 &gt;&gt; <a href=\"https:\/\/www.getyourguide.com\/cairo-l92\/egypt-8-day-all-inclusive-tour-package-t521466\/?partner_id=NO9XIDE&amp;utm_medium=online_publisher&amp;cmp=ETIDe8DayEgyptTourfromCairoSP\" target=\"_blank\" rel=\"nofollow noopener\" style=\"outline: none;\" spellcheck=\"false\">Weitere Bewertungen anzeigen<\/a><\/p>\n<h2>Einige Aktivit\u00e4ten, die Ihnen gefallen k\u00f6nnten<\/h2>\n<p><span># <\/span><strong><span>2<\/span><\/strong><span># <\/span><strong><span>2<\/span><\/strong><span><img decoding=\"async\" alt=\"\" data-id=\"9474\" width=\"159\" data-init-width=\"720\" height=\"106\" data-init-height=\"480\" title=\"Ab Kairo: 5-t\u00e4gige private Tour zu den H\u00f6hepunkten \u00c4gyptens mit Fl\u00fcgen nach\" loading=\"lazy\" src=\"https:\/\/egypt-tourist-information.com\/wp-content\/uploads\/From-Cairo-5-Day-Egypt-Highlights-Private-Tour-with-Flights-ota.avif\" data-width=\"159\" data-height=\"106\" style=\"aspect-ratio: auto 720 \/ 480;\"><\/span><\/p>\n<table>\n<tbody>\n<tr>\n<td><a href=\"https:\/\/www.getyourguide.com\/cairo-l92\/5-day-private-egypt-tour-package-by-flights-t480235\/?partner_id=NO9XIDE&amp;utm_medium=online_publisher&amp;cmp=ETIDe8DayEgyptTourfromCairoSP2\" rel=\"nofollow noopener\" spellcheck=\"false\" target=\"_blank\" style=\"outline: none;\">Ab Kairo: 5-t\u00e4gige private \u00c4gypten-Tour mit Fl\u00fcgen<\/a><\/td>\n<\/tr>\n<\/tbody>\n<\/table>\n<p>Erleben Sie das Beste des alten \u00c4gypten auf einer luxuri\u00f6sen 5-t\u00e4gigen Privattour ab Kairo und erkunden Sie nahtlos die ikonischen Highlights, wobei bequeme Inlandsfl\u00fcge inbegriffen sind.<\/p>\n<h3 style=\"\">Gesamtpreis<\/h3>\n<h3 style=\"\">Ihr Konto wird noch nicht belastet.<\/h3>\n<p><span># <\/span><strong><span>2<\/span><\/strong><span># <\/span><strong><span>2<\/span><\/strong><span><img decoding=\"async\" alt=\"\" data-id=\"9473\" width=\"159\" data-init-width=\"1598\" height=\"106\" data-init-height=\"999\" title=\"Kairo - 3-t\u00e4gige Siwa-Oasentour, Safari, Camp &amp; historische St\u00e4tte\" loading=\"lazy\" src=\"https:\/\/egypt-tourist-information.com\/wp-content\/uploads\/Cairo-3-Day-Siwa-Oasis-Tour-Safari-Camp-Historical-Site-ota.avif\" data-width=\"159\" data-height=\"106\" style=\"aspect-ratio: auto 1598 \/ 999;\"><\/span><\/p>\n<table>\n<tbody>\n<tr>\n<td>\n<table>\n<tbody>\n<tr>\n<td><a href=\"https:\/\/www.getyourguide.com\/giza-l915\/cairo-3-day-siwa-oasis-tour-safari-camp-historical-site-t411175\/?partner_id=NO9XIDE&amp;utm_medium=online_publisher&amp;cmp=ETIDe8DayEgyptTourfromCairoSP3\" rel=\"nofollow noopener\" spellcheck=\"false\" target=\"_blank\" style=\"outline: none;\">Kairo: 3-t\u00e4gige Siwa-Oasentour, Safari, Camp &amp; historische St\u00e4tte<\/a><\/td>\n<\/tr>\n<\/tbody>\n<\/table>\n<\/td>\n<\/tr>\n<\/tbody>\n<\/table>\n<p>Entfliehen Sie Kairo auf ein unvergessliches dreit\u00e4giges Abenteuer in die magische Oase Siwa, das aufregende Safaris, einzigartiges W\u00fcstencamping und die Erkundung antiker historischer St\u00e4tten kombiniert.<\/p>\n<h3 style=\"\">Gesamtpreis<\/h3>\n<h3 style=\"\">Ihr Konto wird noch nicht belastet.<\/h3>\n<p><span># <\/span><strong><span>2<\/span><\/strong><span><img decoding=\"async\" alt=\"\" data-id=\"9476\" width=\"159\" data-init-width=\"2333\" height=\"106\" data-init-height=\"1556\" title=\"Von Kairo aus: Private Ganztagestour durch das historische Alexandria\" loading=\"lazy\" src=\"https:\/\/egypt-tourist-information.com\/wp-content\/uploads\/From-Cairo-Private-Full-Day-Tour-of-Historical-Alexandria-ota.avif\" data-width=\"159\" data-height=\"106\" style=\"aspect-ratio: auto 2333 \/ 1556;\"><\/span><\/p>\n<table>\n<tbody>\n<tr>\n<td><a href=\"https:\/\/www.getyourguide.com\/cairo-l92\/one-day-tour-visiting-alexandria-from-cairo-t11732\/?partner_id=NO9XIDE&amp;utm_medium=online_publisher&amp;cmp=ETIDe8DayEgyptTourfromCairoSP4\" rel=\"nofollow noopener\" spellcheck=\"false\" target=\"_blank\" style=\"outline: none;\">Ab Kairo: Private Tagestour durch das historische Alexandria<\/a><\/td>\n<\/tr>\n<\/tbody>\n<\/table>\n<p>Begeben Sie sich von Kairo aus auf eine private Ganztagestour und entdecken Sie die reiche Geschichte und die ber\u00fchmten Wahrzeichen der antiken Stadt Alexandria.<\/p>\n<h3 style=\"\">Gesamtpreis<\/h3>\n<h3 style=\"\">Ihr Konto wird noch nicht belastet.<\/h3>\n<\/p>\n<h2><a href=\"https:\/\/www.getyourguide.com\/cairo-l92\/egypt-8-day-all-inclusive-tour-package-t521466\/?partner_id=NO9XIDE&amp;utm_medium=online_publisher&amp;cmp=ETIDe8DayEgyptTourfromCairoSP\" target=\"_blank\" rel=\"nofollow noopener\" style=\"outline: none;\" spellcheck=\"false\">Zur Buchung<\/a><span style=\"font-weight: normal;\"><\/span><\/h2>\n<p><strong style=\"outline: currentcolor;\"><a href=\"https:\/\/www.getyourguide.com\/cairo-l92\/egypt-8-day-all-inclusive-tour-package-t521466\/?partner_id=NO9XIDE&amp;utm_medium=online_publisher&amp;cmp=ETIDe8DayEgyptTourfromCairoSP\" target=\"_blank\" rel=\"nofollow noopener\" spellcheck=\"false\" style=\"outline: none;\">Ab 1190 \u20ac<\/a><\/strong><\/p>\n<p style=\"\">Ihr Konto wird noch nicht belastet.<\/p>\n","protected":false},"excerpt":{"rendered":"<p>Ab Kairo: 8-t\u00e4gige Tour durch Kairo, Luxor und Assuan mit Kreuzfahrt Zur Buchung Ab 1190&nbsp;\u20ac Begeben Sie sich von Kairo aus auf das ultimative 8-t\u00e4gige \u00c4gypten-Abenteuer! Dieses&nbsp;All-Inclusive-Paket kombiniert ber\u00fchmte Sehensw\u00fcrdigkeiten, eine 5-Sterne-Nilkreuzfahrt von Luxor nach Assuan und fachkundig gef\u00fchrte Touren zu den gr\u00f6\u00dften Wundern \u00c4gyptens, einschlie\u00dflich Abu Simbel. Handverlesenes Ticket&nbsp; Sofortige Best\u00e4tigung Dauer: 8 Tage [&hellip;]<\/p>\n","protected":false},"author":6,"featured_media":10986,"parent":0,"menu_order":0,"comment_status":"closed","ping_status":"closed","template":"","meta":{"_acf_changed":false,"footnotes":"","tve_updated_post":"","tve_custom_css":"","tve_user_custom_css":"","tve_globals":{},"tcb2_ready":1,"tcb_editor_enabled":1,"tve_landing_page":"bd86f3fc67210fed5b2794ad4a56d3a9","_tve_header":"10865","_tve_footer":"10866"},"categories":[113],"tags":[128,125,129],"class_list":["post-11453","page","type-page","status-publish","has-post-thumbnail","hentry","category-kairo","tag-kairo","tag-mehrtagige-ausfluge","tag-verkaufsseite","post-wrapper","thrv_wrapper"],"acf":[],"_links":{"self":[{"href":"https:\/\/egypt-tourist-information.com\/de\/wp-json\/wp\/v2\/pages\/11453","targetHints":{"allow":["GET"]}}],"collection":[{"href":"https:\/\/egypt-tourist-information.com\/de\/wp-json\/wp\/v2\/pages"}],"about":[{"href":"https:\/\/egypt-tourist-information.com\/de\/wp-json\/wp\/v2\/types\/page"}],"author":[{"embeddable":true,"href":"https:\/\/egypt-tourist-information.com\/de\/wp-json\/wp\/v2\/users\/6"}],"replies":[{"embeddable":true,"href":"https:\/\/egypt-tourist-information.com\/de\/wp-json\/wp\/v2\/comments?post=11453"}],"version-history":[{"count":10,"href":"https:\/\/egypt-tourist-information.com\/de\/wp-json\/wp\/v2\/pages\/11453\/revisions"}],"predecessor-version":[{"id":12988,"href":"https:\/\/egypt-tourist-information.com\/de\/wp-json\/wp\/v2\/pages\/11453\/revisions\/12988"}],"wp:featuredmedia":[{"embeddable":true,"href":"https:\/\/egypt-tourist-information.com\/de\/wp-json\/wp\/v2\/media\/10986"}],"wp:attachment":[{"href":"https:\/\/egypt-tourist-information.com\/de\/wp-json\/wp\/v2\/media?parent=11453"}],"wp:term":[{"taxonomy":"category","embeddable":true,"href":"https:\/\/egypt-tourist-information.com\/de\/wp-json\/wp\/v2\/categories?post=11453"},{"taxonomy":"post_tag","embeddable":true,"href":"https:\/\/egypt-tourist-information.com\/de\/wp-json\/wp\/v2\/tags?post=11453"}],"curies":[{"name":"wp","href":"https:\/\/api.w.org\/{rel}","templated":true}]}}