{"id":11456,"date":"2025-06-25T14:18:46","date_gmt":"2025-06-25T14:18:46","guid":{"rendered":"https:\/\/egypt-tourist-information.com\/abu-simbel-from-aswan"},"modified":"2026-04-24T10:05:17","modified_gmt":"2026-04-24T10:05:17","slug":"ausflug-von-assuan-nach-abu-simbel","status":"publish","type":"page","link":"https:\/\/egypt-tourist-information.com\/de\/ausflug-von-assuan-nach-abu-simbel","title":{"rendered":"Ausflug von Assuan nach Abu Simbel: Tempeltagestour mit Abholung vom Hotel"},"content":{"rendered":"<p><span><img decoding=\"async\" alt=\"\" data-id=\"9366\" width=\"\" height=\"undefined\" title=\"Von Assuan zum Abu Simbel-Tempel \u2013 Tagesausflug mit Abholung vom Hotel\" src=\"https:\/\/egypt-tourist-information.com\/wp-content\/uploads\/From-Aswan-Abu-Simbel-Temple-Day-Trip-with-Hotel-Pickup-ota.avif\" data-src=\"https:\/\/egypt-tourist-information.com\/wp-content\/uploads\/From-Aswan-Abu-Simbel-Temple-Day-Trip-with-Hotel-Pickup-ota.avif\" loading=\"lazy\" data-sizes=\"{&quot;full&quot;:{&quot;url&quot;:&quot;https:\/\/egypt-tourist-information.com\/wp-content\/uploads\/From-Aswan-Abu-Simbel-Temple-Day-Trip-with-Hotel-Pickup-ota.avif&quot;}}\"><\/span><span><img decoding=\"async\" alt=\"\" data-id=\"9365\" width=\"2311\" height=\"1300\" title=\"Von Assuan zum Abu Simbel-Tempel \u2013 Tagesausflug mit Abholung vom Hotel ota2\" src=\"https:\/\/egypt-tourist-information.com\/wp-content\/uploads\/From-Aswan-Abu-Simbel-Temple-Day-Trip-with-Hotel-Pickup-ota2-1024x576.webp\" data-src=\"https:\/\/egypt-tourist-information.com\/wp-content\/uploads\/From-Aswan-Abu-Simbel-Temple-Day-Trip-with-Hotel-Pickup-ota2-300x169.webp\" loading=\"lazy\" data-sizes=\"{&quot;thumbnail&quot;:{&quot;url&quot;:&quot;https:\/\/egypt-tourist-information.com\/wp-content\/uploads\/From-Aswan-Abu-Simbel-Temple-Day-Trip-with-Hotel-Pickup-ota2-150x150.webp&quot;,&quot;height&quot;:150,&quot;width&quot;:150,&quot;orientation&quot;:&quot;landscape&quot;},&quot;medium&quot;:{&quot;url&quot;:&quot;https:\/\/egypt-tourist-information.com\/wp-content\/uploads\/From-Aswan-Abu-Simbel-Temple-Day-Trip-with-Hotel-Pickup-ota2-300x169.webp&quot;,&quot;height&quot;:169,&quot;width&quot;:300,&quot;orientation&quot;:&quot;landscape&quot;},&quot;large&quot;:{&quot;url&quot;:&quot;https:\/\/egypt-tourist-information.com\/wp-content\/uploads\/From-Aswan-Abu-Simbel-Temple-Day-Trip-with-Hotel-Pickup-ota2-1024x576.webp&quot;,&quot;height&quot;:576,&quot;width&quot;:1024,&quot;orientation&quot;:&quot;landscape&quot;},&quot;full&quot;:{&quot;url&quot;:&quot;https:\/\/egypt-tourist-information.com\/wp-content\/uploads\/From-Aswan-Abu-Simbel-Temple-Day-Trip-with-Hotel-Pickup-ota2.webp&quot;,&quot;height&quot;:1300,&quot;width&quot;:2311,&quot;orientation&quot;:&quot;landscape&quot;},&quot;1536x1536&quot;:{&quot;url&quot;:&quot;https:\/\/egypt-tourist-information.com\/wp-content\/uploads\/From-Aswan-Abu-Simbel-Temple-Day-Trip-with-Hotel-Pickup-ota2-1536x864.webp&quot;,&quot;height&quot;:864,&quot;width&quot;:1536,&quot;orientation&quot;:&quot;landscape&quot;},&quot;2048x2048&quot;:{&quot;url&quot;:&quot;https:\/\/egypt-tourist-information.com\/wp-content\/uploads\/From-Aswan-Abu-Simbel-Temple-Day-Trip-with-Hotel-Pickup-ota2-2048x1152.webp&quot;,&quot;height&quot;:1152,&quot;width&quot;:2048,&quot;orientation&quot;:&quot;landscape&quot;}}\"><\/span><span><img decoding=\"async\" alt=\"\" data-id=\"9364\" width=\"2311\" height=\"1300\" title=\"Von Assuan zum Abu Simbel-Tempel \u2013 Tagesausflug mit Abholung vom Hotel ota3\" src=\"https:\/\/egypt-tourist-information.com\/wp-content\/uploads\/From-Aswan-Abu-Simbel-Temple-Day-Trip-with-Hotel-Pickup-ota3-1024x576.webp\" data-src=\"https:\/\/egypt-tourist-information.com\/wp-content\/uploads\/From-Aswan-Abu-Simbel-Temple-Day-Trip-with-Hotel-Pickup-ota3-300x169.webp\" loading=\"lazy\" data-sizes=\"{&quot;thumbnail&quot;:{&quot;url&quot;:&quot;https:\/\/egypt-tourist-information.com\/wp-content\/uploads\/From-Aswan-Abu-Simbel-Temple-Day-Trip-with-Hotel-Pickup-ota3-150x150.webp&quot;,&quot;height&quot;:150,&quot;width&quot;:150,&quot;orientation&quot;:&quot;landscape&quot;},&quot;medium&quot;:{&quot;url&quot;:&quot;https:\/\/egypt-tourist-information.com\/wp-content\/uploads\/From-Aswan-Abu-Simbel-Temple-Day-Trip-with-Hotel-Pickup-ota3-300x169.webp&quot;,&quot;height&quot;:169,&quot;width&quot;:300,&quot;orientation&quot;:&quot;landscape&quot;},&quot;large&quot;:{&quot;url&quot;:&quot;https:\/\/egypt-tourist-information.com\/wp-content\/uploads\/From-Aswan-Abu-Simbel-Temple-Day-Trip-with-Hotel-Pickup-ota3-1024x576.webp&quot;,&quot;height&quot;:576,&quot;width&quot;:1024,&quot;orientation&quot;:&quot;landscape&quot;},&quot;full&quot;:{&quot;url&quot;:&quot;https:\/\/egypt-tourist-information.com\/wp-content\/uploads\/From-Aswan-Abu-Simbel-Temple-Day-Trip-with-Hotel-Pickup-ota3.webp&quot;,&quot;height&quot;:1300,&quot;width&quot;:2311,&quot;orientation&quot;:&quot;landscape&quot;},&quot;1536x1536&quot;:{&quot;url&quot;:&quot;https:\/\/egypt-tourist-information.com\/wp-content\/uploads\/From-Aswan-Abu-Simbel-Temple-Day-Trip-with-Hotel-Pickup-ota3-1536x864.webp&quot;,&quot;height&quot;:864,&quot;width&quot;:1536,&quot;orientation&quot;:&quot;landscape&quot;},&quot;2048x2048&quot;:{&quot;url&quot;:&quot;https:\/\/egypt-tourist-information.com\/wp-content\/uploads\/From-Aswan-Abu-Simbel-Temple-Day-Trip-with-Hotel-Pickup-ota3-2048x1152.webp&quot;,&quot;height&quot;:1152,&quot;width&quot;:2048,&quot;orientation&quot;:&quot;landscape&quot;}}\"><\/span><span><img decoding=\"async\" alt=\"\" data-id=\"9363\" width=\"2311\" height=\"1300\" title=\"Von Assuan zum Abu Simbel-Tempel \u2013 Tagesausflug mit Abholung vom Hotel ota4\" src=\"https:\/\/egypt-tourist-information.com\/wp-content\/uploads\/From-Aswan-Abu-Simbel-Temple-Day-Trip-with-Hotel-Pickup-ota4-1024x576.webp\" data-src=\"https:\/\/egypt-tourist-information.com\/wp-content\/uploads\/From-Aswan-Abu-Simbel-Temple-Day-Trip-with-Hotel-Pickup-ota4-300x169.webp\" loading=\"lazy\" data-sizes=\"{&quot;thumbnail&quot;:{&quot;url&quot;:&quot;https:\/\/egypt-tourist-information.com\/wp-content\/uploads\/From-Aswan-Abu-Simbel-Temple-Day-Trip-with-Hotel-Pickup-ota4-150x150.webp&quot;,&quot;height&quot;:150,&quot;width&quot;:150,&quot;orientation&quot;:&quot;landscape&quot;},&quot;medium&quot;:{&quot;url&quot;:&quot;https:\/\/egypt-tourist-information.com\/wp-content\/uploads\/From-Aswan-Abu-Simbel-Temple-Day-Trip-with-Hotel-Pickup-ota4-300x169.webp&quot;,&quot;height&quot;:169,&quot;width&quot;:300,&quot;orientation&quot;:&quot;landscape&quot;},&quot;large&quot;:{&quot;url&quot;:&quot;https:\/\/egypt-tourist-information.com\/wp-content\/uploads\/From-Aswan-Abu-Simbel-Temple-Day-Trip-with-Hotel-Pickup-ota4-1024x576.webp&quot;,&quot;height&quot;:576,&quot;width&quot;:1024,&quot;orientation&quot;:&quot;landscape&quot;},&quot;full&quot;:{&quot;url&quot;:&quot;https:\/\/egypt-tourist-information.com\/wp-content\/uploads\/From-Aswan-Abu-Simbel-Temple-Day-Trip-with-Hotel-Pickup-ota4.webp&quot;,&quot;height&quot;:1300,&quot;width&quot;:2311,&quot;orientation&quot;:&quot;landscape&quot;},&quot;1536x1536&quot;:{&quot;url&quot;:&quot;https:\/\/egypt-tourist-information.com\/wp-content\/uploads\/From-Aswan-Abu-Simbel-Temple-Day-Trip-with-Hotel-Pickup-ota4-1536x864.webp&quot;,&quot;height&quot;:864,&quot;width&quot;:1536,&quot;orientation&quot;:&quot;landscape&quot;},&quot;2048x2048&quot;:{&quot;url&quot;:&quot;https:\/\/egypt-tourist-information.com\/wp-content\/uploads\/From-Aswan-Abu-Simbel-Temple-Day-Trip-with-Hotel-Pickup-ota4-2048x1152.webp&quot;,&quot;height&quot;:1152,&quot;width&quot;:2048,&quot;orientation&quot;:&quot;landscape&quot;}}\"><\/span><\/p>\n<h1 data-v-d2d367d0=\"\"><span data-v-d2d367d0=\"\">Von Assuan aus: Abu Simbel Tempel Tagestour mit Abholung vom Hotel<\/span><\/h1>\n<h2><a href=\"https:\/\/www.getyourguide.com\/aswan-l543\/from-aswan-abu-simbel-temple-day-trip-with-hotel-pickup-t431588\/?partner_id=NO9XIDE&amp;utm_medium=online_publisher&amp;cmp=ETIDeAbuSimbelDayTripSP\" target=\"_blank\" rel=\"nofollow noopener\" style=\"outline: none;\">Zur Buchung<\/a><\/h2>\n<h1><a href=\"https:\/\/www.getyourguide.com\/aswan-l543\/from-aswan-abu-simbel-temple-day-trip-with-hotel-pickup-t431588\/?partner_id=NO9XIDE&amp;utm_medium=online_publisher&amp;cmp=ETIDeAbuSimbelDayTripSP\" target=\"_blank\" rel=\"nofollow noopener\" style=\"outline: none;\"><span style=\"font-weight: normal;\">Ab&nbsp;<\/span>60 \u20ac<\/a><strong><\/strong><\/h1>\n<p dir=\"ltr\">Verpassen Sie nicht diesen Ausflug von Assuan nach Abu Simbel, einer der&nbsp;<strong>ber\u00fchmtesten UNESCO-St\u00e4tten \u00c4gyptens.<\/strong> Reisen Sie bequem, erkunden Sie in Ihrem Tempo und bestaunen Sie antike Wunder.<\/p>\n<ul>\n<li style=\"\"><span>Handverlesenes Ticket&nbsp;<\/span><\/li>\n<li style=\"\"><span>Jetzt reservieren &amp; sp\u00e4ter bezahlen<\/span><\/li>\n<li style=\"\"><span>Dauer: 10 Stunden<\/span><\/li>\n<li style=\"\"><span>Kostenlose Stornierung<\/span><\/li>\n<\/ul>\n<h2>Inbegriffen<\/h2>\n<ul>\n<li style=\"\">                    <span>Abholung und R\u00fccktransfer zum Hotel in Assuan<\/span><\/li>\n<li style=\"\">                    <span>Klimatisierter Gruppentransfer nach Abu Simbel<\/span><\/li>\n<li style=\"\">                    <span>Treiber<\/span><\/li>\n<li style=\"\">                    <span>Eintrittskarte zum Abu Simbel-Tempel <strong>(falls Option gew\u00e4hlt)<\/strong><\/span><\/li>\n<li style=\"\">                    <span>Englischsprachiger Reisef\u00fchrer <strong>(falls Option gew\u00e4hlt)<\/strong><\/span><\/li>\n<li style=\"\">                    <span>Abholung und R\u00fccktransport auf der Insel, in Gharb Soheil, Nagaa al-Mahatta oder Neu-Assuan&nbsp;<strong>(falls das Add-on beim Bezahlvorgang ausgew\u00e4hlt wurde)<\/strong><\/span><\/li>\n<li><span>Spanischer, deutscher oder franz\u00f6sischer Reisef\u00fchrer <strong>(falls das Add-on beim Bezahlvorgang ausgew\u00e4hlt wurde)<\/strong><\/span><\/li>\n<\/ul>\n<h2>Nicht inbegriffen<\/h2>\n<ul>\n<li style=\"\"><span>Trinkgelder und pers\u00f6nliche Ausgaben<\/span><\/li>\n<\/ul>\n<h2>Wichtige Informationen<\/h2>\n<ul>\n<li style=\"\"><span>Tourdauer: ca. 10 Stunden<\/span><\/li>\n<li><span>Nicht f\u00fcr Rollstuhlfahrer geeignet<\/span><\/li>\n<li><span>Bringen Sie Sonnencreme, Wasser, Sonnenbrille und ein Lunchpaket mit<\/span><\/li>\n<li><span>F\u00fcr pers\u00f6nliche Eink\u00e4ufe ist eine Kreditkarte oder Bargeld erforderlich<\/span><\/li>\n<li><span>Ziehen Sie sich f\u00fcr warme W\u00fcstenbedingungen bequem an<\/span><\/li>\n<\/ul>\n<h2>Beschreibung:<\/h2>\n<p dir=\"ltr\">Brechen Sie fr\u00fch von Assuan auf und reisen Sie durch die W\u00fcste Richtung S\u00fcden, um die <strong>beeindruckenden Tempel von Abu Simbel <\/strong>zu bewundern, die<strong>&nbsp;<\/strong><strong>von Ramses II.<\/strong>&nbsp;<strong>in die Klippen <\/strong><strong>gehauen<\/strong> wurden.&nbsp;Bewundern Sie die hoch aufragenden <strong>Statuen<\/strong>, die den Eingang bewachen, und die detaillierten <strong>Schnitzereien<\/strong> im Inneren, die Geschichten von uralter Macht erz\u00e4hlen.<\/p>\n<p dir=\"ltr\">Genie\u00dfen Sie Ihre freie Zeit, um dieses UNESCO-Weltkulturerbe <strong>in Ihrem eigenen Tempo zu erkunden oder nehmen Sie an einer gef\u00fchrten Tour teil,<\/strong> um tiefere Einblicke zu erhalten. Nach einem unvergesslichen Erlebnis kehren Sie bequem im klimatisierten Fahrzeug nach Assuan zur\u00fcck.<\/p>\n<h2>Highlights:<\/h2>\n<ul>\n<li dir=\"ltr\">Besuchen Sie das <strong>atemberaubende Abu Simbel,<\/strong> einen der wertvollsten Tempel \u00c4gyptens<\/li>\n<li dir=\"ltr\">Reisen Sie bequem im <strong>klimatisierten Bus<\/strong> von Assuan<\/li>\n<li dir=\"ltr\">Sehen Sie die <strong>kolossalen Statuen von Ramses II.<\/strong> aus n\u00e4chster N\u00e4he<\/li>\n<li dir=\"ltr\">Erfahren Sie mehr \u00fcber die Geschichte des Tempels mit <strong>einem mehrsprachigen Reisef\u00fchrer<\/strong> (falls Option ausgew\u00e4hlt)<\/li>\n<li dir=\"ltr\"><strong>Problemlose Abholung<\/strong>&nbsp;und R\u00fccktransport zu Ihrem Hotel<\/li>\n<li dir=\"ltr\">Ideal f\u00fcr Reisende, die Kultur, Geschichte und ikonische Fotomomente suchen<\/li>\n<li dir=\"ltr\">Erkunden Sie ein UNESCO-Weltkulturerbe, <strong>das in den Fels gehauen ist<\/strong><\/li>\n<\/ul>\n<h2>Stornierungsbedingungen<\/h2>\n<p dir=\"ltr\">Kostenlose Stornierung bis zu 24 Stunden im Voraus mit voller R\u00fcckerstattung m\u00f6glich.<\/p>\n<h2>Treffpunkt &amp; Anweisungen<\/h2>\n<p dir=\"ltr\">Sie werden direkt von Ihrem Hotel oder Ihrer Unterkunft in Assuan abgeholt. Bitte warten Sie 15 Minuten vor Ihrer geplanten Abholzeit in der Lobby.<\/p>\n<p dir=\"ltr\">Wenn sich Ihr Hotel in Gharb Soheil, Nagaa al-Mahatta, Neu-Assuan oder auf einer Insel befindet, w\u00e4hlen Sie beim Bezahlvorgang bitte unbedingt das entsprechende Abhol-Add-on aus.<\/p>\n<p><a href=\"https:\/\/www.getyourguide.com\/aswan-l543\/from-aswan-abu-simbel-temple-day-trip-with-hotel-pickup-t431588\/?partner_id=NO9XIDE&amp;utm_medium=online_publisher&amp;cmp=ETIDeAbuSimbelDayTripSP\" rel=\"nofollow noopener\" spellcheck=\"false\" target=\"_blank\" style=\"outline: none;\">Abholbereiche anzeigen<\/a><\/p>\n<h2>Bewertungen<\/h2>\n<p><strong>4.4\/5 (3060+ Bewertungen)<\/strong><\/p>\n<p dir=\"ltr\"><em>,,<\/em>Es war eine tolle und gut organisierte Reise. Die Reiseleiterin Mina Hany war sehr hilfsbereit und alles in allem war es eine sch\u00f6ne Erfahrung. Abu Simbel ist atemberaubend. W\u00fcrde es wieder tun!<em>&#8220;&nbsp;<\/em> &#8211; Julia, Mai 2025 &gt;&gt; <a href=\"https:\/\/www.getyourguide.com\/aswan-l543\/from-aswan-abu-simbel-temple-day-trip-with-hotel-pickup-t431588\/?partner_id=NO9XIDE&amp;utm_medium=online_publisher&amp;cmp=ETIDeAbuSimbelDayTripSP\" target=\"_blank\" rel=\"nofollow noopener\" style=\"outline: none;\" spellcheck=\"false\">Weitere Bewertungen&#8230;<\/a><\/p>\n<h2>Einige Aktivit\u00e4ten, die Ihnen gefallen k\u00f6nnten<\/h2>\n<p><span># <\/span><strong><span>2<\/span><\/strong><span># <\/span><strong><span>2<\/span><\/strong><span><img decoding=\"async\" alt=\"\" data-id=\"9368\" width=\"159\" data-init-width=\"2308\" height=\"90\" data-init-height=\"1300\" title=\"Luxor-Abu Simbel-Tempel: Privater gef\u00fchrter Tagesausflug mit Mittagessen\" loading=\"lazy\" src=\"https:\/\/egypt-tourist-information.com\/wp-content\/uploads\/Luxor-Abu-Simbel-Temple-Private-Guided-Day-Trip-with-Lunch-ota.webp\" data-width=\"159\" data-height=\"90\" style=\"aspect-ratio: auto 2308 \/ 1300;\"><\/span><\/p>\n<table>\n<tbody>\n<tr>\n<td><a href=\"https:\/\/www.getyourguide.com\/luxor-l109\/from-luxor-private-day-trip-to-abu-simbel-temple-with-guide-t447601\/?partner_id=NO9XIDE&amp;utm_medium=online_publisher&amp;cmp=ETIDeAbuSimbelDayTripSP2\" target=\"_blank\" rel=\"nofollow noopener\" style=\"outline: none;\" data-lt-tmp-id=\"lt-53974\" spellcheck=\"false\">Luxor: Abu Simbel Tempel Privater gef\u00fchrter Tagesausflug mit Mittagessen<\/a><\/td>\n<\/tr>\n<\/tbody>\n<\/table>\n<p>Unternehmen Sie von Luxor aus einen privaten gef\u00fchrten Tagesausflug zum beeindruckenden Tempel von Abu Simbel und bestaunen Sie seine monumentale antike Architektur, inklusive eines k\u00f6stlichen Mittagessens.<\/p>\n<h3 style=\"\">Gesamtpreis<\/h3>\n<h3 style=\"\">Ihr Konto wird noch nicht belastet.<\/h3>\n<p><span># <\/span><strong><span>2<\/span><\/strong><span># <\/span><strong><span>2<\/span><\/strong><span><img decoding=\"async\" alt=\"\" data-id=\"9369\" width=\"159\" data-init-width=\"1598\" height=\"106\" data-init-height=\"999\" title=\"Von Assuan - 4-t\u00e4gige Nilkreuzfahrt von Assuan nach Luxor mit Reiseleiter\" loading=\"lazy\" src=\"https:\/\/egypt-tourist-information.com\/wp-content\/uploads\/From-Aswan-4-Day-Nile-Cruise-from-Aswan-to-Luxor-with-Guide-ota.avif\" data-width=\"159\" data-height=\"106\" style=\"aspect-ratio: auto 1598 \/ 999;\"><\/span><\/p>\n<table>\n<tbody>\n<tr>\n<td><a href=\"https:\/\/www.getyourguide.com\/aswan-l543\/from-aswan-4-day-3-night-nile-cruise-to-luxor-t528020\/?partner_id=NO9XIDE&amp;utm_medium=online_publisher&amp;cmp=ETIDeAbuSimbelDayTripSP3\" rel=\"nofollow noopener\" spellcheck=\"false\" target=\"_blank\" style=\"outline: none;\">Ab Assuan: 4-t\u00e4gige Nilkreuzfahrt von Assuan nach Luxor mit Reisef\u00fchrer<\/a><\/td>\n<\/tr>\n<\/tbody>\n<\/table>\n<p>Begeben Sie sich auf eine unvergessliche&nbsp;<strong>viert\u00e4gige Nilkreuzfahrt von Assuan nach Luxor und<\/strong> erkunden Sie mit einem erfahrenen Reiseleiter antike Wunder und ber\u00fchmte Tempel entlang des legend\u00e4ren Flusses.<\/p>\n<h3 style=\"\">Gesamtpreis<\/h3>\n<h3 style=\"\">Ihr Konto wird noch nicht belastet.<\/h3>\n<p><span># <\/span><strong><span>2<\/span><\/strong><span><img decoding=\"async\" alt=\"\" data-id=\"9372\" width=\"159\" data-init-width=\"2560\" height=\"80\" data-init-height=\"1280\" title=\"Von Assuan aus: Private F\u00fchrung durch den Philae-Tempel mit Eintritt\" loading=\"lazy\" src=\"https:\/\/egypt-tourist-information.com\/wp-content\/uploads\/From-Aswan-Private-Guided-Tour-of-Philae-Temple-with-Entry-ota-scaled.webp\" data-width=\"159\" data-height=\"80\" style=\"aspect-ratio: auto 2560 \/ 1280;\"><\/span><\/p>\n<table>\n<tbody>\n<tr>\n<td><a href=\"https:\/\/www.getyourguide.com\/aswan-l543\/from-aswan-private-tour-to-philae-temple-with-a-guide-t454212\/?partner_id=NO9XIDE&amp;utm_medium=online_publisher&amp;cmp=ETIDeAbuSimbelDayTripSP4\" rel=\"nofollow noopener\" spellcheck=\"false\" target=\"_blank\" style=\"outline: none;\">Von Assuan aus: Private F\u00fchrung durch den Philae-Tempel mit Eintritt<\/a><\/td>\n<\/tr>\n<\/tbody>\n<\/table>\n<p>Entdecken Sie die ruhige Sch\u00f6nheit des Philae-Tempels auf einer privaten F\u00fchrung ab Assuan, einschlie\u00dflich Eintritt zu diesem herrlichen antiken Inselheiligtum.<\/p>\n<h3 style=\"\">Gesamtpreis<\/h3>\n<h3 style=\"\">Ihr Konto wird noch nicht belastet.<\/h3>\n<p><\/p>\n<h2><a href=\"https:\/\/www.getyourguide.com\/aswan-l543\/from-aswan-abu-simbel-temple-day-trip-with-hotel-pickup-t431588\/?partner_id=NO9XIDE&amp;utm_medium=online_publisher&amp;cmp=ETIDeAbuSimbelDayTripSP\" target=\"_blank\" rel=\"nofollow noopener\" style=\"outline: none;\" spellcheck=\"false\">Zur Buchung<\/a><span style=\"font-weight: normal;\"><\/span><\/h2>\n<p><strong style=\"outline: currentcolor;\"><a href=\"https:\/\/www.getyourguide.com\/aswan-l543\/from-aswan-abu-simbel-temple-day-trip-with-hotel-pickup-t431588\/?partner_id=NO9XIDE&amp;utm_medium=online_publisher&amp;cmp=ETIDeAbuSimbelDayTripSP\" target=\"_blank\" rel=\"nofollow noopener\" spellcheck=\"false\" style=\"outline: none;\"><span style=\"font-weight: normal;\">Ab&nbsp;<\/span>60 \u20ac<\/a><\/strong><\/p>\n<p style=\"\">Ihr Konto wird noch nicht belastet.<\/p>\n","protected":false},"excerpt":{"rendered":"<p>Von Assuan aus: Abu Simbel Tempel Tagestour mit Abholung vom Hotel Zur Buchung Ab&nbsp;60 \u20ac Verpassen Sie nicht diesen Ausflug von Assuan nach Abu Simbel, einer der&nbsp;ber\u00fchmtesten UNESCO-St\u00e4tten \u00c4gyptens. Reisen Sie bequem, erkunden Sie in Ihrem Tempo und bestaunen Sie antike Wunder. Handverlesenes Ticket&nbsp; Jetzt reservieren &amp; sp\u00e4ter bezahlen Dauer: 10 Stunden Kostenlose Stornierung Inbegriffen [&hellip;]<\/p>\n","protected":false},"author":6,"featured_media":10961,"parent":0,"menu_order":0,"comment_status":"closed","ping_status":"closed","template":"","meta":{"_acf_changed":false,"footnotes":"","tve_updated_post":"","tve_custom_css":"","tve_user_custom_css":"","tve_globals":{},"tcb2_ready":1,"tcb_editor_enabled":1,"tve_landing_page":"bd86f3fc67210fed5b2794ad4a56d3a9","_tve_header":"10865","_tve_footer":"10866"},"categories":[112,79],"tags":[119,120,129],"class_list":["post-11456","page","type-page","status-publish","has-post-thumbnail","hentry","category-assuan","category-aswan","tag-assuan","tag-tagesausfluge","tag-verkaufsseite","post-wrapper","thrv_wrapper"],"acf":[],"_links":{"self":[{"href":"https:\/\/egypt-tourist-information.com\/de\/wp-json\/wp\/v2\/pages\/11456","targetHints":{"allow":["GET"]}}],"collection":[{"href":"https:\/\/egypt-tourist-information.com\/de\/wp-json\/wp\/v2\/pages"}],"about":[{"href":"https:\/\/egypt-tourist-information.com\/de\/wp-json\/wp\/v2\/types\/page"}],"author":[{"embeddable":true,"href":"https:\/\/egypt-tourist-information.com\/de\/wp-json\/wp\/v2\/users\/6"}],"replies":[{"embeddable":true,"href":"https:\/\/egypt-tourist-information.com\/de\/wp-json\/wp\/v2\/comments?post=11456"}],"version-history":[{"count":13,"href":"https:\/\/egypt-tourist-information.com\/de\/wp-json\/wp\/v2\/pages\/11456\/revisions"}],"predecessor-version":[{"id":13729,"href":"https:\/\/egypt-tourist-information.com\/de\/wp-json\/wp\/v2\/pages\/11456\/revisions\/13729"}],"wp:featuredmedia":[{"embeddable":true,"href":"https:\/\/egypt-tourist-information.com\/de\/wp-json\/wp\/v2\/media\/10961"}],"wp:attachment":[{"href":"https:\/\/egypt-tourist-information.com\/de\/wp-json\/wp\/v2\/media?parent=11456"}],"wp:term":[{"taxonomy":"category","embeddable":true,"href":"https:\/\/egypt-tourist-information.com\/de\/wp-json\/wp\/v2\/categories?post=11456"},{"taxonomy":"post_tag","embeddable":true,"href":"https:\/\/egypt-tourist-information.com\/de\/wp-json\/wp\/v2\/tags?post=11456"}],"curies":[{"name":"wp","href":"https:\/\/api.w.org\/{rel}","templated":true}]}}