{"id":11462,"date":"2025-06-19T11:23:04","date_gmt":"2025-06-19T11:23:04","guid":{"rendered":"https:\/\/egypt-tourist-information.com\/cairo-citadel-of-salahdin-ticket"},"modified":"2025-09-11T14:00:57","modified_gmt":"2025-09-11T14:00:57","slug":"tickets-fur-zitadelle-von-saladin","status":"publish","type":"page","link":"https:\/\/egypt-tourist-information.com\/de\/tickets-fur-zitadelle-von-saladin","title":{"rendered":"Kairo: Tickets f\u00fcr Zitadelle von Saladin &amp; Mohamed Ali Moschee"},"content":{"rendered":"<p><span><img decoding=\"async\" alt=\"\" data-id=\"8926\" width=\"1674\" height=\"996\" title=\"Kairoer Zitadelle von Salahdin und Mohamed-Ali-Moschee QR-Ticket ota\" src=\"https:\/\/egypt-tourist-information.com\/wp-content\/uploads\/Cairo-Citadel-of-Salahdin-Mohamed-Ali-Mosque-QR-Ticket-ota-1024x609.png\" data-src=\"https:\/\/egypt-tourist-information.com\/wp-content\/uploads\/Cairo-Citadel-of-Salahdin-Mohamed-Ali-Mosque-QR-Ticket-ota-300x178.png\" loading=\"lazy\" data-sizes=\"{&quot;thumbnail&quot;:{&quot;url&quot;:&quot;https:\/\/egypt-tourist-information.com\/wp-content\/uploads\/Cairo-Citadel-of-Salahdin-Mohamed-Ali-Mosque-QR-Ticket-ota-150x150.png&quot;,&quot;height&quot;:150,&quot;width&quot;:150,&quot;orientation&quot;:&quot;landscape&quot;},&quot;medium&quot;:{&quot;url&quot;:&quot;https:\/\/egypt-tourist-information.com\/wp-content\/uploads\/Cairo-Citadel-of-Salahdin-Mohamed-Ali-Mosque-QR-Ticket-ota-300x178.png&quot;,&quot;height&quot;:178,&quot;width&quot;:300,&quot;orientation&quot;:&quot;landscape&quot;},&quot;large&quot;:{&quot;url&quot;:&quot;https:\/\/egypt-tourist-information.com\/wp-content\/uploads\/Cairo-Citadel-of-Salahdin-Mohamed-Ali-Mosque-QR-Ticket-ota-1024x609.png&quot;,&quot;height&quot;:609,&quot;width&quot;:1024,&quot;orientation&quot;:&quot;landscape&quot;},&quot;full&quot;:{&quot;url&quot;:&quot;https:\/\/egypt-tourist-information.com\/wp-content\/uploads\/Cairo-Citadel-of-Salahdin-Mohamed-Ali-Mosque-QR-Ticket-ota.png&quot;,&quot;height&quot;:996,&quot;width&quot;:1674,&quot;orientation&quot;:&quot;landscape&quot;},&quot;1536x1536&quot;:{&quot;url&quot;:&quot;https:\/\/egypt-tourist-information.com\/wp-content\/uploads\/Cairo-Citadel-of-Salahdin-Mohamed-Ali-Mosque-QR-Ticket-ota-1536x914.png&quot;,&quot;height&quot;:914,&quot;width&quot;:1536,&quot;orientation&quot;:&quot;landscape&quot;}}\"><\/span><span><img decoding=\"async\" alt=\"\" data-id=\"8925\" width=\"1510\" height=\"962\" title=\"Kairoer Zitadelle von Salahdin &amp; Mohamed-Ali-Moschee QR-Ticket ota2\" src=\"https:\/\/egypt-tourist-information.com\/wp-content\/uploads\/Cairo-Citadel-of-Salahdin-Mohamed-Ali-Mosque-QR-Ticket-ota2-1024x652.png\" data-src=\"https:\/\/egypt-tourist-information.com\/wp-content\/uploads\/Cairo-Citadel-of-Salahdin-Mohamed-Ali-Mosque-QR-Ticket-ota2-300x191.png\" loading=\"lazy\" data-sizes=\"{&quot;thumbnail&quot;:{&quot;url&quot;:&quot;https:\/\/egypt-tourist-information.com\/wp-content\/uploads\/Cairo-Citadel-of-Salahdin-Mohamed-Ali-Mosque-QR-Ticket-ota2-150x150.png&quot;,&quot;height&quot;:150,&quot;width&quot;:150,&quot;orientation&quot;:&quot;landscape&quot;},&quot;medium&quot;:{&quot;url&quot;:&quot;https:\/\/egypt-tourist-information.com\/wp-content\/uploads\/Cairo-Citadel-of-Salahdin-Mohamed-Ali-Mosque-QR-Ticket-ota2-300x191.png&quot;,&quot;height&quot;:191,&quot;width&quot;:300,&quot;orientation&quot;:&quot;landscape&quot;},&quot;large&quot;:{&quot;url&quot;:&quot;https:\/\/egypt-tourist-information.com\/wp-content\/uploads\/Cairo-Citadel-of-Salahdin-Mohamed-Ali-Mosque-QR-Ticket-ota2-1024x652.png&quot;,&quot;height&quot;:652,&quot;width&quot;:1024,&quot;orientation&quot;:&quot;landscape&quot;},&quot;full&quot;:{&quot;url&quot;:&quot;https:\/\/egypt-tourist-information.com\/wp-content\/uploads\/Cairo-Citadel-of-Salahdin-Mohamed-Ali-Mosque-QR-Ticket-ota2.png&quot;,&quot;height&quot;:962,&quot;width&quot;:1510,&quot;orientation&quot;:&quot;landscape&quot;}}\"><\/span><span><img decoding=\"async\" alt=\"\" data-id=\"8924\" width=\"1570\" height=\"1030\" title=\"Kairoer Zitadelle von Salahdin &amp; Mohamed-Ali-Moschee QR-Ticket ota3\" src=\"https:\/\/egypt-tourist-information.com\/wp-content\/uploads\/Cairo-Citadel-of-Salahdin-Mohamed-Ali-Mosque-QR-Ticket-ota3-1024x672.png\" data-src=\"https:\/\/egypt-tourist-information.com\/wp-content\/uploads\/Cairo-Citadel-of-Salahdin-Mohamed-Ali-Mosque-QR-Ticket-ota3-300x197.png\" loading=\"lazy\" data-sizes=\"{&quot;thumbnail&quot;:{&quot;url&quot;:&quot;https:\/\/egypt-tourist-information.com\/wp-content\/uploads\/Cairo-Citadel-of-Salahdin-Mohamed-Ali-Mosque-QR-Ticket-ota3-150x150.png&quot;,&quot;height&quot;:150,&quot;width&quot;:150,&quot;orientation&quot;:&quot;landscape&quot;},&quot;medium&quot;:{&quot;url&quot;:&quot;https:\/\/egypt-tourist-information.com\/wp-content\/uploads\/Cairo-Citadel-of-Salahdin-Mohamed-Ali-Mosque-QR-Ticket-ota3-300x197.png&quot;,&quot;height&quot;:197,&quot;width&quot;:300,&quot;orientation&quot;:&quot;landscape&quot;},&quot;large&quot;:{&quot;url&quot;:&quot;https:\/\/egypt-tourist-information.com\/wp-content\/uploads\/Cairo-Citadel-of-Salahdin-Mohamed-Ali-Mosque-QR-Ticket-ota3-1024x672.png&quot;,&quot;height&quot;:672,&quot;width&quot;:1024,&quot;orientation&quot;:&quot;landscape&quot;},&quot;full&quot;:{&quot;url&quot;:&quot;https:\/\/egypt-tourist-information.com\/wp-content\/uploads\/Cairo-Citadel-of-Salahdin-Mohamed-Ali-Mosque-QR-Ticket-ota3.png&quot;,&quot;height&quot;:1030,&quot;width&quot;:1570,&quot;orientation&quot;:&quot;landscape&quot;},&quot;1536x1536&quot;:{&quot;url&quot;:&quot;https:\/\/egypt-tourist-information.com\/wp-content\/uploads\/Cairo-Citadel-of-Salahdin-Mohamed-Ali-Mosque-QR-Ticket-ota3-1536x1008.png&quot;,&quot;height&quot;:1008,&quot;width&quot;:1536,&quot;orientation&quot;:&quot;landscape&quot;}}\"><\/span><span><img decoding=\"async\" alt=\"\" data-id=\"8923\" width=\"1700\" height=\"1036\" title=\"Kairoer Zitadelle von Salahdin &amp; Mohamed-Ali-Moschee QR-Ticket ota4\" src=\"https:\/\/egypt-tourist-information.com\/wp-content\/uploads\/Cairo-Citadel-of-Salahdin-Mohamed-Ali-Mosque-QR-Ticket-ota4-1024x624.png\" data-src=\"https:\/\/egypt-tourist-information.com\/wp-content\/uploads\/Cairo-Citadel-of-Salahdin-Mohamed-Ali-Mosque-QR-Ticket-ota4-300x183.png\" loading=\"lazy\" data-sizes=\"{&quot;thumbnail&quot;:{&quot;url&quot;:&quot;https:\/\/egypt-tourist-information.com\/wp-content\/uploads\/Cairo-Citadel-of-Salahdin-Mohamed-Ali-Mosque-QR-Ticket-ota4-150x150.png&quot;,&quot;height&quot;:150,&quot;width&quot;:150,&quot;orientation&quot;:&quot;landscape&quot;},&quot;medium&quot;:{&quot;url&quot;:&quot;https:\/\/egypt-tourist-information.com\/wp-content\/uploads\/Cairo-Citadel-of-Salahdin-Mohamed-Ali-Mosque-QR-Ticket-ota4-300x183.png&quot;,&quot;height&quot;:183,&quot;width&quot;:300,&quot;orientation&quot;:&quot;landscape&quot;},&quot;large&quot;:{&quot;url&quot;:&quot;https:\/\/egypt-tourist-information.com\/wp-content\/uploads\/Cairo-Citadel-of-Salahdin-Mohamed-Ali-Mosque-QR-Ticket-ota4-1024x624.png&quot;,&quot;height&quot;:624,&quot;width&quot;:1024,&quot;orientation&quot;:&quot;landscape&quot;},&quot;full&quot;:{&quot;url&quot;:&quot;https:\/\/egypt-tourist-information.com\/wp-content\/uploads\/Cairo-Citadel-of-Salahdin-Mohamed-Ali-Mosque-QR-Ticket-ota4.png&quot;,&quot;height&quot;:1036,&quot;width&quot;:1700,&quot;orientation&quot;:&quot;landscape&quot;},&quot;1536x1536&quot;:{&quot;url&quot;:&quot;https:\/\/egypt-tourist-information.com\/wp-content\/uploads\/Cairo-Citadel-of-Salahdin-Mohamed-Ali-Mosque-QR-Ticket-ota4-1536x936.png&quot;,&quot;height&quot;:936,&quot;width&quot;:1536,&quot;orientation&quot;:&quot;landscape&quot;}}\"><\/span><\/p>\n<h1 data-v-d2d367d0=\"\"><span data-v-d2d367d0=\"\">Kairo: Zitadelle von Salahdin &amp; Mohamed Ali Moschee QR Ticket<\/span><\/h1>\n<h2><a href=\"https:\/\/www.getyourguide.com\/cairo-l92\/cairo-citadel-of-salahdin-mohamed-ali-mosque-qr-ticket-t690891\/?partner_id=NO9XIDE&amp;utm_medium=online_publisher&amp;cmp=ETIDeCitadelofSalahdinSP\" target=\"_blank\" rel=\"nofollow noopener\" style=\"outline: none;\">Zur Buchung<\/a><\/h2>\n<h1><a href=\"https:\/\/www.getyourguide.com\/cairo-l92\/cairo-citadel-of-salahdin-mohamed-ali-mosque-qr-ticket-t690891\/?partner_id=NO9XIDE&amp;utm_medium=online_publisher&amp;cmp=ETIDeCitadelofSalahdinSP\" target=\"_blank\" rel=\"nofollow noopener\" style=\"outline: none;\" spellcheck=\"false\"><span style=\"font-weight: normal;\">Ab&nbsp;<\/span><strong>16,00 \u20ac<\/strong><\/a><strong><\/strong><\/h1>\n<p dir=\"ltr\">Entdecken Sie Kairos ber\u00fchmtestes islamisches Wahrzeichen mit diesem Ticket f\u00fcr die Zitadelle von Saladin und der Mohamed-Ali-Moschee. Entdecken Sie Jahrhunderte alte Geschichte, beeindruckende Architektur und einen Panoramablick auf die Stadt.<\/p>\n<ul>\n<li style=\"\"><span>Handverlesenes Ticket&nbsp;<\/span><\/li>\n<li style=\"\"><span>Jetzt reservieren, sp\u00e4ter bezahlen<\/span><\/li>\n<li style=\"\"><span>Schnelleinlass<\/span><\/li>\n<\/ul>\n<h2>Was ist enthalten<\/h2>\n<ul>\n<li style=\"\">                    <span>Eintrittskarte<\/span><\/li>\n<\/ul>\n<h2>Nicht im Ticket enthalten<\/h2>\n<ul>\n<li style=\"\"><span>F\u00fchrung<\/span><\/li>\n<li style=\"\"><span>Speisen und Getr\u00e4nke<\/span><\/li>\n<li style=\"\"><span>Tipps<\/span><\/li>\n<\/ul>\n<h2>Wichtige Informationen<\/h2>\n<ul>\n<li style=\"\"><span>Wichtig: Sie erhalten das offizielle QR-Ticket des Tourismusministeriums einen Tag vor Ihrem Besuch per E-Mail<\/span><\/li>\n<li><span>Buchungen am selben Tag werden schnellstm\u00f6glich bearbeitet<\/span><\/li>\n<li><span>Der Weiterverkauf oder die Vervielf\u00e4ltigung des Tickets ist verboten und strafbar<\/span><\/li>\n<li><span>G\u00fcltiger Personalausweis oder Reisepass f\u00fcr die Einreise erforderlich<\/span><\/li>\n<li><span>Achten Sie darauf, das richtige Besuchsdatum auszuw\u00e4hlen, bevor Sie Ihren Kauf abschlie\u00dfen, da Tickets nicht erstattungsf\u00e4hig sind.<\/span><\/li>\n<\/ul>\n<h2>Beschreibung:<\/h2>\n<p dir=\"ltr\"><strong>Erkunden Sie mit diesem Ticket f\u00fcr die Zitadelle von Saladin<\/strong>&nbsp;eines der majest\u00e4tischsten Wahrzeichen Kairos. Wandern Sie durch hoch aufragende Steinmauern und entdecken Sie Jahrhunderte milit\u00e4rischer und religi\u00f6ser Geschichte, darunter die pr\u00e4chtige <strong>Mohamed-Ali-Moschee<\/strong> mit ihren markanten Kuppeln im osmanischen Stil.<\/p>\n<p dir=\"ltr\">Bewundern Sie den atemberaubenden <strong>Blick auf die Stadt von den Muqattam-Bergen<\/strong>&nbsp;und besuchen Sie Museen, die \u00c4gyptens k\u00f6nigliche und milit\u00e4rische Vergangenheit dokumentieren.&nbsp;<\/p>\n<h2>Highlights:<\/h2>\n<ul>\n<li dir=\"ltr\">Besuchen Sie die Mohamed-Ali-Moschee, ein osmanisches Meisterwerk<\/li>\n<li dir=\"ltr\">Genie\u00dfen Sie von der Zitadelle aus einen atemberaubenden Panoramablick auf Kairo<\/li>\n<li dir=\"ltr\">Entdecken Sie das \u00e4gyptische Erbe in den Milit\u00e4r-, Polizei- und Palastmuseen<\/li>\n<li dir=\"ltr\">Erkunden Sie eine zum UNESCO-Weltkulturerbe geh\u00f6rende Festung, die 1176 n. Chr. von Saladin erbaut wurde<\/li>\n<\/ul>\n<h2 data-v-2e504803=\"\">Zitadelle von Saladin<\/h2>\n<p dir=\"ltr\">Al Abageyah, El Khalifa, Cairo Governorate 4252360, \u00c4gypten<\/p>\n<h2>Stornierungsbedingungen<\/h2>\n<p dir=\"ltr\">Stornierung bis zu 24 Stunden vor Beginn mit vollst\u00e4ndiger R\u00fcckerstattung.<\/p>\n<h2>Treffpunkt &amp; Anweisungen<\/h2>\n<p ltr\"\"=\"\">Sie erhalten vom Anbieter vor Ort einen separaten QR-Code per E-Mail. Dieses QR-Ticket ist f\u00fcr den Zutritt erforderlich.<\/p>\n<p>Zeigen Sie Ihren vom Ministerium genehmigten QR-Code am Haupteingang der Zitadelle vor.<\/p>\n<p><a href=\"https:\/\/www.google.com\/maps\/place\/Zitadelle+von+Saladin\/@30.0287457,31.2571395,804m\/data=!3m2!1e3!4b1!4m6!3m5!1s0x145840ac90c2ed63:0x2fdb96e4e9f72e6f!8m2!3d30.0287457!4d31.2597144!16zL20vMDg0ZjZx?entry=ttu&amp;g_ep=EgoyMDI1MDkwOC4wIKXMDSoASAFQAw%3D%3D\" target=\"_blank\" rel=\"nofollow noopener\" style=\"outline: none;\">Mit Maps \u00f6ffnen<\/a><\/p>\n<h2>Bewertungen und Bewertung<\/h2>\n<p><strong>4.5\/ 5&nbsp; <\/strong><strong>(39 Bewertungen)<\/strong><\/p>\n<p dir=\"ltr\">\u201esehr sch\u00f6n\u201c \u2013 GetYourGuide-Reisender, Juni 2025 <a href=\"https:\/\/www.getyourguide.com\/cairo-l92\/cairo-citadel-of-salahdin-mohamed-ali-mosque-qr-ticket-t690891\/?partner_id=NO9XIDE&amp;utm_medium=online_publisher&amp;cmp=ETIDeCitadelofSalahdinSP\" target=\"_blank\" rel=\"nofollow noopener\" style=\"outline: none;\" spellcheck=\"false\">&gt;&gt; Alle Bewertungen<\/a><\/p>\n<h2>Einige Aktivit\u00e4ten, die Ihnen gefallen k\u00f6nnten<\/h2>\n<p><span># <\/span><strong><span>2<\/span><\/strong><span># <\/span><strong><span>2<\/span><\/strong><span>#1<\/span><span><img decoding=\"async\" alt=\"\" data-id=\"8932\" width=\"159\" data-init-width=\"1600\" height=\"103\" data-init-height=\"1000\" title=\"Zitadelle von Kairo, Alt-Kairo und Khan El Khalili \u2013 Private Tour ota\" loading=\"lazy\" src=\"https:\/\/egypt-tourist-information.com\/wp-content\/uploads\/Cairo-Citadel-Old-Cairo-and-Khan-El-Khalili-Private-Tour-ota.avif\" data-width=\"159\" data-height=\"103\" style=\"aspect-ratio: auto 1600 \/ 1000;\"><\/span><\/p>\n<table>\n<tbody>\n<tr>\n<td><a href=\"https:\/\/www.getyourguide.com\/cairo-l92\/full-day-tour-in-cairo-citadel-old-cairo-khan-el-khalili-t12969\/?partner_id=NO9XIDE&amp;utm_medium=online_publisher&amp;cmp=ETIDeCitadelofSalahdinSP2\" rel=\"nofollow noopener\" spellcheck=\"false\" target=\"_blank\" style=\"outline: none;\">Zitadelle von Kairo, Alt-Kairo und Khan El Khalili: Private Tour<\/a><\/td>\n<\/tr>\n<\/tbody>\n<\/table>\n<p><strong>Tauchen Sie auf einer privaten Tour<\/strong> in die reiche Geschichte und lebendige Kultur Kairos ein und erkunden Sie die majest\u00e4tische Zitadelle, die antiken Wunder der Altstadt von Kairo und den gesch\u00e4ftigen <strong>Khan El Khalili-<\/strong> Basar.<\/p>\n<h3 style=\"\">Gesamtpreis<\/h3>\n<h3 style=\"\">Ihnen wird noch nichts berechnet<\/h3>\n<p><span># <\/span><strong><span>2<\/span><\/strong><span><img decoding=\"async\" alt=\"\" data-id=\"8829\" width=\"159\" data-init-width=\"720\" height=\"106\" data-init-height=\"480\" title=\"Kairo: Private Tour zu den Pyramiden und der Gro\u00dfen Sphinx mit Kamelritt\" loading=\"lazy\" src=\"https:\/\/egypt-tourist-information.com\/wp-content\/uploads\/Cairo-Pyramids-Great-Sphinx-Private-Tour-with-Camel-Ride-ota.avif\" data-width=\"159\" data-height=\"106\" style=\"aspect-ratio: auto 720 \/ 480;\"><\/span><\/p>\n<table>\n<tbody>\n<tr>\n<td><a href=\"https:\/\/www.getyourguide.com\/cairo-l92\/cairo-pyramids-great-sphinx-private-tour-with-camel-ride-t459032\/?partner_id=NO9XIDE&amp;utm_medium=online_publisher&amp;cmp=ETIDeCitadelofSalahdinSP3\" target=\"_blank\" rel=\"nofollow noopener\" style=\"outline: none;\" spellcheck=\"false\">Kairo: Pyramiden &amp; Gro\u00dfe Sphinx &#8211; Private Tour mit Kamelritt<\/a><\/td>\n<\/tr>\n<\/tbody>\n<\/table>\n<p>Erkunden Sie die antiken Wunder \u00c4gyptens auf einer 4-st\u00fcndigen Privattour zu den Pyramiden von Gizeh und der Sphinx, inklusive eines unvergesslichen Kamelritts.<\/p>\n<h3 style=\"\">Gesamtpreis<\/h3>\n<h3 style=\"\">Ihnen wird noch nichts berechnet<\/h3>\n<p><span># <\/span><strong><span>2<\/span><\/strong><span><img decoding=\"async\" alt=\"\" data-id=\"8929\" width=\"159\" data-init-width=\"2333\" height=\"114\" data-init-height=\"1556\" title=\"Von Kairo aus: Dinner-Kreuzfahrt auf dem Nil mit Live-Unterhaltung\" loading=\"lazy\" src=\"https:\/\/egypt-tourist-information.com\/wp-content\/uploads\/From-Cairo-Nile-River-Dinner-Cruise-with-Live-Entertainment-ota.avif\" data-width=\"159\" data-height=\"114\" style=\"aspect-ratio: auto 2333 \/ 1556;\"><\/span><\/p>\n<table>\n<tbody>\n<tr>\n<td><a href=\"https:\/\/www.getyourguide.com\/cairo-l92\/from-cairodinner-cruise-on-the-nile-river-with-entertainmet-t474376\/?partner_id=NO9XIDE&amp;utm_medium=online_publisher&amp;cmp=ETIDeCitadelofSalahdinSP4\" rel=\"nofollow noopener\" spellcheck=\"false\" target=\"_blank\" style=\"outline: none;\">Ab Kairo: Dinner-Kreuzfahrt auf dem Nil mit Live-Unterhaltung<\/a><\/td>\n<\/tr>\n<\/tbody>\n<\/table>\n<p>Erleben Sie die Magie von Kairo bei Nacht auf einer faszinierenden Dinner-Kreuzfahrt auf dem Nil, komplett mit umwerfender Live-Unterhaltung und traditionellen Darbietungen.<\/p>\n<h3 style=\"\">Gesamtpreis<\/h3>\n<h3 style=\"\">Ihnen wird noch nichts berechnet<\/h3>\n<\/p>\n<h2><a href=\"https:\/\/www.getyourguide.com\/cairo-l92\/cairo-citadel-of-salahdin-mohamed-ali-mosque-qr-ticket-t690891\/?partner_id=NO9XIDE&amp;utm_medium=online_publisher&amp;cmp=ETIDeCitadelofSalahdinSP\" target=\"_blank\" rel=\"nofollow noopener\" style=\"outline: none;\" spellcheck=\"false\">Zur Buchung<\/a><span style=\"font-weight: normal;\"><\/span><\/h2>\n<p><strong style=\"outline: currentcolor;\"><a href=\"https:\/\/www.getyourguide.com\/cairo-l92\/cairo-citadel-of-salahdin-mohamed-ali-mosque-qr-ticket-t690891\/?partner_id=NO9XIDE&amp;utm_medium=online_publisher&amp;cmp=ETIDeCitadelofSalahdinSP\" target=\"_blank\" rel=\"nofollow noopener\" spellcheck=\"false\" style=\"outline: none;\"><span style=\"font-weight: normal;\">Ab&nbsp;<\/span>16,00 \u20ac<\/a><\/strong><\/p>\n<p style=\"\">Ihnen wird noch nichts berechnet<\/p>\n","protected":false},"excerpt":{"rendered":"<p>Kairo: Zitadelle von Salahdin &amp; Mohamed Ali Moschee QR Ticket Zur Buchung Ab&nbsp;16,00 \u20ac Entdecken Sie Kairos ber\u00fchmtestes islamisches Wahrzeichen mit diesem Ticket f\u00fcr die Zitadelle von Saladin und der Mohamed-Ali-Moschee. Entdecken Sie Jahrhunderte alte Geschichte, beeindruckende Architektur und einen Panoramablick auf die Stadt. Handverlesenes Ticket&nbsp; Jetzt reservieren, sp\u00e4ter bezahlen Schnelleinlass Was ist enthalten Eintrittskarte [&hellip;]<\/p>\n","protected":false},"author":6,"featured_media":10852,"parent":0,"menu_order":0,"comment_status":"closed","ping_status":"closed","template":"","meta":{"_acf_changed":false,"footnotes":"","tve_updated_post":"","tve_custom_css":"","tve_user_custom_css":"","tve_globals":{},"tcb2_ready":1,"tcb_editor_enabled":1,"tve_landing_page":"bd86f3fc67210fed5b2794ad4a56d3a9","_tve_header":"10865","_tve_footer":"10866"},"categories":[73,113],"tags":[128,129],"class_list":["post-11462","page","type-page","status-publish","has-post-thumbnail","hentry","category-cairo","category-kairo","tag-kairo","tag-verkaufsseite","post-wrapper","thrv_wrapper"],"acf":[],"_links":{"self":[{"href":"https:\/\/egypt-tourist-information.com\/de\/wp-json\/wp\/v2\/pages\/11462","targetHints":{"allow":["GET"]}}],"collection":[{"href":"https:\/\/egypt-tourist-information.com\/de\/wp-json\/wp\/v2\/pages"}],"about":[{"href":"https:\/\/egypt-tourist-information.com\/de\/wp-json\/wp\/v2\/types\/page"}],"author":[{"embeddable":true,"href":"https:\/\/egypt-tourist-information.com\/de\/wp-json\/wp\/v2\/users\/6"}],"replies":[{"embeddable":true,"href":"https:\/\/egypt-tourist-information.com\/de\/wp-json\/wp\/v2\/comments?post=11462"}],"version-history":[{"count":10,"href":"https:\/\/egypt-tourist-information.com\/de\/wp-json\/wp\/v2\/pages\/11462\/revisions"}],"predecessor-version":[{"id":12908,"href":"https:\/\/egypt-tourist-information.com\/de\/wp-json\/wp\/v2\/pages\/11462\/revisions\/12908"}],"wp:featuredmedia":[{"embeddable":true,"href":"https:\/\/egypt-tourist-information.com\/de\/wp-json\/wp\/v2\/media\/10852"}],"wp:attachment":[{"href":"https:\/\/egypt-tourist-information.com\/de\/wp-json\/wp\/v2\/media?parent=11462"}],"wp:term":[{"taxonomy":"category","embeddable":true,"href":"https:\/\/egypt-tourist-information.com\/de\/wp-json\/wp\/v2\/categories?post=11462"},{"taxonomy":"post_tag","embeddable":true,"href":"https:\/\/egypt-tourist-information.com\/de\/wp-json\/wp\/v2\/tags?post=11462"}],"curies":[{"name":"wp","href":"https:\/\/api.w.org\/{rel}","templated":true}]}}