{"id":11465,"date":"2025-06-18T11:36:53","date_gmt":"2025-06-18T11:36:53","guid":{"rendered":"https:\/\/egypt-tourist-information.com\/cairo-egyptian-museum-of-antiquities"},"modified":"2026-04-30T12:57:09","modified_gmt":"2026-04-30T12:57:09","slug":"tickets-fur-agyptisches-museum","status":"publish","type":"page","link":"https:\/\/egypt-tourist-information.com\/de\/tickets-fur-agyptisches-museum","title":{"rendered":"Tickets f\u00fcr \u00c4gyptisches Museum f\u00fcr Altert\u00fcmer in Kairo"},"content":{"rendered":"<p><span><img decoding=\"async\" alt=\"\" data-id=\"8865\" width=\"1588\" height=\"1064\" title=\"Online-QR-Ticket f\u00fcr das \u00c4gyptische Museum f\u00fcr Altert\u00fcmer in Kairo\" src=\"https:\/\/egypt-tourist-information.com\/wp-content\/uploads\/Cairo-Egyptian-Museum-of-Antiquities-online-QR-Ticket-ota-1024x686.png\" data-src=\"https:\/\/egypt-tourist-information.com\/wp-content\/uploads\/Cairo-Egyptian-Museum-of-Antiquities-online-QR-Ticket-ota-300x201.png\" loading=\"lazy\" data-sizes=\"{&quot;thumbnail&quot;:{&quot;url&quot;:&quot;https:\/\/egypt-tourist-information.com\/wp-content\/uploads\/Cairo-Egyptian-Museum-of-Antiquities-online-QR-Ticket-ota-150x150.png&quot;,&quot;height&quot;:150,&quot;width&quot;:150,&quot;orientation&quot;:&quot;landscape&quot;},&quot;medium&quot;:{&quot;url&quot;:&quot;https:\/\/egypt-tourist-information.com\/wp-content\/uploads\/Cairo-Egyptian-Museum-of-Antiquities-online-QR-Ticket-ota-300x201.png&quot;,&quot;height&quot;:201,&quot;width&quot;:300,&quot;orientation&quot;:&quot;landscape&quot;},&quot;large&quot;:{&quot;url&quot;:&quot;https:\/\/egypt-tourist-information.com\/wp-content\/uploads\/Cairo-Egyptian-Museum-of-Antiquities-online-QR-Ticket-ota-1024x686.png&quot;,&quot;height&quot;:686,&quot;width&quot;:1024,&quot;orientation&quot;:&quot;landscape&quot;},&quot;full&quot;:{&quot;url&quot;:&quot;https:\/\/egypt-tourist-information.com\/wp-content\/uploads\/Cairo-Egyptian-Museum-of-Antiquities-online-QR-Ticket-ota.png&quot;,&quot;height&quot;:1064,&quot;width&quot;:1588,&quot;orientation&quot;:&quot;landscape&quot;},&quot;1536x1536&quot;:{&quot;url&quot;:&quot;https:\/\/egypt-tourist-information.com\/wp-content\/uploads\/Cairo-Egyptian-Museum-of-Antiquities-online-QR-Ticket-ota-1536x1029.png&quot;,&quot;height&quot;:1029,&quot;width&quot;:1536,&quot;orientation&quot;:&quot;landscape&quot;}}\"><\/span><span><img decoding=\"async\" alt=\"\" data-id=\"8864\" width=\"1640\" height=\"1034\" title=\"Online-QR-Ticket f\u00fcr das \u00c4gyptische Museum f\u00fcr Altert\u00fcmer in Kairo ota4\" src=\"https:\/\/egypt-tourist-information.com\/wp-content\/uploads\/Cairo-Egyptian-Museum-of-Antiquities-online-QR-Ticket-ota4-1024x646.png\" data-src=\"https:\/\/egypt-tourist-information.com\/wp-content\/uploads\/Cairo-Egyptian-Museum-of-Antiquities-online-QR-Ticket-ota4-300x189.png\" loading=\"lazy\" data-sizes=\"{&quot;thumbnail&quot;:{&quot;url&quot;:&quot;https:\/\/egypt-tourist-information.com\/wp-content\/uploads\/Cairo-Egyptian-Museum-of-Antiquities-online-QR-Ticket-ota4-150x150.png&quot;,&quot;height&quot;:150,&quot;width&quot;:150,&quot;orientation&quot;:&quot;landscape&quot;},&quot;medium&quot;:{&quot;url&quot;:&quot;https:\/\/egypt-tourist-information.com\/wp-content\/uploads\/Cairo-Egyptian-Museum-of-Antiquities-online-QR-Ticket-ota4-300x189.png&quot;,&quot;height&quot;:189,&quot;width&quot;:300,&quot;orientation&quot;:&quot;landscape&quot;},&quot;large&quot;:{&quot;url&quot;:&quot;https:\/\/egypt-tourist-information.com\/wp-content\/uploads\/Cairo-Egyptian-Museum-of-Antiquities-online-QR-Ticket-ota4-1024x646.png&quot;,&quot;height&quot;:646,&quot;width&quot;:1024,&quot;orientation&quot;:&quot;landscape&quot;},&quot;full&quot;:{&quot;url&quot;:&quot;https:\/\/egypt-tourist-information.com\/wp-content\/uploads\/Cairo-Egyptian-Museum-of-Antiquities-online-QR-Ticket-ota4.png&quot;,&quot;height&quot;:1034,&quot;width&quot;:1640,&quot;orientation&quot;:&quot;landscape&quot;},&quot;1536x1536&quot;:{&quot;url&quot;:&quot;https:\/\/egypt-tourist-information.com\/wp-content\/uploads\/Cairo-Egyptian-Museum-of-Antiquities-online-QR-Ticket-ota4-1536x968.png&quot;,&quot;height&quot;:968,&quot;width&quot;:1536,&quot;orientation&quot;:&quot;landscape&quot;}}\"><\/span><span><img decoding=\"async\" alt=\"\" data-id=\"8863\" width=\"1576\" height=\"1044\" title=\"Online-QR-Ticket f\u00fcr das \u00c4gyptische Museum f\u00fcr Altert\u00fcmer in Kairo ota2\" src=\"https:\/\/egypt-tourist-information.com\/wp-content\/uploads\/Cairo-Egyptian-Museum-of-Antiquities-online-QR-Ticket-ota2-1024x678.png\" data-src=\"https:\/\/egypt-tourist-information.com\/wp-content\/uploads\/Cairo-Egyptian-Museum-of-Antiquities-online-QR-Ticket-ota2-300x199.png\" loading=\"lazy\" data-sizes=\"{&quot;thumbnail&quot;:{&quot;url&quot;:&quot;https:\/\/egypt-tourist-information.com\/wp-content\/uploads\/Cairo-Egyptian-Museum-of-Antiquities-online-QR-Ticket-ota2-150x150.png&quot;,&quot;height&quot;:150,&quot;width&quot;:150,&quot;orientation&quot;:&quot;landscape&quot;},&quot;medium&quot;:{&quot;url&quot;:&quot;https:\/\/egypt-tourist-information.com\/wp-content\/uploads\/Cairo-Egyptian-Museum-of-Antiquities-online-QR-Ticket-ota2-300x199.png&quot;,&quot;height&quot;:199,&quot;width&quot;:300,&quot;orientation&quot;:&quot;landscape&quot;},&quot;large&quot;:{&quot;url&quot;:&quot;https:\/\/egypt-tourist-information.com\/wp-content\/uploads\/Cairo-Egyptian-Museum-of-Antiquities-online-QR-Ticket-ota2-1024x678.png&quot;,&quot;height&quot;:678,&quot;width&quot;:1024,&quot;orientation&quot;:&quot;landscape&quot;},&quot;full&quot;:{&quot;url&quot;:&quot;https:\/\/egypt-tourist-information.com\/wp-content\/uploads\/Cairo-Egyptian-Museum-of-Antiquities-online-QR-Ticket-ota2.png&quot;,&quot;height&quot;:1044,&quot;width&quot;:1576,&quot;orientation&quot;:&quot;landscape&quot;},&quot;1536x1536&quot;:{&quot;url&quot;:&quot;https:\/\/egypt-tourist-information.com\/wp-content\/uploads\/Cairo-Egyptian-Museum-of-Antiquities-online-QR-Ticket-ota2-1536x1018.png&quot;,&quot;height&quot;:1018,&quot;width&quot;:1536,&quot;orientation&quot;:&quot;landscape&quot;}}\"><\/span><span><img decoding=\"async\" alt=\"\" data-id=\"8862\" width=\"1634\" height=\"1068\" title=\"Online-QR-Ticket f\u00fcr das \u00c4gyptische Museum f\u00fcr Altert\u00fcmer in Kairo ota3\" src=\"https:\/\/egypt-tourist-information.com\/wp-content\/uploads\/Cairo-Egyptian-Museum-of-Antiquities-online-QR-Ticket-ota3-1024x669.png\" data-src=\"https:\/\/egypt-tourist-information.com\/wp-content\/uploads\/Cairo-Egyptian-Museum-of-Antiquities-online-QR-Ticket-ota3-300x196.png\" loading=\"lazy\" data-sizes=\"{&quot;thumbnail&quot;:{&quot;url&quot;:&quot;https:\/\/egypt-tourist-information.com\/wp-content\/uploads\/Cairo-Egyptian-Museum-of-Antiquities-online-QR-Ticket-ota3-150x150.png&quot;,&quot;height&quot;:150,&quot;width&quot;:150,&quot;orientation&quot;:&quot;landscape&quot;},&quot;medium&quot;:{&quot;url&quot;:&quot;https:\/\/egypt-tourist-information.com\/wp-content\/uploads\/Cairo-Egyptian-Museum-of-Antiquities-online-QR-Ticket-ota3-300x196.png&quot;,&quot;height&quot;:196,&quot;width&quot;:300,&quot;orientation&quot;:&quot;landscape&quot;},&quot;large&quot;:{&quot;url&quot;:&quot;https:\/\/egypt-tourist-information.com\/wp-content\/uploads\/Cairo-Egyptian-Museum-of-Antiquities-online-QR-Ticket-ota3-1024x669.png&quot;,&quot;height&quot;:669,&quot;width&quot;:1024,&quot;orientation&quot;:&quot;landscape&quot;},&quot;full&quot;:{&quot;url&quot;:&quot;https:\/\/egypt-tourist-information.com\/wp-content\/uploads\/Cairo-Egyptian-Museum-of-Antiquities-online-QR-Ticket-ota3.png&quot;,&quot;height&quot;:1068,&quot;width&quot;:1634,&quot;orientation&quot;:&quot;landscape&quot;},&quot;1536x1536&quot;:{&quot;url&quot;:&quot;https:\/\/egypt-tourist-information.com\/wp-content\/uploads\/Cairo-Egyptian-Museum-of-Antiquities-online-QR-Ticket-ota3-1536x1004.png&quot;,&quot;height&quot;:1004,&quot;width&quot;:1536,&quot;orientation&quot;:&quot;landscape&quot;}}\"><\/span><\/p>\n<h1 data-qa-marker=\"product-name\">Schnelleinlass-Tickets f\u00fcr das \u00c4gyptische Museum f\u00fcr Altert\u00fcmer in Kairo<\/h1>\n<h2><a href=\"https:\/\/www.headout.com\/de\/agyptisches-museum-tickets\/schnelleinlass-tickets-fur-das-agyptische-museum-fur-altertumer-in-kairo-e-14015\/?affiliate_code=KXkQ69&amp;utm_campaign=etideagyptischesmuseumkairosp&amp;utm_content=link&amp;utm_medium=affiliate&amp;utm_source=most_amazing_places\" target=\"_blank\" rel=\"nofollow noopener\" style=\"outline: none;\">Zur Buchung<\/a><\/h2>\n<h1><a href=\"https:\/\/www.headout.com\/de\/agyptisches-museum-tickets\/schnelleinlass-tickets-fur-das-agyptische-museum-fur-altertumer-in-kairo-e-14015\/?affiliate_code=KXkQ69&amp;utm_campaign=etideagyptischesmuseumkairosp&amp;utm_content=link&amp;utm_medium=affiliate&amp;utm_source=most_amazing_places\" target=\"_blank\" rel=\"nofollow noopener\" style=\"outline: none;\"><strong>Ab 15&nbsp;<\/strong><span style=\"font-weight: normal;\">\u20ac<\/span><\/a><strong><\/strong><\/h1>\n<p dir=\"ltr\">Erkunden Sie&nbsp;<strong>das \u00c4gyptische Museum f\u00fcr Altert\u00fcmer in Kairo<\/strong>&nbsp;\u2013 Heimat der goldenen Sch\u00e4tze von Tutanchamun, Mumien und&nbsp;<strong>\u00fcber 120.000 Artefakte<\/strong>&nbsp;\u2013 mit einem praktischen Ticket mit Schnelleinlass.<\/p>\n<ul>\n<li style=\"\"><span>Handverlesenes Ticket&nbsp;<\/span><\/li>\n<li style=\"\"><span>Sofortige Best\u00e4tigung<\/span><\/li>\n<li style=\"\"><span>Schnelleinlass<\/span><\/li>\n<li style=\"\"><span>Nicht erstattungsf\u00e4hig<\/span><\/li>\n<\/ul>\n<h2>Inbegriffen<\/h2>\n<ul>\n<li style=\"\">                    <span>Schnelleinlass in das \u00c4gyptische Museum f\u00fcr Altert\u00fcmer<\/span><\/li>\n<\/ul>\n<h2>Nicht inbegriffen<\/h2>\n<ul>\n<li style=\"\"><span>F\u00fchrung<\/span><\/li>\n<li style=\"\"><span>Eintritt in den Royal Mummy Room (vor Ort k\u00e4uflich zu erwerben)<\/span><\/li>\n<li style=\"\"><span>Transport zum und vom Museum<\/span><\/li>\n<li style=\"\"><span>Pers\u00f6nliche Ausgaben<\/span><\/li>\n<\/ul>\n<h2>Wichtige Informationen<\/h2>\n<ul>\n<li style=\"\"><span>Es wird bequemes Schuhwerk empfohlen, da die Erkundung des Museums viel Gehen erfordert.<\/span><\/li>\n<li><span>Gro\u00dfe Rucks\u00e4cke sowie Speisen und Getr\u00e4nke sind im Museum nicht gestattet.<\/span><\/li>\n<li><span>Fotografieren ist erlaubt, die Verwendung eines Blitzes ist jedoch strengstens verboten.<\/span><\/li>\n<li><span>G\u00fcltiger Personalausweis oder Reisepass erforderlich<br \/><\/span><\/li>\n<li><span>Das Museum ist teilweise f\u00fcr Rollstuhlfahrer zug\u00e4nglich, einige Bereiche k\u00f6nnen jedoch schwer zu erreichen sein.<br \/><\/span><\/li>\n<li><span>F\u00fcr ein entspannteres Erlebnis sollten Sie einen Besuch fr\u00fch am Tag in Erw\u00e4gung ziehen, um den Hauptandrang zu vermeiden.<\/span><\/li>\n<li><span>Die Ticketpreise variieren je nach Nationalit\u00e4t. Bitte \u00fcberpr\u00fcfen Sie bei der Buchung, ob Sie die richtige Option ausgew\u00e4hlt haben.<\/span><\/li>\n<\/ul>\n<h2>Beschreibung:<\/h2>\n<p dir=\"ltr\">Tauchen Sie ein in die Welt des alten \u00c4gypten im <strong>\u00c4gyptischen Museum <strong>f\u00fcr Altert\u00fcmer in Kairo<\/strong><\/strong>. Auf zwei riesigen Etagen werden <strong>seltene Antiquit\u00e4ten, Statuen, Schmuck und Mumien ausgestellt. <\/strong>Mit&nbsp;Ihrem Ticket mit Schnelleinlass k\u00f6nnen Sie ohne langes Anstehen das Museum betreten.<\/p>\n<p dir=\"ltr\">Entdecken Sie die spektakul\u00e4ren <strong>Sch\u00e4tze von Tutanchamun,<\/strong> darunter seine ikonische goldene Totenmaske. Mit <strong>\u00fcber 120.000 Objekten<\/strong> ist dieses Museum ein Muss f\u00fcr Geschichtsliebhaber.&nbsp;<\/p>\n<h2>Highlights:<\/h2>\n<ul>\n<li dir=\"ltr\">Entdecken Sie die legend\u00e4ren Goldsch\u00e4tze von Tutanchamun<\/li>\n<li dir=\"ltr\">Profitieren Sie von einem Skip-the-Line-Ticket \u2013 Sie m\u00fcssen nicht in langen Schlangen anstehen<\/li>\n<li dir=\"ltr\">Entdecken Sie k\u00f6nigliche Mumien, antike Papyri, Statuen und Schmuck<\/li>\n<li dir=\"ltr\">Greifen Sie auf \u00fcber 120.000 arch\u00e4ologische Artefakte auf zwei kompletten Museumsebenen zu<\/li>\n<li dir=\"ltr\">Besuchen Sie das bedeutendste Museum \u00e4gyptischer Altert\u00fcmer der Welt<\/li>\n<\/ul>\n<h2 data-v-2e504803=\"\">\u00c4gyptisches Museum f\u00fcr Altert\u00fcmer in Kairo<\/h2>\n<p dir=\"ltr\">El-Tahrir-Platz, Ismailia, Qasr El Nil, Gouvernement Kairo 4272083, \u00c4gypten<\/p>\n<h2>Stornierungsbedingungen<\/h2>\n<p dir=\"ltr\">Diese Tickets sind nicht erstattungsf\u00e4hig und k\u00f6nnen unter keinen Umst\u00e4nden umgebucht werden.<\/p>\n<h2>Treffpunkt &amp; Anweisungen<\/h2>\n<p data-pm-slice=\"1 1 []\">Zeigen Sie Ihren mobilen Voucher auf Ihrem Mobiltelefon zusammen mit einem g\u00fcltigen Lichtbildausweis am Museumseingang vor.<\/p>\n<h2>Bewertungen<\/h2>\n<p><strong>4.5\/ 5&nbsp; <\/strong><strong>(32 Bewertungen)<\/strong><\/p>\n<p dir=\"ltr\"><em>\u201e<\/em>Freundliche Leute, die sofort auf unsere Bed\u00fcrfnisse reagiert haben. Wir haben das falsche Datum gew\u00e4hlt und kamen einen Tag zu fr\u00fch im Museum an, und das Problem wurde sofort gel\u00f6st.<em>\u201c<\/em> \u2013 Spiridon, April 2025&gt;&gt; <a href=\"https:\/\/www.headout.com\/de\/agyptisches-museum-tickets\/schnelleinlass-tickets-fur-das-agyptische-museum-fur-altertumer-in-kairo-e-14015\/?affiliate_code=KXkQ69&amp;utm_campaign=etideagyptischesmuseumkairosp&amp;utm_content=link&amp;utm_medium=affiliate&amp;utm_source=most_amazing_places\" target=\"_blank\" rel=\"nofollow noopener\" style=\"outline: none;\" spellcheck=\"false\">Weitere Bewertungen anzeigen<\/a><\/p>\n<h2>Einige Aktivit\u00e4ten, die Ihnen gefallen k\u00f6nnten<\/h2>\n<p><span># <\/span><strong><span>2<\/span><\/strong><span># <\/span><strong><span>2<\/span><\/strong><span>#1<\/span><span><img decoding=\"async\" alt=\"\" data-id=\"8855\" width=\"159\" data-init-width=\"1600\" height=\"99\" data-init-height=\"1000\" title=\"Grand Egyptian Museum: Tickets ohne Anstehen ota\" loading=\"lazy\" src=\"https:\/\/egypt-tourist-information.com\/wp-content\/uploads\/Grand-Egyptian-Museum-Skip-the-Line-Tickets-ota.avif\" data-width=\"159\" data-height=\"99\" style=\"aspect-ratio: auto 1600 \/ 1000;\"><\/span><\/p>\n<table>\n<tbody>\n<tr>\n<td><a href=\"https:\/\/www.headout.com\/r\/most-amazing-placesrecommends-UmUC1\/\" rel=\"nofollow noopener\" spellcheck=\"false\" target=\"_blank\" style=\"outline: none;\">Grand Egyptian Museum: Tickets mit Schnelleinlass<\/a><\/td>\n<\/tr>\n<\/tbody>\n<\/table>\n<p>Erhalten Sie mit Tickets mit Schnelleinlass schnellen Zutritt zum pr\u00e4chtigen Grand Egyptian Museum und tauchen Sie ein in die unvergleichlichen Sch\u00e4tze des alten \u00c4gypten.<\/p>\n<h3 style=\"\">Gesamtpreis<\/h3>\n<h3 style=\"\">Ihnen wird noch nichts berechnet<\/h3>\n<p><span># <\/span><strong><span>2<\/span><\/strong><span><img decoding=\"async\" alt=\"\" data-id=\"8829\" width=\"159\" data-init-width=\"720\" height=\"106\" data-init-height=\"480\" title=\"Kairo: Private Tour zu den Pyramiden und der Gro\u00dfen Sphinx mit Kamelritt\" loading=\"lazy\" src=\"https:\/\/egypt-tourist-information.com\/wp-content\/uploads\/Cairo-Pyramids-Great-Sphinx-Private-Tour-with-Camel-Ride-ota.avif\" data-width=\"159\" data-height=\"106\" style=\"aspect-ratio: auto 720 \/ 480;\"><\/span><\/p>\n<table>\n<tbody>\n<tr>\n<td><a href=\"http:\/\/ https:\/\/www.getyourguide.com\/cairo-l92\/cairo-pyramids-great-sphinx-private-tour-with-camel-ride-t459032\/?partner_id=NO9XIDE&amp;utm_medium=online_publisher&amp;cmp=ETIDeEgyptianMuseumSp2\" target=\"_blank\" rel=\"nofollow\" style=\"outline: none;\" spellcheck=\"false\">Kairo: Pyramiden &amp; Gro\u00dfe Sphinx &#8211; Private Tour mit Kamelritt<\/a><\/td>\n<\/tr>\n<\/tbody>\n<\/table>\n<p>Erkunden Sie die antiken Wunder \u00c4gyptens auf einer 4-st\u00fcndigen Privattour zu den Pyramiden von Gizeh und der Sphinx, inklusive eines unvergesslichen Kamelritts.<\/p>\n<h3 style=\"\">Gesamtpreis<\/h3>\n<h3 style=\"\">Ihnen wird noch nichts berechnet<\/h3>\n<p><span># <\/span><strong><span>2<\/span><\/strong><span><img decoding=\"async\" alt=\"\" data-id=\"8858\" width=\"159\" data-init-width=\"2333\" height=\"106\" data-init-height=\"1556\" title=\"Kairo \u2013 Pyramiden-, Basar- und Museumstour mit weiblicher F\u00fchrung\" loading=\"lazy\" src=\"https:\/\/egypt-tourist-information.com\/wp-content\/uploads\/Cairo-Female-Guided-Pyramids-Bazaar-and-Museum-Tour-ota.avif\" data-width=\"159\" data-height=\"106\" style=\"aspect-ratio: auto 2333 \/ 1556;\"><\/span><\/p>\n<table>\n<tbody>\n<tr>\n<td><a href=\"https:\/\/www.getyourguide.com\/cairo-l92\/cairo-pyramids-museum-bazaar-private-tour-female-guide-t319338\/?partner_id=NO9XIDE&amp;utm_medium=online_publisher&amp;cmp=ETIDeEgyptianMuseumSP3\" rel=\"nofollow noopener\" spellcheck=\"false\" target=\"_blank\" style=\"outline: none;\">Kairo: Pyramiden-, Basar- und Museumstour mit Frauenf\u00fchrung<\/a><\/td>\n<\/tr>\n<\/tbody>\n<\/table>\n<p data-pm-slice=\"1 1 []\">Entdecken Sie die Wahrzeichen Kairos, von den antiken Pyramiden bis hin zu gesch\u00e4ftigen Basaren und gro\u00dfen Museen, und das alles mit den einzigartigen Einblicken einer sachkundigen Reiseleiterin.<\/p>\n<h3 style=\"\">Gesamtpreis<\/h3>\n<h3 style=\"\">Ihnen wird noch nichts berechnet<\/h3>\n<p><\/p>\n<h2><a href=\"https:\/\/www.headout.com\/de\/agyptisches-museum-tickets\/schnelleinlass-tickets-fur-das-agyptische-museum-fur-altertumer-in-kairo-e-14015\/?affiliate_code=KXkQ69&amp;utm_campaign=etideagyptischesmuseumkairosp&amp;utm_content=link&amp;utm_medium=affiliate&amp;utm_source=most_amazing_places\" target=\"_blank\" rel=\"nofollow noopener\" style=\"outline: none;\" spellcheck=\"false\">Zur Buchung<\/a><span style=\"font-weight: normal;\"><\/span><\/h2>\n<p><strong style=\"outline: currentcolor;\"><a href=\"https:\/\/www.headout.com\/de\/agyptisches-museum-tickets\/schnelleinlass-tickets-fur-das-agyptische-museum-fur-altertumer-in-kairo-e-14015\/?affiliate_code=KXkQ69&amp;utm_campaign=etideagyptischesmuseumkairosp&amp;utm_content=link&amp;utm_medium=affiliate&amp;utm_source=most_amazing_places\" target=\"_blank\" rel=\"nofollow noopener\" spellcheck=\"false\" style=\"outline: none;\">Ab 15&nbsp;<span style=\"font-weight: normal;\">$<\/span><\/a><\/strong><\/p>\n<p style=\"\">Ihnen wird noch nichts berechnet<\/p>\n","protected":false},"excerpt":{"rendered":"<p>Schnelleinlass-Tickets f\u00fcr das \u00c4gyptische Museum f\u00fcr Altert\u00fcmer in Kairo Zur Buchung Ab 15&nbsp;\u20ac Erkunden Sie&nbsp;das \u00c4gyptische Museum f\u00fcr Altert\u00fcmer in Kairo&nbsp;\u2013 Heimat der goldenen Sch\u00e4tze von Tutanchamun, Mumien und&nbsp;\u00fcber 120.000 Artefakte&nbsp;\u2013 mit einem praktischen Ticket mit Schnelleinlass. Handverlesenes Ticket&nbsp; Sofortige Best\u00e4tigung Schnelleinlass Nicht erstattungsf\u00e4hig Inbegriffen Schnelleinlass in das \u00c4gyptische Museum f\u00fcr Altert\u00fcmer Nicht inbegriffen F\u00fchrung [&hellip;]<\/p>\n","protected":false},"author":6,"featured_media":10835,"parent":0,"menu_order":0,"comment_status":"closed","ping_status":"closed","template":"","meta":{"_acf_changed":false,"footnotes":"","tve_updated_post":"","tve_custom_css":"","tve_user_custom_css":"","tve_globals":{},"tcb2_ready":1,"tcb_editor_enabled":1,"tve_landing_page":"bd86f3fc67210fed5b2794ad4a56d3a9","_tve_header":"10865","_tve_footer":"10866"},"categories":[113],"tags":[128,129],"class_list":["post-11465","page","type-page","status-publish","has-post-thumbnail","hentry","category-kairo","tag-kairo","tag-verkaufsseite","post-wrapper","thrv_wrapper"],"acf":[],"_links":{"self":[{"href":"https:\/\/egypt-tourist-information.com\/de\/wp-json\/wp\/v2\/pages\/11465","targetHints":{"allow":["GET"]}}],"collection":[{"href":"https:\/\/egypt-tourist-information.com\/de\/wp-json\/wp\/v2\/pages"}],"about":[{"href":"https:\/\/egypt-tourist-information.com\/de\/wp-json\/wp\/v2\/types\/page"}],"author":[{"embeddable":true,"href":"https:\/\/egypt-tourist-information.com\/de\/wp-json\/wp\/v2\/users\/6"}],"replies":[{"embeddable":true,"href":"https:\/\/egypt-tourist-information.com\/de\/wp-json\/wp\/v2\/comments?post=11465"}],"version-history":[{"count":10,"href":"https:\/\/egypt-tourist-information.com\/de\/wp-json\/wp\/v2\/pages\/11465\/revisions"}],"predecessor-version":[{"id":13743,"href":"https:\/\/egypt-tourist-information.com\/de\/wp-json\/wp\/v2\/pages\/11465\/revisions\/13743"}],"wp:featuredmedia":[{"embeddable":true,"href":"https:\/\/egypt-tourist-information.com\/de\/wp-json\/wp\/v2\/media\/10835"}],"wp:attachment":[{"href":"https:\/\/egypt-tourist-information.com\/de\/wp-json\/wp\/v2\/media?parent=11465"}],"wp:term":[{"taxonomy":"category","embeddable":true,"href":"https:\/\/egypt-tourist-information.com\/de\/wp-json\/wp\/v2\/categories?post=11465"},{"taxonomy":"post_tag","embeddable":true,"href":"https:\/\/egypt-tourist-information.com\/de\/wp-json\/wp\/v2\/tags?post=11465"}],"curies":[{"name":"wp","href":"https:\/\/api.w.org\/{rel}","templated":true}]}}