{"id":11469,"date":"2025-06-23T15:13:39","date_gmt":"2025-06-23T15:13:39","guid":{"rendered":"https:\/\/egypt-tourist-information.com\/giza-pyramids-sphinx-tour-with-camel-ride"},"modified":"2026-04-24T09:31:08","modified_gmt":"2026-04-24T09:31:08","slug":"pyramiden-sphinx-tour-mit-kamelritt","status":"publish","type":"page","link":"https:\/\/egypt-tourist-information.com\/de\/pyramiden-sphinx-tour-mit-kamelritt","title":{"rendered":"Kairo: Pyramiden und Sphinx Tour mit Kamelritt"},"content":{"rendered":"<p><span><img decoding=\"async\" alt=\"\" data-id=\"8829\" width=\"\" height=\"undefined\" title=\"Kairo: Private Tour zu den Pyramiden und der Gro\u00dfen Sphinx mit Kamelritt\" src=\"https:\/\/egypt-tourist-information.com\/wp-content\/uploads\/Cairo-Pyramids-Great-Sphinx-Private-Tour-with-Camel-Ride-ota.avif\" data-src=\"https:\/\/egypt-tourist-information.com\/wp-content\/uploads\/Cairo-Pyramids-Great-Sphinx-Private-Tour-with-Camel-Ride-ota.avif\" loading=\"lazy\" data-sizes=\"{&quot;full&quot;:{&quot;url&quot;:&quot;https:\/\/egypt-tourist-information.com\/wp-content\/uploads\/Cairo-Pyramids-Great-Sphinx-Private-Tour-with-Camel-Ride-ota.avif&quot;}}\"><\/span><span><img decoding=\"async\" alt=\"\" data-id=\"9061\" width=\"\" height=\"undefined\" title=\"Kairo: Private Tour zu den Pyramiden und der Gro\u00dfen Sphinx mit Kamelritt ota2\" src=\"https:\/\/egypt-tourist-information.com\/wp-content\/uploads\/Cairo-Pyramids-Great-Sphinx-Private-Tour-with-Camel-Ride-ota2.avif\" data-src=\"https:\/\/egypt-tourist-information.com\/wp-content\/uploads\/Cairo-Pyramids-Great-Sphinx-Private-Tour-with-Camel-Ride-ota2.avif\" loading=\"lazy\" data-sizes=\"{&quot;full&quot;:{&quot;url&quot;:&quot;https:\/\/egypt-tourist-information.com\/wp-content\/uploads\/Cairo-Pyramids-Great-Sphinx-Private-Tour-with-Camel-Ride-ota2.avif&quot;}}\"><\/span><span><img decoding=\"async\" alt=\"\" data-id=\"9060\" width=\"\" height=\"undefined\" title=\"Kairo: Private Tour zu den Pyramiden und der Gro\u00dfen Sphinx mit Kamelritt ota3\" src=\"https:\/\/egypt-tourist-information.com\/wp-content\/uploads\/Cairo-Pyramids-Great-Sphinx-Private-Tour-with-Camel-Ride-ota3.avif\" data-src=\"https:\/\/egypt-tourist-information.com\/wp-content\/uploads\/Cairo-Pyramids-Great-Sphinx-Private-Tour-with-Camel-Ride-ota3.avif\" loading=\"lazy\" data-sizes=\"{&quot;full&quot;:{&quot;url&quot;:&quot;https:\/\/egypt-tourist-information.com\/wp-content\/uploads\/Cairo-Pyramids-Great-Sphinx-Private-Tour-with-Camel-Ride-ota3.avif&quot;}}\"><\/span><span><img decoding=\"async\" alt=\"\" data-id=\"9059\" width=\"\" height=\"undefined\" title=\"Kairo \u2013 Pyramiden und Gro\u00dfe Sphinx \u2013 Private Tour mit Kamelritt ota4\" src=\"https:\/\/egypt-tourist-information.com\/wp-content\/uploads\/Cairo-Pyramids-Great-Sphinx-Private-Tour-with-Camel-Ride-ota4.avif\" data-src=\"https:\/\/egypt-tourist-information.com\/wp-content\/uploads\/Cairo-Pyramids-Great-Sphinx-Private-Tour-with-Camel-Ride-ota4.avif\" loading=\"lazy\" data-sizes=\"{&quot;full&quot;:{&quot;url&quot;:&quot;https:\/\/egypt-tourist-information.com\/wp-content\/uploads\/Cairo-Pyramids-Great-Sphinx-Private-Tour-with-Camel-Ride-ota4.avif&quot;}}\"><\/span><span><img decoding=\"async\" alt=\"\" data-id=\"9058\" width=\"\" height=\"undefined\" title=\"Kairo \u2013 Pyramiden und Gro\u00dfe Sphinx \u2013 Private Tour mit Kamelritt ota5\" src=\"https:\/\/egypt-tourist-information.com\/wp-content\/uploads\/Cairo-Pyramids-Great-Sphinx-Private-Tour-with-Camel-Ride-ota5.avif\" data-src=\"https:\/\/egypt-tourist-information.com\/wp-content\/uploads\/Cairo-Pyramids-Great-Sphinx-Private-Tour-with-Camel-Ride-ota5.avif\" loading=\"lazy\" data-sizes=\"{&quot;full&quot;:{&quot;url&quot;:&quot;https:\/\/egypt-tourist-information.com\/wp-content\/uploads\/Cairo-Pyramids-Great-Sphinx-Private-Tour-with-Camel-Ride-ota5.avif&quot;}}\"><\/span><\/p>\n<h1 data-test-id=\"activity-title\" data-track=\"activity-title\" data-v-aba56113=\"\">Kairo: Pyramiden &amp; Gro\u00dfe Sphinx &#8211; Private Tour mit Kamelritt<\/h1>\n<h2><a href=\"https:\/\/www.getyourguide.com\/cairo-l92\/cairo-pyramids-great-sphinx-private-tour-with-camel-ride-t459032\/?partner_id=NO9XIDE&amp;utm_medium=online_publisher&amp;cmp=ETIDePyramidsCamelRideTourSP\" target=\"_blank\" rel=\"nofollow noopener\" style=\"outline: none;\">Zur Buchung<\/a><\/h2>\n<h1><a href=\"https:\/\/www.getyourguide.com\/cairo-l92\/cairo-pyramids-great-sphinx-private-tour-with-camel-ride-t459032\/?partner_id=NO9XIDE&amp;utm_medium=online_publisher&amp;cmp=ETIDePyramidsCamelRideTourSP\" target=\"_blank\" rel=\"nofollow noopener\" style=\"outline: none;\"><span style=\"font-weight: normal;\">Ab<\/span><strong>&nbsp;41,00 \u20ac<\/strong><\/a><strong><\/strong><\/h1>\n<p dir=\"ltr\">Entdecken Sie die antiken Wunder \u00c4gyptens auf einer <strong>privaten Halbtagestour ab Kairo.<\/strong> Erkunden Sie die <strong>Pyramiden von Gizeh und die Sphinx<\/strong> und genie\u00dfen Sie einen <strong>Kamelritt<\/strong> mit Abholung vom Hotel, fachkundigem Guide und Eintrittskarten inklusive.<\/p>\n<ul>\n<li style=\"\"><span>Handverlesenes Ticket&nbsp;<\/span><\/li>\n<li style=\"\"><span>Jetzt reservieren &amp; sp\u00e4ter bezahlen<\/span><\/li>\n<li style=\"\"><span>Dauer: 4 Stunden<\/span><\/li>\n<li style=\"\"><span>Kostenlose Stornierung<\/span><\/li>\n<\/ul>\n<h2>Inbegriffen<\/h2>\n<ul>\n<li style=\"\">                    <span>Abholung und R\u00fccktransfer vom Hotel (Kairo oder Gizeh)<\/span><\/li>\n<li style=\"\">                    <span>Privater, klimatisierter Transport<\/span><\/li>\n<li style=\"\">                    <span>Eintritt zum Gizeh-Plateau<\/span><\/li>\n<li style=\"\">                    <span>\u00c4gyptologe und Reiseleiter<\/span><\/li>\n<li style=\"\">                    <span>10- oder 30-min\u00fctiger Kamelritt (je nach gew\u00e4hlter Option)<\/span><\/li>\n<li style=\"\">                    <span>Besuch der Papyrusgalerie und der Fabrik f\u00fcr \u00e4therische \u00d6le<\/span><\/li>\n<li style=\"\">                    <span>Kostenloses Mineralwasser<\/span><\/li>\n<\/ul>\n<h2>Nicht inbegriffen<\/h2>\n<ul>\n<li style=\"\"><span>Zugang zum Inneren jeder Pyramide<\/span><\/li>\n<li style=\"\"><span>Mittagessen oder Mahlzeiten<\/span><\/li>\n<li style=\"\"><span>Trinkgelder (optional)<\/span><\/li>\n<\/ul>\n<h2>Wichtige Informationen<\/h2>\n<ul>\n<li style=\"\"><span>Tour wird auf Englisch und Spanisch angeboten<\/span><\/li>\n<li><span>F\u00fcr den Zutritt zum Inneren der Pyramiden ist ein separates Ticket erforderlich<\/span><\/li>\n<li><span>Abholung: Bitte seien Sie 10 Minuten vor der geplanten Abholzeit bereit<\/span><\/li>\n<li><span>Nicht f\u00fcr Rollstuhlfahrer geeignet<\/span><\/li>\n<\/ul>\n<h2>Beschreibung:<\/h2>\n<p dir=\"ltr\"><strong>Begeben Sie sich mit einem erfahrenen Guide<\/strong>&nbsp;auf eine Entdeckungsreise \u00fcber das Gizeh-Plateau.&nbsp;Lassen Sie sich bequem abholen und genie\u00dfen Sie einen entspannten Tag. Besuchen Sie die&nbsp;<strong>Pyramiden <\/strong><strong>von Cheops, Chephren und Mykerinos<\/strong> und bewundern Sie die ber\u00fchmte <strong>Gro\u00dfe Sphinx.<\/strong><\/p>\n<p dir=\"ltr\">Ihr englischsprachiger Guide erz\u00e4hlt Ihnen die Geschichte dieser antiken Meisterwerke. Machen Sie unvergessliche Fotos von <strong>den Panoramaaussichtspunkten<\/strong><strong>.<\/strong> Beenden Sie Ihr Erlebnis mit einem <strong>Kamelritt<\/strong> durch die W\u00fcste, der Ihnen malerische Ausblicke und einen Hauch von Tradition in der N\u00e4he einer der gr\u00f6\u00dften arch\u00e4ologischen St\u00e4tten der Welt bietet.<\/p>\n<h2>Highlights:<\/h2>\n<ul>\n<li ltr\"\"=\"\">Private F\u00fchrung durch die Pyramiden von Gizeh und die Gro\u00dfe Sphinx<\/li>\n<li ltr\"\"=\"\">Malerischer Kamelritt mit Panoramablick auf die Pyramiden<\/li>\n<li ltr\"\"=\"\">Erkunden Sie UNESCO-gesch\u00fctzte St\u00e4tten aus dem Alten Reich \u00c4gyptens<\/li>\n<li ltr\"\"=\"\">Problemloser Hin- und R\u00fccktransfer zum Hotel<\/li>\n<li ltr\"\"=\"\">Erfahren Sie faszinierende Geschichten von einem professionellen \u00c4gyptologen als Reiseleiter<\/li>\n<li ltr\"\"=\"\">Fotostopps an den besten Aussichtspunkten rund um das Plateau<\/li>\n<li ltr\"\"=\"\">Besuchen Sie authentische Papyrus- und \u00e4therische \u00d6l-Workshops<\/li>\n<\/ul>\n<h2>Stornierungsbedingungen<\/h2>\n<p dir=\"ltr\">Kostenlose Stornierung bis 24 Stunden vor Tourbeginn mit voller R\u00fcckerstattung m\u00f6glich.<\/p>\n<h2>Treffpunkt &amp; Anweisungen<\/h2>\n<p dir=\"ltr\">Die Abholung von Hotels in Kairo und Gizeh ist im Preis inbegriffen. Bitte warten Sie 10 Minuten vor Ihrer geplanten Zeit in Ihrer Hotellobby. Der Reiseleiter h\u00e4lt ein Schild mit Ihrem Namen.<\/p>\n<p><a href=\"https:\/\/www.getyourguide.com\/cairo-l92\/cairo-pyramids-great-sphinx-private-tour-with-camel-ride-t459032\/?partner_id=NO9XIDE&amp;utm_medium=online_publisher&amp;cmp=ETIPyramidsCamelRideTourSP\" rel=\"nofollow noopener\" spellcheck=\"false\" target=\"_blank\" style=\"outline: none;\">Auf Google Maps sehen<\/a><\/p>\n<h2>Bewertungen<\/h2>\n<p><strong>4.9\/ 5&nbsp; <\/strong><strong>(<strong>6887<\/strong> Bewertungen)<\/strong><\/p>\n<p dir=\"ltr\"><em>\u201eYousef Alaa war ein fantastischer, sachkundiger und sehr freundlicher Reiseleiter. Ein wirklich netter Mensch. Die Tour ist ihr Geld wert und eine sehr effiziente M\u00f6glichkeit, die wichtigsten Sehensw\u00fcrdigkeiten rund um Gizeh kennenzulernen.\u201c<\/em> Jhonatan, Juni 2025<\/p>\n<p dir=\"ltr\">\u201eIch bin als alleinstehende Frau gereist und habe mich sehr wohl gef\u00fchlt. Mein Reiseleiter Nour Nagy war sehr freundlich und hat mich gut gef\u00fchrt.\u201c \u2013 Logeswari, Juni 2025 &gt;&gt; <a href=\"https:\/\/www.getyourguide.com\/cairo-l92\/cairo-pyramids-great-sphinx-private-tour-with-camel-ride-t459032\/?partner_id=NO9XIDE&amp;utm_medium=online_publisher&amp;cmp=ETIDePyramidsCamelRideTourSP\" target=\"_blank\" rel=\"nofollow noopener\" style=\"outline: none;\" spellcheck=\"false\">Alle Bewertungen<\/a><\/p>\n<h2>Weitere Aktivit\u00e4ten, die Ihnen gefallen k\u00f6nnten<\/h2>\n<p><span># <\/span><strong><span>2<\/span><\/strong><span># <\/span><strong><span>2<\/span><\/strong><span><img decoding=\"async\" alt=\"\" data-id=\"9063\" width=\"159\" data-init-width=\"720\" height=\"106\" data-init-height=\"480\" title=\"Ab Kairo: Pyramiden von Gizeh, Sphinx, Sakkara und Memphis \u2013 Tour\" loading=\"lazy\" src=\"https:\/\/egypt-tourist-information.com\/wp-content\/uploads\/From-Cairo-Pyramids-of-Giza-Sphinx-Saqqara-Memphis-Tour-ota.avif\" data-width=\"159\" data-height=\"106\" style=\"aspect-ratio: auto 720 \/ 480;\"><\/span><\/p>\n<table>\n<tbody>\n<tr>\n<td><a data-lt-tmp-id=\"lt-504687\" href=\"https:\/\/www.getyourguide.com\/cairo-l92\/giza-pyramids-sphinx-saqqara-and-dahshur-tour-from-cairo-t215709\/?partner_id=NO9XIDE&amp;utm_medium=online_publisher&amp;cmp=ETIDePyramidsCamelRideTourSP2\" rel=\"nofollow noopener\" spellcheck=\"false\" style=\"outline: none;\" target=\"_blank\"><span data-v-d2d367d0=\"\">Von Kairo aus: Pyramiden von Gizeh, Sphinx, Saqqara &amp; Memphis Tour<\/span><\/a><\/td>\n<\/tr>\n<\/tbody>\n<\/table>\n<p>Reisen Sie von Kairo aus in die Vergangenheit und erkunden Sie w\u00e4hrend einer 8-st\u00fcndigen F\u00fchrung die ber\u00fchmten Pyramiden von Gizeh, die r\u00e4tselhafte Sphinx, die antike Stufenpyramide von Sakkara und die Ruinen des historischen Memphis.<\/p>\n<h3 style=\"\">Gesamtpreis<\/h3>\n<h3>Ihr Konto wird noch nicht belastet.<\/h3>\n<p><span># <\/span><strong><span>2<\/span><\/strong><span># <\/span><strong><span>2<\/span><\/strong><span><img decoding=\"async\" alt=\"Quad-Tour zu den Pyramiden mit optionalem Kamelritt\" data-id=\"8831\" width=\"159\" data-init-width=\"1598\" height=\"99\" data-init-height=\"999\" title=\"Quad-Tour zu den Pyramiden mit optionalem Kamelritt ota\" loading=\"lazy\" src=\"https:\/\/egypt-tourist-information.com\/wp-content\/uploads\/Quad-Biking-Tour-of-the-Pyramids-with-Optional-Camel-Ride-ota.avif\" data-width=\"159\" data-height=\"99\" style=\"aspect-ratio: auto 1598 \/ 999;\"><\/span><\/p>\n<table>\n<tbody>\n<tr>\n<td><a data-lt-tmp-id=\"lt-438572\" href=\"https:\/\/www.headout.com\/r\/most-amazing-placesrecommends-PFGTt\/\" rel=\"nofollow noopener\" spellcheck=\"false\" target=\"_blank\" style=\"outline: none;\">Quad-Tour zu den Pyramiden mit optionalem Kamelritt<\/a><\/td>\n<\/tr>\n<\/tbody>\n<\/table>\n<p>Erleben Sie die Pyramiden von Gizeh aus einer aufregenden neuen Perspektive auf einer aufregenden Quad-Tour. Optional k\u00f6nnen Sie f\u00fcr ein unvergessliches W\u00fcstenabenteuer auch einen klassischen Kamelritt hinzuf\u00fcgen.<\/p>\n<h3 style=\"\">Gesamtpreis<\/h3>\n<h3 style=\"\">Ihr Konto wird noch nicht belastet.<\/h3>\n<p><span># <\/span><strong><span>2<\/span><\/strong><span><img decoding=\"async\" alt=\"Kairo: Abendessen im The Great Pyramid Inn + Transfers\" data-id=\"8835\" width=\"159\" data-init-width=\"2333\" height=\"106\" data-init-height=\"1556\" title=\"Kairo \u2013 Abendessen im The Great Pyramid Inn + Transfers ota\" loading=\"lazy\" src=\"https:\/\/egypt-tourist-information.com\/wp-content\/uploads\/Cairo-Dinner-at-The-Great-Pyramid-Inn-Transfers-ota.avif\" data-width=\"159\" data-height=\"106\" style=\"aspect-ratio: auto 2333 \/ 1556;\"><\/span><\/p>\n<table>\n<tbody>\n<tr>\n<td><a data-lt-tmp-id=\"lt-357313\" href=\"https:\/\/www.tiqets.com\/de\/giza-attractions-c274\/tickets-for-cairo-dinner-at-the-great-pyramid-inn-transfers-p1115096\/?partner=egypttouristinformation&amp;tq_campaign=ETIDePyramidsCamelRideTourSP\" rel=\"nofollow noopener\" spellcheck=\"false\" target=\"_blank\" style=\"outline: none;\">Kairo: Abendessen im The Great Pyramid Inn + Transfers<\/a><\/td>\n<\/tr>\n<\/tbody>\n<\/table>\n<p>Genie\u00dfen Sie einen unvergesslichen Abend mit einem Abendessen im The Great Pyramid Inn. Genie\u00dfen Sie einen spektakul\u00e4ren Blick auf die beleuchteten Pyramiden von Gizeh und die Sphinx, w\u00e4hrend Sie die Ton- und Lichtshow ansehen, inklusive bequemer Transfers.<\/p>\n<h3 style=\"\">Gesamtpreis<\/h3>\n<h3>Ihr Konto wird noch nicht belastet.<\/h3>\n<p><\/p>\n<h2><a href=\"https:\/\/www.getyourguide.com\/cairo-l92\/cairo-pyramids-great-sphinx-private-tour-with-camel-ride-t459032\/?partner_id=NO9XIDE&amp;utm_medium=online_publisher&amp;cmp=ETIDePyramidsCamelRideTourSP\" target=\"_blank\" rel=\"nofollow noopener\" style=\"outline: none;\" spellcheck=\"false\">Zur Buchung<\/a><span style=\"font-weight: normal;\"><\/span><\/h2>\n<p><strong style=\"outline: currentcolor;\"><a href=\"https:\/\/www.getyourguide.com\/cairo-l92\/cairo-pyramids-great-sphinx-private-tour-with-camel-ride-t459032\/?partner_id=NO9XIDE&amp;utm_medium=online_publisher&amp;cmp=ETIDePyramidsCamelRideTourSP\" target=\"_blank\" rel=\"nofollow noopener\" spellcheck=\"false\" style=\"outline: none;\"><span style=\"font-weight: normal;\">Ab<\/span>&nbsp;41,00 \u20ac<\/a><\/strong><\/p>\n<p style=\"\">Ihr Konto wird noch nicht belastet.<\/p>\n","protected":false},"excerpt":{"rendered":"<p>Kairo: Pyramiden &amp; Gro\u00dfe Sphinx &#8211; Private Tour mit Kamelritt Zur Buchung Ab&nbsp;41,00 \u20ac Entdecken Sie die antiken Wunder \u00c4gyptens auf einer privaten Halbtagestour ab Kairo. Erkunden Sie die Pyramiden von Gizeh und die Sphinx und genie\u00dfen Sie einen Kamelritt mit Abholung vom Hotel, fachkundigem Guide und Eintrittskarten inklusive. Handverlesenes Ticket&nbsp; Jetzt reservieren &amp; sp\u00e4ter [&hellip;]<\/p>\n","protected":false},"author":6,"featured_media":10823,"parent":0,"menu_order":0,"comment_status":"closed","ping_status":"closed","template":"","meta":{"_acf_changed":false,"footnotes":"","tve_updated_post":"","tve_custom_css":"","tve_user_custom_css":"","tve_globals":{},"tcb2_ready":1,"tcb_editor_enabled":1,"tve_landing_page":"bd86f3fc67210fed5b2794ad4a56d3a9","_tve_header":"10865","_tve_footer":"10866"},"categories":[73,113],"tags":[121,128,120,129],"class_list":["post-11469","page","type-page","status-publish","has-post-thumbnail","hentry","category-cairo","category-kairo","tag-erfahrungen","tag-kairo","tag-tagesausfluge","tag-verkaufsseite","post-wrapper","thrv_wrapper"],"acf":[],"_links":{"self":[{"href":"https:\/\/egypt-tourist-information.com\/de\/wp-json\/wp\/v2\/pages\/11469","targetHints":{"allow":["GET"]}}],"collection":[{"href":"https:\/\/egypt-tourist-information.com\/de\/wp-json\/wp\/v2\/pages"}],"about":[{"href":"https:\/\/egypt-tourist-information.com\/de\/wp-json\/wp\/v2\/types\/page"}],"author":[{"embeddable":true,"href":"https:\/\/egypt-tourist-information.com\/de\/wp-json\/wp\/v2\/users\/6"}],"replies":[{"embeddable":true,"href":"https:\/\/egypt-tourist-information.com\/de\/wp-json\/wp\/v2\/comments?post=11469"}],"version-history":[{"count":16,"href":"https:\/\/egypt-tourist-information.com\/de\/wp-json\/wp\/v2\/pages\/11469\/revisions"}],"predecessor-version":[{"id":13709,"href":"https:\/\/egypt-tourist-information.com\/de\/wp-json\/wp\/v2\/pages\/11469\/revisions\/13709"}],"wp:featuredmedia":[{"embeddable":true,"href":"https:\/\/egypt-tourist-information.com\/de\/wp-json\/wp\/v2\/media\/10823"}],"wp:attachment":[{"href":"https:\/\/egypt-tourist-information.com\/de\/wp-json\/wp\/v2\/media?parent=11469"}],"wp:term":[{"taxonomy":"category","embeddable":true,"href":"https:\/\/egypt-tourist-information.com\/de\/wp-json\/wp\/v2\/categories?post=11469"},{"taxonomy":"post_tag","embeddable":true,"href":"https:\/\/egypt-tourist-information.com\/de\/wp-json\/wp\/v2\/tags?post=11469"}],"curies":[{"name":"wp","href":"https:\/\/api.w.org\/{rel}","templated":true}]}}