{"id":11472,"date":"2024-06-26T20:00:51","date_gmt":"2024-06-26T20:00:51","guid":{"rendered":"https:\/\/egypt-tourist-information.com\/contact"},"modified":"2025-09-08T07:27:34","modified_gmt":"2025-09-08T07:27:34","slug":"kontakt","status":"publish","type":"page","link":"https:\/\/egypt-tourist-information.com\/de\/kontakt","title":{"rendered":"Kontakt"},"content":{"rendered":"<h1 style=\"text-align: left; font-size: 18px !important;\"><span style=\"font-weight: normal;\">Haben Sie eine REISE NACH \u00c4gypten geplant?<\/span><\/h1>\n<h1 style=\"text-align: left;\">Kontakt von Egypt Tourist Information<\/h1>\n<p data-pm-slice=\"1 1 []\">Unser Team unterst\u00fctzt Sie mit praktischen Informationen, Buchungen und Hilfe bei Gruppenreisen oder Veranstaltungen \u2013 f\u00fcr einen reibungslosen und unvergesslichen Aufenthalt in \u00c4gypten.<\/p>\n<p><span style=\"\"><img decoding=\"async\" alt=\"\" data-id=\"8805\" title=\"Gl\u00fccklich,Frau,Reisender,Erkundet,Die,Ruinen,Von,Der,Alten,Karnak\" src=\"https:\/\/egypt-tourist-information.com\/wp-content\/uploads\/Egypt-Tourist-Information.jpg\" style=\"aspect-ratio: auto 1000 \/ 667;\" ml-d=\"0\" data-width=\"480\" data-height=\"320\" data-init-width=\"1000\" data-init-height=\"667\" mt-d=\"0\" width=\"480\" height=\"320\" data-link-wrap=\"true\" loading=\"lazy\"><\/span><\/p>\n<p style=\"text-align: center;\">Kontaktieren Sie uns \u00fcber das nachfolgende Kontaktformular oder per E-Mail: <a data-tcb_hover_state_parent=\"\" href=\"mailto:support@egypt-tourist-information.com\" rel=\"nofollow\" target=\"_blank\" style=\"outline: none;\">support@egypt-tourist-information.com<\/a><\/p>\n<h2 style=\"\">Wie k\u00f6nnen wir helfen?<\/h2>\n<h3 style=\"\">1. Info-Service<\/h3>\n<p style=\"\">Erhalten Sie Antworten auf alle Ihre Fragen \u2013 sei es vor Ihrer Reise oder w\u00e4hrend Ihres Aufenthalts in \u00c4gypten. Unser Team hilft Ihnen gerne weiter.<\/p>\n<h3 style=\"\">2. Buchung von Dienstleistungen<\/h3>\n<p style=\"\">Buchung von Hotels, Tickets, Rundreisen, Tagungshotels und Gruppenreisen. Reservierungen in Restaurants.<\/p>\n<h3 style=\"\">3. Gruppenreisen und M.I.C.E.<\/h3>\n<p><span style=\"font-size: 16px !important;\">Ihr Partner f\u00fcr ma\u00dfgeschneiderte Gruppenreisen und Events:<\/span><\/p>\n<ul>\n<li><span style=\"font-size: 16px !important;\"><strong>Planung und Organisation von Gruppenreisen:<\/strong>&nbsp;Ob kleine Reisegruppen oder gro\u00dfe Gesellschaften, wir koordinieren alle Details.<\/span><\/li>\n<li><span style=\"font-size: 16px !important;\"><strong>M.I.C.E. Services<\/strong>: Unterst\u00fctzung bei Meetings, Incentives, Konferenzen und Events. Wir arbeiten mit lokalen Anbietern und internationalen Reiseveranstaltern zusammen, um Ihre Veranstaltungen perfekt umzusetzen.<\/span><\/li>\n<\/ul>\n","protected":false},"excerpt":{"rendered":"<p>Haben Sie eine REISE NACH \u00c4gypten geplant? Kontakt von Egypt Tourist Information Unser Team unterst\u00fctzt Sie mit praktischen Informationen, Buchungen und Hilfe bei Gruppenreisen oder Veranstaltungen \u2013 f\u00fcr einen reibungslosen und unvergesslichen Aufenthalt in \u00c4gypten. Kontaktieren Sie uns \u00fcber das nachfolgende Kontaktformular oder per E-Mail: support@egypt-tourist-information.com Wie k\u00f6nnen wir helfen? 1. Info-Service Erhalten Sie Antworten [&hellip;]<\/p>\n","protected":false},"author":6,"featured_media":0,"parent":0,"menu_order":0,"comment_status":"closed","ping_status":"closed","template":"","meta":{"_acf_changed":false,"footnotes":"","tve_updated_post":"","tve_custom_css":"","tve_user_custom_css":"","tve_globals":{},"tcb2_ready":1,"tcb_editor_enabled":1,"tve_landing_page":"tcb2-blank-page","_tve_header":"10865","_tve_footer":"10866"},"categories":[],"tags":[],"class_list":["post-11472","page","type-page","status-publish","hentry","post-wrapper","thrv_wrapper"],"acf":[],"_links":{"self":[{"href":"https:\/\/egypt-tourist-information.com\/de\/wp-json\/wp\/v2\/pages\/11472","targetHints":{"allow":["GET"]}}],"collection":[{"href":"https:\/\/egypt-tourist-information.com\/de\/wp-json\/wp\/v2\/pages"}],"about":[{"href":"https:\/\/egypt-tourist-information.com\/de\/wp-json\/wp\/v2\/types\/page"}],"author":[{"embeddable":true,"href":"https:\/\/egypt-tourist-information.com\/de\/wp-json\/wp\/v2\/users\/6"}],"replies":[{"embeddable":true,"href":"https:\/\/egypt-tourist-information.com\/de\/wp-json\/wp\/v2\/comments?post=11472"}],"version-history":[{"count":6,"href":"https:\/\/egypt-tourist-information.com\/de\/wp-json\/wp\/v2\/pages\/11472\/revisions"}],"predecessor-version":[{"id":12541,"href":"https:\/\/egypt-tourist-information.com\/de\/wp-json\/wp\/v2\/pages\/11472\/revisions\/12541"}],"wp:attachment":[{"href":"https:\/\/egypt-tourist-information.com\/de\/wp-json\/wp\/v2\/media?parent=11472"}],"wp:term":[{"taxonomy":"category","embeddable":true,"href":"https:\/\/egypt-tourist-information.com\/de\/wp-json\/wp\/v2\/categories?post=11472"},{"taxonomy":"post_tag","embeddable":true,"href":"https:\/\/egypt-tourist-information.com\/de\/wp-json\/wp\/v2\/tags?post=11472"}],"curies":[{"name":"wp","href":"https:\/\/api.w.org\/{rel}","templated":true}]}}