{"id":11476,"date":"2025-06-25T11:10:05","date_gmt":"2025-06-25T11:10:05","guid":{"rendered":"https:\/\/egypt-tourist-information.com\/day-tour-to-luxor-from-hurghada"},"modified":"2026-04-24T09:55:41","modified_gmt":"2026-04-24T09:55:41","slug":"tagesausflug-von-hurghada-nach-luxor-mit-bus","status":"publish","type":"page","link":"https:\/\/egypt-tourist-information.com\/de\/tagesausflug-von-hurghada-nach-luxor-mit-bus","title":{"rendered":"Tagesausflug von Hurghada nach Luxor mit Bus: Tal der K\u00f6nige &amp; Tutankhamun Grab"},"content":{"rendered":"<p><span><img decoding=\"async\" alt=\"Hurghada: Luxor-Tal der K\u00f6nige &amp; Tutanchamun-Grab\" data-id=\"8966\" width=\"\" height=\"undefined\" title=\"Hurghada \u2013 Luxor-Tal der K\u00f6nige und Ausflug zum Grab des Tutanchamun usw\" src=\"https:\/\/egypt-tourist-information.com\/wp-content\/uploads\/Hurghada-Luxor-Valley-of-the-Kings-Tutankhamun-Tomb-Trip-ota.avif\" data-src=\"https:\/\/egypt-tourist-information.com\/wp-content\/uploads\/Hurghada-Luxor-Valley-of-the-Kings-Tutankhamun-Tomb-Trip-ota.avif\" loading=\"lazy\" data-sizes=\"{&quot;full&quot;:{&quot;url&quot;:&quot;https:\/\/egypt-tourist-information.com\/wp-content\/uploads\/Hurghada-Luxor-Valley-of-the-Kings-Tutankhamun-Tomb-Trip-ota.avif&quot;}}\"><\/span><span><img decoding=\"async\" alt=\"\" data-id=\"9221\" width=\"\" height=\"undefined\" title=\"Hurghada-Luxor Tal der K\u00f6nige &amp; Tutanchamun Grab Ausflug ota4\" src=\"https:\/\/egypt-tourist-information.com\/wp-content\/uploads\/Hurghada-Luxor-Valley-of-the-Kings-Tutankhamun-Tomb-Trip-ota4.avif\" data-src=\"https:\/\/egypt-tourist-information.com\/wp-content\/uploads\/Hurghada-Luxor-Valley-of-the-Kings-Tutankhamun-Tomb-Trip-ota4.avif\" loading=\"lazy\" data-sizes=\"{&quot;full&quot;:{&quot;url&quot;:&quot;https:\/\/egypt-tourist-information.com\/wp-content\/uploads\/Hurghada-Luxor-Valley-of-the-Kings-Tutankhamun-Tomb-Trip-ota4.avif&quot;}}\"><\/span><span><img decoding=\"async\" alt=\"\" data-id=\"9223\" width=\"\" height=\"undefined\" title=\"Hurghada-Luxor Tal der K\u00f6nige &amp; Tutanchamun Grab Ausflug ota2\" src=\"https:\/\/egypt-tourist-information.com\/wp-content\/uploads\/Hurghada-Luxor-Valley-of-the-Kings-Tutankhamun-Tomb-Trip-ota2.avif\" data-src=\"https:\/\/egypt-tourist-information.com\/wp-content\/uploads\/Hurghada-Luxor-Valley-of-the-Kings-Tutankhamun-Tomb-Trip-ota2.avif\" loading=\"lazy\" data-sizes=\"{&quot;full&quot;:{&quot;url&quot;:&quot;https:\/\/egypt-tourist-information.com\/wp-content\/uploads\/Hurghada-Luxor-Valley-of-the-Kings-Tutankhamun-Tomb-Trip-ota2.avif&quot;}}\"><\/span><span><img decoding=\"async\" alt=\"\" data-id=\"9218\" width=\"\" height=\"undefined\" title=\"Hurghada-Luxor Tal der K\u00f6nige &amp; Tutanchamun Grab Ausflug ota7\" src=\"https:\/\/egypt-tourist-information.com\/wp-content\/uploads\/Hurghada-Luxor-Valley-of-the-Kings-Tutankhamun-Tomb-Trip-ota7.avif\" data-src=\"https:\/\/egypt-tourist-information.com\/wp-content\/uploads\/Hurghada-Luxor-Valley-of-the-Kings-Tutankhamun-Tomb-Trip-ota7.avif\" loading=\"lazy\" data-sizes=\"{&quot;full&quot;:{&quot;url&quot;:&quot;https:\/\/egypt-tourist-information.com\/wp-content\/uploads\/Hurghada-Luxor-Valley-of-the-Kings-Tutankhamun-Tomb-Trip-ota7.avif&quot;}}\"><\/span><span><img decoding=\"async\" alt=\"\" data-id=\"9222\" width=\"\" height=\"undefined\" title=\"Hurghada \u2013 Luxor-Tal der K\u00f6nige und Ausflug zum Tutanchamun-Grab ota3\" src=\"https:\/\/egypt-tourist-information.com\/wp-content\/uploads\/Hurghada-Luxor-Valley-of-the-Kings-Tutankhamun-Tomb-Trip-ota3.avif\" data-src=\"https:\/\/egypt-tourist-information.com\/wp-content\/uploads\/Hurghada-Luxor-Valley-of-the-Kings-Tutankhamun-Tomb-Trip-ota3.avif\" loading=\"lazy\" data-sizes=\"{&quot;full&quot;:{&quot;url&quot;:&quot;https:\/\/egypt-tourist-information.com\/wp-content\/uploads\/Hurghada-Luxor-Valley-of-the-Kings-Tutankhamun-Tomb-Trip-ota3.avif&quot;}}\"><\/span><span><img decoding=\"async\" alt=\"\" data-id=\"9220\" width=\"\" height=\"undefined\" title=\"Hurghada \u2013 Luxor-Tal der K\u00f6nige und Ausflug zum Tutanchamun-Grab ota5\" src=\"https:\/\/egypt-tourist-information.com\/wp-content\/uploads\/Hurghada-Luxor-Valley-of-the-Kings-Tutankhamun-Tomb-Trip-ota5.avif\" data-src=\"https:\/\/egypt-tourist-information.com\/wp-content\/uploads\/Hurghada-Luxor-Valley-of-the-Kings-Tutankhamun-Tomb-Trip-ota5.avif\" loading=\"lazy\" data-sizes=\"{&quot;full&quot;:{&quot;url&quot;:&quot;https:\/\/egypt-tourist-information.com\/wp-content\/uploads\/Hurghada-Luxor-Valley-of-the-Kings-Tutankhamun-Tomb-Trip-ota5.avif&quot;}}\"><\/span><span><img decoding=\"async\" alt=\"\" data-id=\"9219\" width=\"\" height=\"undefined\" title=\"Hurghada-Luxor Tal der K\u00f6nige &amp; Tutanchamun Grab Ausflug ota6\" src=\"https:\/\/egypt-tourist-information.com\/wp-content\/uploads\/Hurghada-Luxor-Valley-of-the-Kings-Tutankhamun-Tomb-Trip-ota6.avif\" data-src=\"https:\/\/egypt-tourist-information.com\/wp-content\/uploads\/Hurghada-Luxor-Valley-of-the-Kings-Tutankhamun-Tomb-Trip-ota6.avif\" loading=\"lazy\" data-sizes=\"{&quot;full&quot;:{&quot;url&quot;:&quot;https:\/\/egypt-tourist-information.com\/wp-content\/uploads\/Hurghada-Luxor-Valley-of-the-Kings-Tutankhamun-Tomb-Trip-ota6.avif&quot;}}\"><\/span><span><img decoding=\"async\" alt=\"\" data-id=\"9217\" width=\"\" height=\"undefined\" title=\"Hurghada-Luxor Tal der K\u00f6nige &amp; Tutanchamun Grab Ausflug ota8\" src=\"https:\/\/egypt-tourist-information.com\/wp-content\/uploads\/Hurghada-Luxor-Valley-of-the-Kings-Tutankhamun-Tomb-Trip-ota8.avif\" data-src=\"https:\/\/egypt-tourist-information.com\/wp-content\/uploads\/Hurghada-Luxor-Valley-of-the-Kings-Tutankhamun-Tomb-Trip-ota8.avif\" loading=\"lazy\" data-sizes=\"{&quot;full&quot;:{&quot;url&quot;:&quot;https:\/\/egypt-tourist-information.com\/wp-content\/uploads\/Hurghada-Luxor-Valley-of-the-Kings-Tutankhamun-Tomb-Trip-ota8.avif&quot;}}\"><\/span><\/p>\n<h1 data-v-5ab2bee0=\"\">Hurghada: Luxor-Tal der K\u00f6nige &amp; Tutanchamun-Grab<\/h1>\n<h2><a href=\"https:\/\/www.getyourguide.com\/luxor-l109\/hurghada-luxor-valley-of-the-kings-tutankhamun-tomb-trip-t22357\/?partner_id=NO9XIDE&amp;utm_medium=online_publisher&amp;cmp=ETIDeHurghadaLuxorDayTourSP\" target=\"_blank\" rel=\"nofollow noopener\" style=\"outline: none;\">Zur Buchung<\/a><\/h2>\n<h1><a href=\"https:\/\/www.getyourguide.com\/luxor-l109\/hurghada-luxor-valley-of-the-kings-tutankhamun-tomb-trip-t22357\/?partner_id=NO9XIDE&amp;utm_medium=online_publisher&amp;cmp=ETIDeHurghadaLuxorDayTourSP\" target=\"_blank\" rel=\"nofollow noopener\" style=\"outline: none;\" spellcheck=\"false\">Ab 77 \u20ac&nbsp;<\/a><strong><\/strong><\/h1>\n<p data-end=\"425\" data-start=\"237\">Begeben Sie sich auf einen aufregenden Tagesausflug<strong>&nbsp;von Hurghada nach Luxor<\/strong> und erkunden Sie <strong>den Karnak-Tempel, das Tal der K\u00f6nige<\/strong> und vieles mehr. Genie\u00dfen Sie die Abholung vom Hotel, fachkundige F\u00fchrung und eine optionale malerische Nil-Bootsfahrt.<\/p>\n<ul>\n<li style=\"\"><span>Handverlesenes Ticket&nbsp;<\/span><\/li>\n<li style=\"\"><span>Jetzt reservieren &amp; sp\u00e4ter bezahlen<\/span><\/li>\n<li style=\"\"><span>Dauer: 8 &#8211; 14 Stunden<\/span><\/li>\n<li style=\"\"><span>Kostenlos<\/span><\/li>\n<\/ul>\n<h2>Inbegriffen<\/h2>\n<ul>\n<li style=\"\">                    <span>Abholung und R\u00fccktransfer vom Hotel in Hurghada&nbsp;<\/span><\/li>\n<li style=\"\">                    <span>Hin- und R\u00fccktransport im klimatisierten Fahrzeug<\/span><\/li>\n<li style=\"\">                    <span>Besuch des Tals der K\u00f6nige&nbsp;<\/span><\/li>\n<li style=\"\">                    <span>Eintritt zum Karnak-Tempel<\/span><\/li>\n<li style=\"\">                    <span>Besuch der Memnonkolosse<\/span><\/li>\n<li style=\"\">                    <span>Erkundung des Tempels der Hatschepsut<\/span><\/li>\n<li style=\"\">                    <span>Gef\u00fchrte Tour durch die Stadt Luxor<\/span><\/li>\n<li style=\"\">                    <span>Malerische Bootsfahrt \u00fcber den Nil <strong>(<\/strong><strong>optional)<\/strong><\/span><\/li>\n<li style=\"\">                    <span>Mittagsbuffet in einem Restaurant in Luxor<\/span><\/li>\n<li style=\"\">                    <span>Grab von Tutanchamun <strong>(falls Option oder Add-on ausgew\u00e4hlt)<\/strong><\/span><\/li>\n<li style=\"\">                    <span>Polnisch- und romanischsprachiger Reisef\u00fchrer (als Zusatzangebot erh\u00e4ltlich)<\/span><\/li>\n<\/ul>\n<h2>Nicht inbegriffen<\/h2>\n<ul>\n<li style=\"\"><span>Pers\u00f6nliche Ausgaben<\/span><\/li>\n<\/ul>\n<h2>Wichtige Informationen<\/h2>\n<ul>\n<li style=\"\"><span>Abholzeit- und ort werden einen Tag vor der Tour best\u00e4tigt<\/span><\/li>\n<li><span>Geben Sie Ihre Hotelzimmernummer \u00fcber WhatsApp weiter, um beh\u00f6rdliche Genehmigungen zu erhalten<\/span><\/li>\n<li><span>Schwangeren Reisenden und Menschen mit eingeschr\u00e4nkter Mobilit\u00e4t, Herzproblemen oder im Rollstuhl wird von der Teilnahme abgeraten<\/span><\/li>\n<li><span>Bringen Sie Ihren Reisepass oder Personalausweis, bequeme Kleidung und Schuhe, Sonnenbrille, Sonnencreme und Bargeld mit<br \/><\/span><\/li>\n<li><span>Nicht erlaubt: Rauchen, Gep\u00e4ck oder gro\u00dfe Taschen<\/span><\/li>\n<li><span>Tipp: Bei fr\u00fchzeitiger Abreise k\u00f6nnen Sie Fr\u00fchst\u00fccksboxen bei Ihrem Hotel anfordern.<br \/><\/span><\/li>\n<li><span>Wichtig: Die R\u00fcckkehr nach Hurghada mit der Gruppe ist obligatorisch<\/span><\/li>\n<\/ul>\n<h2>Beschreibung:<\/h2>\n<p data-pm-slice=\"1 1 []\">Entdecken Sie die <strong>Pracht des alten \u00c4gyptens<\/strong>&nbsp;auf diesem Tagesausflug von Hurghada nach Luxor und tauchen Sie an nur einem unvergesslichen Tag tief in die Geschichte ein. Beginnen Sie mit einer F\u00fchrung durch den beeindruckenden&nbsp;<strong>Karnak-Tempel,<\/strong> gefolgt von einer <strong>optionalen Bootsfahrt \u00fcber den Nil.<\/strong><\/p>\n<p data-pm-slice=\"1 1 []\">Erkunden Sie am Westufer das ber\u00fchmte <strong>Tal der K\u00f6nige<\/strong> und den gro\u00dfen <strong>Tempel der K\u00f6nigin Hatschepsut.<\/strong> Genie\u00dfen Sie ein Mittagsbuffet und entspannen Sie auf dem R\u00fcckweg bei Snacks und kalten Getr\u00e4nken \u2013 ein fachm\u00e4nnisch geplantes Erlebnis von der Abholung bis zum R\u00fccktransport.<\/p>\n<h2>Highlights:<\/h2>\n<p ltr\"\"=\"\">\n<ul>\n<li dir=\"ltr\">Erkunden Sie <strong>den Karnak-Tempel,&nbsp;<\/strong>eine der gr\u00f6\u00dften antiken religi\u00f6sen St\u00e4tten der Erde<\/li>\n<li dir=\"ltr\">Besuchen Sie die <strong>K\u00f6nigsgr\u00e4ber im Tal der K\u00f6nige,<\/strong> einschlie\u00dflich der von Tutanchamun (optional)<\/li>\n<li dir=\"ltr\">Bewundern Sie die einzigartige Architektur des <strong>Tempels der K\u00f6nigin Hatschepsut<\/strong><\/li>\n<li dir=\"ltr\">Genie\u00dfen Sie eine <strong>malerische Nil\u00fcberquerung mit dem Boot<\/strong> vom Ost- zum Westufer (optional)<\/li>\n<li dir=\"ltr\">Reisen Sie mit einem erfahrenen Reiseleiter und entspannen Sie sich bei der Abholung vom Hotel, Snacks und Mittagessen<\/li>\n<\/ul>\n<h2>Stornierungsbedingungen<\/h2>\n<p dir=\"ltr\">Kostenlose Stornierung bis 24 Stunden vor Tourbeginn mit voller R\u00fcckerstattung m\u00f6glich.<\/p>\n<h2>Treffpunkt &amp; Anweisungen<\/h2>\n<p dir=\"ltr\">Die Abholung von Hotels in Hurghada und Makadi ist inbegriffen.<\/p>\n<p dir=\"ltr\">F\u00fcr Abholungen in El Gouna, Sahl Hasheesh, Soma Bay und anderen Gebieten wird ein Aufpreis erhoben.<\/p>\n<p dir=\"ltr\">Die G\u00e4ste werden am Vortag per WhatsApp mit den genauen Abholdetails kontaktiert. Bitte finden Sie sich 10\u201315 Minuten vor Abfahrt in der Hotellobby ein.<\/p>\n<p><a href=\"https:\/\/www.getyourguide.com\/luxor-l109\/hurghada-luxor-valley-of-the-kings-tutankhamun-tomb-trip-t22357\/?partner_id=NO9XIDE&amp;utm_medium=online_publisher&amp;cmp=ETIDeHurghadaLuxorDayTourSP\" rel=\"nofollow noopener\" spellcheck=\"false\" target=\"_blank\" style=\"outline: none;\">Abholbereiche anzeigen<\/a><\/p>\n<h2>Bewertungen<\/h2>\n<p><strong>4.8\/ 5 &nbsp;<\/strong><strong>(<strong>6906<\/strong> Bewertungen)<\/strong><\/p>\n<p dir=\"ltr\"><em>\u201eAhmed war ein sehr sachkundiger und freundlicher Reiseleiter, der sehr effizient, geduldig und freundlich war. Er hat die verschiedenen Sehensw\u00fcrdigkeiten wirklich gut erkl\u00e4rt und die wichtigsten Orte hervorgehoben. Die Reise hat sich absolut gelohnt, eine einzigartige Reise auf der Welt, und er hat dazu beigetragen, dass sie sich rundum gelohnt hat.\u201c<\/em> \u2013 Kiruban, Juni 2025 &gt;&gt; <a href=\"https:\/\/www.getyourguide.com\/luxor-l109\/hurghada-luxor-valley-of-the-kings-tutankhamun-tomb-trip-t22357\/?partner_id=NO9XIDE&amp;utm_medium=online_publisher&amp;cmp=ETIDeHurghadaLuxorDayTourSP\" target=\"_blank\" rel=\"nofollow noopener\" style=\"outline: none;\" spellcheck=\"false\">Weitere Bewertungen<\/a><\/p>\n<h2>Einige Aktivit\u00e4ten, die Ihnen gefallen k\u00f6nnten<\/h2>\n<p><span># <\/span><strong><span>2<\/span><\/strong><span># <\/span><strong><span>2<\/span><\/strong><span><img decoding=\"async\" alt=\"\" data-id=\"9163\" width=\"159\" data-init-width=\"720\" height=\"159\" data-init-height=\"480\" title=\"Von Hurghada - Ganzt\u00e4giger Ausflug nach Kairo mit dem Flugzeug ota\" loading=\"lazy\" src=\"https:\/\/egypt-tourist-information.com\/wp-content\/uploads\/From-Hurghada-Full-Day-Trip-to-Cairo-by-Plane-ota.avif\" data-width=\"159\" data-height=\"159\" style=\"aspect-ratio: auto 720 \/ 480;\"><\/span><\/p>\n<table>\n<tbody>\n<tr>\n<td><a href=\"https:\/\/www.getyourguide.com\/hurghada-l403\/from-hurghada-full-day-trip-to-cairo-by-plane-t21224\/?partner_id=NO9XIDE&amp;utm_medium=online_publisher&amp;cmp=ETIDeHurghadaLuxorDayTourSP2\" rel=\"nofollow noopener\" spellcheck=\"false\" target=\"_blank\" style=\"outline: none;\">Ab Hurghada: Tagesausflug nach Kairo mit dem Flugzeug<\/a><\/td>\n<\/tr>\n<\/tbody>\n<\/table>\n<p>Reisen Sie <strong>von Hurghada nach Kairo<\/strong> f\u00fcr ein unvergessliches Ganztagesabenteuer und erkunden Sie die zeitlosen Wunder der \u00e4gyptischen Hauptstadt <strong>mit dem Flugzeug.<\/strong><\/p>\n<h3 style=\"\">Gesamtpreis<\/h3>\n<h3 style=\"\">Ihr Konto wird noch nicht belastet.<\/h3>\n<p><span># <\/span><strong><span>2<\/span><\/strong><span># <\/span><strong><span>2<\/span><\/strong><span><img decoding=\"async\" alt=\"Ganzt\u00e4gige Kairo-Tour ab Hurghada: Pyramiden von Gizeh und Highlights\" data-id=\"9160\" width=\"159\" data-init-width=\"1598\" height=\"119\" data-init-height=\"999\" title=\"Ganzt\u00e4gige Kairo-Tour ab Hurghada: Pyramiden von Gizeh und Highlights\" loading=\"lazy\" src=\"https:\/\/egypt-tourist-information.com\/wp-content\/uploads\/From-Hurghada-Cairo-and-Giza-Highlights-Full-Day-Tour-ota.avif\" data-width=\"159\" data-height=\"119\" style=\"aspect-ratio: auto 1598 \/ 999;\"><\/span><\/p>\n<table>\n<tbody>\n<tr>\n<td>\n<table>\n<tbody>\n<tr>\n<td><a href=\"https:\/\/www.getyourguide.com\/hurghada-l403\/from-hurghada-cairo-and-giza-highlights-full-day-tour-t686648\/?partner_id=NO9XIDE&amp;utm_medium=online_publisher&amp;cmp=ETIDeHurghadaLuxorDayTourSP2\" rel=\"nofollow noopener\" spellcheck=\"false\" target=\"_blank\" style=\"outline: none;\">Ab Hurghada: Tagestour zu den Highlights von Kairo und Gizeh<\/a><\/td>\n<\/tr>\n<\/tbody>\n<\/table>\n<\/td>\n<\/tr>\n<\/tbody>\n<\/table>\n<p data-end=\"393\" data-start=\"186\">Verpassen Sie nicht diese All-in-One-Tagestour&nbsp;<strong data-end=\"241\" data-start=\"213\">durch Kairo ab Hurghada im Minivan<\/strong>! Besuchen Sie die ber\u00fchmten &nbsp;<strong data-end=\"280\" data-start=\"260\">Pyramiden von Gizeh<\/strong>, die&nbsp;<strong data-end=\"302\" data-start=\"286\">Gro\u00dfe Sphinx<\/strong>&nbsp;und das&nbsp;<strong data-end=\"331\" data-start=\"312\">\u00c4gyptische Museum<\/strong> an einem Tag \u2013 Transfers, Mittagessen und fachkundige Reiseleiter inklusive.<\/p>\n<h3 style=\"\">Gesamtpreis<\/h3>\n<h3>Ihr Konto wird noch nicht belastet.<\/h3>\n<p><span># <\/span><strong><span>2<\/span><\/strong><span><img decoding=\"async\" alt=\"\" data-id=\"9166\" width=\"159\" data-init-width=\"2333\" height=\"106\" data-init-height=\"1556\" title=\"Hurghada \u2013 Luxus-Kreuzfahrt nach Orange Bay mit Mittagessen\" loading=\"lazy\" src=\"https:\/\/egypt-tourist-information.com\/wp-content\/uploads\/Hurghada-Luxury-Cruise-Trip-to-Orange-Bay-with-Lunch-ota.avif\" data-width=\"159\" data-height=\"106\" style=\"aspect-ratio: auto 2333 \/ 1556;\"><\/span><\/p>\n<table>\n<tbody>\n<tr>\n<td><a data-lt-tmp-id=\"lt-522773\" href=\"https:\/\/www.getyourguide.com\/hurghada-l403\/hurghada-luxury-sailing-trip-to-orange-bay-with-lunch-t387390\/?partner_id=NO9XIDE&amp;utm_medium=online_publisher&amp;cmp=ETIDeHurghadaLuxorDayTourSP4\" rel=\"nofollow noopener\" spellcheck=\"false\" target=\"_blank\" style=\"outline: none;\">Hurghada: Luxus-Kreuzfahrt zur Orange Bay mit Mittagessen<\/a><\/td>\n<\/tr>\n<\/tbody>\n<\/table>\n<p>G\u00f6nnen Sie sich einen Tag voller Luxus auf einer <strong>Kreuzfahrt von Hurghada nach Orange Bay,<\/strong> wo <strong>kristallklares Wasser<\/strong> und wei\u00dfer Sand auf Sie warten, inklusive eines k\u00f6stlichen Mittagessens an Bord.<\/p>\n<h3 style=\"\">Gesamtpreis<\/h3>\n<h3>Ihr Konto wird noch nicht belastet.<\/h3>\n<p><\/p>\n<h2><a href=\"https:\/\/www.getyourguide.com\/luxor-l109\/hurghada-luxor-valley-of-the-kings-tutankhamun-tomb-trip-t22357\/?partner_id=NO9XIDE&amp;utm_medium=online_publisher&amp;cmp=ETIDeHurghadaLuxorDayTourSP\" target=\"_blank\" rel=\"nofollow noopener\" style=\"outline: none;\" spellcheck=\"false\">Zur Buchung<\/a><span style=\"font-weight: normal;\"><\/span><\/h2>\n<p><strong style=\"outline: currentcolor;\"><a href=\"https:\/\/www.getyourguide.com\/luxor-l109\/hurghada-luxor-valley-of-the-kings-tutankhamun-tomb-trip-t22357\/?partner_id=NO9XIDE&amp;utm_medium=online_publisher&amp;cmp=ETIDeHurghadaLuxorDayTourSP\" target=\"_blank\" rel=\"nofollow noopener\" spellcheck=\"false\" style=\"outline: none;\">Ab 77 \u20ac&nbsp;<\/a><\/strong><\/p>\n<h3>Ihr Konto wird noch nicht belastet.<\/h3>\n","protected":false},"excerpt":{"rendered":"<p>Hurghada: Luxor-Tal der K\u00f6nige &amp; Tutanchamun-Grab Zur Buchung Ab 77 \u20ac&nbsp; Begeben Sie sich auf einen aufregenden Tagesausflug&nbsp;von Hurghada nach Luxor und erkunden Sie den Karnak-Tempel, das Tal der K\u00f6nige und vieles mehr. Genie\u00dfen Sie die Abholung vom Hotel, fachkundige F\u00fchrung und eine optionale malerische Nil-Bootsfahrt. Handverlesenes Ticket&nbsp; Jetzt reservieren &amp; sp\u00e4ter bezahlen Dauer: 8 [&hellip;]<\/p>\n","protected":false},"author":6,"featured_media":10860,"parent":0,"menu_order":0,"comment_status":"closed","ping_status":"closed","template":"","meta":{"_acf_changed":false,"footnotes":"","tve_updated_post":"","tve_custom_css":"","tve_user_custom_css":"","tve_globals":{},"tcb2_ready":1,"tcb_editor_enabled":1,"tve_landing_page":"bd86f3fc67210fed5b2794ad4a56d3a9","_tve_header":"10865","_tve_footer":"10866"},"categories":[114],"tags":[122,120,129],"class_list":["post-11476","page","type-page","status-publish","has-post-thumbnail","hentry","category-hurghada-de","tag-hurghada-de","tag-tagesausfluge","tag-verkaufsseite","post-wrapper","thrv_wrapper"],"acf":[],"_links":{"self":[{"href":"https:\/\/egypt-tourist-information.com\/de\/wp-json\/wp\/v2\/pages\/11476","targetHints":{"allow":["GET"]}}],"collection":[{"href":"https:\/\/egypt-tourist-information.com\/de\/wp-json\/wp\/v2\/pages"}],"about":[{"href":"https:\/\/egypt-tourist-information.com\/de\/wp-json\/wp\/v2\/types\/page"}],"author":[{"embeddable":true,"href":"https:\/\/egypt-tourist-information.com\/de\/wp-json\/wp\/v2\/users\/6"}],"replies":[{"embeddable":true,"href":"https:\/\/egypt-tourist-information.com\/de\/wp-json\/wp\/v2\/comments?post=11476"}],"version-history":[{"count":11,"href":"https:\/\/egypt-tourist-information.com\/de\/wp-json\/wp\/v2\/pages\/11476\/revisions"}],"predecessor-version":[{"id":13716,"href":"https:\/\/egypt-tourist-information.com\/de\/wp-json\/wp\/v2\/pages\/11476\/revisions\/13716"}],"wp:featuredmedia":[{"embeddable":true,"href":"https:\/\/egypt-tourist-information.com\/de\/wp-json\/wp\/v2\/media\/10860"}],"wp:attachment":[{"href":"https:\/\/egypt-tourist-information.com\/de\/wp-json\/wp\/v2\/media?parent=11476"}],"wp:term":[{"taxonomy":"category","embeddable":true,"href":"https:\/\/egypt-tourist-information.com\/de\/wp-json\/wp\/v2\/categories?post=11476"},{"taxonomy":"post_tag","embeddable":true,"href":"https:\/\/egypt-tourist-information.com\/de\/wp-json\/wp\/v2\/tags?post=11476"}],"curies":[{"name":"wp","href":"https:\/\/api.w.org\/{rel}","templated":true}]}}