{"id":11479,"date":"2025-06-25T12:04:41","date_gmt":"2025-06-25T12:04:41","guid":{"rendered":"https:\/\/egypt-tourist-information.com\/dolphin-house-trip-hurghada-makadi"},"modified":"2025-09-12T11:23:51","modified_gmt":"2025-09-12T11:23:51","slug":"dolphin-house-hurghada-ausflug","status":"publish","type":"page","link":"https:\/\/egypt-tourist-information.com\/de\/dolphin-house-hurghada-ausflug","title":{"rendered":"Dolphin House Hurghada Ausflug: Ab Hurghada oder Makadi"},"content":{"rendered":"<p><span><img decoding=\"async\" alt=\"\" data-id=\"9269\" width=\"\" height=\"undefined\" title=\"Hurghada oder Makadi \u2013 Entdecken Sie die Magie des Dolphin House\" src=\"https:\/\/egypt-tourist-information.com\/wp-content\/uploads\/Hurghada-or-Makadi-Discover-the-Magic-of-Dolphin-House-ota-1.avif\" data-src=\"https:\/\/egypt-tourist-information.com\/wp-content\/uploads\/Hurghada-or-Makadi-Discover-the-Magic-of-Dolphin-House-ota-1.avif\" loading=\"lazy\" data-sizes=\"{&quot;full&quot;:{&quot;url&quot;:&quot;https:\/\/egypt-tourist-information.com\/wp-content\/uploads\/Hurghada-or-Makadi-Discover-the-Magic-of-Dolphin-House-ota-1.avif&quot;}}\"><\/span><span><img decoding=\"async\" alt=\"\" data-id=\"9267\" width=\"\" height=\"undefined\" title=\"Hurghada oder Makadi \u2013 Entdecken Sie die Magie des Dolphin House ota3\" src=\"https:\/\/egypt-tourist-information.com\/wp-content\/uploads\/Hurghada-or-Makadi-Discover-the-Magic-of-Dolphin-House-ota3.avif\" data-src=\"https:\/\/egypt-tourist-information.com\/wp-content\/uploads\/Hurghada-or-Makadi-Discover-the-Magic-of-Dolphin-House-ota3.avif\" loading=\"lazy\" data-sizes=\"{&quot;full&quot;:{&quot;url&quot;:&quot;https:\/\/egypt-tourist-information.com\/wp-content\/uploads\/Hurghada-or-Makadi-Discover-the-Magic-of-Dolphin-House-ota3.avif&quot;}}\"><\/span><span><img decoding=\"async\" alt=\"\" data-id=\"9268\" width=\"2311\" height=\"1300\" title=\"Hurghada oder Makadi \u2013 Entdecken Sie die Magie des Dolphin House ota2\" src=\"https:\/\/egypt-tourist-information.com\/wp-content\/uploads\/Hurghada-or-Makadi-Discover-the-Magic-of-Dolphin-House-ota2-1024x576.webp\" data-src=\"https:\/\/egypt-tourist-information.com\/wp-content\/uploads\/Hurghada-or-Makadi-Discover-the-Magic-of-Dolphin-House-ota2-300x169.webp\" loading=\"lazy\" data-sizes=\"{&quot;thumbnail&quot;:{&quot;url&quot;:&quot;https:\/\/egypt-tourist-information.com\/wp-content\/uploads\/Hurghada-or-Makadi-Discover-the-Magic-of-Dolphin-House-ota2-150x150.webp&quot;,&quot;height&quot;:150,&quot;width&quot;:150,&quot;orientation&quot;:&quot;landscape&quot;},&quot;medium&quot;:{&quot;url&quot;:&quot;https:\/\/egypt-tourist-information.com\/wp-content\/uploads\/Hurghada-or-Makadi-Discover-the-Magic-of-Dolphin-House-ota2-300x169.webp&quot;,&quot;height&quot;:169,&quot;width&quot;:300,&quot;orientation&quot;:&quot;landscape&quot;},&quot;large&quot;:{&quot;url&quot;:&quot;https:\/\/egypt-tourist-information.com\/wp-content\/uploads\/Hurghada-or-Makadi-Discover-the-Magic-of-Dolphin-House-ota2-1024x576.webp&quot;,&quot;height&quot;:576,&quot;width&quot;:1024,&quot;orientation&quot;:&quot;landscape&quot;},&quot;full&quot;:{&quot;url&quot;:&quot;https:\/\/egypt-tourist-information.com\/wp-content\/uploads\/Hurghada-or-Makadi-Discover-the-Magic-of-Dolphin-House-ota2.webp&quot;,&quot;height&quot;:1300,&quot;width&quot;:2311,&quot;orientation&quot;:&quot;landscape&quot;},&quot;1536x1536&quot;:{&quot;url&quot;:&quot;https:\/\/egypt-tourist-information.com\/wp-content\/uploads\/Hurghada-or-Makadi-Discover-the-Magic-of-Dolphin-House-ota2-1536x864.webp&quot;,&quot;height&quot;:864,&quot;width&quot;:1536,&quot;orientation&quot;:&quot;landscape&quot;},&quot;2048x2048&quot;:{&quot;url&quot;:&quot;https:\/\/egypt-tourist-information.com\/wp-content\/uploads\/Hurghada-or-Makadi-Discover-the-Magic-of-Dolphin-House-ota2-2048x1152.webp&quot;,&quot;height&quot;:1152,&quot;width&quot;:2048,&quot;orientation&quot;:&quot;landscape&quot;}}\"><\/span><span><img decoding=\"async\" alt=\"\" data-id=\"9265\" width=\"\" height=\"undefined\" title=\"Hurghada oder Makadi \u2013 Entdecken Sie die Magie des Dolphin House ota5\" src=\"https:\/\/egypt-tourist-information.com\/wp-content\/uploads\/Hurghada-or-Makadi-Discover-the-Magic-of-Dolphin-House-ota5.avif\" data-src=\"https:\/\/egypt-tourist-information.com\/wp-content\/uploads\/Hurghada-or-Makadi-Discover-the-Magic-of-Dolphin-House-ota5.avif\" loading=\"lazy\" data-sizes=\"{&quot;full&quot;:{&quot;url&quot;:&quot;https:\/\/egypt-tourist-information.com\/wp-content\/uploads\/Hurghada-or-Makadi-Discover-the-Magic-of-Dolphin-House-ota5.avif&quot;}}\"><\/span><span><img decoding=\"async\" alt=\"\" data-id=\"9266\" width=\"\" height=\"undefined\" title=\"Hurghada oder Makadi \u2013 Entdecken Sie die Magie des Dolphin House ota4\" src=\"https:\/\/egypt-tourist-information.com\/wp-content\/uploads\/Hurghada-or-Makadi-Discover-the-Magic-of-Dolphin-House-ota4.avif\" data-src=\"https:\/\/egypt-tourist-information.com\/wp-content\/uploads\/Hurghada-or-Makadi-Discover-the-Magic-of-Dolphin-House-ota4.avif\" loading=\"lazy\" data-sizes=\"{&quot;full&quot;:{&quot;url&quot;:&quot;https:\/\/egypt-tourist-information.com\/wp-content\/uploads\/Hurghada-or-Makadi-Discover-the-Magic-of-Dolphin-House-ota4.avif&quot;}}\"><\/span><\/p>\n<h1 data-test-id=\"activity-title\" data-track=\"activity-title\" data-v-aba56113=\"\">Hurghada oder Makadi: Entdecke den Zauber des Dolphin House<\/h1>\n<h2><a href=\"https:\/\/www.getyourguide.com\/hurghada-l403\/hurghada-or-makadi-discover-the-magic-of-dolphin-house-t482952\/?partner_id=NO9XIDE&amp;utm_medium=online_publisher&amp;cmp=ETIDeDolphinHouseSP\" target=\"_blank\" rel=\"nofollow noopener\" style=\"outline: none;\">Zur Buchung<\/a><\/h2>\n<h1><a href=\"https:\/\/www.getyourguide.com\/hurghada-l403\/hurghada-or-makadi-discover-the-magic-of-dolphin-house-t482952\/?partner_id=NO9XIDE&amp;utm_medium=online_publisher&amp;cmp=ETIDeDolphinHouseSP\" target=\"_blank\" rel=\"nofollow noopener\" style=\"outline: none;\"><span style=\"font-weight: normal;\"><\/span>Ab 23 \u20ac<span style=\"font-weight: normal;\"><\/span><\/a><strong><\/strong><\/h1>\n<p dir=\"ltr\">Erleben Sie den Nervenkitzel von<strong>&nbsp;Dolphin House bei einem ganzt\u00e4gigen Ausflug<\/strong>&nbsp;<strong>ab Hurghada oder Makadi.<\/strong> Schnorcheln Sie an farbenfrohen Korallenriffen, probieren Sie unterhaltsame Wassersportarten aus und genie\u00dfen Sie ein Mittagessen an Bord einer entspannten Kreuzfahrt im Roten Meer.<\/p>\n<ul>\n<li style=\"\"><span>Handverlesenes Ticket&nbsp;<\/span><\/li>\n<li style=\"\"><span>Jetzt reservieren &amp; sp\u00e4ter bezahlen<\/span><\/li>\n<li style=\"\"><span>Dauer: 7 Stunden<\/span><\/li>\n<li style=\"\"><span>Kostenlose Stornierung<\/span><\/li>\n<\/ul>\n<h2>Inbegriffen<\/h2>\n<ul>\n<li style=\"\">                    <span>Abholung und R\u00fccktransfer von Hotels in Hurghada&nbsp;<\/span><\/li>\n<li style=\"\">                    <span>Abholung und R\u00fccktransfer von Makadi Bay, Sahl Hasheesh, El Gouna, Safaga und Soma Bay <strong>(als ausgew\u00e4hltes Add-on verf\u00fcgbar)<\/strong><\/span><\/li>\n<li style=\"\">                    <span>Bootsfahrt<\/span><\/li>\n<li style=\"\">                    <span>Mittagessen (gebratenes H\u00e4hnchen, Kofta, Fisch, Reis, Nudeln und 4 Salatsorten)<\/span><\/li>\n<li style=\"\">                    <span>Schnorchelf\u00fchrer und Ausr\u00fcstung<\/span><\/li>\n<li style=\"\">                    <span>Wassersport (Sofaboot)&nbsp;<\/span><\/li>\n<li style=\"\">                    <span>Rettungsweste<\/span><\/li>\n<li style=\"\">                    <span>Frisches, saisonales Obst<\/span><\/li>\n<li style=\"\">                    <span>Softdrinks und Mineralwasser (ganzt\u00e4gig)<\/span><\/li>\n<\/ul>\n<h2>Nicht inbegriffen<\/h2>\n<ul>\n<li style=\"\"><span>Pers\u00f6nliche Ausgaben<\/span><\/li>\n<\/ul>\n<h2>Wichtige Informationen<\/h2>\n<ul>\n<li style=\"\"><span>Dauer: ca. 7 Stunden<\/span><\/li>\n<li><span>Live-Reiseleiter auf Englisch, Niederl\u00e4ndisch, Tschechisch und Russisch verf\u00fcgbar<\/span><\/li>\n<li><span>Delfinsichtungen sind nicht garantiert (95 % Erfolgsquote); abh\u00e4ngig vom Wetter<\/span><\/li>\n<li><span>Das Schwimmen mit Delfinen ist nur m\u00f6glich, wenn das Wetter es zul\u00e4sst und der Gast ein sicherer Schwimmer ist<\/span><\/li>\n<li><span>Bringen Sie Sonnencreme, Sonnenbrille, Handtuch, Ausweis\/Reisepass (Kopie akzeptiert) und etwas Bargeld mit<\/span><\/li>\n<li><span>Schwangere Frauen d\u00fcrfen an dieser Tour nicht teilnehmen<\/span><\/li>\n<\/ul>\n<h2>Beschreibung:<\/h2>\n<p data-pm-slice=\"1 1 []\">Begeben Sie sich auf einen unvergessliche Ausflug zum Dolphin House ab Hurghada oder Makadi und entdecken Sie die&nbsp;<strong>Wunder des Roten Meeres.<\/strong> Fahren Sie zu Gebieten, die f\u00fcr <strong>Delfinbeobachtungen&nbsp;<\/strong>bekannt sind, und schwimmen oder schnorcheln Sie in Koralleng\u00e4rten voller Meereslebewesen.&nbsp;<\/p>\n<p data-pm-slice=\"1 1 []\"><strong>Gleiten Sie auf einer aufregenden Sofabootfahrt<\/strong>&nbsp;\u00fcber das Wasser,&nbsp;entspannen Sie anschlie\u00dfend an Deck und genie\u00dfen Sie ein leckeres&nbsp;<strong>orientalisches Mittagessen<\/strong> mit erfrischenden Getr\u00e4nken. Begegnungen mit Delfinen sind zwar nicht garantiert, aber das Erlebnis des Schnorchelns und Segelns in diesen glitzernden Gew\u00e4ssern ist es mehr als wert.<\/p>\n<h2>Highlights:<\/h2>\n<p ltr\"\"=\"\">\n<ul>\n<li dir=\"ltr\">Schwimmen oder schnorcheln Sie an <strong>zwei atemberaubenden Riffen<\/strong><\/li>\n<li dir=\"ltr\"><strong>Gelegenheit, wilde Delfine<\/strong> in ihrem nat\u00fcrlichen Lebensraum zu beobachten und in ihrer N\u00e4he zu schwimmen<\/li>\n<li dir=\"ltr\">Aufregende <strong>Sofabootfahrt<\/strong> \u00fcber das Meer<\/li>\n<li dir=\"ltr\"><strong>Komplettes Mittagessen an Bord<\/strong> mit gegrilltem Fleisch, Fisch, Salaten und frischem Obst<\/li>\n<li dir=\"ltr\">Komfortable, <strong>malerische Kreuzfahrt<\/strong> mit Sonnenbaden und Entspannungszeit<\/li>\n<li dir=\"ltr\">Mehrsprachige Guides und <strong>Schnorchelausr\u00fcstung<\/strong> inklusive<\/li>\n<\/ul>\n<h2>Stornierungsbedingungen<\/h2>\n<p dir=\"ltr\">Kostenlose Stornierung bis 24 Stunden vor Tourbeginn mit voller R\u00fcckerstattung m\u00f6glich.<\/p>\n<h2>Treffpunkt &amp; Wegbeschreibung<\/h2>\n<p dir=\"ltr\">Die Abholung von Hotels in Hurghada ist im Preis inbegriffen. Bei einem Aufenthalt in Makadi Bay, Sahl Hasheesh, El Gouna, Safaga oder Soma Bay w\u00e4hlen Sie bitte bei der Buchung das entsprechende Abhol-Add-on aus. Halten Sie sich 10 Minuten vor Ihrem geplanten Aufenthalt in der Hotellobby bereit und geben Sie Ihre Zimmernummer an, sofern diese verf\u00fcgbar ist. Die Fahrer warten maximal 10 Minuten.<\/p>\n<p><a href=\"https:\/\/www.getyourguide.com\/hurghada-l403\/hurghada-or-makadi-discover-the-magic-of-dolphin-house-t482952\/?partner_id=NO9XIDE&amp;utm_medium=online_publisher&amp;cmp=ETIDeDolphinHouseSP\" rel=\"nofollow noopener\" spellcheck=\"false\" target=\"_blank\" style=\"outline: none;\">Abholbereiche anzeigen<\/a><\/p>\n<h2>Bewertungen<\/h2>\n<p><strong>4.8\/ 5&nbsp; <\/strong><strong>(3030+ Bewertungen)<\/strong><\/p>\n<p dir=\"ltr\"><em>\u201e<\/em>Alles war perfekt. Freundliches Personal hat uns herumgef\u00fchrt und sich gro\u00dfe M\u00fche gegeben, uns Delfine zeigen und mit ihnen schwimmen zu lassen, obwohl es schwierig war. Sehr zu empfehlen. Tolles Essen und tolle Guides. Ein gro\u00dfes Lob an Amor, ein netter Kerl und tolle Fotos.<em>\u201c&nbsp;<\/em> \u2013 Franti\u0161ek, Juni 2025 &gt;&gt; <a href=\"https:\/\/www.getyourguide.com\/hurghada-l403\/hurghada-or-makadi-discover-the-magic-of-dolphin-house-t482952\/?partner_id=NO9XIDE&amp;utm_medium=online_publisher&amp;cmp=ETIDeDolphinHouseSP\" target=\"_blank\" rel=\"nofollow noopener\" style=\"outline: none;\" spellcheck=\"false\">Weitere Bewertungen<\/a><\/p>\n<h2>Einige Aktivit\u00e4ten, die Ihnen gefallen k\u00f6nnten<\/h2>\n<p><span># <\/span><strong><span>2<\/span><\/strong><span># <\/span><strong><span>2<\/span><\/strong><span><img decoding=\"async\" alt=\"Hurghada: Luxor-Tal der K\u00f6nige &amp; Tutanchamun-Grab\" data-id=\"8966\" width=\"159\" data-init-width=\"720\" height=\"103\" data-init-height=\"480\" title=\"Hurghada \u2013 Luxor-Tal der K\u00f6nige und Ausflug zum Grab des Tutanchamun usw\" loading=\"lazy\" src=\"https:\/\/egypt-tourist-information.com\/wp-content\/uploads\/Hurghada-Luxor-Valley-of-the-Kings-Tutankhamun-Tomb-Trip-ota.avif\" data-width=\"159\" data-height=\"103\" style=\"aspect-ratio: auto 720 \/ 480;\"><\/span><\/p>\n<table>\n<tbody>\n<tr>\n<td>\n<table>\n<tbody>\n<tr>\n<td>\n<table>\n<tbody>\n<tr>\n<td><a data-lt-tmp-id=\"lt-377315\" href=\"https:\/\/www.getyourguide.com\/luxor-l109\/hurghada-luxor-valley-of-the-kings-tutankhamun-tomb-trip-t22357\/?partner_id=NO9XIDE&amp;utm_medium=online_publisher&amp;cmp=ETIDeDolphinHouseSP2\" rel=\"nofollow noopener\" spellcheck=\"false\" target=\"_blank\" style=\"outline: none;\">Hurghada: Luxor-Tal der K\u00f6nige &amp; Tutanchamun-Grab<\/a><\/td>\n<\/tr>\n<\/tbody>\n<\/table>\n<\/td>\n<\/tr>\n<\/tbody>\n<\/table>\n<\/td>\n<\/tr>\n<\/tbody>\n<\/table>\n<p>Begeben Sie sich auf einen unvergesslichen Tagesausflug von Hurghada nach&nbsp;<strong>Luxor,<\/strong>&nbsp;erkunden Sie das legend\u00e4re&nbsp;<strong>Tal der K\u00f6nige<\/strong>&nbsp;und erklimmen Sie hinab in das ikonische Grab von&nbsp;<strong>Tutanchamun<\/strong>.<\/p>\n<h3 style=\"\">Gesamtpreis<\/h3>\n<h3>Ihr Konto wird noch nicht belastet.<\/h3>\n<p><span># <\/span><strong><span>2<\/span><\/strong><span># <\/span><strong><span>2<\/span><\/strong><span><img decoding=\"async\" alt=\"Ganzt\u00e4gige Kairo-Tour ab Hurghada: Pyramiden von Gizeh und Highlights\" data-id=\"9160\" width=\"159\" data-init-width=\"1598\" height=\"119\" data-init-height=\"999\" title=\"Ganzt\u00e4gige Kairo-Tour ab Hurghada: Pyramiden von Gizeh und Highlights\" loading=\"lazy\" src=\"https:\/\/egypt-tourist-information.com\/wp-content\/uploads\/From-Hurghada-Cairo-and-Giza-Highlights-Full-Day-Tour-ota.avif\" data-width=\"159\" data-height=\"119\" style=\"aspect-ratio: auto 1598 \/ 999;\"><\/span><\/p>\n<table>\n<tbody>\n<tr>\n<td>\n<table>\n<tbody>\n<tr>\n<td><a href=\"https:\/\/www.getyourguide.com\/hurghada-l403\/from-hurghada-cairo-and-giza-highlights-full-day-tour-t686648\/?partner_id=NO9XIDE&amp;utm_medium=online_publisher&amp;cmp=ETIDeDolphinHouseSP3\" rel=\"nofollow noopener\" spellcheck=\"false\" target=\"_blank\" style=\"outline: none;\">Ab Hurghada: Tagestour zu den Highlights von Kairo und Gizeh<\/a><\/td>\n<\/tr>\n<\/tbody>\n<\/table>\n<\/td>\n<\/tr>\n<\/tbody>\n<\/table>\n<p data-end=\"393\" data-start=\"186\">Verpassen Sie nicht diese All-in-One-Tagestour&nbsp;<strong data-end=\"241\" data-start=\"213\">durch Kairo ab Hurghada im Minivan!&nbsp;<\/strong>Besuchen Sie die ber\u00fchmten&nbsp;<strong data-end=\"280\" data-start=\"260\">Pyramiden von Gizeh,<\/strong>&nbsp;die&nbsp;<strong data-end=\"302\" data-start=\"286\">Gro\u00dfe Sphinx<\/strong>&nbsp;und das&nbsp;<strong data-end=\"331\" data-start=\"312\">\u00c4gyptische Museum<\/strong> an einem Tag \u2013 Transfers, Mittagessen und fachkundige Reiseleiter inklusive.<\/p>\n<h3 style=\"\">Gesamtpreis<\/h3>\n<h3>Ihr Konto wird noch nicht belastet.<\/h3>\n<p><span># <\/span><strong><span>2<\/span><\/strong><span><img decoding=\"async\" alt=\"\" data-id=\"9166\" width=\"159\" data-init-width=\"2333\" height=\"106\" data-init-height=\"1556\" title=\"Hurghada \u2013 Luxus-Kreuzfahrt nach Orange Bay mit Mittagessen\" loading=\"lazy\" src=\"https:\/\/egypt-tourist-information.com\/wp-content\/uploads\/Hurghada-Luxury-Cruise-Trip-to-Orange-Bay-with-Lunch-ota.avif\" data-width=\"159\" data-height=\"106\" style=\"aspect-ratio: auto 2333 \/ 1556;\"><\/span><\/p>\n<table>\n<tbody>\n<tr>\n<td>\n<table>\n<tbody>\n<tr>\n<td><a href=\"https:\/\/www.getyourguide.com\/hurghada-l403\/hurghada-luxury-sailing-trip-to-orange-bay-with-lunch-t387390\/?partner_id=NO9XIDE&amp;utm_medium=online_publisher&amp;cmp=ETIDeDolphinHouseSP4\" rel=\"nofollow noopener\" spellcheck=\"false\" target=\"_blank\" style=\"outline: none;\">Hurghada: Luxus-Kreuzfahrt zur Orange Bay mit Mittagessen<\/a><\/td>\n<\/tr>\n<\/tbody>\n<\/table>\n<\/td>\n<\/tr>\n<\/tbody>\n<\/table>\n<p>G\u00f6nnen Sie sich einen Tag voller Luxus auf einer&nbsp;<strong>Kreuzfahrt von Hurghada nach Orange Bay,&nbsp;<\/strong>wo&nbsp;<strong>kristallklares Wasser<\/strong> und wei\u00dfer Sand auf Sie warten, inklusive eines k\u00f6stlichen Mittagessens an Bord.<\/p>\n<h3 style=\"\">Gesamtpreis<\/h3>\n<h3 style=\"\">Ihr Konto wird noch nicht belastet.<\/h3>\n<\/p>\n<h2><a href=\"https:\/\/www.getyourguide.com\/hurghada-l403\/hurghada-or-makadi-discover-the-magic-of-dolphin-house-t482952\/?partner_id=NO9XIDE&amp;utm_medium=online_publisher&amp;cmp=ETIDeDolphinHouseSP\" target=\"_blank\" rel=\"nofollow noopener\" style=\"outline: none;\" spellcheck=\"false\">Zur Buchung<\/a><span style=\"font-weight: normal;\"><\/span><\/h2>\n<p><strong style=\"outline: currentcolor;\"><a href=\"https:\/\/www.getyourguide.com\/hurghada-l403\/hurghada-or-makadi-discover-the-magic-of-dolphin-house-t482952\/?partner_id=NO9XIDE&amp;utm_medium=online_publisher&amp;cmp=ETIDeDolphinHouseSP\" target=\"_blank\" rel=\"nofollow noopener\" spellcheck=\"false\" style=\"outline: none;\"><span style=\"font-weight: normal;\"><\/span>Ab 23 \u20ac<span style=\"font-weight: normal;\"><\/span><\/a><\/strong><\/p>\n<h3>Ihr Konto wird noch nicht belastet.<\/h3>\n","protected":false},"excerpt":{"rendered":"<p>Hurghada oder Makadi: Entdecke den Zauber des Dolphin House Zur Buchung Ab 23 \u20ac Erleben Sie den Nervenkitzel von&nbsp;Dolphin House bei einem ganzt\u00e4gigen Ausflug&nbsp;ab Hurghada oder Makadi. Schnorcheln Sie an farbenfrohen Korallenriffen, probieren Sie unterhaltsame Wassersportarten aus und genie\u00dfen Sie ein Mittagessen an Bord einer entspannten Kreuzfahrt im Roten Meer. Handverlesenes Ticket&nbsp; Jetzt reservieren &amp; [&hellip;]<\/p>\n","protected":false},"author":6,"featured_media":10938,"parent":0,"menu_order":0,"comment_status":"closed","ping_status":"closed","template":"","meta":{"_acf_changed":false,"footnotes":"","tve_updated_post":"","tve_custom_css":"","tve_user_custom_css":"","tve_globals":{},"tcb2_ready":1,"tcb_editor_enabled":1,"tve_landing_page":"bd86f3fc67210fed5b2794ad4a56d3a9","_tve_header":"10865","_tve_footer":"10866"},"categories":[114],"tags":[121,122,120,129],"class_list":["post-11479","page","type-page","status-publish","has-post-thumbnail","hentry","category-hurghada-de","tag-erfahrungen","tag-hurghada-de","tag-tagesausfluge","tag-verkaufsseite","post-wrapper","thrv_wrapper"],"acf":[],"_links":{"self":[{"href":"https:\/\/egypt-tourist-information.com\/de\/wp-json\/wp\/v2\/pages\/11479","targetHints":{"allow":["GET"]}}],"collection":[{"href":"https:\/\/egypt-tourist-information.com\/de\/wp-json\/wp\/v2\/pages"}],"about":[{"href":"https:\/\/egypt-tourist-information.com\/de\/wp-json\/wp\/v2\/types\/page"}],"author":[{"embeddable":true,"href":"https:\/\/egypt-tourist-information.com\/de\/wp-json\/wp\/v2\/users\/6"}],"replies":[{"embeddable":true,"href":"https:\/\/egypt-tourist-information.com\/de\/wp-json\/wp\/v2\/comments?post=11479"}],"version-history":[{"count":12,"href":"https:\/\/egypt-tourist-information.com\/de\/wp-json\/wp\/v2\/pages\/11479\/revisions"}],"predecessor-version":[{"id":12965,"href":"https:\/\/egypt-tourist-information.com\/de\/wp-json\/wp\/v2\/pages\/11479\/revisions\/12965"}],"wp:featuredmedia":[{"embeddable":true,"href":"https:\/\/egypt-tourist-information.com\/de\/wp-json\/wp\/v2\/media\/10938"}],"wp:attachment":[{"href":"https:\/\/egypt-tourist-information.com\/de\/wp-json\/wp\/v2\/media?parent=11479"}],"wp:term":[{"taxonomy":"category","embeddable":true,"href":"https:\/\/egypt-tourist-information.com\/de\/wp-json\/wp\/v2\/categories?post=11479"},{"taxonomy":"post_tag","embeddable":true,"href":"https:\/\/egypt-tourist-information.com\/de\/wp-json\/wp\/v2\/tags?post=11479"}],"curies":[{"name":"wp","href":"https:\/\/api.w.org\/{rel}","templated":true}]}}