{"id":11482,"date":"2021-01-12T16:35:41","date_gmt":"2021-01-12T16:35:41","guid":{"rendered":"https:\/\/egypt-tourist-information.com\/partners"},"modified":"2025-09-17T13:36:30","modified_gmt":"2025-09-17T13:36:30","slug":"partner","status":"publish","type":"page","link":"https:\/\/egypt-tourist-information.com\/de\/partner","title":{"rendered":"Egypt Tourist Information Partner"},"content":{"rendered":"<p><span><img decoding=\"async\" alt=\"\" data-id=\"7685\" data-init-width=\"1440\" data-init-height=\"240\" title=\"Reisegruppen-Logo1\" src=\"https:\/\/egypt-tourist-information.com\/wp-content\/uploads\/Travel-Group-Logo1.png\" data-width=\"311\" data-height=\"52\" style=\"aspect-ratio: auto 1440 \/ 240;\" width=\"311\" height=\"52\" loading=\"lazy\"><\/span><\/p>\n<h4><strong>Reisegruppe<\/strong><\/h4>\n<p>Destinationsmanagement und Gro\u00dfhandelsbetreiber f\u00fcr Freizeit- und Ausstellungsgruppen.<\/p>\n<p><a href=\"https:\/\/most-amazing-places.com\" target=\"_blank\" rel=\"nofollow noopener\"><span><img decoding=\"async\" alt=\"\" data-id=\"7881\" data-init-width=\"1318\" data-init-height=\"831\" title=\"Die erstaunlichsten Orte\" src=\"https:\/\/egypt-tourist-information.com\/wp-content\/uploads\/map-03.png\" data-width=\"99\" data-height=\"62\" style=\"aspect-ratio: auto 1318 \/ 831;\" width=\"99\" height=\"62\" loading=\"lazy\"><\/span><\/p>\n<h4><strong>most-amazing-places.com<\/strong><\/h4>\n<p>Most Amazing Places ist eine Marke, die von leidenschaftlichen Reiseprofis gegr\u00fcndet wurde. Finden Sie die besten Tickets zum besten Preis bei allen Online-Anbietern.<\/p>\n<p><\/a><\/p>\n<h2 style=\"text-align: center;\">Kontakt f\u00fcr Unternehmen, Agenturen und Reiseorganisationspartner<\/h2>\n<h2>Wie k\u00f6nnen wir helfen?<\/h2>\n<h3>1. Informationsdienste<\/h3>\n<p>Fragen zur Reiseplanung nach \u00c4gypten.<\/p>\n<h3>2. Buchung von Dienstleistungen<\/h3>\n<p>Buchung von Hotels, Tagungsr\u00e4umen, Tickets, Touren und Reisef\u00fchrern.<\/p>\n<h3>3. B2B und MICE<\/h3>\n<p>Zusammenarbeit mit SaudiTouristInformation.com und Anfragen zu Tagungen, Veranstaltungen und Messen in \u00c4gypten.<\/p>\n<h2 style=\"\">Teil einer globalen Tourismusorganisation<\/h2>\n<p><a href=\"https:\/\/paristouristinformation.fr\/\" target=\"_blank\" rel=\"nofollow noopener\"><span><img decoding=\"async\" alt=\"\" data-id=\"3414\" data-init-width=\"1834\" data-init-height=\"651\" title=\"Logo der Pariser Touristeninformation\" src=\"https:\/\/egypt-tourist-information.com\/wp-content\/uploads\/Paris-Tourist-Information-Logo.png\" data-width=\"308\" data-height=\"109\" style=\"aspect-ratio: auto 1834 \/ 651;\" width=\"308\" height=\"109\" loading=\"lazy\"><\/span><\/p>\n<h4><strong>ParisTouristInformation.fr<\/strong><\/h4>\n<p>Tourismus-Informationswebsite f\u00fcr die franz\u00f6sische Hauptstadt Paris.<\/p>\n<p><\/a><a href=\"https:\/\/praguetouristinformation.com\/\" target=\"_blank\" rel=\"nofollow noopener\"><span><img decoding=\"async\" alt=\"\" data-id=\"5803\" data-init-width=\"2292\" data-init-height=\"651\" title=\"PragueTouristInformation.com Logo\" src=\"https:\/\/egypt-tourist-information.com\/wp-content\/uploads\/PragueTouristInformation.com-Logo.png\" data-width=\"376\" data-height=\"107\" style=\"aspect-ratio: auto 2292 \/ 651;\" width=\"376\" height=\"107\" loading=\"lazy\"><\/span><\/p>\n<h4><strong>PragueTouristInformation.com<\/strong><\/h4>\n<p>Touristeninformationswebsite f\u00fcr die tschechische Hauptstadt Prag.<\/p>\n<p><\/a><a href=\"https:\/\/antalyatouristinformation.com\/\" target=\"_blank\" rel=\"nofollow noopener\"><span><img decoding=\"async\" alt=\"AntalyaTouristInformation.com Logo\" data-id=\"3553\" data-init-width=\"2163\" data-init-height=\"651\" title=\"AntalyaTouristInformation.com Logo\" src=\"https:\/\/egypt-tourist-information.com\/wp-content\/uploads\/AntalyaTouristInformation.com-Logo.png\" data-width=\"368\" data-height=\"111\" style=\"aspect-ratio: auto 2163 \/ 651;\" width=\"368\" height=\"111\" loading=\"lazy\"><\/span><\/p>\n<h4><strong>AntalyaTouristInformation.com<\/strong><\/h4>\n<p>Touristische Informationswebsite f\u00fcr die t\u00fcrkische Provinz Antalya.<\/p>\n<p><\/a><a href=\"https:\/\/viennatouristinformation.com\/\" target=\"_blank\" rel=\"nofollow noopener\"><span><img decoding=\"async\" alt=\"\" data-id=\"3389\" data-init-width=\"2126\" data-init-height=\"651\" title=\"ViennaTouristInformation.com Logo\" src=\"https:\/\/egypt-tourist-information.com\/wp-content\/uploads\/ViennaTouristInformation.com-Logo.png\" data-width=\"368\" data-height=\"113\" style=\"aspect-ratio: auto 2126 \/ 651;\" width=\"368\" height=\"113\" loading=\"lazy\"><\/span><\/p>\n<h4><strong>ViennaTouristInformation.com<\/strong><\/h4>\n<p>Tourismus-Informationswebsite f\u00fcr die \u00f6sterreichische Hauptstadt Wien.<\/p>\n<p><\/a><a href=\"https:\/\/italy-tourist-information.com\" target=\"_blank\" rel=\"nofollow noopener\"><span><img decoding=\"async\" alt=\"\" data-id=\"8362\" data-init-width=\"440\" data-init-height=\"156\" title=\"ITALIEN-TOURIST-INFO-LOGO\" src=\"https:\/\/egypt-tourist-information.com\/wp-content\/uploads\/ITALY-TOURIST-INFO-LOGO.png\" data-width=\"272\" data-height=\"96\" style=\"aspect-ratio: auto 440 \/ 156;\" width=\"272\" height=\"96\" loading=\"lazy\"><\/span><\/p>\n<h4><strong>Italy-Tourist-Information.com<\/strong><\/h4>\n<p>Touristische Informationswebsite f\u00fcr die t\u00fcrkische Provinz Antalya.<\/p>\n<p><\/a><a href=\"https:\/\/iceland-tourist-information.com\" target=\"_blank\" rel=\"nofollow noopener\"><span><img decoding=\"async\" alt=\"\" data-id=\"8361\" data-init-width=\"568\" data-init-height=\"156\" title=\"Island-Touristeninformation-Logo-2\" src=\"https:\/\/egypt-tourist-information.com\/wp-content\/uploads\/Iceland-Tourist-Information-Logo-2.png\" data-width=\"272\" data-height=\"75\" style=\"aspect-ratio: auto 568 \/ 156;\" width=\"272\" height=\"75\" loading=\"lazy\"><\/span><\/p>\n<h4><strong>Iceland-Tourist-Information.com<\/strong><\/h4>\n<p>Touristeninformationswebsite f\u00fcr die beliebtesten St\u00e4dte und Sehensw\u00fcrdigkeiten in Island<\/p>\n<p><\/a><a href=\"https:\/\/lisbontouristinformation.com\" target=\"_blank\" rel=\"nofollow noopener\"><span><img decoding=\"async\" alt=\"\" data-id=\"7492\" data-init-width=\"1600\" data-init-height=\"512\" title=\"Lissabon\" src=\"https:\/\/egypt-tourist-information.com\/wp-content\/uploads\/lisbon.png\" data-width=\"296\" data-height=\"95\" style=\"aspect-ratio: auto 1600 \/ 512;\" width=\"296\" height=\"95\" loading=\"lazy\"><\/span><\/p>\n<h4><strong>LisbonTouristInformation.com<\/strong><\/h4>\n<p>Touristeninformationswebsite f\u00fcr die portugiesische Stadt Lissabon<\/p>\n<p><\/a><a href=\"https:\/\/dubai-tourist-information.ae\" target=\"_blank\" rel=\"nofollow noopener\"><span><img decoding=\"async\" alt=\"\" data-id=\"8360\" data-init-width=\"488\" data-init-height=\"156\" title=\"DUBAI-TOURIST-INFORMATION\" src=\"https:\/\/egypt-tourist-information.com\/wp-content\/uploads\/DUBAI-TOURIST-INFORMATION.png\" data-width=\"272\" data-height=\"87\" style=\"aspect-ratio: auto 488 \/ 156;\" width=\"272\" height=\"87\" loading=\"lazy\"><\/span><\/p>\n<h4><strong>Dubai-Tourist-Information.ae<\/strong><\/h4>\n<p>Touristeninformationswebsite f\u00fcr die Stadt Dubai in den Vereinigten Arabischen Emiraten<\/p>\n<p><\/a><a href=\"https:\/\/amsterdam-tourist-information.com\" target=\"_blank\" rel=\"nofollow noopener\"><span><img decoding=\"async\" alt=\"\" data-id=\"8365\" data-init-width=\"674\" data-init-height=\"156\" title=\"thumbnail_AMSTERDAM TOURIST INFO\" src=\"https:\/\/egypt-tourist-information.com\/wp-content\/uploads\/thumbnail_AMSTERDAM-TOURIST-INFO.png\" data-width=\"272\" data-height=\"63\" style=\"aspect-ratio: auto 674 \/ 156;\" width=\"272\" height=\"63\" loading=\"lazy\"><\/span><\/p>\n<h4><strong>Amsterdam-Tourist-Information.com<\/strong><\/h4>\n<p>Touristeninformationswebsite f\u00fcr die Stadt Amsterdam in den Niederlanden<\/p>\n<p><\/a><a href=\"https:\/\/london-touristinformation.com\" target=\"_blank\" rel=\"nofollow noopener\"><span><img decoding=\"async\" alt=\"\" data-id=\"8363\" data-init-width=\"534\" data-init-height=\"156\" title=\"London TI\" src=\"https:\/\/egypt-tourist-information.com\/wp-content\/uploads\/london-TI.png\" data-width=\"272\" data-height=\"79\" style=\"aspect-ratio: auto 534 \/ 156;\" width=\"272\" height=\"79\" loading=\"lazy\"><\/span><\/p>\n<h4><strong>London-TouristInformation.com<\/strong><\/h4>\n<p>Touristeninformationswebsite f\u00fcr die Stadt London im Vereinigten K\u00f6nigreich<\/p>\n<p><\/a><a href=\"https:\/\/cappadociatouristinformation.gen.tr\" target=\"_blank\" rel=\"nofollow noopener\"><span><img decoding=\"async\" alt=\"\" data-id=\"7684\" data-init-width=\"600\" data-init-height=\"132\" title=\"CAPPADOCIA-TOURIST-INFO-LOGO kopieren\" src=\"https:\/\/egypt-tourist-information.com\/wp-content\/uploads\/CAPPADOCIA-TOURIST-INFO-LOGO-copy.png\" data-width=\"296\" data-height=\"65\" style=\"aspect-ratio: auto 600 \/ 132;\" width=\"296\" height=\"65\" loading=\"lazy\"><\/span><\/p>\n<h4><strong>cappadociatouristinformation.gen.tr<\/strong><\/h4>\n<p>Tourismusinformationswebsite f\u00fcr die t\u00fcrkische Region Kappadokien<\/p>\n<p><\/a><a href=\"https:\/\/www.leblogdistanbul.com\" target=\"_blank\" rel=\"nofollow noopener\"><span><img decoding=\"async\" alt=\"\" data-id=\"7687\" data-init-width=\"1517\" data-init-height=\"381\" title=\"le blog dIstanbul\" src=\"https:\/\/egypt-tourist-information.com\/wp-content\/uploads\/le-blog-dIstanbul.png\" data-width=\"296\" data-height=\"74\" style=\"aspect-ratio: auto 1517 \/ 381;\" width=\"296\" height=\"74\" loading=\"lazy\"><\/span><\/p>\n<h4><strong>leblogdistanbul.com<\/strong><\/h4>\n<p>Bietet alle Informationen, um Ihren Aufenthalt in Istanbul unvergesslich zu machen!<\/p>\n<p><\/a><a href=\"https:\/\/izmirtoantalya.com\" target=\"_blank\" rel=\"nofollow noopener\"><span><img decoding=\"async\" alt=\"\" data-id=\"7686\" data-init-width=\"2560\" data-init-height=\"705\" title=\"Izmir nach Antalya-Logo\" src=\"https:\/\/egypt-tourist-information.com\/wp-content\/uploads\/Izmir-to-Antalya-logo.jpeg\" data-width=\"296\" data-height=\"82\" style=\"aspect-ratio: auto 2560 \/ 705;\" width=\"296\" height=\"82\" loading=\"lazy\"><\/span><\/p>\n<h4><strong>izmirtoantalya.com<\/strong><\/h4>\n<p>Die einzige Website, die Ihnen hilft, die t\u00fcrkische Riviera zu bereisen.<\/p>\n<p><\/a><span><img decoding=\"async\" alt=\"\" data-id=\"3417\" data-init-width=\"895\" data-init-height=\"240\" title=\"Logo der Globalen Tourismusorganisation\" src=\"https:\/\/egypt-tourist-information.com\/wp-content\/uploads\/Global-Tourist-Organization-Logo.jpg\" data-width=\"298\" data-height=\"80\" style=\"aspect-ratio: auto 895 \/ 240;\" width=\"298\" height=\"80\" loading=\"lazy\"><\/span><\/p>\n","protected":false},"excerpt":{"rendered":"<p>Reisegruppe Destinationsmanagement und Gro\u00dfhandelsbetreiber f\u00fcr Freizeit- und Ausstellungsgruppen. most-amazing-places.com Most Amazing Places ist eine Marke, die von leidenschaftlichen Reiseprofis gegr\u00fcndet wurde. Finden Sie die besten Tickets zum besten Preis bei allen Online-Anbietern. Kontakt f\u00fcr Unternehmen, Agenturen und Reiseorganisationspartner Wie k\u00f6nnen wir helfen? 1. Informationsdienste Fragen zur Reiseplanung nach \u00c4gypten. 2. Buchung von Dienstleistungen Buchung von [&hellip;]<\/p>\n","protected":false},"author":6,"featured_media":10821,"parent":0,"menu_order":0,"comment_status":"closed","ping_status":"closed","template":"","meta":{"_acf_changed":false,"footnotes":"","tve_updated_post":"","tve_custom_css":"","tve_user_custom_css":"","tve_globals":{},"tcb2_ready":1,"tcb_editor_enabled":1,"tve_landing_page":"tcb2-blank-page","_tve_header":"10865","_tve_footer":"10866"},"categories":[],"tags":[],"class_list":["post-11482","page","type-page","status-publish","has-post-thumbnail","hentry","post-wrapper","thrv_wrapper"],"acf":[],"_links":{"self":[{"href":"https:\/\/egypt-tourist-information.com\/de\/wp-json\/wp\/v2\/pages\/11482","targetHints":{"allow":["GET"]}}],"collection":[{"href":"https:\/\/egypt-tourist-information.com\/de\/wp-json\/wp\/v2\/pages"}],"about":[{"href":"https:\/\/egypt-tourist-information.com\/de\/wp-json\/wp\/v2\/types\/page"}],"author":[{"embeddable":true,"href":"https:\/\/egypt-tourist-information.com\/de\/wp-json\/wp\/v2\/users\/6"}],"replies":[{"embeddable":true,"href":"https:\/\/egypt-tourist-information.com\/de\/wp-json\/wp\/v2\/comments?post=11482"}],"version-history":[{"count":8,"href":"https:\/\/egypt-tourist-information.com\/de\/wp-json\/wp\/v2\/pages\/11482\/revisions"}],"predecessor-version":[{"id":13130,"href":"https:\/\/egypt-tourist-information.com\/de\/wp-json\/wp\/v2\/pages\/11482\/revisions\/13130"}],"wp:featuredmedia":[{"embeddable":true,"href":"https:\/\/egypt-tourist-information.com\/de\/wp-json\/wp\/v2\/media\/10821"}],"wp:attachment":[{"href":"https:\/\/egypt-tourist-information.com\/de\/wp-json\/wp\/v2\/media?parent=11482"}],"wp:term":[{"taxonomy":"category","embeddable":true,"href":"https:\/\/egypt-tourist-information.com\/de\/wp-json\/wp\/v2\/categories?post=11482"},{"taxonomy":"post_tag","embeddable":true,"href":"https:\/\/egypt-tourist-information.com\/de\/wp-json\/wp\/v2\/tags?post=11482"}],"curies":[{"name":"wp","href":"https:\/\/api.w.org\/{rel}","templated":true}]}}