{"id":11486,"date":"2025-06-24T08:10:23","date_gmt":"2025-06-24T08:10:23","guid":{"rendered":"https:\/\/egypt-tourist-information.com\/giza-pyramids-tour"},"modified":"2026-04-24T09:31:27","modified_gmt":"2026-04-24T09:31:27","slug":"agypten-pyramiden-tour","status":"publish","type":"page","link":"https:\/\/egypt-tourist-information.com\/de\/agypten-pyramiden-tour","title":{"rendered":"\u00c4gypten Pyramiden Tour ab Kairo: Sphinx, Sakkara &amp; Memphis"},"content":{"rendered":"<p><span><img decoding=\"async\" alt=\"\" data-id=\"9093\" width=\"\" height=\"undefined\" title=\"Ab Kairo: Pyramiden von Gizeh, Sphinx, Sakkara und Memphis \u2013 Tour\" src=\"https:\/\/egypt-tourist-information.com\/wp-content\/uploads\/From-Cairo-Pyramids-of-Giza-Sphinx-Saqqara-Memphis-Tour-ota-1.avif\" data-src=\"https:\/\/egypt-tourist-information.com\/wp-content\/uploads\/From-Cairo-Pyramids-of-Giza-Sphinx-Saqqara-Memphis-Tour-ota-1.avif\" loading=\"lazy\" data-sizes=\"{&quot;full&quot;:{&quot;url&quot;:&quot;https:\/\/egypt-tourist-information.com\/wp-content\/uploads\/From-Cairo-Pyramids-of-Giza-Sphinx-Saqqara-Memphis-Tour-ota-1.avif&quot;}}\"><\/span><span><img decoding=\"async\" alt=\"\" data-id=\"9091\" width=\"2152\" height=\"1300\" title=\"Ab Kairo: Pyramiden von Gizeh, Sphinx, Sakkara und Memphis \u2013 Tour ota3\" src=\"https:\/\/egypt-tourist-information.com\/wp-content\/uploads\/From-Cairo-Pyramids-of-Giza-Sphinx-Saqqara-Memphis-Tour-ota3-1024x619.webp\" data-src=\"https:\/\/egypt-tourist-information.com\/wp-content\/uploads\/From-Cairo-Pyramids-of-Giza-Sphinx-Saqqara-Memphis-Tour-ota3-300x181.webp\" loading=\"lazy\" data-sizes=\"{&quot;thumbnail&quot;:{&quot;url&quot;:&quot;https:\/\/egypt-tourist-information.com\/wp-content\/uploads\/From-Cairo-Pyramids-of-Giza-Sphinx-Saqqara-Memphis-Tour-ota3-150x150.webp&quot;,&quot;height&quot;:150,&quot;width&quot;:150,&quot;orientation&quot;:&quot;landscape&quot;},&quot;medium&quot;:{&quot;url&quot;:&quot;https:\/\/egypt-tourist-information.com\/wp-content\/uploads\/From-Cairo-Pyramids-of-Giza-Sphinx-Saqqara-Memphis-Tour-ota3-300x181.webp&quot;,&quot;height&quot;:181,&quot;width&quot;:300,&quot;orientation&quot;:&quot;landscape&quot;},&quot;large&quot;:{&quot;url&quot;:&quot;https:\/\/egypt-tourist-information.com\/wp-content\/uploads\/From-Cairo-Pyramids-of-Giza-Sphinx-Saqqara-Memphis-Tour-ota3-1024x619.webp&quot;,&quot;height&quot;:619,&quot;width&quot;:1024,&quot;orientation&quot;:&quot;landscape&quot;},&quot;full&quot;:{&quot;url&quot;:&quot;https:\/\/egypt-tourist-information.com\/wp-content\/uploads\/From-Cairo-Pyramids-of-Giza-Sphinx-Saqqara-Memphis-Tour-ota3.webp&quot;,&quot;height&quot;:1300,&quot;width&quot;:2152,&quot;orientation&quot;:&quot;landscape&quot;},&quot;1536x1536&quot;:{&quot;url&quot;:&quot;https:\/\/egypt-tourist-information.com\/wp-content\/uploads\/From-Cairo-Pyramids-of-Giza-Sphinx-Saqqara-Memphis-Tour-ota3-1536x928.webp&quot;,&quot;height&quot;:928,&quot;width&quot;:1536,&quot;orientation&quot;:&quot;landscape&quot;},&quot;2048x2048&quot;:{&quot;url&quot;:&quot;https:\/\/egypt-tourist-information.com\/wp-content\/uploads\/From-Cairo-Pyramids-of-Giza-Sphinx-Saqqara-Memphis-Tour-ota3-2048x1237.webp&quot;,&quot;height&quot;:1237,&quot;width&quot;:2048,&quot;orientation&quot;:&quot;landscape&quot;}}\"><\/span><span><img decoding=\"async\" alt=\"\" data-id=\"9090\" width=\"\" height=\"undefined\" title=\"Ab Kairo: Pyramiden von Gizeh, Sphinx, Sakkara und Memphis \u2013 Tour ota4\" src=\"https:\/\/egypt-tourist-information.com\/wp-content\/uploads\/From-Cairo-Pyramids-of-Giza-Sphinx-Saqqara-Memphis-Tour-ota4.avif\" data-src=\"https:\/\/egypt-tourist-information.com\/wp-content\/uploads\/From-Cairo-Pyramids-of-Giza-Sphinx-Saqqara-Memphis-Tour-ota4.avif\" loading=\"lazy\" data-sizes=\"{&quot;full&quot;:{&quot;url&quot;:&quot;https:\/\/egypt-tourist-information.com\/wp-content\/uploads\/From-Cairo-Pyramids-of-Giza-Sphinx-Saqqara-Memphis-Tour-ota4.avif&quot;}}\"><\/span><span><img decoding=\"async\" alt=\"\" data-id=\"9092\" width=\"\" height=\"undefined\" title=\"Ab Kairo: Pyramiden von Gizeh, Sphinx, Sakkara und Memphis \u2013 Tour ota2\" src=\"https:\/\/egypt-tourist-information.com\/wp-content\/uploads\/From-Cairo-Pyramids-of-Giza-Sphinx-Saqqara-Memphis-Tour-ota2.avif\" data-src=\"https:\/\/egypt-tourist-information.com\/wp-content\/uploads\/From-Cairo-Pyramids-of-Giza-Sphinx-Saqqara-Memphis-Tour-ota2.avif\" loading=\"lazy\" data-sizes=\"{&quot;full&quot;:{&quot;url&quot;:&quot;https:\/\/egypt-tourist-information.com\/wp-content\/uploads\/From-Cairo-Pyramids-of-Giza-Sphinx-Saqqara-Memphis-Tour-ota2.avif&quot;}}\"><\/span><span><img decoding=\"async\" alt=\"\" data-id=\"9089\" width=\"\" height=\"undefined\" title=\"Ab Kairo: Pyramiden von Gizeh, Sphinx, Sakkara und Memphis \u2013 Tour ota5\" src=\"https:\/\/egypt-tourist-information.com\/wp-content\/uploads\/From-Cairo-Pyramids-of-Giza-Sphinx-Saqqara-Memphis-Tour-ota5.avif\" data-src=\"https:\/\/egypt-tourist-information.com\/wp-content\/uploads\/From-Cairo-Pyramids-of-Giza-Sphinx-Saqqara-Memphis-Tour-ota5.avif\" loading=\"lazy\" data-sizes=\"{&quot;full&quot;:{&quot;url&quot;:&quot;https:\/\/egypt-tourist-information.com\/wp-content\/uploads\/From-Cairo-Pyramids-of-Giza-Sphinx-Saqqara-Memphis-Tour-ota5.avif&quot;}}\"><\/span><span><img decoding=\"async\" alt=\"\" data-id=\"9088\" width=\"\" height=\"undefined\" title=\"Ab Kairo: Pyramiden von Gizeh, Sphinx, Sakkara und Memphis \u2013 Tour ota6\" src=\"https:\/\/egypt-tourist-information.com\/wp-content\/uploads\/From-Cairo-Pyramids-of-Giza-Sphinx-Saqqara-Memphis-Tour-ota6.avif\" data-src=\"https:\/\/egypt-tourist-information.com\/wp-content\/uploads\/From-Cairo-Pyramids-of-Giza-Sphinx-Saqqara-Memphis-Tour-ota6.avif\" loading=\"lazy\" data-sizes=\"{&quot;full&quot;:{&quot;url&quot;:&quot;https:\/\/egypt-tourist-information.com\/wp-content\/uploads\/From-Cairo-Pyramids-of-Giza-Sphinx-Saqqara-Memphis-Tour-ota6.avif&quot;}}\"><\/span><\/p>\n<h1 dir=\"ltr\">Ab Kairo: Pyramiden von Gizeh, Sphinx, Sakkara und Memphis<\/h1>\n<h2><a href=\"https:\/\/www.getyourguide.com\/cairo-l92\/giza-pyramids-sphinx-saqqara-and-dahshur-tour-from-cairo-t215709\/?partner_id=NO9XIDE&amp;utm_medium=online_publisher&amp;cmp=ETIDePyramidsMemphisTourSP\" target=\"_blank\" rel=\"nofollow noopener\" style=\"outline: none;\">Zur Buchung<\/a><\/h2>\n<h1><a href=\"https:\/\/www.getyourguide.com\/cairo-l92\/giza-pyramids-sphinx-saqqara-and-dahshur-tour-from-cairo-t215709\/?partner_id=NO9XIDE&amp;utm_medium=online_publisher&amp;cmp=ETIDePyramidsMemphisTourSP\" target=\"_blank\" rel=\"nofollow noopener\" style=\"outline: none;\" spellcheck=\"false\"><strong>Ab<\/strong>&nbsp;76,00&nbsp;<span style=\"font-weight: normal;\">\u20ac<\/span><\/a><strong><\/strong><\/h1>\n<p data-pm-slice=\"1 1 []\">Verbringen Sie einen Tag mit der Erkundung einiger der ber\u00fchmtesten Wahrzeichen in der N\u00e4he von Kairo, darunter die&nbsp;<strong>Pyramiden von Gizeh, die Sphinx, die Stufenpyramide von Sakkara<\/strong> und <strong>Memphis<\/strong>, mit Reiseleiter und Hin- und R\u00fccktransfers.&nbsp;<\/p>\n<ul>\n<li style=\"\"><span>Handverlesenes Ticket&nbsp;<\/span><\/li>\n<li style=\"\"><span>Jetzt reservieren &amp; sp\u00e4ter bezahlen<\/span><\/li>\n<li style=\"\"><span>Dauer: 8 Stunden<\/span><\/li>\n<li style=\"\"><span>Kostenlose Stornierung<\/span><\/li>\n<\/ul>\n<h2>Inbegriffen<\/h2>\n<ul>\n<li style=\"\">                    <span>Abholung und R\u00fccktransfer vom Hotel (Kairo oder Gizeh)<\/span><\/li>\n<li style=\"\">                    <span>Privater, klimatisierter Transport<\/span><\/li>\n<li style=\"\">                    <span>Wasserflaschen w\u00e4hrend der Tour<\/span><\/li>\n<li style=\"\">                    <span>\u00c4gyptologe und Reiseleiter<\/span><\/li>\n<li style=\"\">                    <span>Allgemeine Eintrittskarten f\u00fcr Sakkara, Memphis, die Pyramiden und die Sphinx<\/span><\/li>\n<li style=\"\">                    <span>Mittagessen in einem lokalen Restaurant (falls Option oder Zusatz ausgew\u00e4hlt)<\/span><\/li>\n<li style=\"\">                    <span>Eintritt in die Gro\u00dfe Pyramide (falls Add-on ausgew\u00e4hlt)<\/span><\/li>\n<li style=\"\">                    <span>Kamelritt (falls Add-on ausgew\u00e4hlt)<\/span><\/li>\n<li style=\"\">                    <span>Professioneller Fotograf (falls Add-on ausgew\u00e4hlt)<\/span><\/li>\n<li style=\"\">                    <span>Abholung und R\u00fcckgabe \u00fcber gro\u00dfe Entfernungen (falls Add-on ausgew\u00e4hlt)<\/span><\/li>\n<\/ul>\n<h2>Nicht inbegriffen<\/h2>\n<ul>\n<li style=\"\"><span>Trinkgelder (optional)<\/span><\/li>\n<\/ul>\n<h2>Wichtige Informationen<\/h2>\n<ul>\n<li style=\"\"><span>Verf\u00fcgbare Sprachen: Englisch, Arabisch, Spanisch, Deutsch, Franz\u00f6sisch, Italienisch<\/span><\/li>\n<li><span>Nicht f\u00fcr Rollstuhlfahrer geeignet<\/span><\/li>\n<li><span>Nicht erlaubt: Gep\u00e4ck oder gro\u00dfe Taschen<\/span><\/li>\n<li><span>Eintrittskarten m\u00fcssen mit Karte bezahlt werden (Bargeld wird laut Tourismusministerium nicht akzeptiert)<br \/><\/span><\/li>\n<li><span>Mitzubringen: Reisepass oder Personalausweis, bequeme Wanderschuhe, Sonnenhut und warme Kleidung (saisonal)<br \/><\/span><\/li>\n<li><span>Bei Buchung des Zusatzangebots \u201eGemeinsamer Tour-Fotograf\u201c werden von allen Teilnehmern einzeln Fotos gemacht. Eine exklusive Nutzung ist nicht garantiert, sofern keine weitere Buchung erfolgt.<\/span><\/li>\n<li><span>Es sind Einkaufsstopps mit freier Zeit zum St\u00f6bern und Preisverhandeln inbegriffen<br \/><\/span><\/li>\n<li><span>Eine Reiseversicherung wird dringend empfohlen<\/span><\/li>\n<\/ul>\n<h2>Beschreibung:<\/h2>\n<p dir=\"ltr\">Beginnen Sie Ihre \u00c4gypten-Pyramiden-Tour in Kairo oder Gizeh mit&nbsp;<strong>einer bequemen Abholung vom Hotel <\/strong>und fahren Sie dann nach <strong>Sakkara<\/strong>, um die erste Steinpyramide der Welt zu sehen, die f\u00fcr K\u00f6nig Djoser erbaut wurde. Weiter geht es nach&nbsp;<strong>Memphis<\/strong>, der antiken Hauptstadt, wo die gewaltige Statue von Ramses II. thront.&nbsp;<\/p>\n<p dir=\"ltr\">Bestaunen Sie nach dem Mittagessen die majest\u00e4tischen <strong>Pyramiden von Gizeh \u2013 Cheops, Chefren und Mykerinos, bevor Sie der r\u00e4tselhaften&nbsp;<\/strong><strong>Sphinx<\/strong> gegen\u00fcberstehen und den nahegelegenen <strong>Taltempel erkunden.<\/strong> Genie\u00dfen Sie vor Ihrem R\u00fccktransfer etwas Zeit zum Einkaufen und um die lokale Kultur kennenzulernen.<\/p>\n<h2>Highlights:<\/h2>\n<ul>\n<li dir=\"ltr\">Besuchen Sie die <strong>\u00e4lteste Pyramide der Welt<\/strong> in Sakkara (2630 v. Chr.)<\/li>\n<li dir=\"ltr\">Erkunden Sie die <strong>Ruinen von Memphis,<\/strong> der ersten Hauptstadt \u00c4gyptens<\/li>\n<li dir=\"ltr\">Bewundern Sie die <strong>Gro\u00dfe Pyramide von Gizeh,<\/strong> das letzte der sieben Weltwunder der Antike<\/li>\n<li dir=\"ltr\">Kommen Sie der <strong>geheimnisvollen <\/strong><strong>Sphinx<\/strong> und dem Taltempel ganz nah<\/li>\n<li dir=\"ltr\">Genie\u00dfen Sie die Abholung und R\u00fcckgabe vom Hotel, <strong>gef\u00fchrte Einblicke<\/strong> und optionale Erlebnisse<\/li>\n<\/ul>\n<h2>Stornierungsbedingungen<\/h2>\n<p dir=\"ltr\">Kostenlose Stornierung bis 24 Stunden vor Tourbeginn mit voller R\u00fcckerstattung m\u00f6glich.<\/p>\n<h2>Treffpunkt &amp; Anweisungen<\/h2>\n<p dir=\"ltr\">Abholung von Ihrem Hotel in Kairo oder Gizeh m\u00f6glich. Die genaue Abholzeit wird Ihnen am Tag vor der Tour per WhatsApp, E-Mail oder Telefon mitgeteilt. Abholungen \u00fcber gr\u00f6\u00dfere Entfernungen (z. B. Flughafen Kairo, Neu-Kairo, 6. Oktober-Stadt) k\u00f6nnen beim Checkout hinzugef\u00fcgt werden.<\/p>\n<p><a href=\"https:\/\/www.getyourguide.com\/cairo-l92\/giza-pyramids-sphinx-saqqara-and-dahshur-tour-from-cairo-t215709\/?partner_id=NO9XIDE&amp;utm_medium=online_publisher&amp;cmp=ETIPyramidsMemphisTourSP\" rel=\"nofollow noopener\" spellcheck=\"false\" target=\"_blank\" style=\"outline: none;\">Auf Goole Maps sehen<\/a><\/p>\n<h2>Bewertungen<\/h2>\n<p><strong>4.7\/ 5 &nbsp;<\/strong><strong>(<strong>3358<\/strong> Bewertungen)<\/strong><\/p>\n<p dir=\"ltr\"><em>,,<\/em>Das ist ein einmaliges Erlebnis. Die Tour ist so gut geplant und alles wurde uns so einfach gemacht. Boosi, unsere Reiseleiterin, war unglaublich. Sie gibt ihr Bestes und ist so kenntnisreich. Ihre Leidenschaft f\u00fcr ihre wundersch\u00f6ne Kultur ist so inspirierend. Sie gab uns so viele interessante Informationen und machte alles sehr klar und leicht verst\u00e4ndlich. Unser Fahrer war gro\u00dfartig und sehr hilfsbereit. Der Van war sehr komfortabel. Die Abholung erfolgte p\u00fcnktlich. Eine wunderbare Erfahrung. Z\u00f6gern Sie nicht eine Sekunde, einen professionellen Reiseleiter wie Boosi zu engagieren, um diese Sehensw\u00fcrdigkeiten zu besichtigen. Es w\u00e4re \u00fcberw\u00e4ltigend, niemanden dabei zu haben, der Sie durch all das f\u00fchrt, was es zu tun und zu sehen gibt.&nbsp;<em>\u201c<\/em> \u2013 Guillermo, Juni 2025 &gt;&gt; <a href=\"https:\/\/www.getyourguide.com\/cairo-l92\/giza-pyramids-sphinx-saqqara-and-dahshur-tour-from-cairo-t215709\/?partner_id=NO9XIDE&amp;utm_medium=online_publisher&amp;cmp=ETIDePyramidsMemphisTourSP\" target=\"_blank\" rel=\"nofollow noopener\" style=\"outline: none;\" spellcheck=\"false\">Alle Bewertungen<\/a><\/p>\n<h2>Einige Aktivit\u00e4ten, die Ihnen gefallen k\u00f6nnten<\/h2>\n<p><span># <\/span><strong><span>2<\/span><\/strong><span># <\/span><strong><span>2<\/span><\/strong><span><img decoding=\"async\" alt=\"Kairo: Private Tour zu den Pyramiden und der Gro\u00dfen Sphinx mit Kamelritt\" data-id=\"8829\" width=\"159\" data-init-width=\"720\" height=\"106\" data-init-height=\"480\" title=\"Kairo: Private Tour zu den Pyramiden und der Gro\u00dfen Sphinx mit Kamelritt\" loading=\"lazy\" src=\"https:\/\/egypt-tourist-information.com\/wp-content\/uploads\/Cairo-Pyramids-Great-Sphinx-Private-Tour-with-Camel-Ride-ota.avif\" data-width=\"159\" data-height=\"106\" style=\"aspect-ratio: auto 720 \/ 480;\"><\/span><\/p>\n<table>\n<tbody>\n<tr>\n<td><a href=\"https:\/\/www.getyourguide.com\/cairo-l92\/cairo-pyramids-great-sphinx-private-tour-with-camel-ride-t459032\/?partner_id=NO9XIDE&amp;utm_medium=online_publisher&amp;cmp=ETIDePyramidsMemphisTourSP2\" rel=\"nofollow noopener\" spellcheck=\"false\" target=\"_blank\" style=\"outline: none;\">Kairo: Pyramiden &amp; Gro\u00dfe Sphinx &#8211; Private Tour mit Kamelritt<\/a><\/td>\n<\/tr>\n<\/tbody>\n<\/table>\n<p>Erkunden Sie die antiken Wunder \u00c4gyptens auf einer 4-st\u00fcndigen Privattour zu den Pyramiden von Gizeh und der Gro\u00dfen Sphinx, inklusive eines unvergesslichen Kamelritts.<\/p>\n<h3 style=\"\">Gesamtpreis<\/h3>\n<h3 style=\"\">Ihr Konto wird noch nicht belastet.<\/h3>\n<p><span># <\/span><strong><span>2<\/span><\/strong><span># <\/span><strong><span>2<\/span><\/strong><span><img decoding=\"async\" alt=\"Quad-Tour zu den Pyramiden mit optionalem Kamelritt\" data-id=\"8831\" width=\"159\" data-init-width=\"1598\" height=\"99\" data-init-height=\"999\" title=\"Quad-Tour zu den Pyramiden mit optionalem Kamelritt ota\" loading=\"lazy\" src=\"https:\/\/egypt-tourist-information.com\/wp-content\/uploads\/Quad-Biking-Tour-of-the-Pyramids-with-Optional-Camel-Ride-ota.avif\" data-width=\"159\" data-height=\"99\" style=\"aspect-ratio: auto 1598 \/ 999;\"><\/span><\/p>\n<table>\n<tbody>\n<tr>\n<td><a data-lt-tmp-id=\"lt-302261\" href=\"https:\/\/www.headout.com\/r\/most-amazing-placesrecommends-PGYHU\/\" rel=\"nofollow noopener\" spellcheck=\"false\" target=\"_blank\" style=\"outline: none;\">Quad-Tour zu den Pyramiden mit optionalem Kamelritt<\/a><\/td>\n<\/tr>\n<\/tbody>\n<\/table>\n<p>Erleben Sie die Pyramiden von Gizeh aus einer aufregenden neuen Perspektive auf einer aufregenden Quad-Tour. Optional k\u00f6nnen Sie f\u00fcr ein unvergessliches W\u00fcstenabenteuer auch einen klassischen Kamelritt hinzuf\u00fcgen.<\/p>\n<h3 style=\"\">Gesamtpreis<\/h3>\n<h3>Ihr Konto wird noch nicht belastet.<\/h3>\n<p><span># <\/span><strong><span>2<\/span><\/strong><span><img decoding=\"async\" alt=\"Kairo: Abendessen im The Great Pyramid Inn + Transfers\" data-id=\"8835\" width=\"159\" data-init-width=\"2333\" height=\"106\" data-init-height=\"1556\" title=\"Kairo \u2013 Abendessen im The Great Pyramid Inn + Transfers ota\" loading=\"lazy\" src=\"https:\/\/egypt-tourist-information.com\/wp-content\/uploads\/Cairo-Dinner-at-The-Great-Pyramid-Inn-Transfers-ota.avif\" data-width=\"159\" data-height=\"106\" style=\"aspect-ratio: auto 2333 \/ 1556;\"><\/span><\/p>\n<table>\n<tbody>\n<tr>\n<td><a href=\"https:\/\/www.tiqets.com\/de\/giza-attractions-c274\/tickets-for-cairo-dinner-at-the-great-pyramid-inn-transfers-p1115096\/?partner=egypttouristinformation&amp;tq_campaign=ETIDePyramidsMemphisTourSP4\" rel=\"nofollow noopener\" spellcheck=\"false\" target=\"_blank\" style=\"outline: none;\">Kairo: Abendessen im The Great Pyramid Inn + Transfers<\/a><\/td>\n<\/tr>\n<\/tbody>\n<\/table>\n<p>Genie\u00dfen Sie einen unvergesslichen Abend mit einem Abendessen im The Great Pyramid Inn. Genie\u00dfen Sie einen spektakul\u00e4ren Blick auf die beleuchteten Pyramiden von Gizeh und die Sphinx, w\u00e4hrend Sie die Ton- und Lichtshow ansehen, inklusive bequemer Transfers.<\/p>\n<h3 style=\"\">Gesamtpreis<\/h3>\n<h3>Ihr Konto wird noch nicht belastet.<\/h3>\n<p><\/p>\n<h2><a href=\"https:\/\/www.getyourguide.com\/cairo-l92\/giza-pyramids-sphinx-saqqara-and-dahshur-tour-from-cairo-t215709\/?partner_id=NO9XIDE&amp;utm_medium=online_publisher&amp;cmp=ETIDePyramidsMemphisTourSP\" target=\"_blank\" rel=\"nofollow noopener\" style=\"outline: none;\" spellcheck=\"false\">Zur Buchung<\/a><span style=\"font-weight: normal;\"><\/span><\/h2>\n<p><strong style=\"outline: currentcolor;\"><a href=\"https:\/\/www.getyourguide.com\/cairo-l92\/giza-pyramids-sphinx-saqqara-and-dahshur-tour-from-cairo-t215709\/?partner_id=NO9XIDE&amp;utm_medium=online_publisher&amp;cmp=ETIDePyramidsMemphisTourSP\" target=\"_blank\" rel=\"nofollow noopener\" spellcheck=\"false\" style=\"outline: none;\"><span style=\"font-weight: normal;\">Ab<\/span>&nbsp;76,00 \u20ac<\/a><\/strong><\/p>\n<p style=\"\">Ihr Konto wird noch nicht belastet.<\/p>\n","protected":false},"excerpt":{"rendered":"<p>Ab Kairo: Pyramiden von Gizeh, Sphinx, Sakkara und Memphis Zur Buchung Ab&nbsp;76,00&nbsp;\u20ac Verbringen Sie einen Tag mit der Erkundung einiger der ber\u00fchmtesten Wahrzeichen in der N\u00e4he von Kairo, darunter die&nbsp;Pyramiden von Gizeh, die Sphinx, die Stufenpyramide von Sakkara und Memphis, mit Reiseleiter und Hin- und R\u00fccktransfers.&nbsp; Handverlesenes Ticket&nbsp; Jetzt reservieren &amp; sp\u00e4ter bezahlen Dauer: 8 [&hellip;]<\/p>\n","protected":false},"author":6,"featured_media":10894,"parent":0,"menu_order":0,"comment_status":"closed","ping_status":"closed","template":"","meta":{"_acf_changed":false,"footnotes":"","tve_updated_post":"","tve_custom_css":"","tve_user_custom_css":"","tve_globals":{},"tcb2_ready":1,"tcb_editor_enabled":1,"tve_landing_page":"bd86f3fc67210fed5b2794ad4a56d3a9","_tve_header":"10865","_tve_footer":"10866"},"categories":[73,113],"tags":[128,120,129],"class_list":["post-11486","page","type-page","status-publish","has-post-thumbnail","hentry","category-cairo","category-kairo","tag-kairo","tag-tagesausfluge","tag-verkaufsseite","post-wrapper","thrv_wrapper"],"acf":[],"_links":{"self":[{"href":"https:\/\/egypt-tourist-information.com\/de\/wp-json\/wp\/v2\/pages\/11486","targetHints":{"allow":["GET"]}}],"collection":[{"href":"https:\/\/egypt-tourist-information.com\/de\/wp-json\/wp\/v2\/pages"}],"about":[{"href":"https:\/\/egypt-tourist-information.com\/de\/wp-json\/wp\/v2\/types\/page"}],"author":[{"embeddable":true,"href":"https:\/\/egypt-tourist-information.com\/de\/wp-json\/wp\/v2\/users\/6"}],"replies":[{"embeddable":true,"href":"https:\/\/egypt-tourist-information.com\/de\/wp-json\/wp\/v2\/comments?post=11486"}],"version-history":[{"count":15,"href":"https:\/\/egypt-tourist-information.com\/de\/wp-json\/wp\/v2\/pages\/11486\/revisions"}],"predecessor-version":[{"id":13710,"href":"https:\/\/egypt-tourist-information.com\/de\/wp-json\/wp\/v2\/pages\/11486\/revisions\/13710"}],"wp:featuredmedia":[{"embeddable":true,"href":"https:\/\/egypt-tourist-information.com\/de\/wp-json\/wp\/v2\/media\/10894"}],"wp:attachment":[{"href":"https:\/\/egypt-tourist-information.com\/de\/wp-json\/wp\/v2\/media?parent=11486"}],"wp:term":[{"taxonomy":"category","embeddable":true,"href":"https:\/\/egypt-tourist-information.com\/de\/wp-json\/wp\/v2\/categories?post=11486"},{"taxonomy":"post_tag","embeddable":true,"href":"https:\/\/egypt-tourist-information.com\/de\/wp-json\/wp\/v2\/tags?post=11486"}],"curies":[{"name":"wp","href":"https:\/\/api.w.org\/{rel}","templated":true}]}}