{"id":11492,"date":"2025-06-25T08:33:50","date_gmt":"2025-06-25T08:33:50","guid":{"rendered":"https:\/\/egypt-tourist-information.com\/cairo-tour-from-hurghada"},"modified":"2026-04-24T09:38:41","modified_gmt":"2026-04-24T09:38:41","slug":"tagesausflug-kairo-ab-hurghada","status":"publish","type":"page","link":"https:\/\/egypt-tourist-information.com\/de\/tagesausflug-kairo-ab-hurghada","title":{"rendered":"Tagesausflug nach Kairo ab Hurghada: Pyramiden von Gizeh &amp; Highlights"},"content":{"rendered":"<p><span><img decoding=\"async\" alt=\"\" data-id=\"12950\" width=\"\" height=\"undefined\" title=\"From Hurghada- Cairo and Giza Highlights Full-Day Tour ota\" src=\"https:\/\/egypt-tourist-information.com\/wp-content\/uploads\/From-Hurghada-Cairo-and-Giza-Highlights-Full-Day-Tour-ota-1.avif\" data-src=\"https:\/\/egypt-tourist-information.com\/wp-content\/uploads\/From-Hurghada-Cairo-and-Giza-Highlights-Full-Day-Tour-ota-1.avif\" loading=\"lazy\" data-sizes=\"{&quot;full&quot;:{&quot;url&quot;:&quot;https:\/\/egypt-tourist-information.com\/wp-content\/uploads\/From-Hurghada-Cairo-and-Giza-Highlights-Full-Day-Tour-ota-1.avif&quot;}}\"><\/span><span><img decoding=\"async\" alt=\"\" data-id=\"12948\" width=\"\" height=\"undefined\" title=\"From Hurghada- Cairo and Giza Highlights Full-Day Tour ota2\" src=\"https:\/\/egypt-tourist-information.com\/wp-content\/uploads\/From-Hurghada-Cairo-and-Giza-Highlights-Full-Day-Tour-ota2-1.avif\" data-src=\"https:\/\/egypt-tourist-information.com\/wp-content\/uploads\/From-Hurghada-Cairo-and-Giza-Highlights-Full-Day-Tour-ota2-1.avif\" loading=\"lazy\" data-sizes=\"{&quot;full&quot;:{&quot;url&quot;:&quot;https:\/\/egypt-tourist-information.com\/wp-content\/uploads\/From-Hurghada-Cairo-and-Giza-Highlights-Full-Day-Tour-ota2-1.avif&quot;}}\"><\/span><span><img decoding=\"async\" alt=\"\" data-id=\"12944\" width=\"\" height=\"undefined\" title=\"From Hurghada- Cairo and Giza Highlights Full-Day Tour ota4\" src=\"https:\/\/egypt-tourist-information.com\/wp-content\/uploads\/From-Hurghada-Cairo-and-Giza-Highlights-Full-Day-Tour-ota4-1.avif\" data-src=\"https:\/\/egypt-tourist-information.com\/wp-content\/uploads\/From-Hurghada-Cairo-and-Giza-Highlights-Full-Day-Tour-ota4-1.avif\" loading=\"lazy\" data-sizes=\"{&quot;full&quot;:{&quot;url&quot;:&quot;https:\/\/egypt-tourist-information.com\/wp-content\/uploads\/From-Hurghada-Cairo-and-Giza-Highlights-Full-Day-Tour-ota4-1.avif&quot;}}\"><\/span><span><img decoding=\"async\" alt=\"\" data-id=\"12946\" width=\"\" height=\"undefined\" title=\"From Hurghada- Cairo and Giza Highlights Full-Day Tour ota3\" src=\"https:\/\/egypt-tourist-information.com\/wp-content\/uploads\/From-Hurghada-Cairo-and-Giza-Highlights-Full-Day-Tour-ota3-1.avif\" data-src=\"https:\/\/egypt-tourist-information.com\/wp-content\/uploads\/From-Hurghada-Cairo-and-Giza-Highlights-Full-Day-Tour-ota3-1.avif\" loading=\"lazy\" data-sizes=\"{&quot;full&quot;:{&quot;url&quot;:&quot;https:\/\/egypt-tourist-information.com\/wp-content\/uploads\/From-Hurghada-Cairo-and-Giza-Highlights-Full-Day-Tour-ota3-1.avif&quot;}}\"><\/span><\/p>\n<h1 dir=\"ltr\">Ab Hurghada: Tagestour zu den Highlights von Kairo und Gizeh<\/h1>\n<h2><a href=\"https:\/\/www.getyourguide.com\/hurghada-l403\/from-hurghada-cairo-and-giza-highlights-full-day-tour-t686648\/?partner_id=NO9XIDE&amp;utm_medium=online_publisher&amp;cmp=ETIDeHurghadaCairoTourSP\" target=\"_blank\" rel=\"nofollow noopener\" style=\"outline: none;\">Zur Buchung<\/a><\/h2>\n<h1><a href=\"https:\/\/www.getyourguide.com\/hurghada-l403\/from-hurghada-cairo-and-giza-highlights-full-day-tour-t686648\/?partner_id=NO9XIDE&amp;utm_medium=online_publisher&amp;cmp=ETIDeHurghadaCairoTourSP\" target=\"_blank\" rel=\"nofollow noopener\" style=\"outline: none;\" spellcheck=\"false\"><span style=\"font-weight: normal;\">Ab<\/span>&nbsp;65 \u20ac<\/a><strong><\/strong><\/h1>\n<p data-end=\"393\" data-start=\"186\">Verpassen Sie nicht diesen <strong>Tagesausflug<\/strong>&nbsp;<strong data-end=\"241\" data-start=\"213\">nach Kairo ab Hurghada<\/strong>! Besuchen Sie die ber\u00fchmten&nbsp;<strong data-end=\"280\" data-start=\"260\">Pyramiden von Gizeh<\/strong>, die<strong data-end=\"302\" data-start=\"286\">&nbsp;Sphinx<\/strong> und das <strong data-end=\"331\" data-start=\"312\">\u00c4gyptische Museum<\/strong>&nbsp;oder das <strong>GEM<\/strong> an einem Tag \u2013 Transfers, Mittagessen und fachkundige Reiseleiter inklusive.<\/p>\n<ul>\n<li style=\"\"><span>Handverlesenes Ticket&nbsp;<\/span><\/li>\n<li style=\"\"><span>Jetzt reservieren &amp; sp\u00e4ter bezahlen<\/span><\/li>\n<li style=\"\"><span>Dauer: 15 &#8211; 20 Stunden<\/span><\/li>\n<li style=\"\"><span>Kostenlose Stornierung<\/span><\/li>\n<\/ul>\n<h2>Inbegriffen<\/h2>\n<ul>\n<li style=\"\">                    <span>Hin- und R\u00fccktransport in einem klimatisierten Fahrzeug ab Hurghada<\/span><\/li>\n<li style=\"\">                    <span>F\u00fchrung in kleiner Gruppe mit einem erfahrenen \u00c4gyptologen<\/span><\/li>\n<li style=\"\">                    <span>Eintritt zum Gizeh-Plateau<\/span><\/li>\n<li><span>Optional: Eintritt in die Cheops-Pyramide (nur wenn Option ausgew\u00e4hlt)<br \/><\/span><\/li>\n<li><span>Optional: Eintrittsgeb\u00fchren f\u00fcr das Gro\u00dfe \u00c4gyptische Museum (nur wenn die Option ausgew\u00e4hlt wurde)<\/span><\/li>\n<li style=\"\">                    <span>BBQ-Mittagessen in einem lokalen Restaurant<\/span><\/li>\n<li style=\"\">                    <span>Englischsprachiger \u00c4gyptologe als Reiseleiter (Spanisch, Deutsch oder Franz\u00f6sisch auf Anfrage)<\/span><\/li>\n<li style=\"\">                    <span>Abholung und R\u00fccktransfer von Hotels in Hurghada<\/span><\/li>\n<li style=\"\">                    <span>Bootsfahrt&nbsp;<span data-v-e03e418d=\"\">(falls Option gew\u00e4hlt)<\/span><\/span><\/li>\n<\/ul>\n<h2>Nicht inbegriffen<\/h2>\n<ul>\n<li style=\"\"><span>Eintritt in die Pyramide von Gizeh (separates Ticket erforderlich)<\/span><\/li>\n<li style=\"\"><span>Kamel- oder Pferderitt (optionales Add-on)<\/span><\/li>\n<li style=\"\"><span>Getr\u00e4nke zum Mittagessen<\/span><\/li>\n<li style=\"\"><span>Abholung von Safaga oder Soma Bay (zus\u00e4tzlich 8 $ pro Person)<\/span><\/li>\n<li style=\"\"><span>Abholung von Makadi Bay, Sahl Hasheesh und El Gouna (zus\u00e4tzlich 5 $ pro Person)<br \/><\/span><\/li>\n<\/ul>\n<h2>Wichtige Informationen<\/h2>\n<ul>\n<li style=\"\"><span><strong>Dauer:<\/strong> 15\u201320 Stunden (Startzeiten vorab pr\u00fcfen)<\/span><\/li>\n<li><span><strong>Mitzubringen<\/strong>: Sonnenbrille, Sonnenhut, Sonnencreme, Kreditkarte, Kissen und bequeme Schuhe<\/span><\/li>\n<li><span><strong>Wichtig<\/strong>: Der Eintritt ins Innere der Gro\u00dfen Pyramide ist nicht inbegriffen, sofern nicht ausdr\u00fccklich gebucht.<\/span><\/li>\n<\/ul>\n<h2>Beschreibung:<\/h2>\n<p data-end=\"928\" data-start=\"438\">Machen Sie das Beste aus Ihrer Zeit in \u00c4gypten mit diesem ganzt\u00e4gigen <strong>Tagesausflug nach<\/strong>&nbsp;<strong data-end=\"521\" data-start=\"493\">Kairo ab Hurghada<\/strong>. Nach einer komfortablen Abholung fahren Sie am fr\u00fchen Morgen im klimatisierten Minivan nach Kairo, um die beeindruckenden&nbsp;<strong data-end=\"628\" data-start=\"608\">Pyramiden von Gizeh<\/strong> und die geheimnisvolle <strong data-end=\"664\" data-start=\"648\">Sphinx<\/strong> zu erkunden.<\/p>\n<p data-end=\"928\" data-start=\"438\">St\u00e4rken Sie sich bei einem Mittagessen vom Grill, bevor Sie wahlweise das <strong data-end=\"731\" data-start=\"712\">\u00c4gyptische Museum<\/strong>&nbsp;oder das neue <strong>Gro\u00dfe \u00c4gyptische Museum<\/strong> besuchen, das Tausende von unsch\u00e4tzbaren Sch\u00e4tzen verwaltet. Optionale Erlebnisse wie ein&nbsp;<strong data-end=\"817\" data-start=\"803\">Kamelritt<\/strong> oder eine <strong data-end=\"844\" data-start=\"823\">Nilkreuzfahrt<\/strong> machen Ihren Tag noch unvergesslicher \u2013 bevor Sie abends nach Hurghada zur\u00fcckkehren.<\/p>\n<h2>Highlights:<\/h2>\n<ul>\n<li dir=\"ltr\">Sehen Sie die <strong>Pyramiden von Gizeh<\/strong>, eines der letzten noch erhaltenen antiken Weltwunder<\/li>\n<li dir=\"ltr\">Bestaunen Sie die <strong>welt<\/strong><strong><strong>ber\u00fchmte<\/strong> Sphinx<\/strong> und erfahren Sie mehr \u00fcber ihre geheimnisvolle Geschichte<\/li>\n<li dir=\"ltr\">Besuchen Sie das <strong>\u00c4gyptische Museum oder das neue Gro\u00dfe \u00c4gyptische Museum<\/strong><\/li>\n<li dir=\"ltr\">Genie\u00dfen Sie ein <strong>BBQ-Mittagessen<\/strong> in einem lokalen Restaurant<\/li>\n<li>Erweitern Sie Ihr Erlebnis mit <strong>optionalem Kamelritt oder einer Nilkreuzfahrt<\/strong><\/li>\n<\/ul>\n<h2>Stornierungsbedingungen<\/h2>\n<p dir=\"ltr\">Kostenlose Stornierung bis 24 Stunden vor Tourbeginn mit voller R\u00fcckerstattung m\u00f6glich.<\/p>\n<h2>Treffpunkt&nbsp;<\/h2>\n<p dir=\"ltr\">Sie werden direkt von Ihrem Hotel in Hurghada abgeholt. Bitte finden Sie sich 15 Minuten vor Ihrer geplanten Abfahrt in der Hotellobby oder am Eingang ein.<\/p>\n<p dir=\"ltr\">F\u00fcr Hotels au\u00dferhalb des Versorgungsgebiets (Makadi Bay, El Gouna usw.) f\u00e4llt eine zus\u00e4tzliche Geb\u00fchr an. Die genaue Abholzeit wird nach der Buchung best\u00e4tigt.<\/p>\n<p><a href=\"https:\/\/www.getyourguide.com\/hurghada-l403\/from-hurghada-cairo-and-giza-highlights-full-day-tour-t686648\/?partner_id=NO9XIDE&amp;utm_medium=online_publisher&amp;cmp=ETIDeHurghadaCairoTourSP\" target=\"_blank\" rel=\"nofollow noopener\" style=\"outline: none;\">Mehr Details&nbsp;<\/a><\/p>\n<h2>Bewertungen<\/h2>\n<p><strong>4.5\/ 5 &nbsp;<\/strong><strong>(6610+ Bewertungen)<\/strong><\/p>\n<p dir=\"ltr\"><em>\u201eDie Reise nach Kairo und Gizeh war wunderbar. Der Transport war super, der Guide hat sich um uns gek\u00fcmmert und uns interessante Fakten \u00fcber \u00c4gypten und die \u00e4gyptische Mythologie erz\u00e4hlt.&#8220;<\/em> &#8211; Mateusz, Juni 2025 &gt;&gt; <a href=\"https:\/\/www.getyourguide.com\/hurghada-l403\/from-hurghada-cairo-and-giza-highlights-full-day-tour-t686648\/?partner_id=NO9XIDE&amp;utm_medium=online_publisher&amp;cmp=ETIDeHurghadaCairoTourSP\" target=\"_blank\" rel=\"nofollow noopener\" style=\"outline: none;\" spellcheck=\"false\">Weitere Bewertungen<\/a><\/p>\n<h2>Einige Aktivit\u00e4ten, die Ihnen gefallen k\u00f6nnten<\/h2>\n<p><span># <\/span><strong><span>2<\/span><\/strong><span># <\/span><strong><span>2<\/span><\/strong><span><img decoding=\"async\" alt=\"\" data-id=\"9163\" width=\"159\" data-init-width=\"720\" height=\"159\" data-init-height=\"480\" title=\"Von Hurghada - Ganzt\u00e4giger Ausflug nach Kairo mit dem Flugzeug ota\" loading=\"lazy\" src=\"https:\/\/egypt-tourist-information.com\/wp-content\/uploads\/From-Hurghada-Full-Day-Trip-to-Cairo-by-Plane-ota.avif\" data-width=\"159\" data-height=\"159\" style=\"aspect-ratio: auto 720 \/ 480;\"><\/span><\/p>\n<table>\n<tbody>\n<tr>\n<td><a href=\"https:\/\/www.getyourguide.com\/hurghada-l403\/from-hurghada-full-day-trip-to-cairo-by-plane-t21224\/?partner_id=NO9XIDE&amp;utm_medium=online_publisher&amp;cmp=ETIDeHurghadaCairoTourSP2\" rel=\"nofollow noopener\" spellcheck=\"false\" target=\"_blank\" style=\"outline: none;\">Ab Hurghada: Tagesausflug nach Kairo mit dem Flugzeug<\/a><\/td>\n<\/tr>\n<\/tbody>\n<\/table>\n<p>Reisen Sie <strong>von Hurghada nach Kairo<\/strong> f\u00fcr ein unvergessliches Ganztagesabenteuer und erkunden Sie die zeitlosen Wunder der \u00e4gyptischen Hauptstadt <strong>mit dem Flugzeug.<\/strong><\/p>\n<h3 style=\"\">Gesamtpreis<\/h3>\n<h3>Ihr Konto wird noch nicht belastet.<\/h3>\n<p><span># <\/span><strong><span>2<\/span><\/strong><span># <\/span><strong><span>2<\/span><\/strong><span><img decoding=\"async\" alt=\"\" data-id=\"8966\" width=\"159\" data-init-width=\"1598\" height=\"103\" data-init-height=\"999\" title=\"Hurghada \u2013 Luxor-Tal der K\u00f6nige und Ausflug zum Grab des Tutanchamun usw\" loading=\"lazy\" src=\"https:\/\/egypt-tourist-information.com\/wp-content\/uploads\/Hurghada-Luxor-Valley-of-the-Kings-Tutankhamun-Tomb-Trip-ota.avif\" data-width=\"159\" data-height=\"103\" style=\"aspect-ratio: auto 1598 \/ 999;\"><\/span><\/p>\n<table>\n<tbody>\n<tr>\n<td>\n<table>\n<tbody>\n<tr>\n<td><a href=\"https:\/\/www.getyourguide.com\/luxor-l109\/hurghada-luxor-valley-of-the-kings-tutankhamun-tomb-trip-t22357\/?partner_id=NO9XIDE&amp;utm_medium=online_publisher&amp;cmp=ETIDeHurghadaCairoTourSP3\" target=\"_blank\" rel=\"nofollow noopener\" style=\"outline: none;\" data-lt-tmp-id=\"lt-230895\" spellcheck=\"false\">Hurghada: Luxor-Tal der K\u00f6nige &amp; Tutanchamun-Grab<\/a><\/td>\n<\/tr>\n<\/tbody>\n<\/table>\n<\/td>\n<\/tr>\n<\/tbody>\n<\/table>\n<p>Begeben Sie sich auf einen unvergesslichen Tagesausflug von Hurghada nach <strong>Luxor<\/strong>, erkunden Sie das legend\u00e4re&nbsp;<strong>Tal der K\u00f6nige<\/strong> und erklimmen Sie hinab in das ikonische Grab von <strong>Tutanchamun<\/strong>.<\/p>\n<h3 style=\"\">Gesamtpreis<\/h3>\n<h3>Ihr Konto wird noch nicht belastet.<\/h3>\n<p><span># <\/span><strong><span>2<\/span><\/strong><span><img decoding=\"async\" alt=\"\" data-id=\"9166\" width=\"159\" data-init-width=\"2333\" height=\"106\" data-init-height=\"1556\" title=\"Hurghada \u2013 Luxus-Kreuzfahrt nach Orange Bay mit Mittagessen\" loading=\"lazy\" src=\"https:\/\/egypt-tourist-information.com\/wp-content\/uploads\/Hurghada-Luxury-Cruise-Trip-to-Orange-Bay-with-Lunch-ota.avif\" data-width=\"159\" data-height=\"106\" style=\"aspect-ratio: auto 2333 \/ 1556;\"><\/span><\/p>\n<table>\n<tbody>\n<tr>\n<td><a href=\"https:\/\/www.getyourguide.com\/hurghada-l403\/hurghada-luxury-sailing-trip-to-orange-bay-with-lunch-t387390\/?partner_id=NO9XIDE&amp;utm_medium=online_publisher&amp;cmp=ETIDeHurghadaCairoTourSP4\" rel=\"nofollow noopener\" spellcheck=\"false\" target=\"_blank\" style=\"outline: none;\">Hurghada: Luxus-Kreuzfahrt zur Orange Bay mit Mittagessen<\/a><\/td>\n<\/tr>\n<\/tbody>\n<\/table>\n<p>G\u00f6nnen Sie sich einen Tag voller Luxus auf einer <strong>Kreuzfahrt von Hurghada nach Orange Bay,<\/strong> wo <strong>kristallklares Wasser<\/strong> und wei\u00dfer Sand auf Sie warten, inklusive eines k\u00f6stlichen Mittagessens an Bord.<\/p>\n<h3 style=\"\">Gesamtpreis<\/h3>\n<h3 style=\"\">Ihr Konto wird noch nicht belastet.<\/h3>\n<p><\/p>\n<h2><a href=\"https:\/\/www.getyourguide.com\/hurghada-l403\/from-hurghada-cairo-and-giza-highlights-full-day-tour-t686648\/?partner_id=NO9XIDE&amp;utm_medium=online_publisher&amp;cmp=ETIDeHurghadaCairoTourSP\" target=\"_blank\" rel=\"nofollow noopener\" style=\"outline: none;\" spellcheck=\"false\">Zur Buchung<\/a><span style=\"font-weight: normal;\"><\/span><\/h2>\n<p><strong style=\"outline: currentcolor;\"><a href=\"https:\/\/www.getyourguide.com\/hurghada-l403\/from-hurghada-cairo-and-giza-highlights-full-day-tour-t686648\/?partner_id=NO9XIDE&amp;utm_medium=online_publisher&amp;cmp=ETIDeHurghadaCairoTourSP\" target=\"_blank\" rel=\"nofollow noopener\" spellcheck=\"false\" style=\"outline: none;\"><span style=\"font-weight: normal;\">Ab&nbsp;<\/span>65 \u20ac<\/a><\/strong><\/p>\n<h3>Ihr Konto wir noch nicht belastet.<\/h3>\n","protected":false},"excerpt":{"rendered":"<p>Ab Hurghada: Tagestour zu den Highlights von Kairo und Gizeh Zur Buchung Ab&nbsp;65 \u20ac Verpassen Sie nicht diesen Tagesausflug&nbsp;nach Kairo ab Hurghada! Besuchen Sie die ber\u00fchmten&nbsp;Pyramiden von Gizeh, die&nbsp;Sphinx und das \u00c4gyptische Museum&nbsp;oder das GEM an einem Tag \u2013 Transfers, Mittagessen und fachkundige Reiseleiter inklusive. Handverlesenes Ticket&nbsp; Jetzt reservieren &amp; sp\u00e4ter bezahlen Dauer: 15 &#8211; [&hellip;]<\/p>\n","protected":false},"author":6,"featured_media":10908,"parent":0,"menu_order":0,"comment_status":"closed","ping_status":"closed","template":"","meta":{"_acf_changed":false,"footnotes":"","tve_updated_post":"","tve_custom_css":"","tve_user_custom_css":"","tve_globals":{},"tcb2_ready":1,"tcb_editor_enabled":1,"tve_landing_page":"bd86f3fc67210fed5b2794ad4a56d3a9","_tve_header":"10865","_tve_footer":"10866"},"categories":[76,114],"tags":[122,120,129],"class_list":["post-11492","page","type-page","status-publish","has-post-thumbnail","hentry","category-hurghada","category-hurghada-de","tag-hurghada-de","tag-tagesausfluge","tag-verkaufsseite","post-wrapper","thrv_wrapper"],"acf":[],"_links":{"self":[{"href":"https:\/\/egypt-tourist-information.com\/de\/wp-json\/wp\/v2\/pages\/11492","targetHints":{"allow":["GET"]}}],"collection":[{"href":"https:\/\/egypt-tourist-information.com\/de\/wp-json\/wp\/v2\/pages"}],"about":[{"href":"https:\/\/egypt-tourist-information.com\/de\/wp-json\/wp\/v2\/types\/page"}],"author":[{"embeddable":true,"href":"https:\/\/egypt-tourist-information.com\/de\/wp-json\/wp\/v2\/users\/6"}],"replies":[{"embeddable":true,"href":"https:\/\/egypt-tourist-information.com\/de\/wp-json\/wp\/v2\/comments?post=11492"}],"version-history":[{"count":15,"href":"https:\/\/egypt-tourist-information.com\/de\/wp-json\/wp\/v2\/pages\/11492\/revisions"}],"predecessor-version":[{"id":13713,"href":"https:\/\/egypt-tourist-information.com\/de\/wp-json\/wp\/v2\/pages\/11492\/revisions\/13713"}],"wp:featuredmedia":[{"embeddable":true,"href":"https:\/\/egypt-tourist-information.com\/de\/wp-json\/wp\/v2\/media\/10908"}],"wp:attachment":[{"href":"https:\/\/egypt-tourist-information.com\/de\/wp-json\/wp\/v2\/media?parent=11492"}],"wp:term":[{"taxonomy":"category","embeddable":true,"href":"https:\/\/egypt-tourist-information.com\/de\/wp-json\/wp\/v2\/categories?post=11492"},{"taxonomy":"post_tag","embeddable":true,"href":"https:\/\/egypt-tourist-information.com\/de\/wp-json\/wp\/v2\/tags?post=11492"}],"curies":[{"name":"wp","href":"https:\/\/api.w.org\/{rel}","templated":true}]}}