{"id":11495,"date":"2025-06-17T13:22:54","date_gmt":"2025-06-17T13:22:54","guid":{"rendered":"https:\/\/egypt-tourist-information.com\/pyramids-of-giza-tickets"},"modified":"2026-04-30T12:19:54","modified_gmt":"2026-04-30T12:19:54","slug":"tickets-fur-pyramiden-von-gizeh","status":"publish","type":"page","link":"https:\/\/egypt-tourist-information.com\/de\/tickets-fur-pyramiden-von-gizeh","title":{"rendered":"Tickets f\u00fcr Pyramiden von Gizeh: Pyramiden von Gizeh-Komplex Schnelleinlass-Tickets"},"content":{"rendered":"<p><span><img decoding=\"async\" alt=\"\" data-id=\"8839\" width=\"1456\" height=\"936\" title=\"Tickets ohne Anstehen f\u00fcr den Gizeh-Komplex + Zugang zur Cheops-Pyramide\" src=\"https:\/\/egypt-tourist-information.com\/wp-content\/uploads\/Giza-Complex-Skip-The-Line-Tickets-Access-to-Khufu-Pyramid-ota-1024x658.png\" data-src=\"https:\/\/egypt-tourist-information.com\/wp-content\/uploads\/Giza-Complex-Skip-The-Line-Tickets-Access-to-Khufu-Pyramid-ota-300x193.png\" loading=\"lazy\" data-sizes=\"{&quot;thumbnail&quot;:{&quot;url&quot;:&quot;https:\/\/egypt-tourist-information.com\/wp-content\/uploads\/Giza-Complex-Skip-The-Line-Tickets-Access-to-Khufu-Pyramid-ota-150x150.png&quot;,&quot;height&quot;:150,&quot;width&quot;:150,&quot;orientation&quot;:&quot;landscape&quot;},&quot;medium&quot;:{&quot;url&quot;:&quot;https:\/\/egypt-tourist-information.com\/wp-content\/uploads\/Giza-Complex-Skip-The-Line-Tickets-Access-to-Khufu-Pyramid-ota-300x193.png&quot;,&quot;height&quot;:193,&quot;width&quot;:300,&quot;orientation&quot;:&quot;landscape&quot;},&quot;large&quot;:{&quot;url&quot;:&quot;https:\/\/egypt-tourist-information.com\/wp-content\/uploads\/Giza-Complex-Skip-The-Line-Tickets-Access-to-Khufu-Pyramid-ota-1024x658.png&quot;,&quot;height&quot;:658,&quot;width&quot;:1024,&quot;orientation&quot;:&quot;landscape&quot;},&quot;full&quot;:{&quot;url&quot;:&quot;https:\/\/egypt-tourist-information.com\/wp-content\/uploads\/Giza-Complex-Skip-The-Line-Tickets-Access-to-Khufu-Pyramid-ota.png&quot;,&quot;height&quot;:936,&quot;width&quot;:1456,&quot;orientation&quot;:&quot;landscape&quot;}}\"><\/span><span><img decoding=\"async\" alt=\"\" data-id=\"8841\" width=\"1332\" height=\"882\" title=\"Tickets ohne Anstehen f\u00fcr den Gizeh-Komplex + Zugang zur Cheops-Pyramide ota3\" src=\"https:\/\/egypt-tourist-information.com\/wp-content\/uploads\/Giza-Complex-Skip-The-Line-Tickets-Access-to-Khufu-Pyramid-ota3-1024x678.png\" data-src=\"https:\/\/egypt-tourist-information.com\/wp-content\/uploads\/Giza-Complex-Skip-The-Line-Tickets-Access-to-Khufu-Pyramid-ota3-300x199.png\" loading=\"lazy\" data-sizes=\"{&quot;thumbnail&quot;:{&quot;url&quot;:&quot;https:\/\/egypt-tourist-information.com\/wp-content\/uploads\/Giza-Complex-Skip-The-Line-Tickets-Access-to-Khufu-Pyramid-ota3-150x150.png&quot;,&quot;height&quot;:150,&quot;width&quot;:150,&quot;orientation&quot;:&quot;landscape&quot;},&quot;medium&quot;:{&quot;url&quot;:&quot;https:\/\/egypt-tourist-information.com\/wp-content\/uploads\/Giza-Complex-Skip-The-Line-Tickets-Access-to-Khufu-Pyramid-ota3-300x199.png&quot;,&quot;height&quot;:199,&quot;width&quot;:300,&quot;orientation&quot;:&quot;landscape&quot;},&quot;large&quot;:{&quot;url&quot;:&quot;https:\/\/egypt-tourist-information.com\/wp-content\/uploads\/Giza-Complex-Skip-The-Line-Tickets-Access-to-Khufu-Pyramid-ota3-1024x678.png&quot;,&quot;height&quot;:678,&quot;width&quot;:1024,&quot;orientation&quot;:&quot;landscape&quot;},&quot;full&quot;:{&quot;url&quot;:&quot;https:\/\/egypt-tourist-information.com\/wp-content\/uploads\/Giza-Complex-Skip-The-Line-Tickets-Access-to-Khufu-Pyramid-ota3.png&quot;,&quot;height&quot;:882,&quot;width&quot;:1332,&quot;orientation&quot;:&quot;landscape&quot;}}\"><\/span><span><img decoding=\"async\" alt=\"\" data-id=\"8840\" width=\"1370\" height=\"936\" title=\"Tickets ohne Anstehen f\u00fcr den Gizeh-Komplex + Zugang zur Cheops-Pyramide ota2\" src=\"https:\/\/egypt-tourist-information.com\/wp-content\/uploads\/Giza-Complex-Skip-The-Line-Tickets-Access-to-Khufu-Pyramid-ota2-1024x700.png\" data-src=\"https:\/\/egypt-tourist-information.com\/wp-content\/uploads\/Giza-Complex-Skip-The-Line-Tickets-Access-to-Khufu-Pyramid-ota2-300x205.png\" loading=\"lazy\" data-sizes=\"{&quot;thumbnail&quot;:{&quot;url&quot;:&quot;https:\/\/egypt-tourist-information.com\/wp-content\/uploads\/Giza-Complex-Skip-The-Line-Tickets-Access-to-Khufu-Pyramid-ota2-150x150.png&quot;,&quot;height&quot;:150,&quot;width&quot;:150,&quot;orientation&quot;:&quot;landscape&quot;},&quot;medium&quot;:{&quot;url&quot;:&quot;https:\/\/egypt-tourist-information.com\/wp-content\/uploads\/Giza-Complex-Skip-The-Line-Tickets-Access-to-Khufu-Pyramid-ota2-300x205.png&quot;,&quot;height&quot;:205,&quot;width&quot;:300,&quot;orientation&quot;:&quot;landscape&quot;},&quot;large&quot;:{&quot;url&quot;:&quot;https:\/\/egypt-tourist-information.com\/wp-content\/uploads\/Giza-Complex-Skip-The-Line-Tickets-Access-to-Khufu-Pyramid-ota2-1024x700.png&quot;,&quot;height&quot;:700,&quot;width&quot;:1024,&quot;orientation&quot;:&quot;landscape&quot;},&quot;full&quot;:{&quot;url&quot;:&quot;https:\/\/egypt-tourist-information.com\/wp-content\/uploads\/Giza-Complex-Skip-The-Line-Tickets-Access-to-Khufu-Pyramid-ota2.png&quot;,&quot;height&quot;:936,&quot;width&quot;:1370,&quot;orientation&quot;:&quot;landscape&quot;}}\"><\/span><span><img decoding=\"async\" alt=\"\" data-id=\"8838\" width=\"1352\" height=\"906\" title=\"Tickets ohne Anstehen f\u00fcr den Gizeh-Komplex + Zugang zur Cheops-Pyramide ota4\" src=\"https:\/\/egypt-tourist-information.com\/wp-content\/uploads\/Giza-Complex-Skip-The-Line-Tickets-Access-to-Khufu-Pyramid-ota4-1024x686.png\" data-src=\"https:\/\/egypt-tourist-information.com\/wp-content\/uploads\/Giza-Complex-Skip-The-Line-Tickets-Access-to-Khufu-Pyramid-ota4-300x201.png\" loading=\"lazy\" data-sizes=\"{&quot;thumbnail&quot;:{&quot;url&quot;:&quot;https:\/\/egypt-tourist-information.com\/wp-content\/uploads\/Giza-Complex-Skip-The-Line-Tickets-Access-to-Khufu-Pyramid-ota4-150x150.png&quot;,&quot;height&quot;:150,&quot;width&quot;:150,&quot;orientation&quot;:&quot;landscape&quot;},&quot;medium&quot;:{&quot;url&quot;:&quot;https:\/\/egypt-tourist-information.com\/wp-content\/uploads\/Giza-Complex-Skip-The-Line-Tickets-Access-to-Khufu-Pyramid-ota4-300x201.png&quot;,&quot;height&quot;:201,&quot;width&quot;:300,&quot;orientation&quot;:&quot;landscape&quot;},&quot;large&quot;:{&quot;url&quot;:&quot;https:\/\/egypt-tourist-information.com\/wp-content\/uploads\/Giza-Complex-Skip-The-Line-Tickets-Access-to-Khufu-Pyramid-ota4-1024x686.png&quot;,&quot;height&quot;:686,&quot;width&quot;:1024,&quot;orientation&quot;:&quot;landscape&quot;},&quot;full&quot;:{&quot;url&quot;:&quot;https:\/\/egypt-tourist-information.com\/wp-content\/uploads\/Giza-Complex-Skip-The-Line-Tickets-Access-to-Khufu-Pyramid-ota4.png&quot;,&quot;height&quot;:906,&quot;width&quot;:1352,&quot;orientation&quot;:&quot;landscape&quot;}}\"><\/span><\/p>\n<h1 data-qa-marker=\"product-name\">Pyramiden von Gizeh-Komplex: Schnelleinlass-Tickets<\/h1>\n<h2><a href=\"https:\/\/www.headout.com\/r\/most-amazing-placesrecommends-TcpJN\/\" target=\"_blank\" rel=\"nofollow noopener\" style=\"outline: none;\">Zur Buchung<\/a><\/h2>\n<h1><a href=\"https:\/\/www.headout.com\/r\/most-amazing-placesrecommends-TcpJN\/\" target=\"_blank\" rel=\"nofollow noopener\" style=\"outline: none;\" spellcheck=\"false\">Ab 24 \u20ac<\/a><strong><\/strong><\/h1>\n<p dir=\"ltr\">Erkunden Sie die legend\u00e4ren Pyramiden von Gizeh mit <strong>bevorzugtem Einlass,<\/strong> einschlie\u00dflich <strong>Eintritt zur Gro\u00dfen Sphinx<\/strong> und zum Taltempel. W\u00e4hlen Sie ein Upgrade f\u00fcr einen seltenen Besuch <strong>der Cheops-Pyramide.<\/strong><\/p>\n<ul>\n<li style=\"\"><span>Handverlesenes Ticket&nbsp;<\/span><\/li>\n<li style=\"\"><span>Sofortige Best\u00e4tigung<\/span><\/li>\n<li style=\"\"><span>Schnelleinlass<\/span><\/li>\n<li style=\"\"><span>Nicht erstattungsf\u00e4hig<\/span><\/li>\n<\/ul>\n<h2>Inbegriffen<\/h2>\n<ul>\n<li style=\"\">                    <span>Schnelleinlass zum Pyramidenkomplex von Gizeh<\/span><\/li>\n<li style=\"\">                    <span>Zugang zum Gebiet der Sphinx&nbsp;<\/span><\/li>\n<li style=\"\">                    <span>Upgrade-<strong>Option<\/strong><strong>&nbsp;<\/strong>f\u00fcr den Eintritt in die Pyramide von Gizeh<\/span><\/li>\n<li style=\"\">                    <span><strong>Upgrade-Option<\/strong> f\u00fcr eine gef\u00fchrte Halbtagestour mit Hoteltransfer<\/span><\/li>\n<\/ul>\n<h2>Nicht inbegriffen<\/h2>\n<ul>\n<li style=\"\"><span>Eintritt in Pyramiden&nbsp;<\/span><\/li>\n<li style=\"\"><span>Gef\u00fchrte Tour (sofern keine Upgrade-Tour ausgew\u00e4hlt wurde)<\/span><\/li>\n<li style=\"\"><span>Transport zum und vom Standort<\/span><\/li>\n<\/ul>\n<h2>Wichtige Informationen<\/h2>\n<ul>\n<li style=\"\"><span>Bringen Sie einen g\u00fcltigen Lichtbildausweis mit<\/span><\/li>\n<li><span>Freier Eintritt f\u00fcr Kinder unter 6 Jahren<\/span><\/li>\n<li><span>Fotografieren mit dem Handy ist erlaubt; f\u00fcr professionelle Kameras fallen Geb\u00fchren an<\/span><\/li>\n<li><span>Der Zugang f\u00fcr Rollstuhlfahrer ist eingeschr\u00e4nkt (das Innere der Pyramiden ist nicht zug\u00e4nglich)<\/span><\/li>\n<li><span>F\u00fcr den erm\u00e4\u00dfigten Eintritt ist f\u00fcr Studierende ein g\u00fcltiger Ausweis erforderlich.<\/span><\/li>\n<\/ul>\n<h2>Beschreibung:<\/h2>\n<p dir=\"ltr\">Vermeiden Sie lange Warteschlangen und tauchen Sie direkt in eine der ber\u00fchmtesten antiken St\u00e4tten der Welt ein, den Pyramiden-<strong>Komplex <\/strong><strong>von Gizeh<\/strong>. Durchstreifen Sie das Gizeh-Plateau in Ihrem eigenen Tempo und entdecken Sie die m\u00e4chtigen&nbsp;<strong>Pyramiden von Cheops, Chephren und Mykerinos<\/strong>.<strong><\/strong><strong><\/strong><\/p>\n<p dir=\"ltr\">Bestaunen Sie die <strong>kolossale Sphinx<\/strong> und den <strong>Taltempel.<\/strong> F\u00fcr ein noch intensiveres Erlebnis <strong>buchen Sie ein Upgrade<\/strong> und betreten die Cheops-Pyramide und erkunden ihre geheimnisvollen Innenr\u00e4ume. Sie w\u00fcnschen sich mehr Einblicke? Dann buchen Sie eine gef\u00fchrte Halbtagestour mit Transfers und Expertenkommentaren.<\/p>\n<h2>Highlights:<\/h2>\n<p ltr\"\"=\"\">\n<ul>\n<li dir=\"ltr\">\u00dcberspringen Sie die langen Warteschlangen und betreten Sie das Gizeh-Plateau bequem<\/li>\n<li dir=\"ltr\">Erkunden Sie die majest\u00e4tischen Pyramiden von au\u00dfen in Ihrem eigenen Tempo<\/li>\n<li dir=\"ltr\">Bewundern Sie die Gro\u00dfe Sphinx und den Taltempel von Khafre aus n\u00e4chster N\u00e4he<\/li>\n<li dir=\"ltr\">Buchen Sie ein Upgrade f\u00fcr den Zugang zur K\u00f6nigskammer der Gro\u00dfen Pyramide oder f\u00fcgen Sie eine F\u00fchrung und Hotelabholung f\u00fcr ein umfassendes historisches Erlebnis hinzu<\/li>\n<\/ul>\n<h2>Gizeh-Komplex<\/h2>\n<p dir=\"ltr\"><strong>Ticketschalter der Pyramiden von Gizeh:<\/strong> X4GR+589, Al Haram, Gouvernement Gizeh 3512201, \u00c4gypten<\/p>\n<h2>Stornierungsbedingungen<\/h2>\n<p dir=\"ltr\">Diese Tickets sind nicht erstattungsf\u00e4hig und k\u00f6nnen unter keinen Umst\u00e4nden umgebucht werden.<\/p>\n<h2>Treffpunkt &amp; Anweisungen<\/h2>\n<p dir=\"ltr\">Zeigen Sie Ihren mobilen Voucher und Ihren Lichtbildausweis am Ticketschalter der Pyramiden von Gizeh vor. Adresse: X4GR+589, Al Haram, Gouvernement Gizeh 3512201, \u00c4gypten<\/p>\n<p><a data-lt-tmp-id=\"lt-559498\" href=\"https:\/\/www.google.com\/maps\/place\/Giza+Pyramids+Ticket+office\/@29.9755981,31.1404191,20.12z\/data=!4m6!3m5!1s0x14584589ddbad7ad:0x9852aed4671fa261!8m2!3d29.9754076!4d31.1408443!16s%2Fg%2F11h9y53f06?entry=tts\" rel=\"nofollow noopener\" spellcheck=\"false\" target=\"_blank\" style=\"outline: none;\">Mit Maps \u00f6ffnen<\/a><\/p>\n<h2>Bewertungen<\/h2>\n<p><strong>4.3\/ 5&nbsp; <\/strong><strong>(1.112 Bewertungen)<\/strong><\/p>\n<p dir=\"ltr\"><em>&#8222;Ich fand es toll, die Pyramiden und die Sphinx aus der N\u00e4he zu sehen. Das \u00dcberspringen der Warteschlange sparte etwas Zeit, aber wegen der Hitze entschieden wir uns trotzdem, eine Pferdekutsche zu mieten, um uns herumzufahren. Es hat sich gelohnt. Wir kauften auch die Option, die gro\u00dfe Pyramide von innen zu besichtigen. Das hat sich nicht gelohnt. Es war nur ein langer, niedriger Tunnel, der zu einem kleinen Raum f\u00fchrte. [&#8230;]&#8220;<\/em> Wendy, Mai 2025&gt;&gt; <a href=\"https:\/\/www.headout.com\/r\/most-amazing-placesrecommends-TcpJN\/\" target=\"_blank\" rel=\"nofollow noopener\" style=\"outline: none;\" spellcheck=\"false\">Alle Bewertungen<\/a><\/p>\n<h2>Einige Aktivit\u00e4ten, die Ihnen gefallen k\u00f6nnten<\/h2>\n<p><span># <\/span><strong><span>2<\/span><\/strong><span># <\/span><strong><span>2<\/span><\/strong><span><img decoding=\"async\" alt=\"\" data-id=\"8829\" width=\"159\" data-init-width=\"720\" height=\"106\" data-init-height=\"480\" title=\"Kairo: Private Tour zu den Pyramiden und der Gro\u00dfen Sphinx mit Kamelritt\" loading=\"lazy\" src=\"https:\/\/egypt-tourist-information.com\/wp-content\/uploads\/Cairo-Pyramids-Great-Sphinx-Private-Tour-with-Camel-Ride-ota.avif\" data-width=\"159\" data-height=\"106\" style=\"aspect-ratio: auto 720 \/ 480;\"><\/span><\/p>\n<table>\n<tbody>\n<tr>\n<td><a href=\"https:\/\/www.getyourguide.com\/cairo-l92\/cairo-pyramids-great-sphinx-private-tour-with-camel-ride-t459032\/?partner_id=NO9XIDE&amp;utm_medium=online_publisher&amp;cmp=ETIDeGizaPyramidsSp\" target=\"_blank\" rel=\"nofollow noopener\" style=\"outline: none;\" data-lt-tmp-id=\"lt-607832\" spellcheck=\"false\">Kairo: Pyramiden &amp; Gro\u00dfe Sphinx &#8211; Private Tour mit Kamelritt<\/a><\/td>\n<\/tr>\n<\/tbody>\n<\/table>\n<p>Erkunden Sie die antiken Wunder \u00c4gyptens auf einer 4-st\u00fcndigen Privattour zu den Pyramiden von Gizeh und der Gro\u00dfen Sphinx, inklusive eines unvergesslichen Kamelritts.<\/p>\n<h3 style=\"\">Gesamtpreis<\/h3>\n<h3 style=\"\">Ihnen wird noch nichts berechnet<\/h3>\n<p><span># <\/span><strong><span>2<\/span><\/strong><span># <\/span><strong><span>2<\/span><\/strong><span><img decoding=\"async\" alt=\"Quad-Tour zu den Pyramiden mit optionalem Kamelritt\" data-id=\"8831\" width=\"159\" data-init-width=\"1598\" height=\"99\" data-init-height=\"999\" title=\"Quad-Tour zu den Pyramiden mit optionalem Kamelritt ota\" loading=\"lazy\" src=\"https:\/\/egypt-tourist-information.com\/wp-content\/uploads\/Quad-Biking-Tour-of-the-Pyramids-with-Optional-Camel-Ride-ota.avif\" data-width=\"159\" data-height=\"99\" style=\"aspect-ratio: auto 1598 \/ 999;\"><\/span><\/p>\n<table>\n<tbody>\n<tr>\n<td><a data-lt-tmp-id=\"lt-730682\" href=\"https:\/\/www.headout.com\/r\/most-amazing-placesrecommends-TeGTz\/\" rel=\"nofollow noopener\" spellcheck=\"false\" target=\"_blank\" style=\"outline: none;\">Quad-Tour zu den Pyramiden mit optionalem Kamelritt<\/a><\/td>\n<\/tr>\n<\/tbody>\n<\/table>\n<p>Erleben Sie die Pyramiden von Gizeh aus einer aufregenden neuen Perspektive auf einer aufregenden Quad-Tour. Optional k\u00f6nnen Sie f\u00fcr ein unvergessliches W\u00fcstenabenteuer auch einen klassischen Kamelritt hinzuf\u00fcgen.<\/p>\n<h3 style=\"\">Gesamtpreis<\/h3>\n<h3 style=\"\">Ihnen wird noch nichts berechnet<\/h3>\n<p><span># <\/span><strong><span>2<\/span><\/strong><span><img decoding=\"async\" alt=\"Kairo: Abendessen im The Great Pyramid Inn + Transfers\" data-id=\"8835\" width=\"159\" data-init-width=\"2333\" height=\"106\" data-init-height=\"1556\" title=\"Kairo \u2013 Abendessen im The Great Pyramid Inn + Transfers ota\" loading=\"lazy\" src=\"https:\/\/egypt-tourist-information.com\/wp-content\/uploads\/Cairo-Dinner-at-The-Great-Pyramid-Inn-Transfers-ota.avif\" data-width=\"159\" data-height=\"106\" style=\"aspect-ratio: auto 2333 \/ 1556;\"><\/span><\/p>\n<table>\n<tbody>\n<tr>\n<td><a data-lt-tmp-id=\"lt-916685\" href=\"https:\/\/www.tiqets.com\/en\/giza-attractions-c274\/tickets-for-cairo-dinner-at-the-great-pyramid-inn-transfers-p1115096\/?partner=egypttouristinformation&amp;tq_campaign=ETIDeGizaPyramidsSP4\" rel=\"nofollow noopener\" spellcheck=\"false\" target=\"_blank\" style=\"outline: none;\">Kairo: Abendessen im The Great Pyramid Inn + Transfers<\/a><\/td>\n<\/tr>\n<\/tbody>\n<\/table>\n<p>Genie\u00dfen Sie einen unvergesslichen Abend mit einem Abendessen im The Great Pyramid Inn. Genie\u00dfen Sie einen spektakul\u00e4ren Blick auf die beleuchteten Pyramiden von Gizeh und die Sphinx, w\u00e4hrend Sie die Ton- und Lichtshow ansehen, inklusive bequemer Transfers.<\/p>\n<h3 style=\"\">Gesamtpreis<\/h3>\n<h3 style=\"\">Ihnen wird noch nichts berechnet<\/h3>\n<p><\/p>\n<h2><a href=\"https:\/\/www.headout.com\/r\/most-amazing-placesrecommends-TcpJN\/\" target=\"_blank\" rel=\"nofollow noopener\" style=\"outline: none;\" spellcheck=\"false\">Zur Buchung<\/a><span style=\"font-weight: normal;\"><\/span><\/h2>\n<p><strong style=\"outline: currentcolor;\"><a href=\"https:\/\/www.headout.com\/r\/most-amazing-placesrecommends-TcpJN\/\" target=\"_blank\" rel=\"nofollow noopener\" spellcheck=\"false\" style=\"outline: none;\">Ab 24 \u20ac<\/a><\/strong><\/p>\n<p style=\"\">Ihnen wird noch nichts berechnet<\/p>\n","protected":false},"excerpt":{"rendered":"<p>Pyramiden von Gizeh-Komplex: Schnelleinlass-Tickets Zur Buchung Ab 24 \u20ac Erkunden Sie die legend\u00e4ren Pyramiden von Gizeh mit bevorzugtem Einlass, einschlie\u00dflich Eintritt zur Gro\u00dfen Sphinx und zum Taltempel. W\u00e4hlen Sie ein Upgrade f\u00fcr einen seltenen Besuch der Cheops-Pyramide. Handverlesenes Ticket&nbsp; Sofortige Best\u00e4tigung Schnelleinlass Nicht erstattungsf\u00e4hig Inbegriffen Schnelleinlass zum Pyramidenkomplex von Gizeh Zugang zum Gebiet der Sphinx&nbsp; [&hellip;]<\/p>\n","protected":false},"author":6,"featured_media":10827,"parent":0,"menu_order":0,"comment_status":"closed","ping_status":"closed","template":"","meta":{"_acf_changed":false,"footnotes":"","tve_updated_post":"","tve_custom_css":"","tve_user_custom_css":"","tve_globals":{},"tcb2_ready":1,"tcb_editor_enabled":1,"tve_landing_page":"bd86f3fc67210fed5b2794ad4a56d3a9","_tve_header":"10865","_tve_footer":"10866"},"categories":[113],"tags":[128,129],"class_list":["post-11495","page","type-page","status-publish","has-post-thumbnail","hentry","category-kairo","tag-kairo","tag-verkaufsseite","post-wrapper","thrv_wrapper"],"acf":[],"_links":{"self":[{"href":"https:\/\/egypt-tourist-information.com\/de\/wp-json\/wp\/v2\/pages\/11495","targetHints":{"allow":["GET"]}}],"collection":[{"href":"https:\/\/egypt-tourist-information.com\/de\/wp-json\/wp\/v2\/pages"}],"about":[{"href":"https:\/\/egypt-tourist-information.com\/de\/wp-json\/wp\/v2\/types\/page"}],"author":[{"embeddable":true,"href":"https:\/\/egypt-tourist-information.com\/de\/wp-json\/wp\/v2\/users\/6"}],"replies":[{"embeddable":true,"href":"https:\/\/egypt-tourist-information.com\/de\/wp-json\/wp\/v2\/comments?post=11495"}],"version-history":[{"count":15,"href":"https:\/\/egypt-tourist-information.com\/de\/wp-json\/wp\/v2\/pages\/11495\/revisions"}],"predecessor-version":[{"id":13741,"href":"https:\/\/egypt-tourist-information.com\/de\/wp-json\/wp\/v2\/pages\/11495\/revisions\/13741"}],"wp:featuredmedia":[{"embeddable":true,"href":"https:\/\/egypt-tourist-information.com\/de\/wp-json\/wp\/v2\/media\/10827"}],"wp:attachment":[{"href":"https:\/\/egypt-tourist-information.com\/de\/wp-json\/wp\/v2\/media?parent=11495"}],"wp:term":[{"taxonomy":"category","embeddable":true,"href":"https:\/\/egypt-tourist-information.com\/de\/wp-json\/wp\/v2\/categories?post=11495"},{"taxonomy":"post_tag","embeddable":true,"href":"https:\/\/egypt-tourist-information.com\/de\/wp-json\/wp\/v2\/tags?post=11495"}],"curies":[{"name":"wp","href":"https:\/\/api.w.org\/{rel}","templated":true}]}}