{"id":11498,"date":"2025-06-18T14:57:59","date_gmt":"2025-06-18T14:57:59","guid":{"rendered":"https:\/\/egypt-tourist-information.com\/grand-egyptian-museum-tickets"},"modified":"2026-04-30T13:03:23","modified_gmt":"2026-04-30T13:03:23","slug":"grand-egyptian-museum-tickets","status":"publish","type":"page","link":"https:\/\/egypt-tourist-information.com\/de\/grand-egyptian-museum-tickets","title":{"rendered":"Grand Egyptian Museum Tickets mit Schnelleinlass"},"content":{"rendered":"<p><span><img decoding=\"async\" alt=\"\" data-id=\"8908\" width=\"1352\" height=\"896\" title=\"Grand Egyptian Museum: Tickets ohne Anstehen ota\" src=\"https:\/\/egypt-tourist-information.com\/wp-content\/uploads\/Grand-Egyptian-Museum-Skip-the-Line-Tickets-ota-1024x679.png\" data-src=\"https:\/\/egypt-tourist-information.com\/wp-content\/uploads\/Grand-Egyptian-Museum-Skip-the-Line-Tickets-ota-300x199.png\" loading=\"lazy\" data-sizes=\"{&quot;thumbnail&quot;:{&quot;url&quot;:&quot;https:\/\/egypt-tourist-information.com\/wp-content\/uploads\/Grand-Egyptian-Museum-Skip-the-Line-Tickets-ota-150x150.png&quot;,&quot;height&quot;:150,&quot;width&quot;:150,&quot;orientation&quot;:&quot;landscape&quot;},&quot;medium&quot;:{&quot;url&quot;:&quot;https:\/\/egypt-tourist-information.com\/wp-content\/uploads\/Grand-Egyptian-Museum-Skip-the-Line-Tickets-ota-300x199.png&quot;,&quot;height&quot;:199,&quot;width&quot;:300,&quot;orientation&quot;:&quot;landscape&quot;},&quot;large&quot;:{&quot;url&quot;:&quot;https:\/\/egypt-tourist-information.com\/wp-content\/uploads\/Grand-Egyptian-Museum-Skip-the-Line-Tickets-ota-1024x679.png&quot;,&quot;height&quot;:679,&quot;width&quot;:1024,&quot;orientation&quot;:&quot;landscape&quot;},&quot;full&quot;:{&quot;url&quot;:&quot;https:\/\/egypt-tourist-information.com\/wp-content\/uploads\/Grand-Egyptian-Museum-Skip-the-Line-Tickets-ota.png&quot;,&quot;height&quot;:896,&quot;width&quot;:1352,&quot;orientation&quot;:&quot;landscape&quot;}}\"><\/span><span><img decoding=\"async\" alt=\"\" data-id=\"8910\" width=\"1304\" height=\"928\" title=\"Grand Egyptian Museum: Tickets ohne Anstehen ota3\" src=\"https:\/\/egypt-tourist-information.com\/wp-content\/uploads\/Grand-Egyptian-Museum-Skip-the-Line-Tickets-ota3-1024x729.png\" data-src=\"https:\/\/egypt-tourist-information.com\/wp-content\/uploads\/Grand-Egyptian-Museum-Skip-the-Line-Tickets-ota3-300x213.png\" loading=\"lazy\" data-sizes=\"{&quot;thumbnail&quot;:{&quot;url&quot;:&quot;https:\/\/egypt-tourist-information.com\/wp-content\/uploads\/Grand-Egyptian-Museum-Skip-the-Line-Tickets-ota3-150x150.png&quot;,&quot;height&quot;:150,&quot;width&quot;:150,&quot;orientation&quot;:&quot;landscape&quot;},&quot;medium&quot;:{&quot;url&quot;:&quot;https:\/\/egypt-tourist-information.com\/wp-content\/uploads\/Grand-Egyptian-Museum-Skip-the-Line-Tickets-ota3-300x213.png&quot;,&quot;height&quot;:213,&quot;width&quot;:300,&quot;orientation&quot;:&quot;landscape&quot;},&quot;large&quot;:{&quot;url&quot;:&quot;https:\/\/egypt-tourist-information.com\/wp-content\/uploads\/Grand-Egyptian-Museum-Skip-the-Line-Tickets-ota3-1024x729.png&quot;,&quot;height&quot;:729,&quot;width&quot;:1024,&quot;orientation&quot;:&quot;landscape&quot;},&quot;full&quot;:{&quot;url&quot;:&quot;https:\/\/egypt-tourist-information.com\/wp-content\/uploads\/Grand-Egyptian-Museum-Skip-the-Line-Tickets-ota3.png&quot;,&quot;height&quot;:928,&quot;width&quot;:1304,&quot;orientation&quot;:&quot;landscape&quot;}}\"><\/span><span><img decoding=\"async\" alt=\"\" data-id=\"8909\" width=\"1312\" height=\"894\" title=\"Grand Egyptian Museum: Tickets ohne Anstehen ota2\" src=\"https:\/\/egypt-tourist-information.com\/wp-content\/uploads\/Grand-Egyptian-Museum-Skip-the-Line-Tickets-ota2-1024x698.png\" data-src=\"https:\/\/egypt-tourist-information.com\/wp-content\/uploads\/Grand-Egyptian-Museum-Skip-the-Line-Tickets-ota2-300x204.png\" loading=\"lazy\" data-sizes=\"{&quot;thumbnail&quot;:{&quot;url&quot;:&quot;https:\/\/egypt-tourist-information.com\/wp-content\/uploads\/Grand-Egyptian-Museum-Skip-the-Line-Tickets-ota2-150x150.png&quot;,&quot;height&quot;:150,&quot;width&quot;:150,&quot;orientation&quot;:&quot;landscape&quot;},&quot;medium&quot;:{&quot;url&quot;:&quot;https:\/\/egypt-tourist-information.com\/wp-content\/uploads\/Grand-Egyptian-Museum-Skip-the-Line-Tickets-ota2-300x204.png&quot;,&quot;height&quot;:204,&quot;width&quot;:300,&quot;orientation&quot;:&quot;landscape&quot;},&quot;large&quot;:{&quot;url&quot;:&quot;https:\/\/egypt-tourist-information.com\/wp-content\/uploads\/Grand-Egyptian-Museum-Skip-the-Line-Tickets-ota2-1024x698.png&quot;,&quot;height&quot;:698,&quot;width&quot;:1024,&quot;orientation&quot;:&quot;landscape&quot;},&quot;full&quot;:{&quot;url&quot;:&quot;https:\/\/egypt-tourist-information.com\/wp-content\/uploads\/Grand-Egyptian-Museum-Skip-the-Line-Tickets-ota2.png&quot;,&quot;height&quot;:894,&quot;width&quot;:1312,&quot;orientation&quot;:&quot;landscape&quot;}}\"><\/span><span><img decoding=\"async\" alt=\"\" data-id=\"8911\" width=\"1312\" height=\"878\" title=\"Grand Egyptian Museum: Tickets ohne Anstehen ota4\" src=\"https:\/\/egypt-tourist-information.com\/wp-content\/uploads\/Grand-Egyptian-Museum-Skip-the-Line-Tickets-ota4-1024x685.png\" data-src=\"https:\/\/egypt-tourist-information.com\/wp-content\/uploads\/Grand-Egyptian-Museum-Skip-the-Line-Tickets-ota4-300x201.png\" loading=\"lazy\" data-sizes=\"{&quot;thumbnail&quot;:{&quot;url&quot;:&quot;https:\/\/egypt-tourist-information.com\/wp-content\/uploads\/Grand-Egyptian-Museum-Skip-the-Line-Tickets-ota4-150x150.png&quot;,&quot;height&quot;:150,&quot;width&quot;:150,&quot;orientation&quot;:&quot;landscape&quot;},&quot;medium&quot;:{&quot;url&quot;:&quot;https:\/\/egypt-tourist-information.com\/wp-content\/uploads\/Grand-Egyptian-Museum-Skip-the-Line-Tickets-ota4-300x201.png&quot;,&quot;height&quot;:201,&quot;width&quot;:300,&quot;orientation&quot;:&quot;landscape&quot;},&quot;large&quot;:{&quot;url&quot;:&quot;https:\/\/egypt-tourist-information.com\/wp-content\/uploads\/Grand-Egyptian-Museum-Skip-the-Line-Tickets-ota4-1024x685.png&quot;,&quot;height&quot;:685,&quot;width&quot;:1024,&quot;orientation&quot;:&quot;landscape&quot;},&quot;full&quot;:{&quot;url&quot;:&quot;https:\/\/egypt-tourist-information.com\/wp-content\/uploads\/Grand-Egyptian-Museum-Skip-the-Line-Tickets-ota4.png&quot;,&quot;height&quot;:878,&quot;width&quot;:1312,&quot;orientation&quot;:&quot;landscape&quot;}}\"><\/span><\/p>\n<h1>Grand Egyptian Museum: Tickets mit&nbsp;Schnelleinlass<\/h1>\n<h2><a href=\"https:\/\/www.headout.com\/r\/most-amazing-placesrecommends-UpfZ9\/\" target=\"_blank\" rel=\"nofollow noopener\" style=\"outline: none;\">Zur Buchung<\/a><\/h2>\n<h1><a href=\"https:\/\/www.headout.com\/r\/most-amazing-placesrecommends-UpfZ9\/\" target=\"_blank\" rel=\"nofollow noopener\" style=\"outline: none;\"><span style=\"font-weight: normal;\">Ab&nbsp;<\/span><strong>35,03 \u20ac<\/strong><\/a><strong><\/strong><\/h1>\n<p dir=\"ltr\">Entdecken Sie die Wunder des alten \u00c4gypten mit <strong>bevorzugtem Einlass ins Grand Egyptian Museum<\/strong>&nbsp;(Gro\u00dfes \u00c4gyptisches Museum). Erkunden Sie 12 faszinierende Galerien, ber\u00fchmte Orte wie den H\u00e4ngenden Obelisken und w\u00e4hlen Sie&nbsp;<strong>optionale Upgrades<\/strong> f\u00fcr F\u00fchrungen oder eine unterhaltsame Entdeckungstour.<\/p>\n<ul>\n<li style=\"\"><span>Handverlesenes Ticket&nbsp;<\/span><\/li>\n<li style=\"\"><span>Sofortige Best\u00e4tigung<\/span><\/li>\n<li style=\"\"><span>Schnelleinlass<\/span><\/li>\n<li style=\"\"><span>Nicht erstattungsf\u00e4hig<\/span><\/li>\n<\/ul>\n<h2>Inbegriffen<\/h2>\n<ul>\n<li style=\"\">                    <span>Schnelleinlass in das Gro\u00dfe \u00c4gyptische Museum<\/span><\/li>\n<li style=\"\">                    <span>Zugang zu 12 Galerien<\/span><\/li>\n<li style=\"\">                    <span>GEM Discovery Challenge (basierend auf der ausgew\u00e4hlten Option)<\/span><\/li>\n<li style=\"\">                    <span>F\u00fchrung auf Englisch oder Arabisch (je nach gew\u00e4hlter Option)<\/span><\/li>\n<\/ul>\n<h2>Nicht inbegriffen<\/h2>\n<ul>\n<li style=\"\"><span>Speisen und Getr\u00e4nke<\/span><\/li>\n<\/ul>\n<h2>Wichtige Informationen<\/h2>\n<ul>\n<li><span>G\u00fcltiger Personalausweis oder Reisepass f\u00fcr die Einreise erforderlich<\/span><\/li>\n<li style=\"\"><span><strong>Verbotene Gegenst\u00e4nde:<\/strong> Mitgebrachtes Essen, Selfie-Sticks, Drohnen und Blitzlichtfotografie<\/span><\/li>\n<li><span><strong>Zug\u00e4nglichkeit:<\/strong> Rollstuhl- und Kinderwagenzug\u00e4nglich<\/span><\/li>\n<li><span><strong>Voraussetzungen<\/strong> : F\u00fcr die Discovery Challenge ist ein Smartphone erforderlich. Kinder unter 12 Jahren m\u00fcssen von einer Person ab 16 Jahren begleitet werden. Zeiten der Discovery Challenge: 12:00, 14:00 und 16:00 Uhr (plus 18:00 Uhr am Mittwoch und Samstag).<\/span><\/li>\n<li><span>Die aktuellen \u00d6ffnungszeiten, einschlie\u00dflich saisonaler oder feiertagsbedingter \u00c4nderungen, finden Sie auf der offiziellen Website des Museums oder in Ihrer Ticketbest\u00e4tigung.<\/span><\/li>\n<\/ul>\n<h2>Beschreibung:<\/h2>\n<p dir=\"ltr\">Tauchen Sie ein in das goldene Zeitalter der Pharaonen mit <strong>bevorzugtem Einlass<\/strong> ins Grand Egyptian Museum, <strong>das gr\u00f6\u00dfte arch\u00e4ologische Museum der Welt.<\/strong> Entdecken Sie antike Geheimnisse in <strong>12 faszinierenden Galerien <\/strong>und&nbsp;bestaunen Sie die gewaltigen Statuen in der Gro\u00dfen Halle.<\/p>\n<p dir=\"ltr\">W\u00e4hlen Sie eine <strong>optionale<\/strong> <strong>F\u00fchrung<\/strong> f\u00fcr spannendere Geschichten oder nehmen Sie an der&nbsp;<strong>GEM Discovery Challenge<\/strong>&nbsp;teil, einer interaktiven Schatzsuche, die mit einem besonderen Souvenir endet. Ob Hobbyforscher oder Geschichtsinteressierter, dieses Museumserlebnis ist unvergesslich.<\/p>\n<h2>Highlights:<\/h2>\n<ul>\n<li dir=\"ltr\">\u00dcberspringen Sie die Warteschlange dank Schnelleinlass<\/li>\n<li dir=\"ltr\">Besuchen Sie den einzigen h\u00e4ngenden Obelisken der Welt<\/li>\n<li dir=\"ltr\">Erkunden Sie 12 neu er\u00f6ffnete Galerien von der Vorgeschichte bis zur R\u00f6merzeit<\/li>\n<li dir=\"ltr\">Optionale F\u00fchrungen f\u00fcr tiefere Einblicke in antike Sch\u00e4tze<\/li>\n<\/ul>\n<h2 data-v-2e504803=\"\">Grand Egyptian Museum (Gro\u00dfes \u00c4gyptisches Museum)<\/h2>\n<p dir=\"ltr\">X4VF+V38, Cairo &#8211; Alexandria Desert Rd, Kafr Nassar, Al Haram, Gouvernement Gizeh 3513204, \u00c4gypten<\/p>\n<h2>Stornierungsbedingungen<\/h2>\n<p dir=\"ltr\">Diese Tickets sind nicht erstattungsf\u00e4hig und k\u00f6nnen unter keinen Umst\u00e4nden umgebucht werden.<\/p>\n<h2>Treffpunkt &amp; Anweisungen<\/h2>\n<p data-pm-slice=\"1 1 []\">Ihr mobiler Voucher wird Ihnen per E-Mail zugesandt. Bitte zeigen Sie ihn zusammen mit einem g\u00fcltigen Lichtbildausweis am Eingang des Grand Egyptian Museum vor.<\/p>\n<p data-pm-slice=\"1 1 []\">Adresse: X4VF+V38, Cairo &#8211; Alexandria Desert Rd, Kafr Nassar, Al Haram, Giza Governorate 3513203, \u00c4gypten<\/p>\n<p data-pm-slice=\"1 1 []\"><a href=\"https:\/\/www.google.com\/maps\/place\/Grand+Egyptian+Museum+(GEM)\/@29.9934611,31.1195858,804m\/data=!3m2!1e3!4b1!4m6!3m5!1s0x14584534984a8ad1:0x45764c5bc4ec261a!8m2!3d29.9934611!4d31.1195858!16zL20vMGRoOTN3!5m1!1e1?entry=ttu&amp;g_ep=EgoyMDI1MDYxNi4wIKXMDSoASAFQAw%3D%3D\" target=\"_blank\" rel=\"nofollow noopener\">Mit Maps \u00f6ffnen<\/a><\/p>\n<h2>Bewertungen<\/h2>\n<p><strong>4.3\/ 5&nbsp; <\/strong><strong>(200+ Bewertungen)<\/strong><\/p>\n<p dir=\"ltr\"><em>&#8222;<\/em>Die Objekte sind sehr gut pr\u00e4sentiert und in sehr gutem Erhaltungszustand! Besonders die St\u00fccke aus der Regierungszeit Amenophis III. haben uns fasziniert. Alle Mitarbeiter waren freundlich und hilfsbereit!<em>&#8222;<\/em> &#8211; Dominik, Mai 2025&gt;&gt; <a href=\"https:\/\/www.headout.com\/r\/most-amazing-placesrecommends-UpfZ9\/\" target=\"_blank\" rel=\"nofollow noopener\" style=\"outline: none;\" spellcheck=\"false\">Weitere Bewertungen anzeigen<\/a><\/p>\n<h2>Einige Aktivit\u00e4ten, die Ihnen gefallen k\u00f6nnten<\/h2>\n<p><span># <\/span><strong><span>2<\/span><\/strong><span># <\/span><strong><span>2<\/span><\/strong><span>#1<\/span><span><img decoding=\"async\" alt=\"\" data-id=\"8905\" width=\"159\" data-init-width=\"1600\" height=\"103\" data-init-height=\"1000\" title=\"Kairo \u2013 Gro\u00dfes \u00c4gyptisches Museum, Pyramiden, Sphinx-Tour und Mittagessen\" loading=\"lazy\" src=\"https:\/\/egypt-tourist-information.com\/wp-content\/uploads\/Cairo-Grand-Egyptian-Museum-Pyramids-Sphinx-Tour-Lunch-ota.avif\" data-width=\"159\" data-height=\"103\" style=\"aspect-ratio: auto 1600 \/ 1000;\"><\/span><\/p>\n<table>\n<tbody>\n<tr>\n<td><a href=\"https:\/\/www.getyourguide.com\/cairo-l92\/cairo-grand-egyptian-museum-pyramids-sphinx-tour-lunch-t851104\/?partner_id=NO9XIDE&amp;utm_medium=online_publisher&amp;cmp=ETIDeGrandEgyptianMuseumSP2\" rel=\"nofollow noopener\" spellcheck=\"false\" target=\"_blank\" style=\"outline: none;\">Kairo: Gro\u00dfes \u00c4gyptisches Museum, Pyramiden, Sphinx-Tour &amp; Mittagessen<\/a><\/td>\n<\/tr>\n<\/tbody>\n<\/table>\n<p>Tauchen Sie auf einer ganzt\u00e4gigen Tour in die Wunder des alten \u00c4gypten ein und erkunden Sie das bahnbrechende Grand Egyptian Museum, die ber\u00fchmten Pyramiden und die Sphinx, inklusive eines k\u00f6stlichen Mittagessens.<\/p>\n<h3 style=\"\">Gesamtpreis<\/h3>\n<h3 style=\"\">Ihnen wird noch nichts berechnet<\/h3>\n<p><span># <\/span><strong><span>2<\/span><\/strong><span><img decoding=\"async\" alt=\"\" data-id=\"8829\" width=\"159\" data-init-width=\"720\" height=\"106\" data-init-height=\"480\" title=\"Kairo: Private Tour zu den Pyramiden und der Gro\u00dfen Sphinx mit Kamelritt\" loading=\"lazy\" src=\"https:\/\/egypt-tourist-information.com\/wp-content\/uploads\/Cairo-Pyramids-Great-Sphinx-Private-Tour-with-Camel-Ride-ota.avif\" data-width=\"159\" data-height=\"106\" style=\"aspect-ratio: auto 720 \/ 480;\"><\/span><\/p>\n<table>\n<tbody>\n<tr>\n<td><a href=\"https:\/\/www.getyourguide.com\/cairo-l92\/cairo-pyramids-great-sphinx-private-tour-with-camel-ride-t459032\/?partner_id=NO9XIDE&amp;utm_medium=online_publisher&amp;cmp=ETIDeGrandEgyptianMuseumSp2\" target=\"_blank\" rel=\"nofollow noopener\" style=\"outline: none;\" spellcheck=\"false\">Kairo: Pyramiden &amp; Gro\u00dfe Sphinx &#8211; Private Tour mit Kamelritt<\/a><\/td>\n<\/tr>\n<\/tbody>\n<\/table>\n<p>Erkunden Sie die antiken Wunder \u00c4gyptens auf einer 4-st\u00fcndigen Privattour zu den Pyramiden von Gizeh und der Gro\u00dfen Sphinx, inklusive eines unvergesslichen Kamelritts.<\/p>\n<h3 style=\"\">Gesamtpreis<\/h3>\n<h3 style=\"\">Ihnen wird noch nichts berechnet<\/h3>\n<p><span># <\/span><strong><span>2<\/span><\/strong><span><img decoding=\"async\" alt=\"\" data-id=\"8858\" width=\"159\" data-init-width=\"2333\" height=\"106\" data-init-height=\"1556\" title=\"Kairo \u2013 Pyramiden-, Basar- und Museumstour mit weiblicher F\u00fchrung\" loading=\"lazy\" src=\"https:\/\/egypt-tourist-information.com\/wp-content\/uploads\/Cairo-Female-Guided-Pyramids-Bazaar-and-Museum-Tour-ota.avif\" data-width=\"159\" data-height=\"106\" style=\"aspect-ratio: auto 2333 \/ 1556;\"><\/span><\/p>\n<table>\n<tbody>\n<tr>\n<td><a href=\"https:\/\/www.getyourguide.com\/cairo-l92\/cairo-pyramids-museum-bazaar-private-tour-female-guide-t319338\/?partner_id=NO9XIDE&amp;utm_medium=online_publisher&amp;cmp=ETIDeGrandEgyptianMuseumSP4\" rel=\"nofollow noopener\" spellcheck=\"false\" target=\"_blank\" style=\"outline: none;\">Kairo: Pyramiden-, Basar- und Museumstour mit weiblichen Guides<\/a><\/td>\n<\/tr>\n<\/tbody>\n<\/table>\n<p data-pm-slice=\"1 1 []\">Entdecken Sie die Wahrzeichen Kairos, von den antiken Pyramiden bis hin zu gesch\u00e4ftigen Basaren und gro\u00dfen Museen, und das alles mit den einzigartigen Einblicken einer sachkundigen Reiseleiterin.<\/p>\n<h3 style=\"\">Gesamtpreis<\/h3>\n<h3 style=\"\">Ihnen wird noch nichts berechnet<\/h3>\n<p><\/p>\n<h2><a href=\"https:\/\/www.headout.com\/r\/most-amazing-placesrecommends-UpfZ9\/\" target=\"_blank\" rel=\"nofollow noopener\" style=\"outline: none;\" spellcheck=\"false\">Zur Buchung<\/a><span style=\"font-weight: normal;\"><\/span><\/h2>\n<p><strong style=\"outline: currentcolor;\"><a href=\"https:\/\/www.headout.com\/r\/most-amazing-placesrecommends-UpfZ9\/\" target=\"_blank\" rel=\"nofollow noopener\" spellcheck=\"false\" style=\"outline: none;\">Ab 35,03 \u20ac<\/a><\/strong><\/p>\n<p style=\"\">Ihnen wird noch nichts berechnet<\/p>\n","protected":false},"excerpt":{"rendered":"<p>Grand Egyptian Museum: Tickets mit&nbsp;Schnelleinlass Zur Buchung Ab&nbsp;35,03 \u20ac Entdecken Sie die Wunder des alten \u00c4gypten mit bevorzugtem Einlass ins Grand Egyptian Museum&nbsp;(Gro\u00dfes \u00c4gyptisches Museum). Erkunden Sie 12 faszinierende Galerien, ber\u00fchmte Orte wie den H\u00e4ngenden Obelisken und w\u00e4hlen Sie&nbsp;optionale Upgrades f\u00fcr F\u00fchrungen oder eine unterhaltsame Entdeckungstour. Handverlesenes Ticket&nbsp; Sofortige Best\u00e4tigung Schnelleinlass Nicht erstattungsf\u00e4hig Inbegriffen Schnelleinlass [&hellip;]<\/p>\n","protected":false},"author":6,"featured_media":10845,"parent":0,"menu_order":0,"comment_status":"closed","ping_status":"closed","template":"","meta":{"_acf_changed":false,"footnotes":"","tve_updated_post":"","tve_custom_css":"","tve_user_custom_css":"","tve_globals":{},"tcb2_ready":1,"tcb_editor_enabled":1,"tve_landing_page":"bd86f3fc67210fed5b2794ad4a56d3a9","_tve_header":"10865","_tve_footer":"10866"},"categories":[113],"tags":[128,129],"class_list":["post-11498","page","type-page","status-publish","has-post-thumbnail","hentry","category-kairo","tag-kairo","tag-verkaufsseite","post-wrapper","thrv_wrapper"],"acf":[],"_links":{"self":[{"href":"https:\/\/egypt-tourist-information.com\/de\/wp-json\/wp\/v2\/pages\/11498","targetHints":{"allow":["GET"]}}],"collection":[{"href":"https:\/\/egypt-tourist-information.com\/de\/wp-json\/wp\/v2\/pages"}],"about":[{"href":"https:\/\/egypt-tourist-information.com\/de\/wp-json\/wp\/v2\/types\/page"}],"author":[{"embeddable":true,"href":"https:\/\/egypt-tourist-information.com\/de\/wp-json\/wp\/v2\/users\/6"}],"replies":[{"embeddable":true,"href":"https:\/\/egypt-tourist-information.com\/de\/wp-json\/wp\/v2\/comments?post=11498"}],"version-history":[{"count":11,"href":"https:\/\/egypt-tourist-information.com\/de\/wp-json\/wp\/v2\/pages\/11498\/revisions"}],"predecessor-version":[{"id":13744,"href":"https:\/\/egypt-tourist-information.com\/de\/wp-json\/wp\/v2\/pages\/11498\/revisions\/13744"}],"wp:featuredmedia":[{"embeddable":true,"href":"https:\/\/egypt-tourist-information.com\/de\/wp-json\/wp\/v2\/media\/10845"}],"wp:attachment":[{"href":"https:\/\/egypt-tourist-information.com\/de\/wp-json\/wp\/v2\/media?parent=11498"}],"wp:term":[{"taxonomy":"category","embeddable":true,"href":"https:\/\/egypt-tourist-information.com\/de\/wp-json\/wp\/v2\/categories?post=11498"},{"taxonomy":"post_tag","embeddable":true,"href":"https:\/\/egypt-tourist-information.com\/de\/wp-json\/wp\/v2\/tags?post=11498"}],"curies":[{"name":"wp","href":"https:\/\/api.w.org\/{rel}","templated":true}]}}