{"id":11507,"date":"2025-06-18T13:06:17","date_gmt":"2025-06-18T13:06:17","guid":{"rendered":"https:\/\/egypt-tourist-information.com\/inside-the-pyramid-experience-giza-complex"},"modified":"2026-04-30T12:24:28","modified_gmt":"2026-04-30T12:24:28","slug":"inside-the-pyramid-erlebnis-tickets","status":"publish","type":"page","link":"https:\/\/egypt-tourist-information.com\/de\/inside-the-pyramid-erlebnis-tickets","title":{"rendered":"Inside the Pyramid-Erlebnis: Schnelleinlass-Tickets"},"content":{"rendered":"<p><span><img decoding=\"async\" alt=\"\" data-id=\"8889\" width=\"1384\" height=\"922\" title=\"Erleben Sie die Pyramiden von Gizeh mit Tickets ohne Anstehen\" src=\"https:\/\/egypt-tourist-information.com\/wp-content\/uploads\/Inside-the-Pyramid-Experience-Skip-the-Line-Tickets-to-Giza-Complex4-1024x682.png\" data-src=\"https:\/\/egypt-tourist-information.com\/wp-content\/uploads\/Inside-the-Pyramid-Experience-Skip-the-Line-Tickets-to-Giza-Complex4-300x200.png\" loading=\"lazy\" data-sizes=\"{&quot;thumbnail&quot;:{&quot;url&quot;:&quot;https:\/\/egypt-tourist-information.com\/wp-content\/uploads\/Inside-the-Pyramid-Experience-Skip-the-Line-Tickets-to-Giza-Complex4-150x150.png&quot;,&quot;height&quot;:150,&quot;width&quot;:150,&quot;orientation&quot;:&quot;landscape&quot;},&quot;medium&quot;:{&quot;url&quot;:&quot;https:\/\/egypt-tourist-information.com\/wp-content\/uploads\/Inside-the-Pyramid-Experience-Skip-the-Line-Tickets-to-Giza-Complex4-300x200.png&quot;,&quot;height&quot;:200,&quot;width&quot;:300,&quot;orientation&quot;:&quot;landscape&quot;},&quot;large&quot;:{&quot;url&quot;:&quot;https:\/\/egypt-tourist-information.com\/wp-content\/uploads\/Inside-the-Pyramid-Experience-Skip-the-Line-Tickets-to-Giza-Complex4-1024x682.png&quot;,&quot;height&quot;:682,&quot;width&quot;:1024,&quot;orientation&quot;:&quot;landscape&quot;},&quot;full&quot;:{&quot;url&quot;:&quot;https:\/\/egypt-tourist-information.com\/wp-content\/uploads\/Inside-the-Pyramid-Experience-Skip-the-Line-Tickets-to-Giza-Complex4.png&quot;,&quot;height&quot;:922,&quot;width&quot;:1384,&quot;orientation&quot;:&quot;landscape&quot;}}\"><\/span><span><img decoding=\"async\" alt=\"\" data-id=\"8888\" width=\"1320\" height=\"938\" title=\"Erleben Sie die Pyramiden von Gizeh mit Tickets ohne Anstehen\" src=\"https:\/\/egypt-tourist-information.com\/wp-content\/uploads\/Inside-the-Pyramid-Experience-Skip-the-Line-Tickets-to-Giza-Complex3-1024x728.png\" data-src=\"https:\/\/egypt-tourist-information.com\/wp-content\/uploads\/Inside-the-Pyramid-Experience-Skip-the-Line-Tickets-to-Giza-Complex3-300x213.png\" loading=\"lazy\" data-sizes=\"{&quot;thumbnail&quot;:{&quot;url&quot;:&quot;https:\/\/egypt-tourist-information.com\/wp-content\/uploads\/Inside-the-Pyramid-Experience-Skip-the-Line-Tickets-to-Giza-Complex3-150x150.png&quot;,&quot;height&quot;:150,&quot;width&quot;:150,&quot;orientation&quot;:&quot;landscape&quot;},&quot;medium&quot;:{&quot;url&quot;:&quot;https:\/\/egypt-tourist-information.com\/wp-content\/uploads\/Inside-the-Pyramid-Experience-Skip-the-Line-Tickets-to-Giza-Complex3-300x213.png&quot;,&quot;height&quot;:213,&quot;width&quot;:300,&quot;orientation&quot;:&quot;landscape&quot;},&quot;large&quot;:{&quot;url&quot;:&quot;https:\/\/egypt-tourist-information.com\/wp-content\/uploads\/Inside-the-Pyramid-Experience-Skip-the-Line-Tickets-to-Giza-Complex3-1024x728.png&quot;,&quot;height&quot;:728,&quot;width&quot;:1024,&quot;orientation&quot;:&quot;landscape&quot;},&quot;full&quot;:{&quot;url&quot;:&quot;https:\/\/egypt-tourist-information.com\/wp-content\/uploads\/Inside-the-Pyramid-Experience-Skip-the-Line-Tickets-to-Giza-Complex3.png&quot;,&quot;height&quot;:938,&quot;width&quot;:1320,&quot;orientation&quot;:&quot;landscape&quot;}}\"><\/span><span><img decoding=\"async\" alt=\"\" data-id=\"8887\" width=\"1432\" height=\"956\" title=\"Erleben Sie die Pyramiden von Gizeh mit Tickets ohne Anstehen\" src=\"https:\/\/egypt-tourist-information.com\/wp-content\/uploads\/Inside-the-Pyramid-Experience-Skip-the-Line-Tickets-to-Giza-Complex-1024x684.png\" data-src=\"https:\/\/egypt-tourist-information.com\/wp-content\/uploads\/Inside-the-Pyramid-Experience-Skip-the-Line-Tickets-to-Giza-Complex-300x200.png\" loading=\"lazy\" data-sizes=\"{&quot;thumbnail&quot;:{&quot;url&quot;:&quot;https:\/\/egypt-tourist-information.com\/wp-content\/uploads\/Inside-the-Pyramid-Experience-Skip-the-Line-Tickets-to-Giza-Complex-150x150.png&quot;,&quot;height&quot;:150,&quot;width&quot;:150,&quot;orientation&quot;:&quot;landscape&quot;},&quot;medium&quot;:{&quot;url&quot;:&quot;https:\/\/egypt-tourist-information.com\/wp-content\/uploads\/Inside-the-Pyramid-Experience-Skip-the-Line-Tickets-to-Giza-Complex-300x200.png&quot;,&quot;height&quot;:200,&quot;width&quot;:300,&quot;orientation&quot;:&quot;landscape&quot;},&quot;large&quot;:{&quot;url&quot;:&quot;https:\/\/egypt-tourist-information.com\/wp-content\/uploads\/Inside-the-Pyramid-Experience-Skip-the-Line-Tickets-to-Giza-Complex-1024x684.png&quot;,&quot;height&quot;:684,&quot;width&quot;:1024,&quot;orientation&quot;:&quot;landscape&quot;},&quot;full&quot;:{&quot;url&quot;:&quot;https:\/\/egypt-tourist-information.com\/wp-content\/uploads\/Inside-the-Pyramid-Experience-Skip-the-Line-Tickets-to-Giza-Complex.png&quot;,&quot;height&quot;:956,&quot;width&quot;:1432,&quot;orientation&quot;:&quot;landscape&quot;}}\"><\/span><\/p>\n<h1 data-qa-marker=\"product-name\">Inside the Pyramid-Erlebnis: Schnelleinlass-Tickets<\/h1>\n<h2><a href=\"https:\/\/www.headout.com\/r\/most-amazing-placesrecommends-UnOsD\/\" target=\"_blank\" rel=\"nofollow noopener\" style=\"outline: none;\">Zur Buchung<\/a><\/h2>\n<h1><a href=\"https:\/\/www.headout.com\/r\/most-amazing-placesrecommends-UnOsD\/\" target=\"_blank\" rel=\"nofollow noopener\" style=\"outline: none;\" spellcheck=\"false\"><strong>Ab 55,58 \u20ac<\/strong><\/a><strong><\/strong><\/h1>\n<p dir=\"ltr\">Spazieren Sie durch die antike Geschichte mit bevorzugtem Einlass zum legend\u00e4ren Gizeh-Komplex, <strong>einschlie\u00dflich des Zugangs zur Pyramide von Gizeh<\/strong> und anderen ber\u00fchmten Monumenten wie der Sphinx und dem Taltempel.<\/p>\n<ul>\n<li style=\"\"><span>Handverlesenes Ticket&nbsp;<\/span><\/li>\n<li style=\"\"><span>Sofortige Best\u00e4tigung<\/span><\/li>\n<li style=\"\"><span>Handyticket<\/span><\/li>\n<li style=\"\"><span>Nicht erstattungsf\u00e4hig<\/span><\/li>\n<\/ul>\n<h2>Inbegriffen<\/h2>\n<ul>\n<li style=\"\">                    <span>Schnelleinlass-Eintritt in die ausgew\u00e4hlte(n) Pyramide(n), je nach Wahl Ihres Tickets.<\/span><\/li>\n<li style=\"\">                    <span>Zugang zum Inneren der Gro\u00dfen Cheops-Pyramide, der Pyramide der K\u00f6nigin oder der Stufenpyramide von Saqqara (je nach Ticket).<\/span><\/li>\n<li style=\"\">                    <span>Allgemeiner Zugang zum Gizeh-Plateau<\/span><\/li>\n<\/ul>\n<h2>Nicht inbegriffen<\/h2>\n<ul>\n<li style=\"\"><span>F\u00fchrung&nbsp;<\/span><\/li>\n<li style=\"\"><span>Transport zum und vom Standort<\/span><\/li>\n<\/ul>\n<h2>Wichtige Informationen<\/h2>\n<ul>\n<li style=\"\"><span>Digitale Tickets werden per E-Mail verschickt. Zeigen Sie diese am Eingang auf Ihrem Telefon vor.<\/span><\/li>\n<li style=\"\"><span>Bringen Sie einen g\u00fcltigen Lichtbildausweis mit<\/span><\/li>\n<li style=\"\"><span>G\u00fcltig nur f\u00fcr nicht-\u00e4gyptische Besucher<\/span><\/li>\n<li><span>Freier Eintritt f\u00fcr Kinder unter 6 Jahren<\/span><\/li>\n<li><span>Fotografieren mit dem Handy ist erlaubt; f\u00fcr professionelle Kameras fallen Geb\u00fchren an<br \/><\/span><\/li>\n<li><span>Professionelle Fotoausr\u00fcstung erfordert eine Genehmigung<\/span><\/li>\n<li><span>Das Gel\u00e4nde ist uneben und nicht vollst\u00e4ndig f\u00fcr Rollst\u00fchle zug\u00e4nglich<\/span><\/li>\n<li><span>F\u00fcr den erm\u00e4\u00dfigten Eintritt ist f\u00fcr Studierende ein g\u00fcltiger Ausweis erforderlich.<br \/><\/span><\/li>\n<li><span>Bringen Sie Bargeld (500 EGP) mit, wenn Sie die Pyramide des Menkaure mit einem Tiertransporter besuchen<\/span><\/li>\n<\/ul>\n<h2>Beschreibung:<\/h2>\n<p dir=\"ltr\">Entdecken Sie die Geheimnisse des alten \u00c4gypten mit <strong>bevorzugtem Einlass zum weltber\u00fchmten Gizeh-Komplex.<\/strong>&nbsp;Betreten Sie<strong>&nbsp;je nach gew\u00e4hltem Ticket<\/strong> die Pyramide&nbsp;von Gizeh, die Pyramide der K\u00f6nigin oder der Stufenpyramide von Saqqara. Wandern Sie durch die engen <strong>Korridore<\/strong> und stehen Sie in der mystischen&nbsp;<strong>Kammern.<\/strong><\/p>\n<p dir=\"ltr\">Bewundern Sie die m\u00e4chtige <strong>Sphinx<\/strong>&nbsp;und erkunden Sie die Au\u00dfenansichten der Pyramiden von Chephren und Mykerinos.&nbsp;Dieses flexible Ticket ist ideal f\u00fcr Reisende, die sich nach Freiheit und Entdeckungen an einem der beeindruckendsten Orte der Geschichte sehnen.<\/p>\n<h2>Highlights:<\/h2>\n<ul>\n<li dir=\"ltr\">Betreten Sie je nach Wahl das Innere der Gro\u00dfen Cheops-Pyramide, der Pyramide der K\u00f6nigin oder der Stufenpyramide von Saqqara<\/li>\n<li dir=\"ltr\">Sehen Sie die <strong>Gro\u00dfe Sphinx<\/strong> aus n\u00e4chster N\u00e4he, eines der ber\u00fchmtesten Monumente \u00c4gyptens<\/li>\n<li dir=\"ltr\">Erkunden Sie frei und ohne Zeitplan, ideal f\u00fcr unabh\u00e4ngige Reisende<\/li>\n<\/ul>\n<h2>Pyramide von Gizeh (Cheops)<\/h2>\n<p dir=\"ltr\">Al Haram, Nazlet El-Semman, Al Haram, Gouvernement Gizeh 3512201, \u00c4gypten<\/p>\n<h2>Stornierungsbedingungen<\/h2>\n<p dir=\"ltr\">Diese Tickets sind nicht erstattungsf\u00e4hig und k\u00f6nnen unter keinen Umst\u00e4nden umgebucht werden.<\/p>\n<h2>Treffpunkt &amp; Anweisungen<\/h2>\n<p dir=\"ltr\">Sie erhalten Ihre Eintrittskarte per E-Mail. Sollten Sie diese nicht erhalten haben, wenden Sie sich bitte direkt an den Aktivit\u00e4tsanbieter.<\/p>\n<p dir=\"ltr\">Zeigen Sie den mobilen Voucher zusammen mit einem g\u00fcltigen Lichtbildausweis am <strong>Eingangstor der Nekropole von Gizeh<\/strong> (Adresse: Al Haram, Gouvernement Gizeh 3512201, \u00c4gypten) oder <strong>der Nekropole von Sakkara<\/strong> (Adresse: Badrshein, Gouvernement Gizeh 3352001, \u00c4gypten) vor.<\/p>\n<p><a href=\"https:\/\/www.google.com\/maps\/place\/Pyramiden+von+Gizeh\/@29.9772962,31.1324955,804m\/data=!3m2!1e3!4b1!4m6!3m5!1s0x14584f7de239bbcd:0xca7474355a6e368b!8m2!3d29.9772962!4d31.1324955!16s%2Fm%2F07s6gb8!5m1!1e1?entry=ttu&amp;g_ep=EgoyMDI1MDYxNi4wIKXMDSoASAFQAw%3D%3D\" rel=\"nofollow noopener\" spellcheck=\"false\" target=\"_blank\" style=\"outline: none;\">Mit Maps \u00f6ffnen<\/a><\/p>\n<h2>Bewertungen und Bewertung<\/h2>\n<p><strong>3.9\/ 5&nbsp; <\/strong><strong>(78 Bewertungen)<\/strong><\/p>\n<p dir=\"ltr\"><em>\u201e<\/em> Das Erlebnis an sich war wirklich bewegend und aufregend. Allerdings hatten wir einige Schwierigkeiten, den Einstiegspunkt zu finden \u2013 eher aufgrund der Organisation des Ortes. <em>\u201c<\/em> Maria, April 2025&gt;&gt; <a href=\"https:\/\/www.headout.com\/r\/most-amazing-placesrecommends-UnOsD\/\" target=\"_blank\" rel=\"nofollow noopener\" style=\"outline: none;\" spellcheck=\"false\">Weitere Bewertungen anzeigen<\/a><\/p>\n<h2>Einige Aktivit\u00e4ten, die Ihnen gefallen k\u00f6nnten<\/h2>\n<p><span># <\/span><strong><span>2<\/span><\/strong><span># <\/span><strong><span>2<\/span><\/strong><span><img decoding=\"async\" alt=\"\" data-id=\"8829\" width=\"159\" data-init-width=\"720\" height=\"106\" data-init-height=\"480\" title=\"Kairo: Private Tour zu den Pyramiden und der Gro\u00dfen Sphinx mit Kamelritt\" loading=\"lazy\" src=\"https:\/\/egypt-tourist-information.com\/wp-content\/uploads\/Cairo-Pyramids-Great-Sphinx-Private-Tour-with-Camel-Ride-ota.avif\" data-width=\"159\" data-height=\"106\" style=\"aspect-ratio: auto 720 \/ 480;\"><\/span><\/p>\n<table>\n<tbody>\n<tr>\n<td><a href=\"https:\/\/www.getyourguide.com\/cairo-l92\/cairo-pyramids-great-sphinx-private-tour-with-camel-ride-t459032\/?partner_id=NO9XIDE&amp;utm_medium=online_publisher&amp;cmp=ETDeIinsidegreatPyramidsSP2\" target=\"_blank\" rel=\"nofollow noopener\" style=\"outline: none;\" data-lt-tmp-id=\"lt-545367\" spellcheck=\"false\">Kairo: Pyramiden &amp; Gro\u00dfe Sphinx &#8211; Private Tour mit Kamelritt<\/a><\/td>\n<\/tr>\n<\/tbody>\n<\/table>\n<p>Erkunden Sie die antiken Wunder \u00c4gyptens auf einer 4-st\u00fcndigen Privattour zu den Pyramiden von Gizeh und der Gro\u00dfen Sphinx, inklusive eines unvergesslichen Kamelritts.<\/p>\n<h3 style=\"\">Gesamtpreis<\/h3>\n<h3 style=\"\">Ihnen wird noch nichts berechnet<\/h3>\n<p><span># <\/span><strong><span>2<\/span><\/strong><span># <\/span><strong><span>2<\/span><\/strong><span><img decoding=\"async\" alt=\"Quad-Tour zu den Pyramiden mit optionalem Kamelritt\" data-id=\"8831\" width=\"159\" data-init-width=\"1598\" height=\"99\" data-init-height=\"999\" title=\"Quad-Tour zu den Pyramiden mit optionalem Kamelritt ota\" loading=\"lazy\" src=\"https:\/\/egypt-tourist-information.com\/wp-content\/uploads\/Quad-Biking-Tour-of-the-Pyramids-with-Optional-Camel-Ride-ota.avif\" data-width=\"159\" data-height=\"99\" style=\"aspect-ratio: auto 1598 \/ 999;\"><\/span><\/p>\n<table>\n<tbody>\n<tr>\n<td><a data-lt-tmp-id=\"lt-551169\" href=\"https:\/\/www.headout.com\/r\/most-amazing-placesrecommends-Uox4D\/\" rel=\"nofollow noopener\" spellcheck=\"false\" target=\"_blank\" style=\"outline: none;\">Quad-Tour zu den Pyramiden mit optionalem Kamelritt<\/a><\/td>\n<\/tr>\n<\/tbody>\n<\/table>\n<p>Erleben Sie die Pyramiden von Gizeh aus einer aufregenden neuen Perspektive auf einer aufregenden Quad-Tour. Optional k\u00f6nnen Sie f\u00fcr ein unvergessliches W\u00fcstenabenteuer auch einen klassischen Kamelritt hinzuf\u00fcgen.<\/p>\n<h3 style=\"\">Gesamtpreis<\/h3>\n<h3 style=\"\">Ihnen wird noch nichts berechnet<\/h3>\n<p><span># <\/span><strong><span>2<\/span><\/strong><span><img decoding=\"async\" alt=\"Kairo: Abendessen im The Great Pyramid Inn + Transfers\" data-id=\"8835\" width=\"159\" data-init-width=\"2333\" height=\"106\" data-init-height=\"1556\" title=\"Kairo \u2013 Abendessen im The Great Pyramid Inn + Transfers ota\" loading=\"lazy\" src=\"https:\/\/egypt-tourist-information.com\/wp-content\/uploads\/Cairo-Dinner-at-The-Great-Pyramid-Inn-Transfers-ota.avif\" data-width=\"159\" data-height=\"106\" style=\"aspect-ratio: auto 2333 \/ 1556;\"><\/span><\/p>\n<table>\n<tbody>\n<tr>\n<td><a href=\"https:\/\/www.tiqets.com\/de\/giza-attractions-c274\/tickets-for-cairo-dinner-at-the-great-pyramid-inn-transfers-p1115096\/?partner=egypttouristinformation&amp;tq_campaign=ETIDeInsideGreatPyramidsSP4\" rel=\"nofollow noopener\" spellcheck=\"false\" target=\"_blank\" style=\"outline: none;\">Kairo: Abendessen im The Great Pyramid Inn + Transfers<\/a><\/td>\n<\/tr>\n<\/tbody>\n<\/table>\n<p>Genie\u00dfen Sie einen unvergesslichen Abend mit einem Abendessen im The Great Pyramid Inn. Genie\u00dfen Sie einen spektakul\u00e4ren Blick auf die beleuchteten Pyramiden von Gizeh und die Sphinx, w\u00e4hrend Sie die Ton- und Lichtshow ansehen, inklusive bequemer Transfers.<\/p>\n<h3 style=\"\">Gesamtpreis<\/h3>\n<h3 style=\"\">Ihnen wird noch nichts berechnet<\/h3>\n<p><\/p>\n<h2><a href=\"https:\/\/www.headout.com\/r\/most-amazing-placesrecommends-UnOsD\/\" target=\"_blank\" rel=\"nofollow noopener\" style=\"outline: none;\" spellcheck=\"false\">Zur Buchung<\/a><span style=\"font-weight: normal;\"><\/span><\/h2>\n<p><strong style=\"outline: currentcolor;\"><a href=\"https:\/\/www.headout.com\/r\/most-amazing-placesrecommends-UnOsD\/\" target=\"_blank\" rel=\"nofollow noopener\" spellcheck=\"false\" style=\"outline: none;\">Ab 55,58 \u20ac<\/a><\/strong><\/p>\n<p style=\"\">Ihnen wird noch nichts berechnet<\/p>\n","protected":false},"excerpt":{"rendered":"<p>Inside the Pyramid-Erlebnis: Schnelleinlass-Tickets Zur Buchung Ab 55,58 \u20ac Spazieren Sie durch die antike Geschichte mit bevorzugtem Einlass zum legend\u00e4ren Gizeh-Komplex, einschlie\u00dflich des Zugangs zur Pyramide von Gizeh und anderen ber\u00fchmten Monumenten wie der Sphinx und dem Taltempel. Handverlesenes Ticket&nbsp; Sofortige Best\u00e4tigung Handyticket Nicht erstattungsf\u00e4hig Inbegriffen Schnelleinlass-Eintritt in die ausgew\u00e4hlte(n) Pyramide(n), je nach Wahl Ihres [&hellip;]<\/p>\n","protected":false},"author":6,"featured_media":10837,"parent":0,"menu_order":0,"comment_status":"closed","ping_status":"closed","template":"","meta":{"_acf_changed":false,"footnotes":"","tve_updated_post":"","tve_custom_css":"","tve_user_custom_css":"","tve_globals":{},"tcb2_ready":1,"tcb_editor_enabled":1,"tve_landing_page":"bd86f3fc67210fed5b2794ad4a56d3a9","_tve_header":"10865","_tve_footer":"10866"},"categories":[113],"tags":[121,128,129],"class_list":["post-11507","page","type-page","status-publish","has-post-thumbnail","hentry","category-kairo","tag-erfahrungen","tag-kairo","tag-verkaufsseite","post-wrapper","thrv_wrapper"],"acf":[],"_links":{"self":[{"href":"https:\/\/egypt-tourist-information.com\/de\/wp-json\/wp\/v2\/pages\/11507","targetHints":{"allow":["GET"]}}],"collection":[{"href":"https:\/\/egypt-tourist-information.com\/de\/wp-json\/wp\/v2\/pages"}],"about":[{"href":"https:\/\/egypt-tourist-information.com\/de\/wp-json\/wp\/v2\/types\/page"}],"author":[{"embeddable":true,"href":"https:\/\/egypt-tourist-information.com\/de\/wp-json\/wp\/v2\/users\/6"}],"replies":[{"embeddable":true,"href":"https:\/\/egypt-tourist-information.com\/de\/wp-json\/wp\/v2\/comments?post=11507"}],"version-history":[{"count":13,"href":"https:\/\/egypt-tourist-information.com\/de\/wp-json\/wp\/v2\/pages\/11507\/revisions"}],"predecessor-version":[{"id":13742,"href":"https:\/\/egypt-tourist-information.com\/de\/wp-json\/wp\/v2\/pages\/11507\/revisions\/13742"}],"wp:featuredmedia":[{"embeddable":true,"href":"https:\/\/egypt-tourist-information.com\/de\/wp-json\/wp\/v2\/media\/10837"}],"wp:attachment":[{"href":"https:\/\/egypt-tourist-information.com\/de\/wp-json\/wp\/v2\/media?parent=11507"}],"wp:term":[{"taxonomy":"category","embeddable":true,"href":"https:\/\/egypt-tourist-information.com\/de\/wp-json\/wp\/v2\/categories?post=11507"},{"taxonomy":"post_tag","embeddable":true,"href":"https:\/\/egypt-tourist-information.com\/de\/wp-json\/wp\/v2\/tags?post=11507"}],"curies":[{"name":"wp","href":"https:\/\/api.w.org\/{rel}","templated":true}]}}