{"id":11510,"date":"2025-06-20T12:32:15","date_gmt":"2025-06-20T12:32:15","guid":{"rendered":"https:\/\/egypt-tourist-information.com\/karnak-temple-tickets"},"modified":"2026-04-30T14:08:48","modified_gmt":"2026-04-30T14:08:48","slug":"tickets-fur-karnak-tempel","status":"publish","type":"page","link":"https:\/\/egypt-tourist-information.com\/de\/tickets-fur-karnak-tempel","title":{"rendered":"Tickets f\u00fcr Karnak Tempel"},"content":{"rendered":"<p><span><img decoding=\"async\" alt=\"\" data-id=\"8998\" width=\"1432\" height=\"912\" title=\"Karnak-Tempel Tickets ota\" src=\"https:\/\/egypt-tourist-information.com\/wp-content\/uploads\/Karnak-Temple-Tickets-ota-1024x652.png\" data-src=\"https:\/\/egypt-tourist-information.com\/wp-content\/uploads\/Karnak-Temple-Tickets-ota-300x191.png\" loading=\"lazy\" data-sizes=\"{&quot;thumbnail&quot;:{&quot;url&quot;:&quot;https:\/\/egypt-tourist-information.com\/wp-content\/uploads\/Karnak-Temple-Tickets-ota-150x150.png&quot;,&quot;height&quot;:150,&quot;width&quot;:150,&quot;orientation&quot;:&quot;landscape&quot;},&quot;medium&quot;:{&quot;url&quot;:&quot;https:\/\/egypt-tourist-information.com\/wp-content\/uploads\/Karnak-Temple-Tickets-ota-300x191.png&quot;,&quot;height&quot;:191,&quot;width&quot;:300,&quot;orientation&quot;:&quot;landscape&quot;},&quot;large&quot;:{&quot;url&quot;:&quot;https:\/\/egypt-tourist-information.com\/wp-content\/uploads\/Karnak-Temple-Tickets-ota-1024x652.png&quot;,&quot;height&quot;:652,&quot;width&quot;:1024,&quot;orientation&quot;:&quot;landscape&quot;},&quot;full&quot;:{&quot;url&quot;:&quot;https:\/\/egypt-tourist-information.com\/wp-content\/uploads\/Karnak-Temple-Tickets-ota.png&quot;,&quot;height&quot;:912,&quot;width&quot;:1432,&quot;orientation&quot;:&quot;landscape&quot;}}\"><\/span><span><img decoding=\"async\" alt=\"\" data-id=\"8997\" width=\"1354\" height=\"920\" title=\"Karnak-Tempel Tickets ota2\" src=\"https:\/\/egypt-tourist-information.com\/wp-content\/uploads\/Karnak-Temple-Tickets-ota2-1024x696.png\" data-src=\"https:\/\/egypt-tourist-information.com\/wp-content\/uploads\/Karnak-Temple-Tickets-ota2-300x204.png\" loading=\"lazy\" data-sizes=\"{&quot;thumbnail&quot;:{&quot;url&quot;:&quot;https:\/\/egypt-tourist-information.com\/wp-content\/uploads\/Karnak-Temple-Tickets-ota2-150x150.png&quot;,&quot;height&quot;:150,&quot;width&quot;:150,&quot;orientation&quot;:&quot;landscape&quot;},&quot;medium&quot;:{&quot;url&quot;:&quot;https:\/\/egypt-tourist-information.com\/wp-content\/uploads\/Karnak-Temple-Tickets-ota2-300x204.png&quot;,&quot;height&quot;:204,&quot;width&quot;:300,&quot;orientation&quot;:&quot;landscape&quot;},&quot;large&quot;:{&quot;url&quot;:&quot;https:\/\/egypt-tourist-information.com\/wp-content\/uploads\/Karnak-Temple-Tickets-ota2-1024x696.png&quot;,&quot;height&quot;:696,&quot;width&quot;:1024,&quot;orientation&quot;:&quot;landscape&quot;},&quot;full&quot;:{&quot;url&quot;:&quot;https:\/\/egypt-tourist-information.com\/wp-content\/uploads\/Karnak-Temple-Tickets-ota2.png&quot;,&quot;height&quot;:920,&quot;width&quot;:1354,&quot;orientation&quot;:&quot;landscape&quot;}}\"><\/span><span><img decoding=\"async\" alt=\"\" data-id=\"8995\" width=\"1304\" height=\"916\" title=\"Karnak-Tempel Tickets ota4\" src=\"https:\/\/egypt-tourist-information.com\/wp-content\/uploads\/Karnak-Temple-Tickets-ota4-1024x719.png\" data-src=\"https:\/\/egypt-tourist-information.com\/wp-content\/uploads\/Karnak-Temple-Tickets-ota4-300x211.png\" loading=\"lazy\" data-sizes=\"{&quot;thumbnail&quot;:{&quot;url&quot;:&quot;https:\/\/egypt-tourist-information.com\/wp-content\/uploads\/Karnak-Temple-Tickets-ota4-150x150.png&quot;,&quot;height&quot;:150,&quot;width&quot;:150,&quot;orientation&quot;:&quot;landscape&quot;},&quot;medium&quot;:{&quot;url&quot;:&quot;https:\/\/egypt-tourist-information.com\/wp-content\/uploads\/Karnak-Temple-Tickets-ota4-300x211.png&quot;,&quot;height&quot;:211,&quot;width&quot;:300,&quot;orientation&quot;:&quot;landscape&quot;},&quot;large&quot;:{&quot;url&quot;:&quot;https:\/\/egypt-tourist-information.com\/wp-content\/uploads\/Karnak-Temple-Tickets-ota4-1024x719.png&quot;,&quot;height&quot;:719,&quot;width&quot;:1024,&quot;orientation&quot;:&quot;landscape&quot;},&quot;full&quot;:{&quot;url&quot;:&quot;https:\/\/egypt-tourist-information.com\/wp-content\/uploads\/Karnak-Temple-Tickets-ota4.png&quot;,&quot;height&quot;:916,&quot;width&quot;:1304,&quot;orientation&quot;:&quot;landscape&quot;}}\"><\/span><span><img decoding=\"async\" alt=\"\" data-id=\"8996\" width=\"1328\" height=\"926\" title=\"Karnak-Tempel Tickets ota3\" src=\"https:\/\/egypt-tourist-information.com\/wp-content\/uploads\/Karnak-Temple-Tickets-ota3-1024x714.png\" data-src=\"https:\/\/egypt-tourist-information.com\/wp-content\/uploads\/Karnak-Temple-Tickets-ota3-300x209.png\" loading=\"lazy\" data-sizes=\"{&quot;thumbnail&quot;:{&quot;url&quot;:&quot;https:\/\/egypt-tourist-information.com\/wp-content\/uploads\/Karnak-Temple-Tickets-ota3-150x150.png&quot;,&quot;height&quot;:150,&quot;width&quot;:150,&quot;orientation&quot;:&quot;landscape&quot;},&quot;medium&quot;:{&quot;url&quot;:&quot;https:\/\/egypt-tourist-information.com\/wp-content\/uploads\/Karnak-Temple-Tickets-ota3-300x209.png&quot;,&quot;height&quot;:209,&quot;width&quot;:300,&quot;orientation&quot;:&quot;landscape&quot;},&quot;large&quot;:{&quot;url&quot;:&quot;https:\/\/egypt-tourist-information.com\/wp-content\/uploads\/Karnak-Temple-Tickets-ota3-1024x714.png&quot;,&quot;height&quot;:714,&quot;width&quot;:1024,&quot;orientation&quot;:&quot;landscape&quot;},&quot;full&quot;:{&quot;url&quot;:&quot;https:\/\/egypt-tourist-information.com\/wp-content\/uploads\/Karnak-Temple-Tickets-ota3.png&quot;,&quot;height&quot;:926,&quot;width&quot;:1328,&quot;orientation&quot;:&quot;landscape&quot;}}\"><\/span><\/p>\n<h1 data-qa-marker=\"product-name\">Tickets f\u00fcr den Karnak-Tempel<\/h1>\n<h2><a href=\"https:\/\/www.headout.com\/r\/most-amazing-placesrecommends-UzYFR\/\" target=\"_blank\" rel=\"nofollow noopener\" style=\"outline: none;\">Zur Buchung<\/a><\/h2>\n<h1><a href=\"https:\/\/www.headout.com\/r\/most-amazing-placesrecommends-UzYFR\/\" target=\"_blank\" rel=\"nofollow noopener\" style=\"outline: none;\"><span style=\"font-weight: normal;\">Ab <\/span>13,67<span style=\"font-weight: normal;\"> \u20ac<\/span><\/a><strong><\/strong><\/h1>\n<p dir=\"ltr\">Erleben Sie die Pracht des <strong>Karnak-Tempels<\/strong>, eine der gr\u00f6\u00dften antiken religi\u00f6sen St\u00e4tten der Welt. Wandern Sie durch Jahrhunderte der Geschichte und erkunden Sie hoch aufragende S\u00e4ulen, heilige Seen und versteckte religi\u00f6se St\u00e4tten in Luxor.<\/p>\n<ul>\n<li style=\"\"><span>Handverlesenes Ticket&nbsp;<\/span><\/li>\n<li style=\"\"><span>Handyticket<\/span><\/li>\n<li style=\"\"><span>Erkunden Sie in Ihrem Tempo<\/span><\/li>\n<li style=\"\"><span>Nicht erstattungsf\u00e4hig<\/span><\/li>\n<\/ul>\n<h2>Inbegriffen<\/h2>\n<ul>\n<li style=\"\">                    <span>Eintrittskarte zum Karnak-Tempel<\/span><\/li>\n<li style=\"\">                    <span>Skip-the-line-Eintritt zum Karnak-Tempel (je nach gew\u00e4hlter Option)<\/span><\/li>\n<\/ul>\n<h2>Nicht inbegriffen<\/h2>\n<ul>\n<li style=\"\"><span>Abholung und R\u00fccktransfer vom Hotel<\/span><\/li>\n<li style=\"\"><span>Pers\u00f6nliche Ausgaben<\/span><\/li>\n<\/ul>\n<h2>Wichtige Informationen<\/h2>\n<ul>\n<li style=\"\"><span>Bringen Sie zur Ticket\u00fcberpr\u00fcfung einen g\u00fcltigen Lichtbildausweis oder Reisepass mit<\/span><\/li>\n<li><span>Das Fotografieren in Tempeln ist nicht gestattet<\/span><\/li>\n<li><span>Verbotene Gegenst\u00e4nde: Flaschen, Feuerwerksk\u00f6rper, Laserpointer<\/span><\/li>\n<li><span>Der Tempel ist f\u00fcr Rollstuhlfahrer zug\u00e4nglich, erfordert jedoch ausgedehnte Spazierg\u00e4nge<\/span><\/li>\n<li><span>Beste Besuchszeit: am fr\u00fchen Morgen oder am sp\u00e4ten Nachmittag, um Hitze und Menschenmassen zu vermeiden<\/span><\/li>\n<\/ul>\n<h2>Beschreibung:<\/h2>\n<p data-end=\"1801\" data-start=\"1302\">Der Karnak-Tempel ist ein <strong>riesiges Freilichtmuseum,<\/strong> das das architektonische und religi\u00f6se Erbe des alten \u00c4gyptens pr\u00e4sentiert. Erkunden Sie die gro\u00dfe <strong>Hypostylhalle<\/strong> mit ihren 134 massiven S\u00e4ulen, dem Heiligen See und den jahrtausendealten Obelisken.<\/p>\n<p data-end=\"1801\" data-start=\"1302\">Schlendern Sie in Ihrem eigenen Tempo durch die Tempel, die Amun, Mut und Khonsu gewidmet sind. Hinter jeder Ecke erwarten Sie verborgene&nbsp;Sch\u00e4tze wie d<strong>ie Wei\u00dfe Kapelle und der Tempel Sch\u00e4tze von Ramses III. <\/strong>Bei diesem&nbsp;<strong>selbstgef\u00fchrten Besuch<\/strong> haben Sie die Freiheit, die Atmosph\u00e4re und die Geschichten hinter jedem Stein in sich aufgenommen.<\/p>\n<h2>Highlights:<\/h2>\n<ul>\n<li dir=\"ltr\"><strong>Erkunden Sie eine der wichtigsten arch\u00e4ologischen St\u00e4tten<\/strong> \u00c4gyptens auf eigene Faust<\/li>\n<li dir=\"ltr\">Spazieren Sie durch die <strong>Hypostylhalle<\/strong> mit ihren 134 massiven S\u00e4ulen<\/li>\n<li dir=\"ltr\">Sehen Sie \u00c4gyptens <strong>h\u00f6chsten Obelisken,<\/strong> erbaut von K\u00f6nigin Hatschepsut<\/li>\n<li dir=\"ltr\">Entdecken Sie versteckte Ecken wie die Wei\u00dfe Kapelle und <strong>den Tempel von Ramses III.<\/strong><\/li>\n<li dir=\"ltr\">Erkunden Sie den Heiligen See und die <strong>Allee der widderk\u00f6pfigen Sphinxen<\/strong><\/li>\n<li dir=\"ltr\">Bestaunen Sie <strong>jahrhundertealte Hieroglyphen,<\/strong> die tief in die Tempelw\u00e4nde gehauen sind<\/li>\n<li dir=\"ltr\">Folgen Sie der Offline-Karte, um Ihren Besuch optimal zu nutzen<\/li>\n<\/ul>\n<h2>Karnak-Tempel<\/h2>\n<p dir=\"ltr\">Karnak, Luxor, Gouvernement Luxor, \u00c4gypten<\/p>\n<h2>Stornierungsbedingungen<\/h2>\n<p dir=\"ltr\">Diese Tickets sind nicht erstattungsf\u00e4hig und k\u00f6nnen unter keinen Umst\u00e4nden umgebucht werden.<\/p>\n<h2>Treffpunkt &amp; Anweisungen<\/h2>\n<p dir=\"ltr\">Zeigen Sie Ihren mobilen Voucher und einen g\u00fcltigen Lichtbildausweis am Eingang zum Karnak-Tempel vor. Adresse: Karnak, Luxor, Gouvernement Luxor, \u00c4gypten.<\/p>\n<p dir=\"ltr\">Die Eintrittskarte wird an Ihre E-Mail-Adresse gesendet \u2013 bitte \u00fcberpr\u00fcfen Sie Ihren Posteingang.&nbsp;<\/p>\n<p><a href=\"https:\/\/www.google.com\/maps\/place\/Karnak-Tempel\/@25.7188346,32.6546954,836m\/data=!3m1!1e3!4m15!1m8!3m7!1s0x1449159228fec0cd:0xc71ae8c008c259d8!2sKarnak-Tempel!8m2!3d25.7188346!4d32.6572703!10e8!16zL20vMDE0d3k0!3m5!1s0x1449159228fec0cd:0xc71ae8c008c259d8!8m2!3d25.7188346!4d32.6572703!16zL20vMDE0d3k0?entry=ttu&amp;g_ep=EgoyMDI1MDYxNi4wIKXMDSoASAFQAw%3D%3D\" rel=\"nofollow noopener\" spellcheck=\"false\" target=\"_blank\" style=\"outline: none;\">Mit Maps \u00f6ffnen<\/a><\/p>\n<h2>Bewertungen<\/h2>\n<p><strong>NEU!<\/strong><\/p>\n<p dir=\"ltr\">Seien Sie der Erste, der eine Bewertung abgibt &gt;&gt; <a href=\"https:\/\/www.headout.com\/r\/most-amazing-placesrecommends-UzYFR\/\" target=\"_blank\" rel=\"nofollow noopener\" style=\"outline: none;\" spellcheck=\"false\">Weitere Details&#8230;<\/a><\/p>\n<h2>Einige Aktivit\u00e4ten, die Ihnen gefallen k\u00f6nnten<\/h2>\n<p><span># <\/span><strong><span>2<\/span><\/strong><span># <\/span><strong><span>2<\/span><\/strong><span><img decoding=\"async\" alt=\"\" data-id=\"8964\" width=\"159\" data-init-width=\"720\" height=\"106\" data-init-height=\"480\" title=\"Luxor \u2013 Fahrt mit dem Hei\u00dfluftballon \u00fcber die Reliquien von Luxor\" loading=\"lazy\" src=\"https:\/\/egypt-tourist-information.com\/wp-content\/uploads\/Luxor-Hot-Air-Balloon-Ride-over-Luxor-Relics-ota.avif\" data-width=\"159\" data-height=\"106\" style=\"aspect-ratio: auto 720 \/ 480;\"><\/span><\/p>\n<table>\n<tbody>\n<tr>\n<td><a href=\"https:\/\/www.getyourguide.com\/luxor-l109\/luxor-sunrise-hot-air-balloon-ride-with-transfer-t460620\/?partner_id=NO9XIDE&amp;utm_medium=online_publisher&amp;cmp=ETIDeKarnakTempleSP2\" target=\"_blank\" rel=\"nofollow noopener\" style=\"outline: none;\" data-lt-tmp-id=\"lt-551489\" spellcheck=\"false\">Luxor: Hei\u00dfluftballonfahrt \u00fcber die Reliquien von Luxor<\/a><\/td>\n<\/tr>\n<\/tbody>\n<\/table>\n<p>Schweben Sie bei einer atemberaubenden <strong>Fahrt im Hei\u00dfluftballon<\/strong>&nbsp;<strong>\u00fcber die antiken Wunder von Luxor<\/strong> und&nbsp;erleben Sie, wie sich die ber\u00fchmten Relikte und der majest\u00e4tische Nil bei Sonnenaufgang unter Ihnen entfalten.<\/p>\n<h3 style=\"\">Gesamtpreis<\/h3>\n<h3 style=\"\">Ihnen wird noch nichts berechnet<\/h3>\n<p><span># <\/span><strong><span>2<\/span><\/strong><span># <\/span><strong><span>2<\/span><\/strong><span><img decoding=\"async\" alt=\"\" data-id=\"8966\" width=\"159\" data-init-width=\"1598\" height=\"103\" data-init-height=\"999\" title=\"Hurghada \u2013 Luxor-Tal der K\u00f6nige und Ausflug zum Grab des Tutanchamun usw\" loading=\"lazy\" src=\"https:\/\/egypt-tourist-information.com\/wp-content\/uploads\/Hurghada-Luxor-Valley-of-the-Kings-Tutankhamun-Tomb-Trip-ota.avif\" data-width=\"159\" data-height=\"103\" style=\"aspect-ratio: auto 1598 \/ 999;\"><\/span><\/p>\n<table>\n<tbody>\n<tr>\n<td><a data-lt-tmp-id=\"lt-273662\" href=\"https:\/\/www.getyourguide.com\/luxor-l109\/hurghada-luxor-valley-of-the-kings-tutankhamun-tomb-trip-t22357\/?partner_id=NO9XIDE&amp;utm_medium=online_publisher&amp;cmp=ETIDeKarnakTempleSP3\" rel=\"nofollow noopener\" spellcheck=\"false\" target=\"_blank\" style=\"outline: none;\">Hurghada: Luxor-Tal der K\u00f6nige &amp; Tutanchamun-Grab<\/a><\/td>\n<\/tr>\n<\/tbody>\n<\/table>\n<p>Begeben Sie sich auf eine unvergessliche Reise <strong>von Hurghada nach Luxor,<\/strong> erkunden Sie das legend\u00e4re <strong>Tal der K\u00f6nige<\/strong> und erklimmen Sie hinab in das ikonische Grab von <strong>Tutanchamun<\/strong>.<\/p>\n<h3 style=\"\">Gesamtpreis<\/h3>\n<h3 style=\"\">Ihnen wird noch nichts berechnet<\/h3>\n<p><span># <\/span><strong><span>2<\/span><\/strong><span><img decoding=\"async\" alt=\"\" data-id=\"8968\" width=\"159\" data-init-width=\"2333\" height=\"92\" data-init-height=\"1556\" title=\"Luxor - Gemeinsame Ganztagestour zum West- und Ostufer von Luxor\" loading=\"lazy\" src=\"https:\/\/egypt-tourist-information.com\/wp-content\/uploads\/Luxor-Shared-Full-Day-Tour-to-Luxor-West-and-East-Banks-ota.avif\" data-width=\"159\" data-height=\"92\" style=\"aspect-ratio: auto 2333 \/ 1556;\"><\/span><\/p>\n<table>\n<tbody>\n<tr>\n<td><a data-lt-tmp-id=\"lt-230419\" href=\"https:\/\/www.getyourguide.com\/luxor-l109\/luxor-shared-full-day-tour-to-luxor-west-and-east-banks-t453520\/?partner_id=NO9XIDE&amp;utm_medium=online_publisher&amp;cmp=ETIDeKarnakTempleSP4\" rel=\"nofollow noopener\" spellcheck=\"false\" target=\"_blank\" style=\"outline: none;\">Luxor: Gruppentagestour zum West- und Ostufer von Luxor<\/a><\/td>\n<\/tr>\n<\/tbody>\n<\/table>\n<p>Erkunden Sie die antiken Wunder des <strong>Ost- und Westufers von Luxor<\/strong> auf einer umfassenden gemeinsamen Tagestour und entdecken Sie legend\u00e4re Tempel, Gr\u00e4ber und Monumente.<\/p>\n<h3 style=\"\">Gesamtpreis<\/h3>\n<h3 style=\"\">Ihnen wird noch nichts berechnet<\/h3>\n<p><\/p>\n<h2><a href=\"https:\/\/www.headout.com\/r\/most-amazing-placesrecommends-UzYFR\/\" target=\"_blank\" rel=\"nofollow noopener\" style=\"outline: none;\" spellcheck=\"false\">Zur Buchung<\/a><span style=\"font-weight: normal;\"><\/span><\/h2>\n<p><strong style=\"outline: currentcolor;\"><a href=\"https:\/\/www.headout.com\/r\/most-amazing-placesrecommends-UzYFR\/\" target=\"_blank\" rel=\"nofollow noopener\" spellcheck=\"false\" style=\"outline: none;\"><span style=\"font-weight: normal;\">Ab <\/span>13,67 \u20ac<\/a><\/strong><\/p>\n<p style=\"\">Ihnen wird noch nichts berechnet<\/p>\n","protected":false},"excerpt":{"rendered":"<p>Tickets f\u00fcr den Karnak-Tempel Zur Buchung Ab 13,67 \u20ac Erleben Sie die Pracht des Karnak-Tempels, eine der gr\u00f6\u00dften antiken religi\u00f6sen St\u00e4tten der Welt. Wandern Sie durch Jahrhunderte der Geschichte und erkunden Sie hoch aufragende S\u00e4ulen, heilige Seen und versteckte religi\u00f6se St\u00e4tten in Luxor. Handverlesenes Ticket&nbsp; Handyticket Erkunden Sie in Ihrem Tempo Nicht erstattungsf\u00e4hig Inbegriffen Eintrittskarte [&hellip;]<\/p>\n","protected":false},"author":6,"featured_media":10873,"parent":0,"menu_order":0,"comment_status":"closed","ping_status":"closed","template":"","meta":{"_acf_changed":false,"footnotes":"","tve_updated_post":"","tve_custom_css":"","tve_user_custom_css":"","tve_globals":{},"tcb2_ready":1,"tcb_editor_enabled":1,"tve_landing_page":"bd86f3fc67210fed5b2794ad4a56d3a9","_tve_header":"10865","_tve_footer":"10866"},"categories":[115],"tags":[123,129],"class_list":["post-11510","page","type-page","status-publish","has-post-thumbnail","hentry","category-luxor-de","tag-luxor-de","tag-verkaufsseite","post-wrapper","thrv_wrapper"],"acf":[],"_links":{"self":[{"href":"https:\/\/egypt-tourist-information.com\/de\/wp-json\/wp\/v2\/pages\/11510","targetHints":{"allow":["GET"]}}],"collection":[{"href":"https:\/\/egypt-tourist-information.com\/de\/wp-json\/wp\/v2\/pages"}],"about":[{"href":"https:\/\/egypt-tourist-information.com\/de\/wp-json\/wp\/v2\/types\/page"}],"author":[{"embeddable":true,"href":"https:\/\/egypt-tourist-information.com\/de\/wp-json\/wp\/v2\/users\/6"}],"replies":[{"embeddable":true,"href":"https:\/\/egypt-tourist-information.com\/de\/wp-json\/wp\/v2\/comments?post=11510"}],"version-history":[{"count":12,"href":"https:\/\/egypt-tourist-information.com\/de\/wp-json\/wp\/v2\/pages\/11510\/revisions"}],"predecessor-version":[{"id":13747,"href":"https:\/\/egypt-tourist-information.com\/de\/wp-json\/wp\/v2\/pages\/11510\/revisions\/13747"}],"wp:featuredmedia":[{"embeddable":true,"href":"https:\/\/egypt-tourist-information.com\/de\/wp-json\/wp\/v2\/media\/10873"}],"wp:attachment":[{"href":"https:\/\/egypt-tourist-information.com\/de\/wp-json\/wp\/v2\/media?parent=11510"}],"wp:term":[{"taxonomy":"category","embeddable":true,"href":"https:\/\/egypt-tourist-information.com\/de\/wp-json\/wp\/v2\/categories?post=11510"},{"taxonomy":"post_tag","embeddable":true,"href":"https:\/\/egypt-tourist-information.com\/de\/wp-json\/wp\/v2\/tags?post=11510"}],"curies":[{"name":"wp","href":"https:\/\/api.w.org\/{rel}","templated":true}]}}