{"id":11513,"date":"2025-06-25T12:42:20","date_gmt":"2025-06-25T12:42:20","guid":{"rendered":"https:\/\/egypt-tourist-information.com\/luxor-hot-air-balloon-ride"},"modified":"2026-04-24T10:01:09","modified_gmt":"2026-04-24T10:01:09","slug":"heissluftballon-luxor","status":"publish","type":"page","link":"https:\/\/egypt-tourist-information.com\/de\/heissluftballon-luxor","title":{"rendered":"Luxor: Fahrt mit dem Hei\u00dfluftballon \u00fcber Luxor"},"content":{"rendered":"<p><span><img decoding=\"async\" alt=\"Hei\u00dfluftballonfahrt \u00fcber die Reliquien von Luxor\" data-id=\"9290\" width=\"\" height=\"undefined\" title=\"Luxor \u2013 Fahrt mit dem Hei\u00dfluftballon \u00fcber die Reliquien von Luxor\" src=\"https:\/\/egypt-tourist-information.com\/wp-content\/uploads\/Luxor-Hot-Air-Balloon-Ride-over-Luxor-Relics-ota-1.avif\" data-src=\"https:\/\/egypt-tourist-information.com\/wp-content\/uploads\/Luxor-Hot-Air-Balloon-Ride-over-Luxor-Relics-ota-1.avif\" loading=\"lazy\" data-sizes=\"{&quot;full&quot;:{&quot;url&quot;:&quot;https:\/\/egypt-tourist-information.com\/wp-content\/uploads\/Luxor-Hot-Air-Balloon-Ride-over-Luxor-Relics-ota-1.avif&quot;}}\"><\/span><span><img decoding=\"async\" alt=\"\" data-id=\"9289\" width=\"\" height=\"undefined\" title=\"Luxor \u2013 Fahrt mit dem Hei\u00dfluftballon \u00fcber die Reliquien von Luxor ota2\" src=\"https:\/\/egypt-tourist-information.com\/wp-content\/uploads\/Luxor-Hot-Air-Balloon-Ride-over-Luxor-Relics-ota2.avif\" data-src=\"https:\/\/egypt-tourist-information.com\/wp-content\/uploads\/Luxor-Hot-Air-Balloon-Ride-over-Luxor-Relics-ota2.avif\" loading=\"lazy\" data-sizes=\"{&quot;full&quot;:{&quot;url&quot;:&quot;https:\/\/egypt-tourist-information.com\/wp-content\/uploads\/Luxor-Hot-Air-Balloon-Ride-over-Luxor-Relics-ota2.avif&quot;}}\"><\/span><span><img decoding=\"async\" alt=\"\" data-id=\"9288\" width=\"\" height=\"undefined\" title=\"Luxor \u2013 Fahrt mit dem Hei\u00dfluftballon \u00fcber die Reliquien von Luxor ota3\" src=\"https:\/\/egypt-tourist-information.com\/wp-content\/uploads\/Luxor-Hot-Air-Balloon-Ride-over-Luxor-Relics-ota3.avif\" data-src=\"https:\/\/egypt-tourist-information.com\/wp-content\/uploads\/Luxor-Hot-Air-Balloon-Ride-over-Luxor-Relics-ota3.avif\" loading=\"lazy\" data-sizes=\"{&quot;full&quot;:{&quot;url&quot;:&quot;https:\/\/egypt-tourist-information.com\/wp-content\/uploads\/Luxor-Hot-Air-Balloon-Ride-over-Luxor-Relics-ota3.avif&quot;}}\"><\/span><span><img decoding=\"async\" alt=\"\" data-id=\"9287\" width=\"2375\" height=\"1300\" title=\"Luxor \u2013 Fahrt mit dem Hei\u00dfluftballon \u00fcber die Reliquien von Luxor ota4\" src=\"https:\/\/egypt-tourist-information.com\/wp-content\/uploads\/Luxor-Hot-Air-Balloon-Ride-over-Luxor-Relics-ota4-1024x561.webp\" data-src=\"https:\/\/egypt-tourist-information.com\/wp-content\/uploads\/Luxor-Hot-Air-Balloon-Ride-over-Luxor-Relics-ota4-300x164.webp\" loading=\"lazy\" data-sizes=\"{&quot;thumbnail&quot;:{&quot;url&quot;:&quot;https:\/\/egypt-tourist-information.com\/wp-content\/uploads\/Luxor-Hot-Air-Balloon-Ride-over-Luxor-Relics-ota4-150x150.webp&quot;,&quot;height&quot;:150,&quot;width&quot;:150,&quot;orientation&quot;:&quot;landscape&quot;},&quot;medium&quot;:{&quot;url&quot;:&quot;https:\/\/egypt-tourist-information.com\/wp-content\/uploads\/Luxor-Hot-Air-Balloon-Ride-over-Luxor-Relics-ota4-300x164.webp&quot;,&quot;height&quot;:164,&quot;width&quot;:300,&quot;orientation&quot;:&quot;landscape&quot;},&quot;large&quot;:{&quot;url&quot;:&quot;https:\/\/egypt-tourist-information.com\/wp-content\/uploads\/Luxor-Hot-Air-Balloon-Ride-over-Luxor-Relics-ota4-1024x561.webp&quot;,&quot;height&quot;:561,&quot;width&quot;:1024,&quot;orientation&quot;:&quot;landscape&quot;},&quot;full&quot;:{&quot;url&quot;:&quot;https:\/\/egypt-tourist-information.com\/wp-content\/uploads\/Luxor-Hot-Air-Balloon-Ride-over-Luxor-Relics-ota4.webp&quot;,&quot;height&quot;:1300,&quot;width&quot;:2375,&quot;orientation&quot;:&quot;landscape&quot;},&quot;1536x1536&quot;:{&quot;url&quot;:&quot;https:\/\/egypt-tourist-information.com\/wp-content\/uploads\/Luxor-Hot-Air-Balloon-Ride-over-Luxor-Relics-ota4-1536x841.webp&quot;,&quot;height&quot;:841,&quot;width&quot;:1536,&quot;orientation&quot;:&quot;landscape&quot;},&quot;2048x2048&quot;:{&quot;url&quot;:&quot;https:\/\/egypt-tourist-information.com\/wp-content\/uploads\/Luxor-Hot-Air-Balloon-Ride-over-Luxor-Relics-ota4-2048x1121.webp&quot;,&quot;height&quot;:1121,&quot;width&quot;:2048,&quot;orientation&quot;:&quot;landscape&quot;}}\"><\/span><\/p>\n<h1 dir=\"ltr\">Luxor: Hei\u00dfluftballonfahrt \u00fcber die Reliquien von Luxor<\/h1>\n<h2><a href=\"https:\/\/www.getyourguide.com\/luxor-l109\/luxor-sunrise-hot-air-balloon-ride-with-transfer-t460620\/?partner_id=NO9XIDE&amp;utm_medium=online_publisher&amp;cmp=ETIDeLuxorHotAirBalloonSP\" target=\"_blank\" rel=\"nofollow noopener\" style=\"outline: none;\">Zur Buchung<\/a><\/h2>\n<h1><a href=\"https:\/\/www.getyourguide.com\/luxor-l109\/luxor-sunrise-hot-air-balloon-ride-with-transfer-t460620\/?partner_id=NO9XIDE&amp;utm_medium=online_publisher&amp;cmp=ETIDeLuxorHotAirBalloonSP\" target=\"_blank\" rel=\"nofollow noopener\" style=\"outline: none;\" data-lt-tmp-id=\"lt-374025\" spellcheck=\"false\"><span style=\"font-weight: normal;\">Ab <\/span>75 \u20ac<\/a><strong><\/strong><\/h1>\n<p dir=\"ltr\">Erleben Sie eine unvergessliche Fahrt mit dem&nbsp;<strong>Hei\u00dfluftballon \u00fcber Luxor&nbsp;<strong>bei Sonnenaufgang<\/strong><\/strong> und bestaunen Sie <strong>antike Wunder aus der Luft,<\/strong> darunter das Tal der K\u00f6nige und den Hatschepsut-Tempel. Hoteltransfer und Flugzertifikat inklusive.<\/p>\n<ul>\n<li style=\"\"><span>Handverlesenes Ticket&nbsp;<\/span><\/li>\n<li style=\"\"><span>Jetzt reservieren &amp; sp\u00e4ter bezahlen<\/span><\/li>\n<li style=\"\"><span>Dauer: 3 Stunden<\/span><\/li>\n<li style=\"\"><span>Kostenlose Stornierung<\/span><\/li>\n<\/ul>\n<h2>Inbegriffen<\/h2>\n<ul>\n<li style=\"\">                    <span>Hei\u00dfluftballonfahrt (ca. 30 Minuten)<\/span><\/li>\n<li style=\"\">                    <span>Abholung und R\u00fccktransport vom Hotel\/Kreuzfahrtschiff<\/span><\/li>\n<li style=\"\">                    <span>Flugzertifikat<\/span><\/li>\n<\/ul>\n<h2>Nicht inbegriffen<\/h2>\n<ul>\n<li style=\"\"><span>Fotos oder Videos&nbsp;<\/span><\/li>\n<\/ul>\n<h2>Wichtige Informationen<\/h2>\n<ul>\n<li style=\"\"><span>Dauer: Insgesamt ca. 3 Stunden (inkl. Hoteltransfers und Einweisung); Flugzeit ca. 30 Minuten<\/span><\/li>\n<li><span>Die Dauer der Ballonfahrt kann je nach Wetterbedingungen variieren<\/span><\/li>\n<li><span>Nicht geeignet f\u00fcr Kinder unter 6 Jahren, schwangere Reisende oder Personen mit R\u00fcckenproblemen<\/span><\/li>\n<li><span>Abholung von der Hotellobby oder vom Kreuzfahrtschiff (nur im Zentrum von Luxor)<\/span><\/li>\n<li><span>Bringen Sie Ihren Reisepass oder eine Kopie mit<\/span><\/li>\n<li><span>Alkohol und Drogen strengstens verboten<\/span><\/li>\n<\/ul>\n<h2>Beschreibung:<\/h2>\n<p dir=\"ltr\">Verpassen Sie nicht die Chance, <strong>im Morgengrauen \u00fcber die antiken Relikte von Luxor zu schweben.<\/strong>&nbsp;Diese Fahrt mit dem Hei\u00dfluftballon bietet einen atemberaubenden&nbsp;<strong>Blick aus der Luft auf das Tal der K\u00f6nige,<\/strong> den Tempel der K\u00f6nigin Hatschepsut und Karnak, getaucht in das Licht des fr\u00fchen Morgens.<\/p>\n<p dir=\"ltr\">Nach der <strong>Abholung vom Hotel<\/strong> erhalten Sie eine Sicherheitseinweisung, bevor Sie sanft abheben. Schweben Sie friedlich <strong>\u00fcber den Ruinen am Nilufer<\/strong> und werden Sie beim Abstieg herzlich begr\u00fc\u00dft und erhalten ein pers\u00f6nliches Flugzertifikat \u2013 gerade rechtzeitig, um zum Fr\u00fchst\u00fcck zur\u00fcckzukehren und Ihr Luxor-Abenteuer fortzusetzen.<\/p>\n<h2>Highlights:<\/h2>\n<ul>\n<li dir=\"ltr\">Erleben Sie einen <strong>magischen Sonnenaufgang<\/strong> \u00fcber dem Nil und dem Westjordanland<\/li>\n<li dir=\"ltr\">Fliegen Sie \u00fcber das <strong>Tal der K\u00f6nige, <\/strong><strong>die Memnonkolosse<\/strong> und <strong>den Hatschepsut-Tempel<\/strong><\/li>\n<li dir=\"ltr\">Sp\u00fcren Sie den Nervenkitzel eines <strong>einmaligen<\/strong> Hei\u00dfluftballon-Erlebnisses<\/li>\n<li dir=\"ltr\">Genie\u00dfen Sie <strong>eine stressfreie Abholung<\/strong> und R\u00fcckgabe vom Hotel<\/li>\n<li dir=\"ltr\">Nehmen Sie ein <strong>Flugzertifikat<\/strong> als Andenken an Ihre Reise mit nach Hause<\/li>\n<\/ul>\n<h2>Stornierungsbedingungen<\/h2>\n<p dir=\"ltr\">Kostenlose Stornierung bis zu 24 Stunden im Voraus mit voller R\u00fcckerstattung m\u00f6glich.<\/p>\n<h2>Treffpunkt &amp; Anweisungen<\/h2>\n<p dir=\"ltr\">Die Abholung von zentral gelegenen Hotels und Kreuzfahrtschiffen in Luxor ist inbegriffen. Bitte warten Sie zur vereinbarten Zeit in Ihrer Hotellobby. Das Team wird Sie am Vortag mit den Abholdetails kontaktieren.<\/p>\n<p><a href=\"https:\/\/www.getyourguide.com\/luxor-l109\/luxor-sunrise-hot-air-balloon-ride-with-transfer-t460620\/?partner_id=NO9XIDE&amp;utm_medium=online_publisher&amp;cmp=ETIDeLuxorHotAirBalloonSP\" rel=\"nofollow noopener\" spellcheck=\"false\" target=\"_blank\" style=\"outline: none;\">Abholbereiche anzeigen<\/a><\/p>\n<h2>Bewertungen<\/h2>\n<p><strong>4,8\/5 (<strong>1760<\/strong>+ Bewertungen)<\/strong><\/p>\n<p dir=\"ltr\"><em>\u201eDas stand schon lange auf meiner Wunschliste und ich wurde nicht entt\u00e4uscht. Der Pilot hat gro\u00dfartige Arbeit geleistet und daf\u00fcr gesorgt, dass jeder eine tolle Aussicht hatte. Die Landung verlief reibungslos, obwohl wir auf einem Feld landeten, das von Bauern bearbeitet wurde. Die Aussicht auf den Tempel der K\u00f6nigin Hatschepsut und den Sonnenaufgang war fantastisch.\u201c<\/em> \u2013 LeMoyne, Mai 2025 &gt;&gt; <a href=\"https:\/\/www.getyourguide.com\/luxor-l109\/luxor-sunrise-hot-air-balloon-ride-with-transfer-t460620\/?partner_id=NO9XIDE&amp;utm_medium=online_publisher&amp;cmp=ETIDeLuxorHotAirBalloonSP\" target=\"_blank\" rel=\"nofollow noopener\" style=\"outline: none;\" spellcheck=\"false\">Weitere Details&#8230;<\/a><\/p>\n<h2>Einige Aktivit\u00e4ten, die Ihnen gefallen k\u00f6nnten<\/h2>\n<p><span># <\/span><strong><span>2<\/span><\/strong><span># <\/span><strong><span>2<\/span><\/strong><span><img decoding=\"async\" alt=\"\" data-id=\"9292\" width=\"159\" data-init-width=\"2006\" height=\"103\" data-init-height=\"1300\" title=\"Luxor \u2013 Hei\u00dfluftballonfahrt mit ganzt\u00e4giger Sehensw\u00fcrdigkeitentour ota\" loading=\"lazy\" src=\"https:\/\/egypt-tourist-information.com\/wp-content\/uploads\/Luxor-Hot-Air-Balloon-Ride-with-Full-Day-Sights-Tour-ota.webp\" data-width=\"159\" data-height=\"103\" style=\"aspect-ratio: auto 2006 \/ 1300;\"><\/span><\/p>\n<table>\n<tbody>\n<tr>\n<td><a href=\"https:\/\/www.getyourguide.com\/luxor-l109\/luxor-one-package-luxor-hot-air-balloon-with-full-day-tour-t477361\/?partner_id=NO9XIDE&amp;utm_medium=online_publisher&amp;cmp=ETIDeLuxorHotAirBalloonSP2\" target=\"_blank\" rel=\"nofollow noopener\" style=\"outline: none;\" data-lt-tmp-id=\"lt-336885\" spellcheck=\"false\">Luxor: Hei\u00dfluftballonfahrt mit Ganztagestour zu den Sehensw\u00fcrdigkeiten<\/a><\/td>\n<\/tr>\n<\/tbody>\n<\/table>\n<p>Erleben Sie die antiken Wunder von Luxor von oben bei einer atemberaubenden Fahrt <strong>mit dem Hei\u00dfluftballon und <\/strong><strong>tauchen Sie anschlie\u00dfend in eine ganzt\u00e4gige Tour ein, bei der<\/strong> Sie die gro\u00dfartigen historischen Sehensw\u00fcrdigkeiten der Stadt erkunden.<\/p>\n<h3 style=\"\">Gesamtpreis<\/h3>\n<h3 style=\"\">Ihr Konto wird noch nicht belastet.<\/h3>\n<p><span># <\/span><strong><span>2<\/span><\/strong><span># <\/span><strong><span>2<\/span><\/strong><span><img decoding=\"async\" alt=\"\" data-id=\"8966\" width=\"159\" data-init-width=\"1598\" height=\"103\" data-init-height=\"999\" title=\"Hurghada \u2013 Luxor-Tal der K\u00f6nige und Ausflug zum Grab des Tutanchamun usw\" loading=\"lazy\" src=\"https:\/\/egypt-tourist-information.com\/wp-content\/uploads\/Hurghada-Luxor-Valley-of-the-Kings-Tutankhamun-Tomb-Trip-ota.avif\" data-width=\"159\" data-height=\"103\" style=\"aspect-ratio: auto 1598 \/ 999;\"><\/span><\/p>\n<table>\n<tbody>\n<tr>\n<td><a data-lt-tmp-id=\"lt-269946\" href=\"https:\/\/www.getyourguide.com\/luxor-l109\/hurghada-luxor-valley-of-the-kings-tutankhamun-tomb-trip-t22357\/?partner_id=NO9XIDE&amp;utm_medium=online_publisher&amp;cmp=ETIDeLuxorHotAirBalloonSP3\" rel=\"nofollow noopener\" spellcheck=\"false\" target=\"_blank\" style=\"outline: none;\">Hurghada: Luxor-Tal der K\u00f6nige &amp; Tutanchamun-Grab<\/a><\/td>\n<\/tr>\n<\/tbody>\n<\/table>\n<p>Begeben Sie sich auf eine unvergessliche Reise <strong>von Hurghada nach Luxor,<\/strong> erkunden Sie das legend\u00e4re <strong>Tal der K\u00f6nige<\/strong> und steigen Sie hinab in das ikonische Grab von <strong>Tutanchamun<\/strong>.<\/p>\n<h3 style=\"\">Gesamtpreis<\/h3>\n<h3 style=\"\">Ihr Konto wird noch nicht belastet.<\/h3>\n<p><span># <\/span><strong><span>2<\/span><\/strong><span><img decoding=\"async\" alt=\"\" data-id=\"8968\" width=\"159\" data-init-width=\"2333\" height=\"92\" data-init-height=\"1556\" title=\"Luxor - Gemeinsame Ganztagestour zum West- und Ostufer von Luxor\" loading=\"lazy\" src=\"https:\/\/egypt-tourist-information.com\/wp-content\/uploads\/Luxor-Shared-Full-Day-Tour-to-Luxor-West-and-East-Banks-ota.avif\" data-width=\"159\" data-height=\"92\" style=\"aspect-ratio: auto 2333 \/ 1556;\"><\/span><\/p>\n<table>\n<tbody>\n<tr>\n<td><a href=\"https:\/\/www.getyourguide.com\/luxor-l109\/luxor-shared-full-day-tour-to-luxor-west-and-east-banks-t453520\/?partner_id=NO9XIDE&amp;utm_medium=online_publisher&amp;cmp=ETIDeLuxorHotAirBalloonSP4\" rel=\"nofollow noopener\" spellcheck=\"false\" target=\"_blank\" style=\"outline: none;\">Luxor: Gruppentagestour zum West- und Ostufer von Luxor<\/a><\/td>\n<\/tr>\n<\/tbody>\n<\/table>\n<p>Erkunden Sie die antiken Wunder des <strong>Ost- und Westufers von Luxor<\/strong> auf einer umfassenden gemeinsamen Tagestour und entdecken Sie legend\u00e4re Tempel, Gr\u00e4ber und Monumente.<\/p>\n<h3 style=\"\">Gesamtpreis<\/h3>\n<h3 style=\"\">Ihr Konto wird noch nicht belastet.<\/h3>\n<p><\/p>\n<h2><a href=\"https:\/\/www.getyourguide.com\/luxor-l109\/luxor-sunrise-hot-air-balloon-ride-with-transfer-t460620\/?partner_id=NO9XIDE&amp;utm_medium=online_publisher&amp;cmp=ETIDeLuxorHotAirBalloonSP\" target=\"_blank\" rel=\"nofollow noopener\" style=\"outline: none;\" spellcheck=\"false\">Zur Buchung<\/a><span style=\"font-weight: normal;\"><\/span><\/h2>\n<p><strong style=\"outline: currentcolor;\"><a href=\"https:\/\/www.getyourguide.com\/luxor-l109\/luxor-sunrise-hot-air-balloon-ride-with-transfer-t460620\/?partner_id=NO9XIDE&amp;utm_medium=online_publisher&amp;cmp=ETIDeLuxorHotAirBalloonSP\" target=\"_blank\" rel=\"nofollow noopener\" spellcheck=\"false\" style=\"outline: none;\"><span style=\"font-weight: normal;\">Ab <\/span>75 \u20ac<\/a><\/strong><\/p>\n<p style=\"\">Ihr Konto wird noch nicht belastet.<\/p>\n","protected":false},"excerpt":{"rendered":"<p>Luxor: Hei\u00dfluftballonfahrt \u00fcber die Reliquien von Luxor Zur Buchung Ab 75 \u20ac Erleben Sie eine unvergessliche Fahrt mit dem&nbsp;Hei\u00dfluftballon \u00fcber Luxor&nbsp;bei Sonnenaufgang und bestaunen Sie antike Wunder aus der Luft, darunter das Tal der K\u00f6nige und den Hatschepsut-Tempel. Hoteltransfer und Flugzertifikat inklusive. Handverlesenes Ticket&nbsp; Jetzt reservieren &amp; sp\u00e4ter bezahlen Dauer: 3 Stunden Kostenlose Stornierung Inbegriffen [&hellip;]<\/p>\n","protected":false},"author":6,"featured_media":10942,"parent":0,"menu_order":0,"comment_status":"closed","ping_status":"closed","template":"","meta":{"_acf_changed":false,"footnotes":"","tve_updated_post":"","tve_custom_css":"","tve_user_custom_css":"","tve_globals":{},"tcb2_ready":1,"tcb_editor_enabled":1,"tve_landing_page":"bd86f3fc67210fed5b2794ad4a56d3a9","_tve_header":"10865","_tve_footer":"10866"},"categories":[115],"tags":[121,123,129],"class_list":["post-11513","page","type-page","status-publish","has-post-thumbnail","hentry","category-luxor-de","tag-erfahrungen","tag-luxor-de","tag-verkaufsseite","post-wrapper","thrv_wrapper"],"acf":[],"_links":{"self":[{"href":"https:\/\/egypt-tourist-information.com\/de\/wp-json\/wp\/v2\/pages\/11513","targetHints":{"allow":["GET"]}}],"collection":[{"href":"https:\/\/egypt-tourist-information.com\/de\/wp-json\/wp\/v2\/pages"}],"about":[{"href":"https:\/\/egypt-tourist-information.com\/de\/wp-json\/wp\/v2\/types\/page"}],"author":[{"embeddable":true,"href":"https:\/\/egypt-tourist-information.com\/de\/wp-json\/wp\/v2\/users\/6"}],"replies":[{"embeddable":true,"href":"https:\/\/egypt-tourist-information.com\/de\/wp-json\/wp\/v2\/comments?post=11513"}],"version-history":[{"count":12,"href":"https:\/\/egypt-tourist-information.com\/de\/wp-json\/wp\/v2\/pages\/11513\/revisions"}],"predecessor-version":[{"id":13721,"href":"https:\/\/egypt-tourist-information.com\/de\/wp-json\/wp\/v2\/pages\/11513\/revisions\/13721"}],"wp:featuredmedia":[{"embeddable":true,"href":"https:\/\/egypt-tourist-information.com\/de\/wp-json\/wp\/v2\/media\/10942"}],"wp:attachment":[{"href":"https:\/\/egypt-tourist-information.com\/de\/wp-json\/wp\/v2\/media?parent=11513"}],"wp:term":[{"taxonomy":"category","embeddable":true,"href":"https:\/\/egypt-tourist-information.com\/de\/wp-json\/wp\/v2\/categories?post=11513"},{"taxonomy":"post_tag","embeddable":true,"href":"https:\/\/egypt-tourist-information.com\/de\/wp-json\/wp\/v2\/tags?post=11513"}],"curies":[{"name":"wp","href":"https:\/\/api.w.org\/{rel}","templated":true}]}}