{"id":11516,"date":"2025-06-20T13:50:35","date_gmt":"2025-06-20T13:50:35","guid":{"rendered":"https:\/\/egypt-tourist-information.com\/luxor-temple-tickets"},"modified":"2026-04-30T14:15:54","modified_gmt":"2026-04-30T14:15:54","slug":"tickets-fur-luxor-tempel","status":"publish","type":"page","link":"https:\/\/egypt-tourist-information.com\/de\/tickets-fur-luxor-tempel","title":{"rendered":"Tickets f\u00fcr Luxor Tempel"},"content":{"rendered":"<p><span><img decoding=\"async\" alt=\"\" data-id=\"9010\" width=\"1402\" height=\"902\" title=\"Luxor-Tempel Tickets ota\" src=\"https:\/\/egypt-tourist-information.com\/wp-content\/uploads\/Luxor-Temple-Tickets-ota-1024x659.png\" data-src=\"https:\/\/egypt-tourist-information.com\/wp-content\/uploads\/Luxor-Temple-Tickets-ota-300x193.png\" loading=\"lazy\" data-sizes=\"{&quot;thumbnail&quot;:{&quot;url&quot;:&quot;https:\/\/egypt-tourist-information.com\/wp-content\/uploads\/Luxor-Temple-Tickets-ota-150x150.png&quot;,&quot;height&quot;:150,&quot;width&quot;:150,&quot;orientation&quot;:&quot;landscape&quot;},&quot;medium&quot;:{&quot;url&quot;:&quot;https:\/\/egypt-tourist-information.com\/wp-content\/uploads\/Luxor-Temple-Tickets-ota-300x193.png&quot;,&quot;height&quot;:193,&quot;width&quot;:300,&quot;orientation&quot;:&quot;landscape&quot;},&quot;large&quot;:{&quot;url&quot;:&quot;https:\/\/egypt-tourist-information.com\/wp-content\/uploads\/Luxor-Temple-Tickets-ota-1024x659.png&quot;,&quot;height&quot;:659,&quot;width&quot;:1024,&quot;orientation&quot;:&quot;landscape&quot;},&quot;full&quot;:{&quot;url&quot;:&quot;https:\/\/egypt-tourist-information.com\/wp-content\/uploads\/Luxor-Temple-Tickets-ota.png&quot;,&quot;height&quot;:902,&quot;width&quot;:1402,&quot;orientation&quot;:&quot;landscape&quot;}}\"><\/span><span><img decoding=\"async\" alt=\"\" data-id=\"9011\" width=\"1296\" height=\"926\" title=\"Luxor-Tempel-Tickets ota2\" src=\"https:\/\/egypt-tourist-information.com\/wp-content\/uploads\/Luxor-Temple-Tickets-ota2-1024x732.png\" data-src=\"https:\/\/egypt-tourist-information.com\/wp-content\/uploads\/Luxor-Temple-Tickets-ota2-300x214.png\" loading=\"lazy\" data-sizes=\"{&quot;thumbnail&quot;:{&quot;url&quot;:&quot;https:\/\/egypt-tourist-information.com\/wp-content\/uploads\/Luxor-Temple-Tickets-ota2-150x150.png&quot;,&quot;height&quot;:150,&quot;width&quot;:150,&quot;orientation&quot;:&quot;landscape&quot;},&quot;medium&quot;:{&quot;url&quot;:&quot;https:\/\/egypt-tourist-information.com\/wp-content\/uploads\/Luxor-Temple-Tickets-ota2-300x214.png&quot;,&quot;height&quot;:214,&quot;width&quot;:300,&quot;orientation&quot;:&quot;landscape&quot;},&quot;large&quot;:{&quot;url&quot;:&quot;https:\/\/egypt-tourist-information.com\/wp-content\/uploads\/Luxor-Temple-Tickets-ota2-1024x732.png&quot;,&quot;height&quot;:732,&quot;width&quot;:1024,&quot;orientation&quot;:&quot;landscape&quot;},&quot;full&quot;:{&quot;url&quot;:&quot;https:\/\/egypt-tourist-information.com\/wp-content\/uploads\/Luxor-Temple-Tickets-ota2.png&quot;,&quot;height&quot;:926,&quot;width&quot;:1296,&quot;orientation&quot;:&quot;landscape&quot;}}\"><\/span><span><img decoding=\"async\" alt=\"\" data-id=\"9013\" width=\"1306\" height=\"910\" title=\"Luxor-Tempel-Tickets ota4\" src=\"https:\/\/egypt-tourist-information.com\/wp-content\/uploads\/Luxor-Temple-Tickets-ota4-1024x714.png\" data-src=\"https:\/\/egypt-tourist-information.com\/wp-content\/uploads\/Luxor-Temple-Tickets-ota4-300x209.png\" loading=\"lazy\" data-sizes=\"{&quot;thumbnail&quot;:{&quot;url&quot;:&quot;https:\/\/egypt-tourist-information.com\/wp-content\/uploads\/Luxor-Temple-Tickets-ota4-150x150.png&quot;,&quot;height&quot;:150,&quot;width&quot;:150,&quot;orientation&quot;:&quot;landscape&quot;},&quot;medium&quot;:{&quot;url&quot;:&quot;https:\/\/egypt-tourist-information.com\/wp-content\/uploads\/Luxor-Temple-Tickets-ota4-300x209.png&quot;,&quot;height&quot;:209,&quot;width&quot;:300,&quot;orientation&quot;:&quot;landscape&quot;},&quot;large&quot;:{&quot;url&quot;:&quot;https:\/\/egypt-tourist-information.com\/wp-content\/uploads\/Luxor-Temple-Tickets-ota4-1024x714.png&quot;,&quot;height&quot;:714,&quot;width&quot;:1024,&quot;orientation&quot;:&quot;landscape&quot;},&quot;full&quot;:{&quot;url&quot;:&quot;https:\/\/egypt-tourist-information.com\/wp-content\/uploads\/Luxor-Temple-Tickets-ota4.png&quot;,&quot;height&quot;:910,&quot;width&quot;:1306,&quot;orientation&quot;:&quot;landscape&quot;}}\"><\/span><span><img decoding=\"async\" alt=\"\" data-id=\"9014\" width=\"1340\" height=\"962\" title=\"Luxor-Tempel-Tickets ota3\" src=\"https:\/\/egypt-tourist-information.com\/wp-content\/uploads\/Luxor-Temple-Tickets-ota3-1024x735.png\" data-src=\"https:\/\/egypt-tourist-information.com\/wp-content\/uploads\/Luxor-Temple-Tickets-ota3-300x215.png\" loading=\"lazy\" data-sizes=\"{&quot;thumbnail&quot;:{&quot;url&quot;:&quot;https:\/\/egypt-tourist-information.com\/wp-content\/uploads\/Luxor-Temple-Tickets-ota3-150x150.png&quot;,&quot;height&quot;:150,&quot;width&quot;:150,&quot;orientation&quot;:&quot;landscape&quot;},&quot;medium&quot;:{&quot;url&quot;:&quot;https:\/\/egypt-tourist-information.com\/wp-content\/uploads\/Luxor-Temple-Tickets-ota3-300x215.png&quot;,&quot;height&quot;:215,&quot;width&quot;:300,&quot;orientation&quot;:&quot;landscape&quot;},&quot;large&quot;:{&quot;url&quot;:&quot;https:\/\/egypt-tourist-information.com\/wp-content\/uploads\/Luxor-Temple-Tickets-ota3-1024x735.png&quot;,&quot;height&quot;:735,&quot;width&quot;:1024,&quot;orientation&quot;:&quot;landscape&quot;},&quot;full&quot;:{&quot;url&quot;:&quot;https:\/\/egypt-tourist-information.com\/wp-content\/uploads\/Luxor-Temple-Tickets-ota3.png&quot;,&quot;height&quot;:962,&quot;width&quot;:1340,&quot;orientation&quot;:&quot;landscape&quot;}}\"><\/span><\/p>\n<h1 dir=\"ltr\">Tickets f\u00fcr den Luxor-Tempel<\/h1>\n<h2><a href=\"https:\/\/www.headout.com\/r\/most-amazing-placesrecommends-V1yVD\/\" target=\"_blank\" rel=\"nofollow noopener\" style=\"outline: none;\">Zur Buchung<\/a><\/h2>\n<h1><a href=\"https:\/\/www.headout.com\/r\/most-amazing-placesrecommends-V1yVD\/\" target=\"_blank\" rel=\"nofollow noopener\" style=\"outline: none;\"><span style=\"font-weight: normal;\">Ab&nbsp;<\/span><strong>11,11 \u20ac<\/strong><\/a><strong><\/strong><\/h1>\n<p data-end=\"336\" data-start=\"138\">Erleben Sie die Praxis des alten \u00c4gypten mit <strong>bevorzugtem Einlass zum Luxor-Tempel.<\/strong> Schlendern Sie durch monumentale Alleen, vorbei an hoch aufragenden Pylonen und heiligen Kapellen, die von \u00fcber 3.000 Jahren Geschichte erz\u00e4hlen.<\/p>\n<ul>\n<li style=\"\"><span>Handverlesenes Ticket&nbsp;<\/span><\/li>\n<li style=\"\"><span>Handyticket<\/span><\/li>\n<li style=\"\"><span>Schnelleinlass<\/span><\/li>\n<li style=\"\"><span>Nicht erstattungsf\u00e4hig<\/span><\/li>\n<\/ul>\n<h2>Inbegriffen<\/h2>\n<ul>\n<li style=\"\">                    <span>\u00dcberspringen Sie die Warteschlange am Luxor-Tempel<\/span><\/li>\n<\/ul>\n<h2>Nicht inbegriffen<\/h2>\n<ul>\n<li style=\"\"><span>F\u00fchrung<\/span><\/li>\n<li style=\"\"><span>Abholung und R\u00fccktransfer vom Hotel<\/span><\/li>\n<li style=\"\"><span>Smartphone oder Kopfh\u00f6rer<\/span><\/li>\n<li style=\"\"><span>Pers\u00f6nliche Ausgaben<\/span><\/li>\n<\/ul>\n<h2>Wichtige Informationen<\/h2>\n<ul>\n<li style=\"\"><span>F\u00fcr den Zutritt sind ein Handyticket und ein g\u00fcltiger Lichtbildausweis erforderlich<\/span><\/li>\n<li><span>Tragen Sie bequeme Schuhe wegen unebenem Boden<\/span><\/li>\n<li><span>Bringen Sie Sonnenschutz mit \u2013 Schatten ist vor Ort begrenzt<\/span><\/li>\n<li><span>Nicht f\u00fcr Rollstuhlfahrer geeignet<\/span><\/li>\n<li><span>Ideale Besuchszeit: fr\u00fchmorgens oder gegen Sonnenuntergang<\/span><\/li>\n<\/ul>\n<h2>Beschreibung:<\/h2>\n<p dir=\"ltr\">Erkunden Sie einen der ber\u00fchmtesten Tempel \u00c4gyptens mit diesem Ticket f\u00fcr den Luxor-Tempel. <strong>Umgehen Sie lange Warteschlangen<\/strong> und tauchen Sie direkt in die Geschichte ein, w\u00e4hrend Sie die monumentale <strong>Sphinx-Allee <\/strong>entlangschlendern<strong>,&nbsp;<\/strong><strong>Kolossale Statuen von Ramses II.<\/strong>&nbsp;bestaunen&nbsp;und durch die eleganten H\u00f6fe und hoch aufragenden Kolonnaden schlendern.<\/p>\n<p dir=\"ltr\">Entdecken Sie Schreine, Details aus der R\u00f6merzeit und heilige Orte, an denen einst das Opet-Fest stattfand. Ohne festgelegte Route oder F\u00fchrer haben Sie die Freiheit, diesen atemberaubenden Komplex in Ihrem eigenen Tempo zu erkunden.<\/p>\n<h2>Highlights:<\/h2>\n<ul>\n<li>Entdecken Sie die Allee der Sphinxe, die einst f\u00fcr antike Prozessionen genutzt wurde<\/li>\n<\/ul>\n<ul>\n<li dir=\"ltr\">Stehen Sie unter dem massiven 24 Meter hohen ersten Pylon und dem rosa Granitobelisken<\/li>\n<li dir=\"ltr\">Schlendern Sie durch den Gro\u00dfen Hof von Ramses II., umgeben von 74 Papyruss\u00e4ulen<\/li>\n<li dir=\"ltr\">Sehen Sie das Geburtsheiligtum von Amenophis III. und Spuren der r\u00f6mischen und islamischen Geschichte<\/li>\n<li dir=\"ltr\">Erkunden Sie heilige Kapellen und zeremonielle Orte, die mit den alten Festen \u00c4gyptens verbunden sind<\/li>\n<\/ul>\n<h2>Luxor-Tempel<\/h2>\n<p dir=\"ltr\">Luxor City, Luxor, Gouvernement Luxor 1362501, \u00c4gypten<\/p>\n<h2>Stornierungsbedingungen<\/h2>\n<p dir=\"ltr\">Diese Tickets sind nicht erstattungsf\u00e4hig und k\u00f6nnen unter keinen Umst\u00e4nden umgebucht werden.<\/p>\n<h2>Treffpunkt &amp; Anweisungen<\/h2>\n<p dir=\"ltr\">Ihr digitaler Gutschein wird Ihnen per E-Mail zugesandt. Zeigen Sie ihn auf Ihrem Mobilger\u00e4t zusammen mit einem g\u00fcltigen Lichtbildausweis am Eingang des Luxor-Tempels vor.<\/p>\n<p dir=\"ltr\">Adresse f\u00fcr die Ticketeinl\u00f6sung: Mabad Al Oksor, Luxor City, Luxor Governorate 1362501, \u00c4gypten<\/p>\n<p><a href=\"https:\/\/www.google.com\/maps\/place\/Luxor+Temple\/@25.699502,32.6390509,857m\/data=!3m2!1e3!4b1!4m6!3m5!1s0x144915c41edadf61:0x7693895c346c7d81!8m2!3d25.699502!4d32.6390509!16zL20vMDNwcDd2!5m1!1e2?coh=245189&amp;entry=tts&amp;g_ep=EgoyMDI1MDMwNC4wIPu8ASoJLDEwMjExNDU1SAFQAw%3D%3D\" rel=\"nofollow noopener\" spellcheck=\"false\" target=\"_blank\" style=\"outline: none;\">Mit Maps \u00f6ffnen<\/a><\/p>\n<h2>Bewertungen und Bewertung<\/h2>\n<p><strong>NEU!<\/strong><\/p>\n<p dir=\"ltr\">Seien Sie der Erste, der eine Bewertung abgibt &gt;&gt; <a href=\"https:\/\/www.headout.com\/r\/most-amazing-placesrecommends-V1yVD\/\" target=\"_blank\" rel=\"nofollow noopener\" style=\"outline: none;\" spellcheck=\"false\">Weitere Details&#8230;<\/a><\/p>\n<h2>Einige Aktivit\u00e4ten, die Ihnen gefallen k\u00f6nnten<\/h2>\n<p><span># <\/span><strong><span>2<\/span><\/strong><span># <\/span><strong><span>2<\/span><\/strong><span><img decoding=\"async\" alt=\"\" data-id=\"8964\" width=\"159\" data-init-width=\"720\" height=\"106\" data-init-height=\"480\" title=\"Luxor \u2013 Fahrt mit dem Hei\u00dfluftballon \u00fcber die Reliquien von Luxor\" loading=\"lazy\" src=\"https:\/\/egypt-tourist-information.com\/wp-content\/uploads\/Luxor-Hot-Air-Balloon-Ride-over-Luxor-Relics-ota.avif\" data-width=\"159\" data-height=\"106\" style=\"aspect-ratio: auto 720 \/ 480;\"><\/span><\/p>\n<table>\n<tbody>\n<tr>\n<td><a href=\"https:\/\/www.getyourguide.com\/luxor-l109\/luxor-sunrise-hot-air-balloon-ride-with-transfer-t460620\/?partner_id=NO9XIDE&amp;utm_medium=online_publisher&amp;cmp=ETIDeLuxorTempleSP2\" target=\"_blank\" rel=\"nofollow noopener\" style=\"outline: none;\" data-lt-tmp-id=\"lt-287894\" spellcheck=\"false\">Luxor: Hei\u00dfluftballonfahrt \u00fcber die Reliquien von Luxor<\/a><\/td>\n<\/tr>\n<\/tbody>\n<\/table>\n<p>Schweben Sie bei einer<strong> atemberaubenden Fahrt im Hei\u00dfluftballon<\/strong> \u00fcber die antiken Wunder von Luxor und erleben Sie, wie sich die ber\u00fchmten Relikte und der majest\u00e4tische Nil bei Sonnenaufgang unter Ihnen entfalten.<\/p>\n<h3 style=\"\">Gesamtpreis<\/h3>\n<h3 style=\"\">Ihnen wird noch nichts berechnet<\/h3>\n<p><span># <\/span><strong><span>2<\/span><\/strong><span># <\/span><strong><span>2<\/span><\/strong><span><img decoding=\"async\" alt=\"\" data-id=\"8966\" width=\"159\" data-init-width=\"1598\" height=\"103\" data-init-height=\"999\" title=\"Hurghada \u2013 Luxor-Tal der K\u00f6nige und Ausflug zum Grab des Tutanchamun usw\" loading=\"lazy\" src=\"https:\/\/egypt-tourist-information.com\/wp-content\/uploads\/Hurghada-Luxor-Valley-of-the-Kings-Tutankhamun-Tomb-Trip-ota.avif\" data-width=\"159\" data-height=\"103\" style=\"aspect-ratio: auto 1598 \/ 999;\"><\/span><\/p>\n<table>\n<tbody>\n<tr>\n<td><a data-lt-tmp-id=\"lt-662599\" href=\"https:\/\/www.getyourguide.com\/luxor-l109\/hurghada-luxor-valley-of-the-kings-tutankhamun-tomb-trip-t22357\/?partner_id=NO9XIDE&amp;utm_medium=online_publisher&amp;cmp=ETIDeLuxorTempleSP3\" rel=\"nofollow noopener\" spellcheck=\"false\" target=\"_blank\" style=\"outline: none;\">Hurghada: Luxor-Tal der K\u00f6nige &amp; Tutanchamun-Grab<\/a><\/td>\n<\/tr>\n<\/tbody>\n<\/table>\n<p>Begeben Sie sich auf eine unvergessliche Reise <strong>von Hurghada nach Luxor,<\/strong> erkunden Sie das legend\u00e4re <strong>Tal der K\u00f6nige<\/strong> und steigen Sie hinab in das ikonische Grab von <strong>Tutanchamun<\/strong>.<\/p>\n<h3 style=\"\">Gesamtpreis<\/h3>\n<h3 style=\"\">Ihnen wird noch nichts berechnet<\/h3>\n<p><span># <\/span><strong><span>2<\/span><\/strong><span><img decoding=\"async\" alt=\"\" data-id=\"8968\" width=\"159\" data-init-width=\"2333\" height=\"92\" data-init-height=\"1556\" title=\"Luxor - Gemeinsame Ganztagestour zum West- und Ostufer von Luxor\" loading=\"lazy\" src=\"https:\/\/egypt-tourist-information.com\/wp-content\/uploads\/Luxor-Shared-Full-Day-Tour-to-Luxor-West-and-East-Banks-ota.avif\" data-width=\"159\" data-height=\"92\" style=\"aspect-ratio: auto 2333 \/ 1556;\"><\/span><\/p>\n<table>\n<tbody>\n<tr>\n<td><a data-lt-tmp-id=\"lt-566260\" href=\"https:\/\/www.getyourguide.com\/luxor-l109\/luxor-shared-full-day-tour-to-luxor-west-and-east-banks-t453520\/?partner_id=NO9XIDE&amp;utm_medium=online_publisher&amp;cmp=ETIDeLuxorTempleSP4\" rel=\"nofollow noopener\" spellcheck=\"false\" target=\"_blank\" style=\"outline: none;\">Luxor: Gruppentagestour zum West- und Ostufer von Luxor<\/a><\/td>\n<\/tr>\n<\/tbody>\n<\/table>\n<p>Erkunden Sie die antiken Wunder des <strong>Ost- und Westufers von Luxor<\/strong> auf einer umfassenden gemeinsamen Tagestour und entdecken Sie legend\u00e4re Tempel, Gr\u00e4ber und Monumente.<\/p>\n<h3 style=\"\">Gesamtpreis<\/h3>\n<h3 style=\"\">Ihnen wird noch nichts berechnet<\/h3>\n<p><\/p>\n<h2><a href=\"https:\/\/www.headout.com\/r\/most-amazing-placesrecommends-V1yVD\/\" target=\"_blank\" rel=\"nofollow noopener\" style=\"outline: none;\" spellcheck=\"false\">Zur Buchung<\/a><span style=\"font-weight: normal;\"><\/span><\/h2>\n<p><strong style=\"outline: currentcolor;\"><a href=\"https:\/\/www.headout.com\/r\/most-amazing-placesrecommends-V1yVD\/\" target=\"_blank\" rel=\"nofollow noopener\" spellcheck=\"false\" style=\"outline: none;\"><span style=\"font-weight: normal;\">Ab <\/span>11,11 \u20ac<\/a><\/strong><\/p>\n<p style=\"\">Ihnen wird noch nichts berechnet<\/p>\n","protected":false},"excerpt":{"rendered":"<p>Tickets f\u00fcr den Luxor-Tempel Zur Buchung Ab&nbsp;11,11 \u20ac Erleben Sie die Praxis des alten \u00c4gypten mit bevorzugtem Einlass zum Luxor-Tempel. Schlendern Sie durch monumentale Alleen, vorbei an hoch aufragenden Pylonen und heiligen Kapellen, die von \u00fcber 3.000 Jahren Geschichte erz\u00e4hlen. Handverlesenes Ticket&nbsp; Handyticket Schnelleinlass Nicht erstattungsf\u00e4hig Inbegriffen \u00dcberspringen Sie die Warteschlange am Luxor-Tempel Nicht inbegriffen [&hellip;]<\/p>\n","protected":false},"author":6,"featured_media":10874,"parent":0,"menu_order":0,"comment_status":"closed","ping_status":"closed","template":"","meta":{"_acf_changed":false,"footnotes":"","tve_updated_post":"","tve_custom_css":"","tve_user_custom_css":"","tve_globals":{},"tcb2_ready":1,"tcb_editor_enabled":1,"tve_landing_page":"bd86f3fc67210fed5b2794ad4a56d3a9","_tve_header":"10865","_tve_footer":"10866"},"categories":[115],"tags":[123,129],"class_list":["post-11516","page","type-page","status-publish","has-post-thumbnail","hentry","category-luxor-de","tag-luxor-de","tag-verkaufsseite","post-wrapper","thrv_wrapper"],"acf":[],"_links":{"self":[{"href":"https:\/\/egypt-tourist-information.com\/de\/wp-json\/wp\/v2\/pages\/11516","targetHints":{"allow":["GET"]}}],"collection":[{"href":"https:\/\/egypt-tourist-information.com\/de\/wp-json\/wp\/v2\/pages"}],"about":[{"href":"https:\/\/egypt-tourist-information.com\/de\/wp-json\/wp\/v2\/types\/page"}],"author":[{"embeddable":true,"href":"https:\/\/egypt-tourist-information.com\/de\/wp-json\/wp\/v2\/users\/6"}],"replies":[{"embeddable":true,"href":"https:\/\/egypt-tourist-information.com\/de\/wp-json\/wp\/v2\/comments?post=11516"}],"version-history":[{"count":11,"href":"https:\/\/egypt-tourist-information.com\/de\/wp-json\/wp\/v2\/pages\/11516\/revisions"}],"predecessor-version":[{"id":13749,"href":"https:\/\/egypt-tourist-information.com\/de\/wp-json\/wp\/v2\/pages\/11516\/revisions\/13749"}],"wp:featuredmedia":[{"embeddable":true,"href":"https:\/\/egypt-tourist-information.com\/de\/wp-json\/wp\/v2\/media\/10874"}],"wp:attachment":[{"href":"https:\/\/egypt-tourist-information.com\/de\/wp-json\/wp\/v2\/media?parent=11516"}],"wp:term":[{"taxonomy":"category","embeddable":true,"href":"https:\/\/egypt-tourist-information.com\/de\/wp-json\/wp\/v2\/categories?post=11516"},{"taxonomy":"post_tag","embeddable":true,"href":"https:\/\/egypt-tourist-information.com\/de\/wp-json\/wp\/v2\/tags?post=11516"}],"curies":[{"name":"wp","href":"https:\/\/api.w.org\/{rel}","templated":true}]}}