{"id":11519,"date":"2025-06-20T08:34:06","date_gmt":"2025-06-20T08:34:06","guid":{"rendered":"https:\/\/egypt-tourist-information.com\/national-museum-of-egyptian-civilization-tickets"},"modified":"2026-04-30T13:15:08","modified_gmt":"2026-04-30T13:15:08","slug":"tickets-fur-nationalmuseum-der-agyptischen-zivilisation","status":"publish","type":"page","link":"https:\/\/egypt-tourist-information.com\/de\/tickets-fur-nationalmuseum-der-agyptischen-zivilisation","title":{"rendered":"Tickets f\u00fcr Nationalmuseum der \u00c4gyptischen Zivilisation mit Schnelleinlass"},"content":{"rendered":"<p><span><img decoding=\"async\" alt=\"\" data-id=\"8948\" width=\"1448\" height=\"930\" title=\"Nationalmuseum der \u00c4gyptischen Zivilisation in Kairo: Eintritt ohne Anstehen ota\" src=\"https:\/\/egypt-tourist-information.com\/wp-content\/uploads\/National-Museum-of-Egyptian-Civilization-in-Cairo-Skip-the-Line-Entry-Tickets-ota-1024x658.png\" data-src=\"https:\/\/egypt-tourist-information.com\/wp-content\/uploads\/National-Museum-of-Egyptian-Civilization-in-Cairo-Skip-the-Line-Entry-Tickets-ota-300x193.png\" loading=\"lazy\" data-sizes=\"{&quot;thumbnail&quot;:{&quot;url&quot;:&quot;https:\/\/egypt-tourist-information.com\/wp-content\/uploads\/National-Museum-of-Egyptian-Civilization-in-Cairo-Skip-the-Line-Entry-Tickets-ota-150x150.png&quot;,&quot;height&quot;:150,&quot;width&quot;:150,&quot;orientation&quot;:&quot;landscape&quot;},&quot;medium&quot;:{&quot;url&quot;:&quot;https:\/\/egypt-tourist-information.com\/wp-content\/uploads\/National-Museum-of-Egyptian-Civilization-in-Cairo-Skip-the-Line-Entry-Tickets-ota-300x193.png&quot;,&quot;height&quot;:193,&quot;width&quot;:300,&quot;orientation&quot;:&quot;landscape&quot;},&quot;large&quot;:{&quot;url&quot;:&quot;https:\/\/egypt-tourist-information.com\/wp-content\/uploads\/National-Museum-of-Egyptian-Civilization-in-Cairo-Skip-the-Line-Entry-Tickets-ota-1024x658.png&quot;,&quot;height&quot;:658,&quot;width&quot;:1024,&quot;orientation&quot;:&quot;landscape&quot;},&quot;full&quot;:{&quot;url&quot;:&quot;https:\/\/egypt-tourist-information.com\/wp-content\/uploads\/National-Museum-of-Egyptian-Civilization-in-Cairo-Skip-the-Line-Entry-Tickets-ota.png&quot;,&quot;height&quot;:930,&quot;width&quot;:1448,&quot;orientation&quot;:&quot;landscape&quot;}}\"><\/span><span><img decoding=\"async\" alt=\"\" data-id=\"8949\" width=\"1380\" height=\"948\" title=\"Nationalmuseum der \u00c4gyptischen Zivilisation in Kairo: Eintritt ohne Anstehen ota2\" src=\"https:\/\/egypt-tourist-information.com\/wp-content\/uploads\/National-Museum-of-Egyptian-Civilization-in-Cairo-Skip-the-Line-Entry-Tickets-ota2-1024x703.png\" data-src=\"https:\/\/egypt-tourist-information.com\/wp-content\/uploads\/National-Museum-of-Egyptian-Civilization-in-Cairo-Skip-the-Line-Entry-Tickets-ota2-300x206.png\" loading=\"lazy\" data-sizes=\"{&quot;thumbnail&quot;:{&quot;url&quot;:&quot;https:\/\/egypt-tourist-information.com\/wp-content\/uploads\/National-Museum-of-Egyptian-Civilization-in-Cairo-Skip-the-Line-Entry-Tickets-ota2-150x150.png&quot;,&quot;height&quot;:150,&quot;width&quot;:150,&quot;orientation&quot;:&quot;landscape&quot;},&quot;medium&quot;:{&quot;url&quot;:&quot;https:\/\/egypt-tourist-information.com\/wp-content\/uploads\/National-Museum-of-Egyptian-Civilization-in-Cairo-Skip-the-Line-Entry-Tickets-ota2-300x206.png&quot;,&quot;height&quot;:206,&quot;width&quot;:300,&quot;orientation&quot;:&quot;landscape&quot;},&quot;large&quot;:{&quot;url&quot;:&quot;https:\/\/egypt-tourist-information.com\/wp-content\/uploads\/National-Museum-of-Egyptian-Civilization-in-Cairo-Skip-the-Line-Entry-Tickets-ota2-1024x703.png&quot;,&quot;height&quot;:703,&quot;width&quot;:1024,&quot;orientation&quot;:&quot;landscape&quot;},&quot;full&quot;:{&quot;url&quot;:&quot;https:\/\/egypt-tourist-information.com\/wp-content\/uploads\/National-Museum-of-Egyptian-Civilization-in-Cairo-Skip-the-Line-Entry-Tickets-ota2.png&quot;,&quot;height&quot;:948,&quot;width&quot;:1380,&quot;orientation&quot;:&quot;landscape&quot;}}\"><\/span><span><img decoding=\"async\" alt=\"\" data-id=\"8950\" width=\"1316\" height=\"934\" title=\"Nationalmuseum der \u00c4gyptischen Zivilisation in Kairo: Eintritt ohne Anstehen ota3\" src=\"https:\/\/egypt-tourist-information.com\/wp-content\/uploads\/National-Museum-of-Egyptian-Civilization-in-Cairo-Skip-the-Line-Entry-Tickets-ota3-1024x727.png\" data-src=\"https:\/\/egypt-tourist-information.com\/wp-content\/uploads\/National-Museum-of-Egyptian-Civilization-in-Cairo-Skip-the-Line-Entry-Tickets-ota3-300x213.png\" loading=\"lazy\" data-sizes=\"{&quot;thumbnail&quot;:{&quot;url&quot;:&quot;https:\/\/egypt-tourist-information.com\/wp-content\/uploads\/National-Museum-of-Egyptian-Civilization-in-Cairo-Skip-the-Line-Entry-Tickets-ota3-150x150.png&quot;,&quot;height&quot;:150,&quot;width&quot;:150,&quot;orientation&quot;:&quot;landscape&quot;},&quot;medium&quot;:{&quot;url&quot;:&quot;https:\/\/egypt-tourist-information.com\/wp-content\/uploads\/National-Museum-of-Egyptian-Civilization-in-Cairo-Skip-the-Line-Entry-Tickets-ota3-300x213.png&quot;,&quot;height&quot;:213,&quot;width&quot;:300,&quot;orientation&quot;:&quot;landscape&quot;},&quot;large&quot;:{&quot;url&quot;:&quot;https:\/\/egypt-tourist-information.com\/wp-content\/uploads\/National-Museum-of-Egyptian-Civilization-in-Cairo-Skip-the-Line-Entry-Tickets-ota3-1024x727.png&quot;,&quot;height&quot;:727,&quot;width&quot;:1024,&quot;orientation&quot;:&quot;landscape&quot;},&quot;full&quot;:{&quot;url&quot;:&quot;https:\/\/egypt-tourist-information.com\/wp-content\/uploads\/National-Museum-of-Egyptian-Civilization-in-Cairo-Skip-the-Line-Entry-Tickets-ota3.png&quot;,&quot;height&quot;:934,&quot;width&quot;:1316,&quot;orientation&quot;:&quot;landscape&quot;}}\"><\/span><span><img decoding=\"async\" alt=\"\" data-id=\"8951\" width=\"1356\" height=\"960\" title=\"Nationalmuseum der \u00c4gyptischen Zivilisation in Kairo: Eintritt ohne Anstehen ota4\" src=\"https:\/\/egypt-tourist-information.com\/wp-content\/uploads\/National-Museum-of-Egyptian-Civilization-in-Cairo-Skip-the-Line-Entry-Tickets-ota4-1024x725.png\" data-src=\"https:\/\/egypt-tourist-information.com\/wp-content\/uploads\/National-Museum-of-Egyptian-Civilization-in-Cairo-Skip-the-Line-Entry-Tickets-ota4-300x212.png\" loading=\"lazy\" data-sizes=\"{&quot;thumbnail&quot;:{&quot;url&quot;:&quot;https:\/\/egypt-tourist-information.com\/wp-content\/uploads\/National-Museum-of-Egyptian-Civilization-in-Cairo-Skip-the-Line-Entry-Tickets-ota4-150x150.png&quot;,&quot;height&quot;:150,&quot;width&quot;:150,&quot;orientation&quot;:&quot;landscape&quot;},&quot;medium&quot;:{&quot;url&quot;:&quot;https:\/\/egypt-tourist-information.com\/wp-content\/uploads\/National-Museum-of-Egyptian-Civilization-in-Cairo-Skip-the-Line-Entry-Tickets-ota4-300x212.png&quot;,&quot;height&quot;:212,&quot;width&quot;:300,&quot;orientation&quot;:&quot;landscape&quot;},&quot;large&quot;:{&quot;url&quot;:&quot;https:\/\/egypt-tourist-information.com\/wp-content\/uploads\/National-Museum-of-Egyptian-Civilization-in-Cairo-Skip-the-Line-Entry-Tickets-ota4-1024x725.png&quot;,&quot;height&quot;:725,&quot;width&quot;:1024,&quot;orientation&quot;:&quot;landscape&quot;},&quot;full&quot;:{&quot;url&quot;:&quot;https:\/\/egypt-tourist-information.com\/wp-content\/uploads\/National-Museum-of-Egyptian-Civilization-in-Cairo-Skip-the-Line-Entry-Tickets-ota4.png&quot;,&quot;height&quot;:960,&quot;width&quot;:1356,&quot;orientation&quot;:&quot;landscape&quot;}}\"><\/span><\/p>\n<h1>Nationalmuseum der \u00c4gyptischen Zivilisation in Kairo: Schnelleinlass-Tickets<\/h1>\n<h2><a href=\"https:\/\/www.headout.com\/r\/most-amazing-placesrecommends-UtbWb\/\" target=\"_blank\" rel=\"nofollow noopener\" style=\"outline: none;\">Zur Buchung<\/a><\/h2>\n<h1><a href=\"https:\/\/www.headout.com\/r\/most-amazing-placesrecommends-UtbWb\/\" target=\"_blank\" rel=\"nofollow noopener\" style=\"outline: none;\"><span style=\"font-weight: normal;\">Ab <\/span>2,56 \u20ac<\/a><strong><\/strong><\/h1>\n<p dir=\"ltr\">Tauchen Sie mit Tickets mit Schnelleinlass in<strong>&nbsp;das Nationalmuseum der \u00c4gyptischen Zivilisation ein<\/strong>, einschlie\u00dflich Zugang zur beeindruckenden Halle der K\u00f6niglichen Mumien und interaktiven Ausstellungen.<\/p>\n<ul>\n<li style=\"\"><span>Handverlesenes Ticket&nbsp;<\/span><\/li>\n<li style=\"\"><span>Handyticket<\/span><\/li>\n<li style=\"\"><span>Schnelleinlass<\/span><\/li>\n<li style=\"\"><span>Nicht erstattungsf\u00e4hig<\/span><\/li>\n<\/ul>\n<h2>Was ist enthalten<\/h2>\n<ul>\n<li style=\"\">                    <span>Schnelleinlass-Ticket f\u00fcr das Nationalmuseum der \u00c4gyptischen Zivilisation<\/span><\/li>\n<\/ul>\n<ul>\n<li style=\"\">                    <span>Zugang zur Halle der K\u00f6niglichen Mumien<\/span><\/li>\n<li style=\"\">                    <span>Gef\u00fchrte Tour (basierend auf der gew\u00e4hlten Option)<\/span><\/li>\n<\/ul>\n<h2>Nicht im Ticket enthalten<\/h2>\n<ul>\n<li style=\"\"><span>Transport<\/span><\/li>\n<li style=\"\"><span>Speisen und Getr\u00e4nke<\/span><\/li>\n<\/ul>\n<h2>Wichtige Informationen<\/h2>\n<ul>\n<li style=\"\"><span>Nicht-\u00e4gyptische Besucher m\u00fcssen eine Kopie ihres Reisepasses vorlegen. Einheimische ben\u00f6tigen einen g\u00fcltigen Lichtbildausweis. Studierende ben\u00f6tigen f\u00fcr den Zutritt einen g\u00fcltigen Studierendenausweis.<\/span><\/li>\n<li><span>Aufgrund der Gr\u00f6\u00dfe des Museums werden bequeme Wanderschuhe empfohlen.<\/span><\/li>\n<li><span>Gro\u00dfe Taschen und Gep\u00e4ck sind nicht erlaubt (Schlie\u00dff\u00e4cher vorhanden).<\/span><\/li>\n<li><span>Blitzlichtaufnahmen und laute Gespr\u00e4che sind in der Royal Mummies Hall verboten.<\/span><\/li>\n<li><span>Kommen Sie mindestens 10\u201315 Minuten vor Ihrem geplanten Besuch, um Verz\u00f6gerungen zu vermeiden.<br \/><\/span><\/li>\n<li><span>Das Ber\u00fchren von Artefakten ist nicht gestattet.<\/span><\/li>\n<\/ul>\n<h2>Beschreibung:<\/h2>\n<p dir=\"ltr\">Profietieren Sie von Ihrem Ticket mit Schnelleinlass und erkunden Sie das&nbsp;<strong>Nationalmuseum der \u00c4gyptischen Zivilisation<\/strong>, eines der faszinierendsten Museen Kairos. Mit \u00fcber&nbsp;<strong>50.000 Artefakten<\/strong> und immersiven Ausstellungen zeichnet das NMEC die Geschichte \u00c4gyptens von der Vorgeschichte bis in die Gegenwart nach.<\/p>\n<p dir=\"ltr\">Entdecken Sie Textilien, Werkzeuge und T\u00f6pferwaren aus dem antiken Alltag und betreten Sie anschlie\u00dfend die <strong>Mumienhalle<\/strong> \u2013 die Heimat von 20 konservierten k\u00f6niglichen Mumien, darunter die von <strong>Ramses II. und Hatschepsut.<\/strong> Buchen Sie eine F\u00fchrung und bereichern Sie Ihr Erlebnis mit Expertenwissen. Besuchen Sie unbedingt die Museumsterrasse mit atemberaubendem Blick auf Alt-Kairo.<\/p>\n<h2>Highlights:<\/h2>\n<ul>\n<li dir=\"ltr\"><strong>\u00dcberspringen Sie die Warteschlange,<\/strong> um lange Warteschlangen zu vermeiden und Ihre Besuchszeit zu maximieren<\/li>\n<li dir=\"ltr\"><strong>Royal Mummies Hall<\/strong> mit 20 alten K\u00f6nigen und K\u00f6niginnen in einer grab\u00e4hnlichen Atmosph\u00e4re<\/li>\n<li dir=\"ltr\"><strong>Immersive Ausstellungen<\/strong> , die die pr\u00e4historische bis zur modernen \u00e4gyptischen Zivilisation abdecken<\/li>\n<li dir=\"ltr\"><strong>Optionale F\u00fchrung<\/strong> durch \u00c4gyptologen auf Englisch oder Arabisch<\/li>\n<li><strong>Malerische Aussicht auf Alt-Kairo<\/strong> und Fustat von der Panoramaterrasse des Museums<\/li>\n<\/ul>\n<h2 data-qa-marker=\"product-name\">Nationalmuseum der \u00c4gyptischen Zivilisation&nbsp;<\/h2>\n<p dir=\"ltr\">Ein as Seirah, Alt-Kairo, Gouvernement Al-Qahira 4245001, \u00c4gypten<\/p>\n<h2>Stornierungsbedingungen<\/h2>\n<p dir=\"ltr\">Diese Tickets sind nicht erstattungsf\u00e4hig und k\u00f6nnen nicht umgebucht werden.<\/p>\n<h2>Treffpunkt &amp; Anweisungen<\/h2>\n<p ltr\"\"=\"\">Legen Sie Ihren mobilen Voucher am Eingang des Nationalmuseums der \u00c4gyptischen Zivilisation vor. Bitte bringen Sie einen g\u00fcltigen Lichtbildausweis mit. Studenten m\u00fcssen einen g\u00fcltigen Studentenausweis vorlegen.<\/p>\n<p ltr\"\"=\"\">Adresse: Ein as Seirah, Alt-Kairo, Gouvernement Kairo 4245001, \u00c4gypten<\/p>\n<p><a href=\"https:\/\/www.google.com\/maps\/place\/Nationalmuseum+der+%C3%A4gyptischen+Zivilisation\/@30.0085929,31.2456644,804m\/data=!3m1!1e3!4m15!1m8!3m7!1s0x1458476863e39e8f:0xc2e058446f8f145d!2sNationalmuseum+der+%C3%A4gyptischen+Zivilisation!8m2!3d30.0085929!4d31.2482393!10e8!16s%2Fg%2F11b8ch7dmc!3m5!1s0x1458476863e39e8f:0xc2e058446f8f145d!8m2!3d30.0085929!4d31.2482393!16s%2Fg%2F11b8ch7dmc?entry=ttu&amp;g_ep=EgoyMDI1MDYxNi4wIKXMDSoASAFQAw%3D%3D\" target=\"_blank\" rel=\"nofollow noopener\" style=\"outline: none;\" data-lt-tmp-id=\"lt-593777\" spellcheck=\"false\">Mit Maps \u00f6ffnen<\/a><\/p>\n<h2>Bewertungen<\/h2>\n<p><strong>NEU!<\/strong><\/p>\n<p dir=\"ltr\">Seien Sie der Erste, der eine Bewertung hinterl\u00e4sst&#8230;&nbsp; <a href=\"https:\/\/www.headout.com\/r\/most-amazing-placesrecommends-UtbWb\/\" target=\"_blank\" rel=\"nofollow noopener\" style=\"outline: none;\" spellcheck=\"false\">&gt;&gt; Mehr hier<\/a><\/p>\n<h2>Einige Aktivit\u00e4ten, die Ihnen gefallen k\u00f6nnten<\/h2>\n<p><span># <\/span><strong><span>2<\/span><\/strong><span># <\/span><strong><span>2<\/span><\/strong><span>#1<\/span><span><img decoding=\"async\" alt=\"Grand Egyptian Museum: Tickets ohne Anstehen ota\" data-id=\"8908\" width=\"159\" data-init-width=\"1352\" height=\"105\" data-init-height=\"896\" title=\"Grand Egyptian Museum: Tickets ohne Anstehen ota\" loading=\"lazy\" src=\"https:\/\/egypt-tourist-information.com\/wp-content\/uploads\/Grand-Egyptian-Museum-Skip-the-Line-Tickets-ota.png\" data-width=\"159\" data-height=\"105\" style=\"aspect-ratio: auto 1352 \/ 896;\"><\/span><\/p>\n<table>\n<tbody>\n<tr>\n<td><a href=\"https:\/\/www.headout.com\/de\/grand-egyptian-museum-tickets\/grand-egyptian-museum-tickets-e-14142\/?affiliate_code=KXkQ69&amp;utm_campaign=etidenationalmuseumzivilisationsp2&amp;utm_content=link&amp;utm_medium=affiliate&amp;utm_source=most_amazing_places\" rel=\"nofollow noopener\" spellcheck=\"false\" target=\"_blank\" style=\"outline: none;\">Grand Egyptian Museum: Tickets mit Schnelleinlass<\/a><\/td>\n<\/tr>\n<\/tbody>\n<\/table>\n<p>Erhalten Sie mit Tickets mit Schnelleinlass schnellen Zutritt zum pr\u00e4chtigen Grand Egyptian Museum und tauchen Sie ein in die unvergleichlichen Sch\u00e4tze des alten \u00c4gypten.<\/p>\n<h3 style=\"\">Gesamtpreis<\/h3>\n<h3 style=\"\">Ihnen wird noch nichts berechnet<\/h3>\n<p><span># <\/span><strong><span>2<\/span><\/strong><span><img decoding=\"async\" alt=\"\" data-id=\"8829\" width=\"159\" data-init-width=\"720\" height=\"106\" data-init-height=\"480\" title=\"Kairo: Private Tour zu den Pyramiden und der Gro\u00dfen Sphinx mit Kamelritt\" loading=\"lazy\" src=\"https:\/\/egypt-tourist-information.com\/wp-content\/uploads\/Cairo-Pyramids-Great-Sphinx-Private-Tour-with-Camel-Ride-ota.avif\" data-width=\"159\" data-height=\"106\" style=\"aspect-ratio: auto 720 \/ 480;\"><\/span><\/p>\n<table>\n<tbody>\n<tr>\n<td><a href=\"https:\/\/www.getyourguide.com\/cairo-l92\/cairo-pyramids-great-sphinx-private-tour-with-camel-ride-t459032\/?partner_id=NO9XIDE&amp;utm_medium=online_publisher&amp;cmp=ETIDeNationalMuseumofEgyptSP3\" target=\"_blank\" rel=\"nofollow noopener\" style=\"outline: none;\" spellcheck=\"false\">Kairo: Pyramiden &amp; Gro\u00dfe Sphinx &#8211; Private Tour mit Kamelritt<\/a><\/td>\n<\/tr>\n<\/tbody>\n<\/table>\n<p>Erkunden Sie die antiken Wunder \u00c4gyptens auf einer 4-st\u00fcndigen Privattour zu den Pyramiden von Gizeh und der Gro\u00dfen Sphinx, inklusive eines unvergesslichen Kamelritts.<\/p>\n<h3 style=\"\">Gesamtpreis<\/h3>\n<h3 style=\"\">Ihnen wird noch nichts berechnet<\/h3>\n<p><span># <\/span><strong><span>2<\/span><\/strong><span><img decoding=\"async\" alt=\"\" data-id=\"8929\" width=\"159\" data-init-width=\"2333\" height=\"114\" data-init-height=\"1556\" title=\"Von Kairo aus: Dinner-Kreuzfahrt auf dem Nil mit Live-Unterhaltung\" loading=\"lazy\" src=\"https:\/\/egypt-tourist-information.com\/wp-content\/uploads\/From-Cairo-Nile-River-Dinner-Cruise-with-Live-Entertainment-ota.avif\" data-width=\"159\" data-height=\"114\" style=\"aspect-ratio: auto 2333 \/ 1556;\"><\/span><\/p>\n<table>\n<tbody>\n<tr>\n<td><a href=\"https:\/\/www.getyourguide.com\/cairo-l92\/from-cairodinner-cruise-on-the-nile-river-with-entertainmet-t474376\/?partner_id=NO9XIDE&amp;utm_medium=online_publisher&amp;cmp=ETIhttps:\/\/www.getyourguide.com\/cairo-l92\/cairo-pyramids-great-sphinx-private-tour-with-camel-ride-t459032\/?partner_id=NO9XIDE&amp;utm_medium=online_publisher&amp;cmp=ETIDeNationalMuseumofEgyptSP4\" rel=\"nofollow noopener\" spellcheck=\"false\" target=\"_blank\" style=\"outline: none;\">Ab Kairo: Dinner-Kreuzfahrt auf dem Nil mit Live-Unterhaltung<\/a><\/td>\n<\/tr>\n<\/tbody>\n<\/table>\n<p>Erleben Sie die Magie von Kairo bei Nacht auf einer faszinierenden Dinner-Kreuzfahrt auf dem Nil, komplett mit umwerfender Live-Unterhaltung und traditionellen Darbietungen.<\/p>\n<h3 style=\"\">Gesamtpreis<\/h3>\n<h3 style=\"\">Ihnen wird noch nichts berechnet<\/h3>\n<p><\/p>\n<h2><a href=\"https:\/\/www.headout.com\/r\/most-amazing-placesrecommends-UtbWb\/\" target=\"_blank\" rel=\"nofollow noopener\" style=\"outline: none;\" spellcheck=\"false\">Zur Buchung<\/a><span style=\"font-weight: normal;\"><\/span><\/h2>\n<p><strong style=\"outline: currentcolor;\"><a href=\"https:\/\/www.headout.com\/r\/most-amazing-placesrecommends-UtbWb\/\" target=\"_blank\" rel=\"nofollow noopener\" spellcheck=\"false\" style=\"outline: none;\"><span style=\"font-weight: normal;\">Ab <\/span>2,56 \u20ac<\/a><\/strong><\/p>\n<p style=\"\">Ihnen wird noch nichts berechnet<\/p>\n","protected":false},"excerpt":{"rendered":"<p>Nationalmuseum der \u00c4gyptischen Zivilisation in Kairo: Schnelleinlass-Tickets Zur Buchung Ab 2,56 \u20ac Tauchen Sie mit Tickets mit Schnelleinlass in&nbsp;das Nationalmuseum der \u00c4gyptischen Zivilisation ein, einschlie\u00dflich Zugang zur beeindruckenden Halle der K\u00f6niglichen Mumien und interaktiven Ausstellungen. Handverlesenes Ticket&nbsp; Handyticket Schnelleinlass Nicht erstattungsf\u00e4hig Was ist enthalten Schnelleinlass-Ticket f\u00fcr das Nationalmuseum der \u00c4gyptischen Zivilisation Zugang zur Halle der [&hellip;]<\/p>\n","protected":false},"author":6,"featured_media":10855,"parent":0,"menu_order":0,"comment_status":"closed","ping_status":"closed","template":"","meta":{"_acf_changed":false,"footnotes":"","tve_updated_post":"","tve_custom_css":"","tve_user_custom_css":"","tve_globals":{},"tcb2_ready":1,"tcb_editor_enabled":1,"tve_landing_page":"bd86f3fc67210fed5b2794ad4a56d3a9","_tve_header":"10865","_tve_footer":"10866"},"categories":[113],"tags":[128,129],"class_list":["post-11519","page","type-page","status-publish","has-post-thumbnail","hentry","category-kairo","tag-kairo","tag-verkaufsseite","post-wrapper","thrv_wrapper"],"acf":[],"_links":{"self":[{"href":"https:\/\/egypt-tourist-information.com\/de\/wp-json\/wp\/v2\/pages\/11519","targetHints":{"allow":["GET"]}}],"collection":[{"href":"https:\/\/egypt-tourist-information.com\/de\/wp-json\/wp\/v2\/pages"}],"about":[{"href":"https:\/\/egypt-tourist-information.com\/de\/wp-json\/wp\/v2\/types\/page"}],"author":[{"embeddable":true,"href":"https:\/\/egypt-tourist-information.com\/de\/wp-json\/wp\/v2\/users\/6"}],"replies":[{"embeddable":true,"href":"https:\/\/egypt-tourist-information.com\/de\/wp-json\/wp\/v2\/comments?post=11519"}],"version-history":[{"count":9,"href":"https:\/\/egypt-tourist-information.com\/de\/wp-json\/wp\/v2\/pages\/11519\/revisions"}],"predecessor-version":[{"id":13745,"href":"https:\/\/egypt-tourist-information.com\/de\/wp-json\/wp\/v2\/pages\/11519\/revisions\/13745"}],"wp:featuredmedia":[{"embeddable":true,"href":"https:\/\/egypt-tourist-information.com\/de\/wp-json\/wp\/v2\/media\/10855"}],"wp:attachment":[{"href":"https:\/\/egypt-tourist-information.com\/de\/wp-json\/wp\/v2\/media?parent=11519"}],"wp:term":[{"taxonomy":"category","embeddable":true,"href":"https:\/\/egypt-tourist-information.com\/de\/wp-json\/wp\/v2\/categories?post=11519"},{"taxonomy":"post_tag","embeddable":true,"href":"https:\/\/egypt-tourist-information.com\/de\/wp-json\/wp\/v2\/tags?post=11519"}],"curies":[{"name":"wp","href":"https:\/\/api.w.org\/{rel}","templated":true}]}}