{"id":11549,"date":"2025-06-25T13:11:28","date_gmt":"2025-06-25T13:11:28","guid":{"rendered":"https:\/\/egypt-tourist-information.com\/sharm-el-sheikh-jeep-safari"},"modified":"2026-04-24T10:02:22","modified_gmt":"2026-04-24T10:02:22","slug":"jeep-safari-sharm-el-sheikh","status":"publish","type":"page","link":"https:\/\/egypt-tourist-information.com\/de\/jeep-safari-sharm-el-sheikh","title":{"rendered":"Jeep-Safari Sharm El-Sheikh: Blue Hole, Canyon &amp; Dahab"},"content":{"rendered":"<p><span><img decoding=\"async\" alt=\"\" data-id=\"9327\" width=\"\" height=\"undefined\" title=\"Sharm El-Sheikh - Jeep-Abenteuer zum Blue Hole, Canyon und Dahab ota\" src=\"https:\/\/egypt-tourist-information.com\/wp-content\/uploads\/Sharm-El-Sheikh-Jeep-Adventure-to-Blue-Hole-Canyon-Dahab-ota.avif\" data-src=\"https:\/\/egypt-tourist-information.com\/wp-content\/uploads\/Sharm-El-Sheikh-Jeep-Adventure-to-Blue-Hole-Canyon-Dahab-ota.avif\" loading=\"lazy\" data-sizes=\"{&quot;full&quot;:{&quot;url&quot;:&quot;https:\/\/egypt-tourist-information.com\/wp-content\/uploads\/Sharm-El-Sheikh-Jeep-Adventure-to-Blue-Hole-Canyon-Dahab-ota.avif&quot;}}\"><\/span><span><img decoding=\"async\" alt=\"\" data-id=\"9326\" width=\"\" height=\"undefined\" title=\"Sharm El-Sheikh - Jeep-Abenteuer zum Blue Hole, Canyon und Dahab ota2\" src=\"https:\/\/egypt-tourist-information.com\/wp-content\/uploads\/Sharm-El-Sheikh-Jeep-Adventure-to-Blue-Hole-Canyon-Dahab-ota2.avif\" data-src=\"https:\/\/egypt-tourist-information.com\/wp-content\/uploads\/Sharm-El-Sheikh-Jeep-Adventure-to-Blue-Hole-Canyon-Dahab-ota2.avif\" loading=\"lazy\" data-sizes=\"{&quot;full&quot;:{&quot;url&quot;:&quot;https:\/\/egypt-tourist-information.com\/wp-content\/uploads\/Sharm-El-Sheikh-Jeep-Adventure-to-Blue-Hole-Canyon-Dahab-ota2.avif&quot;}}\"><\/span><span><img decoding=\"async\" alt=\"\" data-id=\"9325\" width=\"\" height=\"undefined\" title=\"Sharm El-Sheikh - Jeep-Abenteuer zum Blue Hole, Canyon und Dahab ota3\" src=\"https:\/\/egypt-tourist-information.com\/wp-content\/uploads\/Sharm-El-Sheikh-Jeep-Adventure-to-Blue-Hole-Canyon-Dahab-ota3.avif\" data-src=\"https:\/\/egypt-tourist-information.com\/wp-content\/uploads\/Sharm-El-Sheikh-Jeep-Adventure-to-Blue-Hole-Canyon-Dahab-ota3.avif\" loading=\"lazy\" data-sizes=\"{&quot;full&quot;:{&quot;url&quot;:&quot;https:\/\/egypt-tourist-information.com\/wp-content\/uploads\/Sharm-El-Sheikh-Jeep-Adventure-to-Blue-Hole-Canyon-Dahab-ota3.avif&quot;}}\"><\/span><span><img decoding=\"async\" alt=\"\" data-id=\"9322\" width=\"\" height=\"undefined\" title=\"Sharm El-Sheikh \u2013 Jeep-Abenteuer zum Blue Hole, Canyon und Dahab ota6\" src=\"https:\/\/egypt-tourist-information.com\/wp-content\/uploads\/Sharm-El-Sheikh-Jeep-Adventure-to-Blue-Hole-Canyon-Dahab-ota6.avif\" data-src=\"https:\/\/egypt-tourist-information.com\/wp-content\/uploads\/Sharm-El-Sheikh-Jeep-Adventure-to-Blue-Hole-Canyon-Dahab-ota6.avif\" loading=\"lazy\" data-sizes=\"{&quot;full&quot;:{&quot;url&quot;:&quot;https:\/\/egypt-tourist-information.com\/wp-content\/uploads\/Sharm-El-Sheikh-Jeep-Adventure-to-Blue-Hole-Canyon-Dahab-ota6.avif&quot;}}\"><\/span><span><img decoding=\"async\" alt=\"\" data-id=\"9323\" width=\"\" height=\"undefined\" title=\"Sharm El-Sheikh - Jeep-Abenteuer zum Blue Hole, Canyon und Dahab ota5\" src=\"https:\/\/egypt-tourist-information.com\/wp-content\/uploads\/Sharm-El-Sheikh-Jeep-Adventure-to-Blue-Hole-Canyon-Dahab-ota5.avif\" data-src=\"https:\/\/egypt-tourist-information.com\/wp-content\/uploads\/Sharm-El-Sheikh-Jeep-Adventure-to-Blue-Hole-Canyon-Dahab-ota5.avif\" loading=\"lazy\" data-sizes=\"{&quot;full&quot;:{&quot;url&quot;:&quot;https:\/\/egypt-tourist-information.com\/wp-content\/uploads\/Sharm-El-Sheikh-Jeep-Adventure-to-Blue-Hole-Canyon-Dahab-ota5.avif&quot;}}\"><\/span><span><img decoding=\"async\" alt=\"\" data-id=\"9324\" width=\"\" height=\"undefined\" title=\"Sharm El-Sheikh - Jeep-Abenteuer zum Blue Hole, Canyon und Dahab ota4\" src=\"https:\/\/egypt-tourist-information.com\/wp-content\/uploads\/Sharm-El-Sheikh-Jeep-Adventure-to-Blue-Hole-Canyon-Dahab-ota4.avif\" data-src=\"https:\/\/egypt-tourist-information.com\/wp-content\/uploads\/Sharm-El-Sheikh-Jeep-Adventure-to-Blue-Hole-Canyon-Dahab-ota4.avif\" loading=\"lazy\" data-sizes=\"{&quot;full&quot;:{&quot;url&quot;:&quot;https:\/\/egypt-tourist-information.com\/wp-content\/uploads\/Sharm-El-Sheikh-Jeep-Adventure-to-Blue-Hole-Canyon-Dahab-ota4.avif&quot;}}\"><\/span><\/p>\n<h1 data-v-d2d367d0=\"\"><span data-v-d2d367d0=\"\">Sharm El-Sheikh: Jeep-Abenteuer zum Blue Hole, Canyon &amp; Dahab<\/span><\/h1>\n<h2><a href=\"https:\/\/www.getyourguide.com\/sharm-el-sheikh-l408\/sharm-el-sheikh-jeep-adventure-to-blue-hole-canyon-dahab-t596660\/?partner_id=NO9XIDE&amp;utm_medium=online_publisher&amp;cmp=ETIDeSharmJeepAdventureSP\" target=\"_blank\" rel=\"nofollow noopener\" style=\"outline: none;\">Zur Buchung<\/a><\/h2>\n<h1><a href=\"https:\/\/www.getyourguide.com\/sharm-el-sheikh-l408\/sharm-el-sheikh-jeep-adventure-to-blue-hole-canyon-dahab-t596660\/?partner_id=NO9XIDE&amp;utm_medium=online_publisher&amp;cmp=ETIDeSharmJeepAdventureSP\" target=\"_blank\" rel=\"nofollow noopener\" style=\"outline: none;\"><span style=\"font-weight: normal;\">Ab<\/span>&nbsp;23 \u20ac<\/a><strong><\/strong><\/h1>\n<p dir=\"ltr\">Tauchen Sie ein in <strong>die sch\u00f6nsten Naturwunder des Sinai<\/strong> bei diesem ganzt\u00e4gigen Abenteuer ab Sharm El Sheikh mit Jeep Safari! Fahren Sie mit dem Jeep durch den <strong>Coloured Canyon,<\/strong> schnorcheln Sie im <strong>Blue Hole,<\/strong> erkunden Sie <strong>Dahab<\/strong> und beenden Sie den Tag mit einem malerischen BBQ und einer optionalen Quad-Fahrt.<\/p>\n<ul>\n<li style=\"\"><span>Handverlesenes Ticket&nbsp;<\/span><\/li>\n<li style=\"\"><span>Jetzt reservieren &amp; sp\u00e4ter bezahlen<\/span><\/li>\n<li style=\"\"><span>Dauer: 8 Stunden<\/span><\/li>\n<li style=\"\"><span>Kostenlose Stornierung<\/span><\/li>\n<\/ul>\n<h2>Inbegriffen<\/h2>\n<ul>\n<li style=\"\">                    <span>Abholung und R\u00fccktransport vom Hotel (klimatisierter Transport)<\/span><\/li>\n<li style=\"\">                    <span>Jeep-Safari&nbsp;<\/span><\/li>\n<li style=\"\">                    <span>Professioneller Canyon- und Schnorchelf\u00fchrer<\/span><\/li>\n<li style=\"\">                    <span>Besuch des Colored Canyon<\/span><\/li>\n<li style=\"\">                    <span>Mittagessen in einem Beduinenzelt<\/span><\/li>\n<li style=\"\">                    <span>Kamelritt am Strand entlang<\/span><\/li>\n<li style=\"\">                    <span>Kurzer Shopping-Stopp in Dahab<\/span><\/li>\n<li style=\"\">                    <span>Wasser in Flaschen<\/span><\/li>\n<li style=\"\">                    <span>ATV-Fahrt entlang der K\u00fcste und den Bergen von Dahab <strong>(falls ausgew\u00e4hlt)<\/strong><\/span><\/li>\n<li style=\"\">                    <span>Blue Hole und Abu Galum <strong>(falls ausgew\u00e4hlt)<\/strong><\/span><\/li>\n<li style=\"\">                    <span>Kulturelle \u00e4gyptische Schals <strong>(falls Add-on ausgew\u00e4hlt)<\/strong><\/span><\/li>\n<\/ul>\n<h2>Nicht inbegriffen<\/h2>\n<ul>\n<li style=\"\"><span>Schnorchelausr\u00fcstung<\/span><\/li>\n<\/ul>\n<h2>Wichtige Informationen<\/h2>\n<ul>\n<li style=\"\"><span>Tourdauer: ca. 8 Stunden<\/span><\/li>\n<li><span>Live-Guide auf Englisch, Arabisch, Italienisch und Russisch verf\u00fcgbar<\/span><\/li>\n<li><span>Die Abholzeit variiert je nach Hotel. Bitte best\u00e4tigen Sie die Abholung 1 Tag im Voraus.<\/span><\/li>\n<li><span>Rechnen Sie mit einer m\u00f6glichen Verz\u00f6gerung von 10 Minuten bei der Abholung<\/span><\/li>\n<li><span>Bitte bringen Sie Sonnencreme, Badebekleidung und bequeme Schuhe mit<\/span><\/li>\n<li><span>Nicht empfohlen f\u00fcr Reisende mit R\u00fccken- oder Mobilit\u00e4tsproblemen<\/span><\/li>\n<\/ul>\n<h2>Beschreibung:<\/h2>\n<p dir=\"ltr\">Diese <strong>actionreiche Tagestour ab Sharm El Sheikh<\/strong> ist Ihre Eintrittskarte zu den dramatischen Landschaften und dem kristallklaren Wasser des Sinai. Beginnen Sie mit einer <strong>Jeep-Safari<\/strong> zum spektakul\u00e4ren Colored Canyon, der f\u00fcr seine wirbelnden Sandsteinformationen ber\u00fchmt ist.<\/p>\n<p dir=\"ltr\">Anschlie\u00dfend geht es weiter zum <strong>Blue Hole Nationalpark,<\/strong> wo Sie erstklassige Schnorchelerlebnisse genie\u00dfen und am Strand entspannen k\u00f6nnen. Genie\u00dfen Sie ein <strong>Beduinen-BBQ-Mittagessen,<\/strong> reiten Sie auf <strong>Kamelen<\/strong> entlang der K\u00fcste und tanken Sie Adrenalin bei einer <strong>Quad-Tour<\/strong> auf den K\u00fcstenpfaden von Dahab. Beenden Sie den Tag mit einem Souvenir-Shopping, bevor Sie zur\u00fcckfahren.<\/p>\n<h2>Highlights:<\/h2>\n<ul>\n<li dir=\"ltr\">Wandern Sie durch den surrealen Coloured Canyon mit <strong>seinen bunten Felsformationen<\/strong><\/li>\n<li dir=\"ltr\">Schnorcheln Sie im weltber\u00fchmten <strong>Blue Hole<\/strong> (falls ausgew\u00e4hlt)<\/li>\n<li dir=\"ltr\">Genie\u00dfen Sie ein authentisches BBQ-Mittagessen in einem <strong>Beduinen-Strandzelt<\/strong><\/li>\n<li dir=\"ltr\">Genie\u00dfen Sie einen <strong>malerischen Kamelritt<\/strong> entlang der K\u00fcste des Roten Meeres<\/li>\n<li dir=\"ltr\">Machen Sie Ihren Tag spannender mit einer <strong>ATV-Fahrt durch Dahabs Gel\u00e4nde<\/strong><\/li>\n<li dir=\"ltr\">Kaufen Sie einzigartige Fondsst\u00fccke auf dem <strong>Markt von Dahab<\/strong><\/li>\n<li dir=\"ltr\">Entspannen Sie sich mit <strong>Hin- und R\u00fccktransfer zum Hotel<\/strong> und gef\u00fchrter Unterst\u00fctzung<\/li>\n<\/ul>\n<h2>Stornierungsbedingungen<\/h2>\n<p dir=\"ltr\">Kostenlose Stornierung bis 24 Stunden vor Tourbeginn mit voller R\u00fcckerstattung m\u00f6glich.<\/p>\n<h2>Treffpunkt &amp; Wegbeschreibung<\/h2>\n<p dir=\"ltr\">Die Abholung erfolgt von Ihrem Hotel in Sharm El Sheikh. Bitte finden Sie sich 10 Minuten vor der best\u00e4tigten Zeit vor Ihrem Hotel ein. Falls Ihr Hotel keine Lobby hat, warten Sie bitte am Eingang.<\/p>\n<p><a href=\"https:\/\/www.getyourguide.com\/sharm-el-sheikh-l408\/sharm-el-sheikh-jeep-adventure-to-blue-hole-canyon-dahab-t596660\/?partner_id=NO9XIDE&amp;utm_medium=online_publisher&amp;cmp=ETIDeSharmJeepAdventureSP\" rel=\"nofollow noopener\" spellcheck=\"false\" target=\"_blank\" style=\"outline: none;\">Abholbereiche anzeigen<\/a><\/p>\n<h2>Bewertungen<\/h2>\n<p><strong>4.8\/ 5 &nbsp;<\/strong><strong>(620+ Bewertungen)<\/strong><\/p>\n<p dir=\"ltr\"><em>\u201e<\/em>Sehr gut informierter Reiseleiter, der alles \u00fcber unseren Tag gro\u00dfartig erkl\u00e4rt hat. Ein fantastischer Tag von Anfang bis Ende und ein tolles Preis-Leistungs-Verh\u00e4ltnis. Sehr zu empfehlen.<em>\u201c&nbsp;<\/em> \u2013 Carol, Juni 2025 &gt;&gt; <a href=\"https:\/\/www.getyourguide.com\/sharm-el-sheikh-l408\/sharm-el-sheikh-jeep-adventure-to-blue-hole-canyon-dahab-t596660\/?partner_id=NO9XIDE&amp;utm_medium=online_publisher&amp;cmp=ETIDeSharmJeepAdventureSP\" target=\"_blank\" rel=\"nofollow noopener\" style=\"outline: none;\" spellcheck=\"false\">Weitere Bewertungen<\/a><\/p>\n<h2>Einige Aktivit\u00e4ten, die Ihnen gefallen k\u00f6nnten<\/h2>\n<p><span># <\/span><strong><span>2<\/span><\/strong><span># <\/span><strong><span>2<\/span><\/strong><span><img decoding=\"async\" alt=\"\" data-id=\"9315\" width=\"159\" data-init-width=\"720\" height=\"103\" data-init-height=\"480\" title=\"Sharm El-Sheikh - Ultimatives ATV-Quad, Sternenbeobachtung und BBQ-Dinner\" loading=\"lazy\" src=\"https:\/\/egypt-tourist-information.com\/wp-content\/uploads\/Sharm-El-Sheikh-Ultimate-ATV-Quad-Stargazing-BBQ-Dinner-ota.avif\" data-width=\"159\" data-height=\"103\" style=\"aspect-ratio: auto 720 \/ 480;\"><\/span><\/p>\n<table>\n<tbody>\n<tr>\n<td>\n<table>\n<tbody>\n<tr>\n<td>\n<table>\n<tbody>\n<tr>\n<td><a href=\"https:\/\/www.getyourguide.com\/sharm-el-sheikh-l408\/sharm-el-sheikh-ultimate-atv-quad-stargazing-bbq-dinner-t437576\/?partner_id=NO9XIDE&amp;utm_medium=online_publisher&amp;cmp=ETIDeSharmJeepAdventureSP2\" target=\"_blank\" rel=\"nofollow noopener\" style=\"outline: none;\" data-lt-tmp-id=\"lt-119505\" spellcheck=\"false\">Sharm El Sheikh: Ultimatives ATV-Quad, Sternenbeobachtung &amp; BBQ-Dinner<\/a><\/td>\n<\/tr>\n<\/tbody>\n<\/table>\n<\/td>\n<\/tr>\n<\/tbody>\n<\/table>\n<\/td>\n<\/tr>\n<\/tbody>\n<\/table>\n<p>Begeben Sie sich von Sharm El-Sheikh aus auf ein ultimativesW\u00fcstenabenteuer und kombinieren Sie eine aufregende Fahrt mit einem ATV-Quad mit bezaubernder Sternenbeobachtung und einem k\u00f6stlichen BBQ-Abendessen unter dem Nachthimmel.<\/p>\n<h3 style=\"\">Gesamtpreis<\/h3>\n<h3 style=\"\">Ihr Konto wird noch nicht belastet.<\/h3>\n<p><span># <\/span><strong><span>2<\/span><\/strong><span># <\/span><strong><span>2<\/span><\/strong><span><img decoding=\"async\" alt=\"\" data-id=\"10945\" width=\"219\" data-init-width=\"2106\" height=\"135\" data-init-height=\"1300\" title=\"From Sharm- White Island and Ras Mohamed Snorkeling Trip ota\" loading=\"lazy\" src=\"https:\/\/egypt-tourist-information.com\/wp-content\/uploads\/From-Sharm-White-Island-and-Ras-Mohamed-Snorkeling-Trip-ota.webp\" data-width=\"219\" data-height=\"135\" style=\"aspect-ratio: auto 2106 \/ 1300;\"><\/span><\/p>\n<p><\/p>\n<table>\n<tbody>\n<tr>\n<td>\n<table>\n<tbody>\n<tr>\n<td><a href=\"https:\/\/www.getyourguide.com\/sharm-el-sheikh-l408\/from-sharm-white-island-and-ras-mohamed-snorkeling-trip-t556707\/?partner_id=NO9XIDE&amp;utm_medium=online_publisher&amp;cmp=ETIDeSharmJeepAdventureSP3\" target=\"_blank\" rel=\"nofollow noopener\" style=\"outline: none;\" data-lt-tmp-id=\"lt-95223\" spellcheck=\"false\">Ab Sharm: Schnorchelausflug zur White Island und nach Ras Mohamed<\/a><\/td>\n<\/tr>\n<\/tbody>\n<\/table>\n<\/td>\n<\/tr>\n<\/tbody>\n<\/table>\n<p>Tauchen Sie ein in ein unvergessliches Schnorchelabenteuer von Sharm El-Sheikh aus und entdecken Sie die unber\u00fchrte Sch\u00f6nheit von White Island und die lebendige Unterwasserwelt des Ras Mohamed Nationalparks.<\/p>\n<h3 style=\"\">Gesamtpreis<\/h3>\n<h3 style=\"\">Ihr Konto wird noch nicht belastet.<\/h3>\n<p><span># <\/span><strong><span>2<\/span><\/strong><span><img decoding=\"async\" alt=\"\" data-id=\"9320\" width=\"159\" data-init-width=\"2333\" height=\"133\" data-init-height=\"1556\" title=\"Sharm El-Sheikh \u2013 Stadt- und Einkaufstour mit Besuch des alten Marktes\" loading=\"lazy\" src=\"https:\/\/egypt-tourist-information.com\/wp-content\/uploads\/Sharm-El-Sheikh-City-Shopping-Tour-With-Old-Market-Visit-ota.avif\" data-width=\"159\" data-height=\"133\" style=\"aspect-ratio: auto 2333 \/ 1556;\"><\/span><\/p>\n<table>\n<tbody>\n<tr>\n<td>\n<table>\n<tbody>\n<tr>\n<td><a href=\"https:\/\/www.getyourguide.com\/sharm-el-sheikh-l408\/sharm-el-sheikh-city-shopping-tour-with-old-market-visit-t844930\/?partner_id=NO9XIDE&amp;utm_medium=online_publisher&amp;cmp=ETIDeSharmJeepAdventureSP4\" rel=\"nofollow noopener\" spellcheck=\"false\" target=\"_blank\" style=\"outline: none;\">Sharm El Sheikh: Stadt- und Shoppingtour mit Besuch des alten Marktes<\/a><\/td>\n<\/tr>\n<\/tbody>\n<\/table>\n<\/td>\n<\/tr>\n<\/tbody>\n<\/table>\n<p>G\u00f6nnen Sie sich einen Tag voller Luxus auf einer&nbsp;<strong>Kreuzfahrt von Hurghada nach Orange Bay,<\/strong>&nbsp;wo&nbsp;<strong>kristallklares Wasser<\/strong> und wei\u00dfer Sand auf Sie warten, inklusive eines k\u00f6stlichen Mittagessens an Bord.<\/p>\n<h3 style=\"\">Gesamtpreis<\/h3>\n<h3 style=\"\">Ihr Konto wird noch nicht belastet.<\/h3>\n<p><\/p>\n<h2><a href=\"https:\/\/www.getyourguide.com\/sharm-el-sheikh-l408\/sharm-el-sheikh-jeep-adventure-to-blue-hole-canyon-dahab-t596660\/?partner_id=NO9XIDE&amp;utm_medium=online_publisher&amp;cmp=ETIDeSharmJeepAdventureSP\" target=\"_blank\" rel=\"nofollow noopener\" style=\"outline: none;\" spellcheck=\"false\">Zur Buchung<\/a><span style=\"font-weight: normal;\"><\/span><\/h2>\n<p><strong style=\"outline: currentcolor;\"><a href=\"https:\/\/www.getyourguide.com\/sharm-el-sheikh-l408\/sharm-el-sheikh-jeep-adventure-to-blue-hole-canyon-dahab-t596660\/?partner_id=NO9XIDE&amp;utm_medium=online_publisher&amp;cmp=ETIDeSharmJeepAdventureSP\" target=\"_blank\" rel=\"nofollow noopener\" spellcheck=\"false\" style=\"outline: none;\"><span style=\"font-weight: normal;\">Ab<\/span>&nbsp;23 \u20ac<\/a><\/strong><\/p>\n<p style=\"\">Ihr Konto wird noch nicht belastet.<\/p>\n","protected":false},"excerpt":{"rendered":"<p>Sharm El-Sheikh: Jeep-Abenteuer zum Blue Hole, Canyon &amp; Dahab Zur Buchung Ab&nbsp;23 \u20ac Tauchen Sie ein in die sch\u00f6nsten Naturwunder des Sinai bei diesem ganzt\u00e4gigen Abenteuer ab Sharm El Sheikh mit Jeep Safari! Fahren Sie mit dem Jeep durch den Coloured Canyon, schnorcheln Sie im Blue Hole, erkunden Sie Dahab und beenden Sie den Tag [&hellip;]<\/p>\n","protected":false},"author":6,"featured_media":10952,"parent":0,"menu_order":0,"comment_status":"closed","ping_status":"closed","template":"","meta":{"_acf_changed":false,"footnotes":"","tve_updated_post":"","tve_custom_css":"","tve_user_custom_css":"","tve_globals":{},"tcb2_ready":1,"tcb_editor_enabled":1,"tve_landing_page":"bd86f3fc67210fed5b2794ad4a56d3a9","_tve_header":"10865","_tve_footer":"10866"},"categories":[117],"tags":[121,126,129],"class_list":["post-11549","page","type-page","status-publish","has-post-thumbnail","hentry","category-scharm-el-scheich","tag-erfahrungen","tag-scharm-el-scheich","tag-verkaufsseite","post-wrapper","thrv_wrapper"],"acf":[],"_links":{"self":[{"href":"https:\/\/egypt-tourist-information.com\/de\/wp-json\/wp\/v2\/pages\/11549","targetHints":{"allow":["GET"]}}],"collection":[{"href":"https:\/\/egypt-tourist-information.com\/de\/wp-json\/wp\/v2\/pages"}],"about":[{"href":"https:\/\/egypt-tourist-information.com\/de\/wp-json\/wp\/v2\/types\/page"}],"author":[{"embeddable":true,"href":"https:\/\/egypt-tourist-information.com\/de\/wp-json\/wp\/v2\/users\/6"}],"replies":[{"embeddable":true,"href":"https:\/\/egypt-tourist-information.com\/de\/wp-json\/wp\/v2\/comments?post=11549"}],"version-history":[{"count":14,"href":"https:\/\/egypt-tourist-information.com\/de\/wp-json\/wp\/v2\/pages\/11549\/revisions"}],"predecessor-version":[{"id":13724,"href":"https:\/\/egypt-tourist-information.com\/de\/wp-json\/wp\/v2\/pages\/11549\/revisions\/13724"}],"wp:featuredmedia":[{"embeddable":true,"href":"https:\/\/egypt-tourist-information.com\/de\/wp-json\/wp\/v2\/media\/10952"}],"wp:attachment":[{"href":"https:\/\/egypt-tourist-information.com\/de\/wp-json\/wp\/v2\/media?parent=11549"}],"wp:term":[{"taxonomy":"category","embeddable":true,"href":"https:\/\/egypt-tourist-information.com\/de\/wp-json\/wp\/v2\/categories?post=11549"},{"taxonomy":"post_tag","embeddable":true,"href":"https:\/\/egypt-tourist-information.com\/de\/wp-json\/wp\/v2\/tags?post=11549"}],"curies":[{"name":"wp","href":"https:\/\/api.w.org\/{rel}","templated":true}]}}