{"id":11552,"date":"2025-06-25T13:39:31","date_gmt":"2025-06-25T13:39:31","guid":{"rendered":"https:\/\/egypt-tourist-information.com\/sharm-el-sheikh-quad-bike-stargazing-tour"},"modified":"2026-04-24T10:04:47","modified_gmt":"2026-04-24T10:04:47","slug":"sharm-el-sheikh-quad-tour","status":"publish","type":"page","link":"https:\/\/egypt-tourist-information.com\/de\/sharm-el-sheikh-quad-tour","title":{"rendered":"Sharm El-Sheikh Quad-Tour: W\u00fcstenfahrt, Sternbeobachtung &amp; BBQ-Dinner"},"content":{"rendered":"<p><span><img decoding=\"async\" alt=\"\" data-id=\"9346\" width=\"\" height=\"undefined\" title=\"Sharm El-Sheikh - Ultimatives ATV-Quad, Sternenbeobachtung und BBQ-Dinner ota2\" src=\"https:\/\/egypt-tourist-information.com\/wp-content\/uploads\/Sharm-El-Sheikh-Ultimate-ATV-Quad-Stargazing-BBQ-Dinner-ota2.avif\" data-src=\"https:\/\/egypt-tourist-information.com\/wp-content\/uploads\/Sharm-El-Sheikh-Ultimate-ATV-Quad-Stargazing-BBQ-Dinner-ota2.avif\" loading=\"lazy\" data-sizes=\"{&quot;full&quot;:{&quot;url&quot;:&quot;https:\/\/egypt-tourist-information.com\/wp-content\/uploads\/Sharm-El-Sheikh-Ultimate-ATV-Quad-Stargazing-BBQ-Dinner-ota2.avif&quot;}}\"><\/span><span><img decoding=\"async\" alt=\"\" data-id=\"9345\" width=\"\" height=\"undefined\" title=\"Sharm El-Sheikh - Ultimatives ATV-Quad, Sternenbeobachtung und BBQ-Dinner ota3\" src=\"https:\/\/egypt-tourist-information.com\/wp-content\/uploads\/Sharm-El-Sheikh-Ultimate-ATV-Quad-Stargazing-BBQ-Dinner-ota3.avif\" data-src=\"https:\/\/egypt-tourist-information.com\/wp-content\/uploads\/Sharm-El-Sheikh-Ultimate-ATV-Quad-Stargazing-BBQ-Dinner-ota3.avif\" loading=\"lazy\" data-sizes=\"{&quot;full&quot;:{&quot;url&quot;:&quot;https:\/\/egypt-tourist-information.com\/wp-content\/uploads\/Sharm-El-Sheikh-Ultimate-ATV-Quad-Stargazing-BBQ-Dinner-ota3.avif&quot;}}\"><\/span><span><img decoding=\"async\" alt=\"\" data-id=\"9344\" width=\"\" height=\"undefined\" title=\"Sharm El-Sheikh - Ultimatives ATV-Quad, Sternenbeobachtung und BBQ-Dinner ota4\" src=\"https:\/\/egypt-tourist-information.com\/wp-content\/uploads\/Sharm-El-Sheikh-Ultimate-ATV-Quad-Stargazing-BBQ-Dinner-ota4.avif\" data-src=\"https:\/\/egypt-tourist-information.com\/wp-content\/uploads\/Sharm-El-Sheikh-Ultimate-ATV-Quad-Stargazing-BBQ-Dinner-ota4.avif\" loading=\"lazy\" data-sizes=\"{&quot;full&quot;:{&quot;url&quot;:&quot;https:\/\/egypt-tourist-information.com\/wp-content\/uploads\/Sharm-El-Sheikh-Ultimate-ATV-Quad-Stargazing-BBQ-Dinner-ota4.avif&quot;}}\"><\/span><span><img decoding=\"async\" alt=\"\" data-id=\"9343\" width=\"\" height=\"undefined\" title=\"Sharm El-Sheikh - Ultimatives ATV-Quad, Sternenbeobachtung und BBQ-Dinner ota5\" src=\"https:\/\/egypt-tourist-information.com\/wp-content\/uploads\/Sharm-El-Sheikh-Ultimate-ATV-Quad-Stargazing-BBQ-Dinner-ota5.avif\" data-src=\"https:\/\/egypt-tourist-information.com\/wp-content\/uploads\/Sharm-El-Sheikh-Ultimate-ATV-Quad-Stargazing-BBQ-Dinner-ota5.avif\" loading=\"lazy\" data-sizes=\"{&quot;full&quot;:{&quot;url&quot;:&quot;https:\/\/egypt-tourist-information.com\/wp-content\/uploads\/Sharm-El-Sheikh-Ultimate-ATV-Quad-Stargazing-BBQ-Dinner-ota5.avif&quot;}}\"><\/span><span><img decoding=\"async\" alt=\"\" data-id=\"9342\" width=\"\" height=\"undefined\" title=\"Sharm El-Sheikh - Ultimatives ATV-Quad, Sternenbeobachtung und BBQ-Dinner ota6\" src=\"https:\/\/egypt-tourist-information.com\/wp-content\/uploads\/Sharm-El-Sheikh-Ultimate-ATV-Quad-Stargazing-BBQ-Dinner-ota6.avif\" data-src=\"https:\/\/egypt-tourist-information.com\/wp-content\/uploads\/Sharm-El-Sheikh-Ultimate-ATV-Quad-Stargazing-BBQ-Dinner-ota6.avif\" loading=\"lazy\" data-sizes=\"{&quot;full&quot;:{&quot;url&quot;:&quot;https:\/\/egypt-tourist-information.com\/wp-content\/uploads\/Sharm-El-Sheikh-Ultimate-ATV-Quad-Stargazing-BBQ-Dinner-ota6.avif&quot;}}\"><\/span><span><img decoding=\"async\" alt=\"\" data-id=\"9315\" width=\"\" height=\"undefined\" title=\"Sharm El-Sheikh - Ultimatives ATV-Quad, Sternenbeobachtung und BBQ-Dinner\" src=\"https:\/\/egypt-tourist-information.com\/wp-content\/uploads\/Sharm-El-Sheikh-Ultimate-ATV-Quad-Stargazing-BBQ-Dinner-ota.avif\" data-src=\"https:\/\/egypt-tourist-information.com\/wp-content\/uploads\/Sharm-El-Sheikh-Ultimate-ATV-Quad-Stargazing-BBQ-Dinner-ota.avif\" loading=\"lazy\" data-sizes=\"{&quot;full&quot;:{&quot;url&quot;:&quot;https:\/\/egypt-tourist-information.com\/wp-content\/uploads\/Sharm-El-Sheikh-Ultimate-ATV-Quad-Stargazing-BBQ-Dinner-ota.avif&quot;}}\"><\/span><\/p>\n<h1 data-v-d2d367d0=\"\"><span data-v-d2d367d0=\"\">Sharm El-Sheikh: Ultimatives ATV Quad, Sternenbeobachtung &amp; BBQ Dinner<\/span><\/h1>\n<h2><a href=\"https:\/\/www.getyourguide.com\/sharm-el-sheikh-l408\/sharm-el-sheikh-ultimate-atv-quad-stargazing-bbq-dinner-t437576\/?partner_id=NO9XIDE&amp;utm_medium=online_publisher&amp;cmp=ETIDeSharmStargazingTourSP\" target=\"_blank\" rel=\"nofollow noopener\" style=\"outline: none;\">Zur Buchung<\/a><\/h2>\n<h1><a href=\"https:\/\/www.getyourguide.com\/sharm-el-sheikh-l408\/sharm-el-sheikh-ultimate-atv-quad-stargazing-bbq-dinner-t437576\/?partner_id=NO9XIDE&amp;utm_medium=online_publisher&amp;cmp=ETIDeSharmStargazingTourSP\" target=\"_blank\" rel=\"nofollow noopener\" style=\"outline: none;\" spellcheck=\"false\">Ab 23 \u20ac<\/a><strong><\/strong><\/h1>\n<p dir=\"ltr\">Erleben Sie das <strong>ultimative W\u00fcstenabenteuer in Sharm El-Sheikh bei einer Quad-Tour!<\/strong> Fahren Sie mit einem ATV-Quad, sehen Sie sich eine Beduinenshow an, genie\u00dfen Sie ein BBQ-Abendessen und bestaunen Sie den Nachthimmel durch ein Teleskop.&nbsp;<\/p>\n<ul>\n<li style=\"\"><span>Handverlesenes Ticket&nbsp;<\/span><\/li>\n<li style=\"\"><span>Jetzt reservieren &amp; sp\u00e4ter bezahlen<\/span><\/li>\n<li style=\"\"><span>Dauer: 6 Stunden<\/span><\/li>\n<li style=\"\"><span>Kostenlose Stornierung<\/span><\/li>\n<\/ul>\n<h2>Inbegriffen<\/h2>\n<ul>\n<li style=\"\">                    <span>Abholung und R\u00fccktransport vom Hotel im klimatisierten Fahrzeug<\/span><\/li>\n<li style=\"\">                    <span>ATV-Quad- oder Dune-Buggy-Fahrt (je nach gew\u00e4hlter Option)<\/span><\/li>\n<li style=\"\">                    <span>Kamelritt<\/span><\/li>\n<li style=\"\">                    <span>Beduinentee, Verkostung von frischem Brot<\/span><\/li>\n<li style=\"\">                    <span>Professioneller Guide und Astronom<\/span><\/li>\n<li style=\"\">                    <span>Traditionelles BBQ-Beduinen-Abendessen (offenes Buffet)<\/span><\/li>\n<li style=\"\">                    <span>Wasser und Erfrischungsgetr\u00e4nk zum Abendessen<\/span><\/li>\n<li style=\"\">                    <span>Live-Oriental-Shows<\/span><\/li>\n<li style=\"\">                    <span>Sternenbeobachtungserlebnis<\/span><\/li>\n<li style=\"\">                    <span>Quad Runner, Abenteuer in der einzigartigen W\u00fcste des Sinai (falls Option ausgew\u00e4hlt)<\/span><\/li>\n<li style=\"\">                    <span>VIP-BBQ-Dinner <strong>(falls Option ausgew\u00e4hlt)<\/strong><\/span><\/li>\n<li style=\"\">                    <span>Private Track Drive <strong>(falls Add-on ausgew\u00e4hlt)<\/strong><\/span><\/li>\n<li style=\"\">                    <span>Privater Transfer <strong>(falls Add-on ausgew\u00e4hlt)<\/strong><\/span><\/li>\n<li style=\"\">                    <span>Kulturelle \u00e4gyptische Schals <strong>(falls Add-on ausgew\u00e4hlt)<\/strong><\/span><\/li>\n<\/ul>\n<h2>Nicht inbegriffen<\/h2>\n<ul>\n<li style=\"\"><span>Wasserpfeife (Shisha)<\/span><\/li>\n<li style=\"\"><span>Schal (Arafat) und Schutzbrille<\/span><\/li>\n<li style=\"\"><span>Trinkgelder und pers\u00f6nliche Ausgaben<\/span><\/li>\n<\/ul>\n<h2>Wichtige Informationen<\/h2>\n<ul>\n<li style=\"\"><span>Nicht geeignet f\u00fcr Schwangere oder Personen mit R\u00fcckenproblemen<\/span><\/li>\n<li><span>Gewichtsbeschr\u00e4nkung f\u00fcr Doppelvierer: 75 kg (165 lb) pro Fahrer, max. 150 kg (330 lb)<\/span><\/li>\n<li><span>Fahrer \u00fcber 75 kg m\u00fcssen f\u00fcr 10 \u20ac Aufpreis auf ein Einzelquad umsteigen<\/span><\/li>\n<li><span>Tragen Sie bequeme Schuhe und Kleidung; bringen Sie eine Kamera mit<\/span><\/li>\n<li><span>Die Abholzeit h\u00e4ngt von der Lage Ihres Hotels ab. Best\u00e4tigen Sie die Abholzeit mindestens einen Tag vor der Tour<\/span><\/li>\n<li><span>Eine leichte Abholverz\u00f6gerung (bis zu 10 Minuten) ist m\u00f6glich<\/span><\/li>\n<\/ul>\n<h2>Beschreibung:<\/h2>\n<p dir=\"ltr\">Starten Sie von Ihrem Hotel in Sharm El-Sheikh zu einer&nbsp;<strong>6-st\u00fcndigen W\u00fcstensafari.<\/strong> Beginnen Sie mit einer <strong>Quad-Tour durch die surreale Landschaft des Sinai <\/strong>und halten Sie f\u00fcr Panoramablicke und Beduinentee.<\/p>\n<p dir=\"ltr\">Weiter geht es zum W\u00fcstencamp, wo Sie<strong>&nbsp;<\/strong><strong>Kamelritte,<\/strong> Sonnenunterg\u00e4nge und ein <strong>authentisches Beduinen-BBQ unter dem Sternenhimmel genie\u00dfen k\u00f6nnen.<\/strong> Genie\u00dfen Sie <strong>Live-Tanzshows,<\/strong> probieren Sie Beduinenbrot und beenden Sie den Abend mit einer magischen <strong>Sternenbeobachtung<\/strong> durch ein Teleskop unter fachkundiger Anleitung. Eine perfekte Mischung aus Nervenkitzel, Kultur und kosmischen Wundern erwartet Sie!<\/p>\n<h2>Highlights:<\/h2>\n<p ltr\"\"=\"\">\n<ul>\n<li dir=\"ltr\">Rasen Sie mit einem ATV oder Buggy \u00fcber 45 km der <strong>Sinai-W\u00fcstenpfade<\/strong><\/li>\n<li dir=\"ltr\">Beobachten Sie, wie die Berge in einer <strong>surrealen Naturkulisse Ihre Stimme widerhallen lassen<\/strong><\/li>\n<li dir=\"ltr\">Probieren Sie frisch gebackenes <strong>Beduinenbrot<\/strong> und trinken Sie traditionellen Tee<\/li>\n<li dir=\"ltr\">Erleben Sie <strong>feurige Darbietungen<\/strong> und Volkst\u00e4nze unter einem W\u00fcstenhimmel<\/li>\n<li dir=\"ltr\"><strong>Beobachten Sie Sterne<\/strong> und Planeten durch ein Teleskop unter fachkundiger Anleitung<\/li>\n<\/ul>\n<h2>Stornierungsbedingungen<\/h2>\n<p dir=\"ltr\">Kostenlose Stornierung bis 24 Stunden vor Tourbeginn mit voller R\u00fcckerstattung m\u00f6glich.<\/p>\n<h2>Treffpunkt &amp; Wegbeschreibung<\/h2>\n<p dir=\"ltr\">Die Abholung von allen Hotels in Scharm El-Scheich ist im Preis inbegriffen. Bitte finden Sie sich 10\u201315 Minuten vor der best\u00e4tigten Abholzeit in der Lobby Ihres Hotels ein. Falls Ihr Hotel keine Lobby hat, warten Sie bitte am Haupteingang. Die Abholzeit wird am Vortag best\u00e4tigt.<\/p>\n<p><a href=\"https:\/\/www.getyourguide.com\/sharm-el-sheikh-l408\/sharm-el-sheikh-ultimate-atv-quad-stargazing-bbq-dinner-t437576\/?partner_id=NO9XIDE&amp;utm_medium=online_publisher&amp;cmp=ETIDeSharmStargazingTourSP\" rel=\"nofollow noopener\" spellcheck=\"false\" target=\"_blank\" style=\"outline: none;\">Abholbereiche anzeigen<\/a><\/p>\n<h2>Bewertungen<\/h2>\n<p><strong>4.8\/ 5 &nbsp;<\/strong><strong>(620+ Bewertungen)<\/strong><\/p>\n<p dir=\"ltr\"><em>\u201eAlle Guides waren hilfsbereit und freundlich und haben uns bei jedem Schritt geholfen. Das Paket beinhaltete viele Aktivit\u00e4ten, und es kam zu keinem Zeitpunkt lange auf. Kann ich jedem empfehlen, der Sharm ash-Shaykh besucht!\u201c<\/em> \u2013 Isa, Juni 2025 &gt;&gt; <a href=\"https:\/\/www.getyourguide.com\/sharm-el-sheikh-l408\/sharm-el-sheikh-ultimate-atv-quad-stargazing-bbq-dinner-t437576\/?partner_id=NO9XIDE&amp;utm_medium=online_publisher&amp;cmp=ETIDeSharmStargazingTourSP\" target=\"_blank\" rel=\"nofollow noopener\" style=\"outline: none;\" spellcheck=\"false\">Weitere Bewertungen<\/a><em>&nbsp;<\/em><\/p>\n<h2>Einige Aktivit\u00e4ten, die Ihnen gefallen k\u00f6nnten<\/h2>\n<p><span># <\/span><strong><span>2<\/span><\/strong><span># <\/span><strong><span>2<\/span><\/strong><span><img decoding=\"async\" alt=\"Jeep-Safari von Sharm El-Sheikh zum Blue Hole, zum Canyon und nach Dahab\" data-id=\"9327\" width=\"159\" data-init-width=\"720\" height=\"109\" data-init-height=\"480\" title=\"Sharm El-Sheikh - Jeep-Abenteuer zum Blue Hole, Canyon und Dahab ota\" loading=\"lazy\" src=\"https:\/\/egypt-tourist-information.com\/wp-content\/uploads\/Sharm-El-Sheikh-Jeep-Adventure-to-Blue-Hole-Canyon-Dahab-ota.avif\" data-width=\"159\" data-height=\"109\" style=\"aspect-ratio: auto 720 \/ 480;\"><\/span><\/p>\n<table>\n<tbody>\n<tr>\n<td>\n<table>\n<tbody>\n<tr>\n<td>\n<table>\n<tbody>\n<tr>\n<td><a href=\"https:\/\/www.getyourguide.com\/sharm-el-sheikh-l408\/sharm-el-sheikh-jeep-adventure-to-blue-hole-canyon-dahab-t596660\/?partner_id=NO9XIDE&amp;utm_medium=online_publisher&amp;cmp=ETIDeSharmStargazingTourSP2\" target=\"_blank\" rel=\"nofollow noopener\" style=\"outline: none;\" data-lt-tmp-id=\"lt-578125\" spellcheck=\"false\">Sharm El-Sheikh: Jeep-Abenteuer zum Blue Hole, Canyon und Dahab<\/a><\/td>\n<\/tr>\n<\/tbody>\n<\/table>\n<\/td>\n<\/tr>\n<\/tbody>\n<\/table>\n<\/td>\n<\/tr>\n<\/tbody>\n<\/table>\n<p>Begeben Sie sich von Sharm El-Sheikh aus auf ein ultimatives W\u00fcstenabenteuer und kombinieren Sie eine aufregende Fahrt mit einem ATV-Quad mit bezaubernder Sternenbeobachtung und einem k\u00f6stlichen BBQ-Abendessen unter dem Nachthimmel.<\/p>\n<h3 style=\"\">Gesamtpreis<\/h3>\n<h3 style=\"\">Ihr Konto wird noch nicht belastet.<\/h3>\n<p><span># <\/span><strong><span>2<\/span><\/strong><span># <\/span><strong><span>2<\/span><\/strong><span><img decoding=\"async\" alt=\"\" data-id=\"9318\" width=\"159\" data-init-width=\"2106\" height=\"98\" data-init-height=\"1300\" title=\"Von Sharm - White Island und Ras Mohamed Schnorchelausflug ota\" loading=\"lazy\" src=\"https:\/\/egypt-tourist-information.com\/wp-content\/uploads\/From-Sharm-White-Island-and-Ras-Mohamed-Snorkeling-Trip-ota.webp\" data-width=\"159\" data-height=\"98\" style=\"aspect-ratio: auto 2106 \/ 1300;\"><\/span><\/p>\n<table>\n<tbody>\n<tr>\n<td>\n<table>\n<tbody>\n<tr>\n<td><a href=\"https:\/\/www.getyourguide.com\/sharm-el-sheikh-l408\/from-sharm-white-island-and-ras-mohamed-snorkeling-trip-t556707\/?partner_id=NO9XIDE&amp;utm_medium=online_publisher&amp;cmp=ETIDeSharmStargazingTourSP3\" target=\"_blank\" rel=\"nofollow noopener\" style=\"outline: none;\" data-lt-tmp-id=\"lt-507502\" spellcheck=\"false\">Von Sharm aus: White Island und Ras Mohamed Schnorchelausflug<\/a><\/td>\n<\/tr>\n<\/tbody>\n<\/table>\n<\/td>\n<\/tr>\n<\/tbody>\n<\/table>\n<p>Tauchen Sie ein in ein unvergessliches Schnorchelabenteuer von Sharm El-Sheikh aus und entdecken Sie die unber\u00fchrte Sch\u00f6nheit von White Island und die lebendige Unterwasserwelt des Ras Mohamed Nationalparks.<\/p>\n<h3 style=\"\">Gesamtpreis<\/h3>\n<h3 style=\"\">Ihr Konto wird noch nicht belastet.<\/h3>\n<p><span># <\/span><strong><span>2<\/span><\/strong><span><img decoding=\"async\" alt=\"\" data-id=\"9320\" width=\"159\" data-init-width=\"2333\" height=\"133\" data-init-height=\"1556\" title=\"Sharm El-Sheikh \u2013 Stadt- und Einkaufstour mit Besuch des alten Marktes\" loading=\"lazy\" src=\"https:\/\/egypt-tourist-information.com\/wp-content\/uploads\/Sharm-El-Sheikh-City-Shopping-Tour-With-Old-Market-Visit-ota.avif\" data-width=\"159\" data-height=\"133\" style=\"aspect-ratio: auto 2333 \/ 1556;\"><\/span><\/p>\n<table>\n<tbody>\n<tr>\n<td>\n<table>\n<tbody>\n<tr>\n<td><a href=\"https:\/\/www.getyourguide.com\/sharm-el-sheikh-l408\/sharm-el-sheikh-city-shopping-tour-with-old-market-visit-t844930\/?partner_id=NO9XIDE&amp;utm_medium=online_publisher&amp;cmp=ETIDeSharmStargazingTourSP4\" rel=\"nofollow noopener\" spellcheck=\"false\" target=\"_blank\" style=\"outline: none;\">Sharm El-Sheikh: Stadtf\u00fchrung mit optionalem Fischgericht<\/a><\/td>\n<\/tr>\n<\/tbody>\n<\/table>\n<\/td>\n<\/tr>\n<\/tbody>\n<\/table>\n<p>G\u00f6nnen Sie sich einen Tag voller Luxus auf einer&nbsp;<strong>Kreuzfahrt von Hurghada nach Orange Bay,&nbsp;<\/strong>wo&nbsp;<strong>kristallklares Wasser<\/strong> und wei\u00dfer Sand auf Sie warten, inklusive eines k\u00f6stlichen Mittagessens an Bord.<\/p>\n<h3 style=\"\">Gesamtpreis<\/h3>\n<h3 style=\"\">Ihr Konto wird noch nicht belastet.<\/h3>\n<p><\/p>\n<h2><a href=\"https:\/\/www.getyourguide.com\/sharm-el-sheikh-l408\/sharm-el-sheikh-ultimate-atv-quad-stargazing-bbq-dinner-t437576\/?partner_id=NO9XIDE&amp;utm_medium=online_publisher&amp;cmp=ETIDeSharmStargazingTourSP\" target=\"_blank\" rel=\"nofollow noopener\" style=\"outline: none;\" spellcheck=\"false\">Zur Buchung<\/a><span style=\"font-weight: normal;\"><\/span><\/h2>\n<p><strong style=\"outline: currentcolor;\"><a href=\"https:\/\/www.getyourguide.com\/sharm-el-sheikh-l408\/sharm-el-sheikh-ultimate-atv-quad-stargazing-bbq-dinner-t437576\/?partner_id=NO9XIDE&amp;utm_medium=online_publisher&amp;cmp=ETIDeSharmStargazingTourSP\" target=\"_blank\" rel=\"nofollow noopener\" spellcheck=\"false\" style=\"outline: none;\">Ab 23 \u20ac<\/a><\/strong><\/p>\n<p style=\"\">Ihr Konto wird noch nicht belastet.<\/p>\n","protected":false},"excerpt":{"rendered":"<p>Sharm El-Sheikh: Ultimatives ATV Quad, Sternenbeobachtung &amp; BBQ Dinner Zur Buchung Ab 23 \u20ac Erleben Sie das ultimative W\u00fcstenabenteuer in Sharm El-Sheikh bei einer Quad-Tour! Fahren Sie mit einem ATV-Quad, sehen Sie sich eine Beduinenshow an, genie\u00dfen Sie ein BBQ-Abendessen und bestaunen Sie den Nachthimmel durch ein Teleskop.&nbsp; Handverlesenes Ticket&nbsp; Jetzt reservieren &amp; sp\u00e4ter bezahlen [&hellip;]<\/p>\n","protected":false},"author":6,"featured_media":10944,"parent":0,"menu_order":0,"comment_status":"closed","ping_status":"closed","template":"","meta":{"_acf_changed":false,"footnotes":"","tve_updated_post":"","tve_custom_css":"","tve_user_custom_css":"","tve_globals":{},"tcb2_ready":1,"tcb_editor_enabled":1,"tve_landing_page":"bd86f3fc67210fed5b2794ad4a56d3a9","_tve_header":"10865","_tve_footer":"10866"},"categories":[117,78],"tags":[121,126,129],"class_list":["post-11552","page","type-page","status-publish","has-post-thumbnail","hentry","category-scharm-el-scheich","category-sharm-el-sheikh","tag-erfahrungen","tag-scharm-el-scheich","tag-verkaufsseite","post-wrapper","thrv_wrapper"],"acf":[],"_links":{"self":[{"href":"https:\/\/egypt-tourist-information.com\/de\/wp-json\/wp\/v2\/pages\/11552","targetHints":{"allow":["GET"]}}],"collection":[{"href":"https:\/\/egypt-tourist-information.com\/de\/wp-json\/wp\/v2\/pages"}],"about":[{"href":"https:\/\/egypt-tourist-information.com\/de\/wp-json\/wp\/v2\/types\/page"}],"author":[{"embeddable":true,"href":"https:\/\/egypt-tourist-information.com\/de\/wp-json\/wp\/v2\/users\/6"}],"replies":[{"embeddable":true,"href":"https:\/\/egypt-tourist-information.com\/de\/wp-json\/wp\/v2\/comments?post=11552"}],"version-history":[{"count":14,"href":"https:\/\/egypt-tourist-information.com\/de\/wp-json\/wp\/v2\/pages\/11552\/revisions"}],"predecessor-version":[{"id":13728,"href":"https:\/\/egypt-tourist-information.com\/de\/wp-json\/wp\/v2\/pages\/11552\/revisions\/13728"}],"wp:featuredmedia":[{"embeddable":true,"href":"https:\/\/egypt-tourist-information.com\/de\/wp-json\/wp\/v2\/media\/10944"}],"wp:attachment":[{"href":"https:\/\/egypt-tourist-information.com\/de\/wp-json\/wp\/v2\/media?parent=11552"}],"wp:term":[{"taxonomy":"category","embeddable":true,"href":"https:\/\/egypt-tourist-information.com\/de\/wp-json\/wp\/v2\/categories?post=11552"},{"taxonomy":"post_tag","embeddable":true,"href":"https:\/\/egypt-tourist-information.com\/de\/wp-json\/wp\/v2\/tags?post=11552"}],"curies":[{"name":"wp","href":"https:\/\/api.w.org\/{rel}","templated":true}]}}