{"id":11555,"date":"2025-06-20T14:25:48","date_gmt":"2025-06-20T14:25:48","guid":{"rendered":"https:\/\/egypt-tourist-information.com\/tickets-to-temple-of-hatshepsut"},"modified":"2026-04-30T14:20:34","modified_gmt":"2026-04-30T14:20:34","slug":"tickets-fur-totentempel-der-hatschepsut","status":"publish","type":"page","link":"https:\/\/egypt-tourist-information.com\/de\/tickets-fur-totentempel-der-hatschepsut","title":{"rendered":"Tickets f\u00fcr den Totentempel der Hatschepsut: Schnelleinlass"},"content":{"rendered":"<p><span><img decoding=\"async\" alt=\"\" data-id=\"9032\" width=\"1388\" height=\"862\" title=\"Tempel der Hatschepsut: Tickets ohne Anstehen ota\" src=\"https:\/\/egypt-tourist-information.com\/wp-content\/uploads\/Temple-of-Hatshepsut-Skip-the-Line-Tickets-ota-1024x636.png\" data-src=\"https:\/\/egypt-tourist-information.com\/wp-content\/uploads\/Temple-of-Hatshepsut-Skip-the-Line-Tickets-ota-300x186.png\" loading=\"lazy\" data-sizes=\"{&quot;thumbnail&quot;:{&quot;url&quot;:&quot;https:\/\/egypt-tourist-information.com\/wp-content\/uploads\/Temple-of-Hatshepsut-Skip-the-Line-Tickets-ota-150x150.png&quot;,&quot;height&quot;:150,&quot;width&quot;:150,&quot;orientation&quot;:&quot;landscape&quot;},&quot;medium&quot;:{&quot;url&quot;:&quot;https:\/\/egypt-tourist-information.com\/wp-content\/uploads\/Temple-of-Hatshepsut-Skip-the-Line-Tickets-ota-300x186.png&quot;,&quot;height&quot;:186,&quot;width&quot;:300,&quot;orientation&quot;:&quot;landscape&quot;},&quot;large&quot;:{&quot;url&quot;:&quot;https:\/\/egypt-tourist-information.com\/wp-content\/uploads\/Temple-of-Hatshepsut-Skip-the-Line-Tickets-ota-1024x636.png&quot;,&quot;height&quot;:636,&quot;width&quot;:1024,&quot;orientation&quot;:&quot;landscape&quot;},&quot;full&quot;:{&quot;url&quot;:&quot;https:\/\/egypt-tourist-information.com\/wp-content\/uploads\/Temple-of-Hatshepsut-Skip-the-Line-Tickets-ota.png&quot;,&quot;height&quot;:862,&quot;width&quot;:1388,&quot;orientation&quot;:&quot;landscape&quot;}}\"><\/span><span><img decoding=\"async\" alt=\"\" data-id=\"9033\" width=\"1324\" height=\"924\" title=\"Tempel der Hatschepsut: Tickets ohne Anstehen ota2\" src=\"https:\/\/egypt-tourist-information.com\/wp-content\/uploads\/Temple-of-Hatshepsut-Skip-the-Line-Tickets-ota2-1024x715.png\" data-src=\"https:\/\/egypt-tourist-information.com\/wp-content\/uploads\/Temple-of-Hatshepsut-Skip-the-Line-Tickets-ota2-300x209.png\" loading=\"lazy\" data-sizes=\"{&quot;thumbnail&quot;:{&quot;url&quot;:&quot;https:\/\/egypt-tourist-information.com\/wp-content\/uploads\/Temple-of-Hatshepsut-Skip-the-Line-Tickets-ota2-150x150.png&quot;,&quot;height&quot;:150,&quot;width&quot;:150,&quot;orientation&quot;:&quot;landscape&quot;},&quot;medium&quot;:{&quot;url&quot;:&quot;https:\/\/egypt-tourist-information.com\/wp-content\/uploads\/Temple-of-Hatshepsut-Skip-the-Line-Tickets-ota2-300x209.png&quot;,&quot;height&quot;:209,&quot;width&quot;:300,&quot;orientation&quot;:&quot;landscape&quot;},&quot;large&quot;:{&quot;url&quot;:&quot;https:\/\/egypt-tourist-information.com\/wp-content\/uploads\/Temple-of-Hatshepsut-Skip-the-Line-Tickets-ota2-1024x715.png&quot;,&quot;height&quot;:715,&quot;width&quot;:1024,&quot;orientation&quot;:&quot;landscape&quot;},&quot;full&quot;:{&quot;url&quot;:&quot;https:\/\/egypt-tourist-information.com\/wp-content\/uploads\/Temple-of-Hatshepsut-Skip-the-Line-Tickets-ota2.png&quot;,&quot;height&quot;:924,&quot;width&quot;:1324,&quot;orientation&quot;:&quot;landscape&quot;}}\"><\/span><span><img decoding=\"async\" alt=\"\" data-id=\"9034\" width=\"1356\" height=\"946\" title=\"Tempel der Hatschepsut: Tickets ohne Anstehen ota3\" src=\"https:\/\/egypt-tourist-information.com\/wp-content\/uploads\/Temple-of-Hatshepsut-Skip-the-Line-Tickets-ota3-1024x714.png\" data-src=\"https:\/\/egypt-tourist-information.com\/wp-content\/uploads\/Temple-of-Hatshepsut-Skip-the-Line-Tickets-ota3-300x209.png\" loading=\"lazy\" data-sizes=\"{&quot;thumbnail&quot;:{&quot;url&quot;:&quot;https:\/\/egypt-tourist-information.com\/wp-content\/uploads\/Temple-of-Hatshepsut-Skip-the-Line-Tickets-ota3-150x150.png&quot;,&quot;height&quot;:150,&quot;width&quot;:150,&quot;orientation&quot;:&quot;landscape&quot;},&quot;medium&quot;:{&quot;url&quot;:&quot;https:\/\/egypt-tourist-information.com\/wp-content\/uploads\/Temple-of-Hatshepsut-Skip-the-Line-Tickets-ota3-300x209.png&quot;,&quot;height&quot;:209,&quot;width&quot;:300,&quot;orientation&quot;:&quot;landscape&quot;},&quot;large&quot;:{&quot;url&quot;:&quot;https:\/\/egypt-tourist-information.com\/wp-content\/uploads\/Temple-of-Hatshepsut-Skip-the-Line-Tickets-ota3-1024x714.png&quot;,&quot;height&quot;:714,&quot;width&quot;:1024,&quot;orientation&quot;:&quot;landscape&quot;},&quot;full&quot;:{&quot;url&quot;:&quot;https:\/\/egypt-tourist-information.com\/wp-content\/uploads\/Temple-of-Hatshepsut-Skip-the-Line-Tickets-ota3.png&quot;,&quot;height&quot;:946,&quot;width&quot;:1356,&quot;orientation&quot;:&quot;landscape&quot;}}\"><\/span><span><img decoding=\"async\" alt=\"\" data-id=\"9031\" width=\"1354\" height=\"918\" title=\"Tempel der Hatschepsut: Tickets ohne Anstehen ota4\" src=\"https:\/\/egypt-tourist-information.com\/wp-content\/uploads\/Temple-of-Hatshepsut-Skip-the-Line-Tickets-ota4-1024x694.png\" data-src=\"https:\/\/egypt-tourist-information.com\/wp-content\/uploads\/Temple-of-Hatshepsut-Skip-the-Line-Tickets-ota4-300x203.png\" loading=\"lazy\" data-sizes=\"{&quot;thumbnail&quot;:{&quot;url&quot;:&quot;https:\/\/egypt-tourist-information.com\/wp-content\/uploads\/Temple-of-Hatshepsut-Skip-the-Line-Tickets-ota4-150x150.png&quot;,&quot;height&quot;:150,&quot;width&quot;:150,&quot;orientation&quot;:&quot;landscape&quot;},&quot;medium&quot;:{&quot;url&quot;:&quot;https:\/\/egypt-tourist-information.com\/wp-content\/uploads\/Temple-of-Hatshepsut-Skip-the-Line-Tickets-ota4-300x203.png&quot;,&quot;height&quot;:203,&quot;width&quot;:300,&quot;orientation&quot;:&quot;landscape&quot;},&quot;large&quot;:{&quot;url&quot;:&quot;https:\/\/egypt-tourist-information.com\/wp-content\/uploads\/Temple-of-Hatshepsut-Skip-the-Line-Tickets-ota4-1024x694.png&quot;,&quot;height&quot;:694,&quot;width&quot;:1024,&quot;orientation&quot;:&quot;landscape&quot;},&quot;full&quot;:{&quot;url&quot;:&quot;https:\/\/egypt-tourist-information.com\/wp-content\/uploads\/Temple-of-Hatshepsut-Skip-the-Line-Tickets-ota4.png&quot;,&quot;height&quot;:918,&quot;width&quot;:1354,&quot;orientation&quot;:&quot;landscape&quot;}}\"><\/span><span><img decoding=\"async\" alt=\"\" data-id=\"9030\" width=\"1342\" height=\"942\" title=\"Tempel der Hatschepsut: Tickets ohne Anstehen ota5\" src=\"https:\/\/egypt-tourist-information.com\/wp-content\/uploads\/Temple-of-Hatshepsut-Skip-the-Line-Tickets-ota5-1024x719.png\" data-src=\"https:\/\/egypt-tourist-information.com\/wp-content\/uploads\/Temple-of-Hatshepsut-Skip-the-Line-Tickets-ota5-300x211.png\" loading=\"lazy\" data-sizes=\"{&quot;thumbnail&quot;:{&quot;url&quot;:&quot;https:\/\/egypt-tourist-information.com\/wp-content\/uploads\/Temple-of-Hatshepsut-Skip-the-Line-Tickets-ota5-150x150.png&quot;,&quot;height&quot;:150,&quot;width&quot;:150,&quot;orientation&quot;:&quot;landscape&quot;},&quot;medium&quot;:{&quot;url&quot;:&quot;https:\/\/egypt-tourist-information.com\/wp-content\/uploads\/Temple-of-Hatshepsut-Skip-the-Line-Tickets-ota5-300x211.png&quot;,&quot;height&quot;:211,&quot;width&quot;:300,&quot;orientation&quot;:&quot;landscape&quot;},&quot;large&quot;:{&quot;url&quot;:&quot;https:\/\/egypt-tourist-information.com\/wp-content\/uploads\/Temple-of-Hatshepsut-Skip-the-Line-Tickets-ota5-1024x719.png&quot;,&quot;height&quot;:719,&quot;width&quot;:1024,&quot;orientation&quot;:&quot;landscape&quot;},&quot;full&quot;:{&quot;url&quot;:&quot;https:\/\/egypt-tourist-information.com\/wp-content\/uploads\/Temple-of-Hatshepsut-Skip-the-Line-Tickets-ota5.png&quot;,&quot;height&quot;:942,&quot;width&quot;:1342,&quot;orientation&quot;:&quot;landscape&quot;}}\"><\/span><\/p>\n<h1 dir=\"ltr\">Tickets f\u00fcr den Totentempel der Hatschepsut: Schnelleinlass<\/h1>\n<h2><a href=\"https:\/\/www.headout.com\/r\/most-amazing-placesrecommends-fYgMG\/\" target=\"_blank\" rel=\"nofollow noopener\" style=\"outline: none;\">Zur Buchung<\/a><\/h2>\n<h1><a href=\"https:\/\/www.headout.com\/r\/most-amazing-placesrecommends-V3I3N\/\" target=\"_blank\" rel=\"nofollow noopener\" style=\"outline: none;\"><span style=\"font-weight: normal;\">Ab <\/span>9,40<span style=\"font-weight: normal;\"> \u20ac<\/span><\/a><strong><\/strong><\/h1>\n<p dir=\"ltr\">Tauchen Sie ein in das <strong>Erbe<\/strong>&nbsp;<strong>der ber\u00fchmtesten Pharaonin \u00c4gyptens<\/strong>&nbsp;und genie\u00dfen Sie den Schnelleinlass zum&nbsp;<strong>Totentempel der Hatschepsut.<\/strong>&nbsp;Erkunden Sie majest\u00e4tische Terrassen, antike Reliefs und unvergessliche Ausblicke.<\/p>\n<ul>\n<li style=\"\"><span>Handverlesenes Ticket&nbsp;<\/span><\/li>\n<li style=\"\"><span>Handyticket<\/span><\/li>\n<li style=\"\"><span>Erkunden Sie in Ihrem Tempo<\/span><\/li>\n<li style=\"\"><span>Nicht erstattungsf\u00e4hig<\/span><\/li>\n<\/ul>\n<h2>Inbegriffen<\/h2>\n<ul>\n<li style=\"\">                    <span>Schnelleinlass-Eintrittsticket f\u00fcr den Hatschepsut-Tempel<\/span><\/li>\n<\/ul>\n<h2>Nicht inbegriffen<\/h2>\n<ul>\n<li style=\"\"><span>F\u00fchrung<\/span><\/li>\n<li style=\"\"><span>Abholung und R\u00fccktransfer vom Hotel<\/span><\/li>\n<li style=\"\"><span>Pers\u00f6nliche Ausgaben<\/span><\/li>\n<\/ul>\n<h2>Wichtige Informationen<\/h2>\n<ul>\n<li style=\"\"><span>F\u00fcr den Zutritt sind ein Handyticket und ein g\u00fcltiger Lichtbildausweis erforderlich<\/span><\/li>\n<li><span>Nicht-\u00c4gypter m\u00fcssen eine Passkopie vorlegen<\/span><\/li>\n<li><span>\u00c4gyptische Staatsb\u00fcrger m\u00fcssen einen g\u00fcltigen Personalausweis vorlegen<\/span><\/li>\n<li><span>Fixticket: g\u00fcltig nur f\u00fcr den gebuchten Tag<\/span><\/li>\n<li><span>Nach dem Verlassen ist kein Wiedereintritt erlaubt<br \/><\/span><\/li>\n<li><span>Verbotene Gegenst\u00e4nde: Glasflaschen, Feuerwerksk\u00f6rper und scharfe Gegenst\u00e4nde<\/span><\/li>\n<\/ul>\n<h2>Beschreibung:<\/h2>\n<p dir=\"ltr\">Entdecken Sie die monumentale Sch\u00f6nheit des Hatschepsut-Tempels <strong>dank Schnelleinlass<\/strong><strong>.<\/strong> Dieses in den Klippen von Deir el-Bahari gehauene Meisterwerk ehrt \u00c4gyptens bahnbrechende <strong>Pharaonin.<\/strong><\/p>\n<p dir=\"ltr\">Spazieren Sie durch <strong>herrliche Terrassen und kunstvolle Kolonnaden,<\/strong> bestaunen Sie die in Schnitzereien dargestellten Szenen g\u00f6ttlicher Geburt und Handelsreisen und genie\u00dfen Sie das <strong>W\u00fcstenpanorama.<\/strong><\/p>\n<p dir=\"ltr\">Dieser selbstgef\u00fchrte Besuch bietet eine tiefe Verbindung zum Erbe und der architektonischen Pracht eines der bemerkenswertesten Herrscher des alten \u00c4gypten.<\/p>\n<h2>Highlights:<\/h2>\n<ul>\n<li dir=\"ltr\">Profitieren Sie vom Schnelleinlass in einen der ber\u00fchmtesten Tempel \u00c4gyptens<\/li>\n<li dir=\"ltr\">Erkunden Sie drei gro\u00dfe Terrassen, die in den Klippen von Luxor gehauen sind<\/li>\n<li dir=\"ltr\">Bewundern Sie Hieroglyphen und Reliefs, die Hatschepsuts g\u00f6ttliche Geburt und ihre Expeditionen darstellen<\/li>\n<li dir=\"ltr\">Genie\u00dfen Sie den Panoramablick auf die umliegende W\u00fcste und die Klippen<\/li>\n<li dir=\"ltr\">Entdecken Sie die seltene architektonische Symmetrie und das sakrale Design, das einzigartig f\u00fcr die 18. Dynastie ist<\/li>\n<\/ul>\n<h1 data-qa-marker=\"product-name\">Totentempel der Hatschepsut<\/h1>\n<p dir=\"ltr\">Al Qarna, Gouvernement al-Uqsur 1340420, \u00c4gypten<\/p>\n<h2>Stornierungsbedingungen<\/h2>\n<p dir=\"ltr\">Diese Tickets sind nicht erstattungsf\u00e4hig und k\u00f6nnen unter keinen Umst\u00e4nden umgebucht werden.<\/p>\n<h2>Treffpunkt &amp; Anweisungen<\/h2>\n<p dir=\"ltr\">Legen Sie Ihren mobilen Voucher und einen g\u00fcltigen Lichtbildausweis am Eingang des Totentempels der Hatschepsut vor. Adresse: Al Qarna, Gouvernement Luxor 1340420, \u00c4gypten<\/p>\n<p dir=\"ltr\"><em>Hinweis: Studierende m\u00fcssen einen g\u00fcltigen Studierendenausweis vorzeigen, um ggf. Erm\u00e4\u00dfigungen zu erhalten.<\/em><\/p>\n<p><a href=\"https:\/\/www.google.com\/maps\/place\/Totentempel+der+Hatschepsut\/@25.7379736,32.6061295,418m\/data=!3m1!1e3!4m15!1m8!3m7!1s0x14491618c7bfa7dd:0x31fe17a1563b5d3!2sTotentempel+der+Hatschepsut!8m2!3d25.7382773!4d32.6064906!10e8!16s%2Fm%2F02z0krq!3m5!1s0x14491618c7bfa7dd:0x31fe17a1563b5d3!8m2!3d25.7382773!4d32.6064906!16s%2Fm%2F02z0krq!5m1!1e2?entry=ttu&amp;g_ep=EgoyMDI1MDYxNi4wIKXMDSoASAFQAw%3D%3D\" rel=\"nofollow noopener\" spellcheck=\"false\" target=\"_blank\" style=\"outline: none;\">Mit Maps \u00f6ffnen<\/a><\/p>\n<h2>Bewertungen<\/h2>\n<p><strong>NEU!<\/strong><\/p>\n<p dir=\"ltr\">Seien Sie der Erste, der eine Bewertung abgibt &gt;&gt; <a href=\"https:\/\/www.headout.com\/r\/most-amazing-placesrecommends-V3I3N\/\" target=\"_blank\" rel=\"nofollow noopener\" style=\"outline: none;\" spellcheck=\"false\">Weitere Details&#8230;<\/a><\/p>\n<h2>Einige Aktivit\u00e4ten, die Ihnen gefallen k\u00f6nnten<\/h2>\n<p><span># <\/span><strong><span>2<\/span><\/strong><span># <\/span><strong><span>2<\/span><\/strong><span><img decoding=\"async\" alt=\"\" data-id=\"8964\" width=\"159\" data-init-width=\"720\" height=\"106\" data-init-height=\"480\" title=\"Luxor \u2013 Fahrt mit dem Hei\u00dfluftballon \u00fcber die Reliquien von Luxor\" loading=\"lazy\" src=\"https:\/\/egypt-tourist-information.com\/wp-content\/uploads\/Luxor-Hot-Air-Balloon-Ride-over-Luxor-Relics-ota.avif\" data-width=\"159\" data-height=\"106\" style=\"aspect-ratio: auto 720 \/ 480;\"><\/span><\/p>\n<table>\n<tbody>\n<tr>\n<td><a href=\"https:\/\/www.getyourguide.com\/luxor-l109\/luxor-sunrise-hot-air-balloon-ride-with-transfer-t460620\/?partner_id=NO9XIDE&amp;utm_medium=online_publisher&amp;cmp=ETIDeHatshepsutSP2\" target=\"_blank\" rel=\"nofollow noopener\" style=\"outline: none;\" data-lt-tmp-id=\"lt-148459\" spellcheck=\"false\">Luxor: Hei\u00dfluftballonfahrt \u00fcber die Reliquien von Luxor<\/a><\/td>\n<\/tr>\n<\/tbody>\n<\/table>\n<p>Schweben Sie bei einer atemberaubenden <strong>Fahrt im Hei\u00dfluftballon<\/strong> \u00fcber die antiken Wunder von Luxor und erleben Sie, wie sich die ber\u00fchmten Relikte und der majest\u00e4tische Nil bei Sonnenaufgang unter Ihnen entfalten.<\/p>\n<h3 style=\"\">Gesamtpreis<\/h3>\n<h3 style=\"\">Ihnen wird noch nichts berechnet<\/h3>\n<p><span># <\/span><strong><span>2<\/span><\/strong><span># <\/span><strong><span>2<\/span><\/strong><span><img decoding=\"async\" alt=\"\" data-id=\"8966\" width=\"159\" data-init-width=\"1598\" height=\"103\" data-init-height=\"999\" title=\"Hurghada \u2013 Luxor-Tal der K\u00f6nige und Ausflug zum Grab des Tutanchamun usw\" loading=\"lazy\" src=\"https:\/\/egypt-tourist-information.com\/wp-content\/uploads\/Hurghada-Luxor-Valley-of-the-Kings-Tutankhamun-Tomb-Trip-ota.avif\" data-width=\"159\" data-height=\"103\" style=\"aspect-ratio: auto 1598 \/ 999;\"><\/span><\/p>\n<table>\n<tbody>\n<tr>\n<td><a href=\"https:\/\/www.getyourguide.com\/luxor-l109\/hurghada-luxor-valley-of-the-kings-tutankhamun-tomb-trip-t22357\/?partner_id=NO9XIDE&amp;utm_medium=online_publisher&amp;cmp=ETIDeHatshepsutSP3\" rel=\"nofollow noopener\" spellcheck=\"false\" target=\"_blank\" style=\"outline: none;\">Hurghada: Luxor-Tal der K\u00f6nige &amp; Tutanchamun-Grab<\/a><\/td>\n<\/tr>\n<\/tbody>\n<\/table>\n<p>Begeben Sie sich auf eine unvergessliche Reise <strong>von Hurghada nach Luxor,<\/strong> erkunden Sie das legend\u00e4re <strong>Tal der K\u00f6nige<\/strong> und steigen Sie hinab in das ikonische Grab von <strong>Tutanchamun<\/strong>.<\/p>\n<h3 style=\"\">Gesamtpreis<\/h3>\n<h3 style=\"\">Ihnen wird noch nichts berechnet<\/h3>\n<p><span># <\/span><strong><span>2<\/span><\/strong><span><img decoding=\"async\" alt=\"\" data-id=\"8968\" width=\"159\" data-init-width=\"2333\" height=\"92\" data-init-height=\"1556\" title=\"Luxor - Gemeinsame Ganztagestour zum West- und Ostufer von Luxor\" loading=\"lazy\" src=\"https:\/\/egypt-tourist-information.com\/wp-content\/uploads\/Luxor-Shared-Full-Day-Tour-to-Luxor-West-and-East-Banks-ota.avif\" data-width=\"159\" data-height=\"92\" style=\"aspect-ratio: auto 2333 \/ 1556;\"><\/span><\/p>\n<table>\n<tbody>\n<tr>\n<td><a href=\"https:\/\/www.getyourguide.com\/luxor-l109\/luxor-shared-full-day-tour-to-luxor-west-and-east-banks-t453520\/?partner_id=NO9XIDE&amp;utm_medium=online_publisher&amp;cmp=ETIDeHatshepsutSP4\" rel=\"nofollow noopener\" spellcheck=\"false\" target=\"_blank\" style=\"outline: none;\">Luxor: Gruppentagestour zum West- und Ostufer von Luxor<\/a><\/td>\n<\/tr>\n<\/tbody>\n<\/table>\n<p>Erkunden Sie die antiken Wunder des <strong>Ost- und Westufers von Luxor<\/strong> auf einer umfassenden gemeinsamen Tagestour und entdecken Sie legend\u00e4re Tempel, Gr\u00e4ber und Monumente.<\/p>\n<h3 style=\"\">Gesamtpreis<\/h3>\n<h3 style=\"\">Ihnen wird noch nichts berechnet<\/h3>\n<p><\/p>\n<h2><a href=\"https:\/\/www.headout.com\/r\/most-amazing-placesrecommends-V3I3N\/\" target=\"_blank\" rel=\"nofollow noopener\" style=\"outline: none;\" spellcheck=\"false\">Zur Buchung<\/a><span style=\"font-weight: normal;\"><\/span><\/h2>\n<p><strong style=\"outline: currentcolor;\"><a href=\"https:\/\/www.headout.com\/r\/most-amazing-placesrecommends-V3I3N\/\" target=\"_blank\" rel=\"nofollow noopener\" spellcheck=\"false\" style=\"outline: none;\"><span style=\"font-weight: normal;\">Ab&nbsp;<\/span>9,40 \u20ac<\/a><\/strong><\/p>\n<p style=\"\">Ihnen wird noch nichts berechnet<\/p>\n","protected":false},"excerpt":{"rendered":"<p>Tickets f\u00fcr den Totentempel der Hatschepsut: Schnelleinlass Zur Buchung Ab 9,40 \u20ac Tauchen Sie ein in das Erbe&nbsp;der ber\u00fchmtesten Pharaonin \u00c4gyptens&nbsp;und genie\u00dfen Sie den Schnelleinlass zum&nbsp;Totentempel der Hatschepsut.&nbsp;Erkunden Sie majest\u00e4tische Terrassen, antike Reliefs und unvergessliche Ausblicke. Handverlesenes Ticket&nbsp; Handyticket Erkunden Sie in Ihrem Tempo Nicht erstattungsf\u00e4hig Inbegriffen Schnelleinlass-Eintrittsticket f\u00fcr den Hatschepsut-Tempel Nicht inbegriffen F\u00fchrung Abholung [&hellip;]<\/p>\n","protected":false},"author":6,"featured_media":10881,"parent":0,"menu_order":0,"comment_status":"closed","ping_status":"closed","template":"","meta":{"_acf_changed":false,"footnotes":"","tve_updated_post":"","tve_custom_css":"","tve_user_custom_css":"","tve_globals":{},"tcb2_ready":1,"tcb_editor_enabled":1,"tve_landing_page":"bd86f3fc67210fed5b2794ad4a56d3a9","_tve_header":"10865","_tve_footer":"10866"},"categories":[115],"tags":[123,129],"class_list":["post-11555","page","type-page","status-publish","has-post-thumbnail","hentry","category-luxor-de","tag-luxor-de","tag-verkaufsseite","post-wrapper","thrv_wrapper"],"acf":[],"_links":{"self":[{"href":"https:\/\/egypt-tourist-information.com\/de\/wp-json\/wp\/v2\/pages\/11555","targetHints":{"allow":["GET"]}}],"collection":[{"href":"https:\/\/egypt-tourist-information.com\/de\/wp-json\/wp\/v2\/pages"}],"about":[{"href":"https:\/\/egypt-tourist-information.com\/de\/wp-json\/wp\/v2\/types\/page"}],"author":[{"embeddable":true,"href":"https:\/\/egypt-tourist-information.com\/de\/wp-json\/wp\/v2\/users\/6"}],"replies":[{"embeddable":true,"href":"https:\/\/egypt-tourist-information.com\/de\/wp-json\/wp\/v2\/comments?post=11555"}],"version-history":[{"count":9,"href":"https:\/\/egypt-tourist-information.com\/de\/wp-json\/wp\/v2\/pages\/11555\/revisions"}],"predecessor-version":[{"id":13750,"href":"https:\/\/egypt-tourist-information.com\/de\/wp-json\/wp\/v2\/pages\/11555\/revisions\/13750"}],"wp:featuredmedia":[{"embeddable":true,"href":"https:\/\/egypt-tourist-information.com\/de\/wp-json\/wp\/v2\/media\/10881"}],"wp:attachment":[{"href":"https:\/\/egypt-tourist-information.com\/de\/wp-json\/wp\/v2\/media?parent=11555"}],"wp:term":[{"taxonomy":"category","embeddable":true,"href":"https:\/\/egypt-tourist-information.com\/de\/wp-json\/wp\/v2\/categories?post=11555"},{"taxonomy":"post_tag","embeddable":true,"href":"https:\/\/egypt-tourist-information.com\/de\/wp-json\/wp\/v2\/tags?post=11555"}],"curies":[{"name":"wp","href":"https:\/\/api.w.org\/{rel}","templated":true}]}}