{"id":11562,"date":"2025-06-20T11:39:35","date_gmt":"2025-06-20T11:39:35","guid":{"rendered":"https:\/\/egypt-tourist-information.com\/valley-of-the-kings-tickets"},"modified":"2026-04-30T14:01:42","modified_gmt":"2026-04-30T14:01:42","slug":"tickets-fur-tal-der-konige","status":"publish","type":"page","link":"https:\/\/egypt-tourist-information.com\/de\/tickets-fur-tal-der-konige","title":{"rendered":"Tickets f\u00fcr Tal der K\u00f6nige: Schnelleinlass"},"content":{"rendered":"<p><span><img decoding=\"async\" alt=\"\" data-id=\"8974\" width=\"1458\" height=\"944\" title=\"Tal der K\u00f6nige: Tickets ohne Anstehen (ota)\" src=\"https:\/\/egypt-tourist-information.com\/wp-content\/uploads\/Valley-of-The-Kings-Skip-the-Line-Tickets-ota-1024x663.png\" data-src=\"https:\/\/egypt-tourist-information.com\/wp-content\/uploads\/Valley-of-The-Kings-Skip-the-Line-Tickets-ota-300x194.png\" loading=\"lazy\" data-sizes=\"{&quot;thumbnail&quot;:{&quot;url&quot;:&quot;https:\/\/egypt-tourist-information.com\/wp-content\/uploads\/Valley-of-The-Kings-Skip-the-Line-Tickets-ota-150x150.png&quot;,&quot;height&quot;:150,&quot;width&quot;:150,&quot;orientation&quot;:&quot;landscape&quot;},&quot;medium&quot;:{&quot;url&quot;:&quot;https:\/\/egypt-tourist-information.com\/wp-content\/uploads\/Valley-of-The-Kings-Skip-the-Line-Tickets-ota-300x194.png&quot;,&quot;height&quot;:194,&quot;width&quot;:300,&quot;orientation&quot;:&quot;landscape&quot;},&quot;large&quot;:{&quot;url&quot;:&quot;https:\/\/egypt-tourist-information.com\/wp-content\/uploads\/Valley-of-The-Kings-Skip-the-Line-Tickets-ota-1024x663.png&quot;,&quot;height&quot;:663,&quot;width&quot;:1024,&quot;orientation&quot;:&quot;landscape&quot;},&quot;full&quot;:{&quot;url&quot;:&quot;https:\/\/egypt-tourist-information.com\/wp-content\/uploads\/Valley-of-The-Kings-Skip-the-Line-Tickets-ota.png&quot;,&quot;height&quot;:944,&quot;width&quot;:1458,&quot;orientation&quot;:&quot;landscape&quot;}}\"><\/span><span><img decoding=\"async\" alt=\"\" data-id=\"8976\" width=\"1348\" height=\"928\" title=\"Tal der K\u00f6nige \u2013 Tickets ohne Anstehen ota3\" src=\"https:\/\/egypt-tourist-information.com\/wp-content\/uploads\/Valley-of-The-Kings-Skip-the-Line-Tickets-ota3-1024x705.png\" data-src=\"https:\/\/egypt-tourist-information.com\/wp-content\/uploads\/Valley-of-The-Kings-Skip-the-Line-Tickets-ota3-300x207.png\" loading=\"lazy\" data-sizes=\"{&quot;thumbnail&quot;:{&quot;url&quot;:&quot;https:\/\/egypt-tourist-information.com\/wp-content\/uploads\/Valley-of-The-Kings-Skip-the-Line-Tickets-ota3-150x150.png&quot;,&quot;height&quot;:150,&quot;width&quot;:150,&quot;orientation&quot;:&quot;landscape&quot;},&quot;medium&quot;:{&quot;url&quot;:&quot;https:\/\/egypt-tourist-information.com\/wp-content\/uploads\/Valley-of-The-Kings-Skip-the-Line-Tickets-ota3-300x207.png&quot;,&quot;height&quot;:207,&quot;width&quot;:300,&quot;orientation&quot;:&quot;landscape&quot;},&quot;large&quot;:{&quot;url&quot;:&quot;https:\/\/egypt-tourist-information.com\/wp-content\/uploads\/Valley-of-The-Kings-Skip-the-Line-Tickets-ota3-1024x705.png&quot;,&quot;height&quot;:705,&quot;width&quot;:1024,&quot;orientation&quot;:&quot;landscape&quot;},&quot;full&quot;:{&quot;url&quot;:&quot;https:\/\/egypt-tourist-information.com\/wp-content\/uploads\/Valley-of-The-Kings-Skip-the-Line-Tickets-ota3.png&quot;,&quot;height&quot;:928,&quot;width&quot;:1348,&quot;orientation&quot;:&quot;landscape&quot;}}\"><\/span><span><img decoding=\"async\" alt=\"\" data-id=\"8975\" width=\"1332\" height=\"938\" title=\"Tal der K\u00f6nige: Tickets ohne Anstehen ota2\" src=\"https:\/\/egypt-tourist-information.com\/wp-content\/uploads\/Valley-of-The-Kings-Skip-the-Line-Tickets-ota2-1024x721.png\" data-src=\"https:\/\/egypt-tourist-information.com\/wp-content\/uploads\/Valley-of-The-Kings-Skip-the-Line-Tickets-ota2-300x211.png\" loading=\"lazy\" data-sizes=\"{&quot;thumbnail&quot;:{&quot;url&quot;:&quot;https:\/\/egypt-tourist-information.com\/wp-content\/uploads\/Valley-of-The-Kings-Skip-the-Line-Tickets-ota2-150x150.png&quot;,&quot;height&quot;:150,&quot;width&quot;:150,&quot;orientation&quot;:&quot;landscape&quot;},&quot;medium&quot;:{&quot;url&quot;:&quot;https:\/\/egypt-tourist-information.com\/wp-content\/uploads\/Valley-of-The-Kings-Skip-the-Line-Tickets-ota2-300x211.png&quot;,&quot;height&quot;:211,&quot;width&quot;:300,&quot;orientation&quot;:&quot;landscape&quot;},&quot;large&quot;:{&quot;url&quot;:&quot;https:\/\/egypt-tourist-information.com\/wp-content\/uploads\/Valley-of-The-Kings-Skip-the-Line-Tickets-ota2-1024x721.png&quot;,&quot;height&quot;:721,&quot;width&quot;:1024,&quot;orientation&quot;:&quot;landscape&quot;},&quot;full&quot;:{&quot;url&quot;:&quot;https:\/\/egypt-tourist-information.com\/wp-content\/uploads\/Valley-of-The-Kings-Skip-the-Line-Tickets-ota2.png&quot;,&quot;height&quot;:938,&quot;width&quot;:1332,&quot;orientation&quot;:&quot;landscape&quot;}}\"><\/span><span><img decoding=\"async\" alt=\"\" data-id=\"8973\" width=\"1372\" height=\"942\" title=\"Tal der K\u00f6nige: Tickets ohne Anstehen ota4\" src=\"https:\/\/egypt-tourist-information.com\/wp-content\/uploads\/Valley-of-The-Kings-Skip-the-Line-Tickets-ota4-1024x703.png\" data-src=\"https:\/\/egypt-tourist-information.com\/wp-content\/uploads\/Valley-of-The-Kings-Skip-the-Line-Tickets-ota4-300x206.png\" loading=\"lazy\" data-sizes=\"{&quot;thumbnail&quot;:{&quot;url&quot;:&quot;https:\/\/egypt-tourist-information.com\/wp-content\/uploads\/Valley-of-The-Kings-Skip-the-Line-Tickets-ota4-150x150.png&quot;,&quot;height&quot;:150,&quot;width&quot;:150,&quot;orientation&quot;:&quot;landscape&quot;},&quot;medium&quot;:{&quot;url&quot;:&quot;https:\/\/egypt-tourist-information.com\/wp-content\/uploads\/Valley-of-The-Kings-Skip-the-Line-Tickets-ota4-300x206.png&quot;,&quot;height&quot;:206,&quot;width&quot;:300,&quot;orientation&quot;:&quot;landscape&quot;},&quot;large&quot;:{&quot;url&quot;:&quot;https:\/\/egypt-tourist-information.com\/wp-content\/uploads\/Valley-of-The-Kings-Skip-the-Line-Tickets-ota4-1024x703.png&quot;,&quot;height&quot;:703,&quot;width&quot;:1024,&quot;orientation&quot;:&quot;landscape&quot;},&quot;full&quot;:{&quot;url&quot;:&quot;https:\/\/egypt-tourist-information.com\/wp-content\/uploads\/Valley-of-The-Kings-Skip-the-Line-Tickets-ota4.png&quot;,&quot;height&quot;:942,&quot;width&quot;:1372,&quot;orientation&quot;:&quot;landscape&quot;}}\"><\/span><span><img decoding=\"async\" alt=\"\" data-id=\"8972\" width=\"1346\" height=\"922\" title=\"Tal der K\u00f6nige: Tickets ohne Anstehen ota5\" src=\"https:\/\/egypt-tourist-information.com\/wp-content\/uploads\/Valley-of-The-Kings-Skip-the-Line-Tickets-ota5-1024x701.png\" data-src=\"https:\/\/egypt-tourist-information.com\/wp-content\/uploads\/Valley-of-The-Kings-Skip-the-Line-Tickets-ota5-300x205.png\" loading=\"lazy\" data-sizes=\"{&quot;thumbnail&quot;:{&quot;url&quot;:&quot;https:\/\/egypt-tourist-information.com\/wp-content\/uploads\/Valley-of-The-Kings-Skip-the-Line-Tickets-ota5-150x150.png&quot;,&quot;height&quot;:150,&quot;width&quot;:150,&quot;orientation&quot;:&quot;landscape&quot;},&quot;medium&quot;:{&quot;url&quot;:&quot;https:\/\/egypt-tourist-information.com\/wp-content\/uploads\/Valley-of-The-Kings-Skip-the-Line-Tickets-ota5-300x205.png&quot;,&quot;height&quot;:205,&quot;width&quot;:300,&quot;orientation&quot;:&quot;landscape&quot;},&quot;large&quot;:{&quot;url&quot;:&quot;https:\/\/egypt-tourist-information.com\/wp-content\/uploads\/Valley-of-The-Kings-Skip-the-Line-Tickets-ota5-1024x701.png&quot;,&quot;height&quot;:701,&quot;width&quot;:1024,&quot;orientation&quot;:&quot;landscape&quot;},&quot;full&quot;:{&quot;url&quot;:&quot;https:\/\/egypt-tourist-information.com\/wp-content\/uploads\/Valley-of-The-Kings-Skip-the-Line-Tickets-ota5.png&quot;,&quot;height&quot;:922,&quot;width&quot;:1346,&quot;orientation&quot;:&quot;landscape&quot;}}\"><\/span><span><img decoding=\"async\" alt=\"\" data-id=\"8971\" width=\"1310\" height=\"952\" title=\"Tal der K\u00f6nige: Tickets ohne Anstehen ota6\" src=\"https:\/\/egypt-tourist-information.com\/wp-content\/uploads\/Valley-of-The-Kings-Skip-the-Line-Tickets-ota6-1024x744.png\" data-src=\"https:\/\/egypt-tourist-information.com\/wp-content\/uploads\/Valley-of-The-Kings-Skip-the-Line-Tickets-ota6-300x218.png\" loading=\"lazy\" data-sizes=\"{&quot;thumbnail&quot;:{&quot;url&quot;:&quot;https:\/\/egypt-tourist-information.com\/wp-content\/uploads\/Valley-of-The-Kings-Skip-the-Line-Tickets-ota6-150x150.png&quot;,&quot;height&quot;:150,&quot;width&quot;:150,&quot;orientation&quot;:&quot;landscape&quot;},&quot;medium&quot;:{&quot;url&quot;:&quot;https:\/\/egypt-tourist-information.com\/wp-content\/uploads\/Valley-of-The-Kings-Skip-the-Line-Tickets-ota6-300x218.png&quot;,&quot;height&quot;:218,&quot;width&quot;:300,&quot;orientation&quot;:&quot;landscape&quot;},&quot;large&quot;:{&quot;url&quot;:&quot;https:\/\/egypt-tourist-information.com\/wp-content\/uploads\/Valley-of-The-Kings-Skip-the-Line-Tickets-ota6-1024x744.png&quot;,&quot;height&quot;:744,&quot;width&quot;:1024,&quot;orientation&quot;:&quot;landscape&quot;},&quot;full&quot;:{&quot;url&quot;:&quot;https:\/\/egypt-tourist-information.com\/wp-content\/uploads\/Valley-of-The-Kings-Skip-the-Line-Tickets-ota6.png&quot;,&quot;height&quot;:952,&quot;width&quot;:1310,&quot;orientation&quot;:&quot;landscape&quot;}}\"><\/span><\/p>\n<h1 data-qa-marker=\"product-name\">Tal der K\u00f6nige Schnelleinlass-Tickets<\/h1>\n<h2><a href=\"https:\/\/www.headout.com\/r\/most-amazing-placesrecommends-UvZjf\/\" target=\"_blank\" rel=\"nofollow noopener\" style=\"outline: none;\">Zur Buchung<\/a><\/h2>\n<h1><a href=\"https:\/\/www.headout.com\/r\/most-amazing-placesrecommends-UvZjf\/\" target=\"_blank\" rel=\"nofollow noopener\" style=\"outline: none;\"><span style=\"font-weight: normal;\">Ab&nbsp;<\/span><strong>16,23 \u20ac<\/strong><\/a><strong><\/strong><\/h1>\n<p dir=\"ltr\">Entdecken Sie die k\u00f6niglichen Geheimnisse \u00c4gyptens mit Tickets f\u00fcr das<strong>&nbsp;Tal der K\u00f6nige mit Schnelleinlass<\/strong>. Erkunden Sie pharaonische Gr\u00e4ber, Hyroglyphen, Verzierungen und jahrtausendealte Artefakte in diesem UNESCO-Weltwunder.<\/p>\n<ul>\n<li style=\"\"><span>Handverlesenes Ticket&nbsp;<\/span><\/li>\n<li style=\"\"><span>Handyticket<\/span><\/li>\n<li style=\"\"><span>Schnelleinlass<\/span><\/li>\n<li style=\"\"><span>Nicht erstattungsf\u00e4hig<\/span><\/li>\n<\/ul>\n<h2>Inbegriffen<\/h2>\n<ul>\n<li style=\"\">                    <span>Bevorzugter Eintritt in das Tal der K\u00f6nige zur gew\u00e4hlten \u00d6ffnungszeit<\/span><\/li>\n<li style=\"\">                    <span>Zugang zu aktuellen Ausstellungen<\/span><\/li>\n<\/ul>\n<h2>Nicht inbegriffen<\/h2>\n<ul>\n<li style=\"\"><span>Abholung und R\u00fccktransfer vom Hotel<\/span><\/li>\n<li style=\"\"><span>Speisen und Getr\u00e4nke<\/span><\/li>\n<li style=\"\"><span>Trinkgelder und pers\u00f6nliche Ausgaben<\/span><\/li>\n<\/ul>\n<h2>Wichtige Informationen<\/h2>\n<ul>\n<li style=\"\"><span>Nicht-\u00c4gypter m\u00fcssen eine Kopie ihres Reisepasses mitbringen; Einheimische m\u00fcssen einen g\u00fcltigen Lichtbildausweis vorlegen<\/span><\/li>\n<li><span>Kommen Sie mindestens 10 Minuten fr\u00fcher, um Verz\u00f6gerungen zu vermeiden<\/span><\/li>\n<li><span>Zu den verbotenen Gegenst\u00e4nden z\u00e4hlen gro\u00dfe Taschen, Flaschen, scharfe Gegenst\u00e4nde und Laserpointer<\/span><\/li>\n<li><span>Nicht f\u00fcr Rollstuhlfahrer geeignet<\/span><\/li>\n<li><span>F\u00fcr den erm\u00e4\u00dfigten Eintritt ist f\u00fcr Studierende ein g\u00fcltiger Ausweis erforderlich.<\/span><\/li>\n<\/ul>\n<h2>Beschreibung:<\/h2>\n<p dir=\"ltr\"><strong>Umgehen Sie lange Warteschlangen und tauchen Sie mit&nbsp;<\/strong><strong>Tickets mit Schnelleinlass f\u00fcr das Tal der K\u00f6nige<\/strong>&nbsp;direkt in das antike \u00c4gypten ein.&nbsp;Entdecken Sie die lebendigen Gr\u00e4ber legend\u00e4rer Pharaonen wie&nbsp;<strong>Ramses,<\/strong> tief in der thebanischen Nekropole gelegen.<\/p>\n<p dir=\"ltr\">Bewundern Sie <strong>aufwendige Hieroglyphen<\/strong> und detailreiche Schnitzereien, die die Zeit \u00fcberdauert haben. Dieses <strong>UNESCO-Weltkulturerbe<\/strong> bietet einen faszinierenden Einblick in die Zeit des Neuen Reiches \u00c4gyptens.<\/p>\n<h2>Highlights:<\/h2>\n<ul>\n<li dir=\"ltr\"><strong>Genie\u00dfen Sie den bevorzugten Zugang&nbsp;<\/strong> zum Tal der K\u00f6nige&nbsp;<\/li>\n<li dir=\"ltr\"><strong>Beherbergt 63 K\u00f6nigsgr\u00e4ber,<\/strong> darunter auch die m\u00e4chtiger Pharaonen<\/li>\n<li dir=\"ltr\"><strong>Sehen Sie sich 3.000 Jahre alte Hieroglyphen&nbsp;<\/strong>und lebendige Wandmalereien an, die von alten Glaubensvorstellungen erz\u00e4hlen<\/li>\n<li dir=\"ltr\"><strong>UNESCO-Weltkulturerbe<\/strong> seit 1979, reich an kultureller und arch\u00e4ologischer Bedeutung<\/li>\n<\/ul>\n<h2>Tal der K\u00f6nige<\/h2>\n<p dir=\"ltr\">Luxor, Gouvernement al-Uqsur 1340420, \u00c4gypten<\/p>\n<h2>Stornierungsbedingungen<\/h2>\n<p dir=\"ltr\">Diese Tickets sind nicht erstattungsf\u00e4hig und k\u00f6nnen unter keinen Umst\u00e4nden umgebucht werden.<\/p>\n<h2>Treffpunkt &amp; Anweisungen<\/h2>\n<p dir=\"ltr\">Ihr Ticketgutschein wird Ihnen per E-Mail zugesandt. Den genauen Einl\u00f6seort und die Ankunftshinweise finden Sie auf Ihrem endg\u00fcltigen Gutschein.<\/p>\n<p dir=\"ltr\">Halten Sie Ihr Handyticket und einen g\u00fcltigen Lichtbildausweis bereit. Studierende m\u00fcssen einen g\u00fcltigen Studierendenausweis vorlegen.<\/p>\n<p><a href=\"https:\/\/www.google.com\/maps\/place\/Tal+der+K%C3%B6nige\/@25.74258,32.5964438,1672m\/data=!3m1!1e3!4m15!1m8!3m7!1s0x14493d8ab5defed7:0x718fccf6a2e3a9da!2sTal+der+K%C3%B6nige!8m2!3d25.7401643!4d32.601411!10e8!16zL20vMDhtOHc2!3m5!1s0x14493d8ab5defed7:0x718fccf6a2e3a9da!8m2!3d25.7401643!4d32.601411!16zL20vMDhtOHc2?entry=ttu&amp;g_ep=EgoyMDI1MDYxNi4wIKXMDSoASAFQAw%3D%3D\" rel=\"nofollow noopener\" spellcheck=\"false\" target=\"_blank\" style=\"outline: none;\">Mit Maps \u00f6ffnen<\/a><\/p>\n<h2>Bewertungen<\/h2>\n<p><strong>NEU!<\/strong><\/p>\n<p dir=\"ltr\">Seien Sie der Erste, der eine Bewertung abgibt &gt;&gt; <a href=\"https:\/\/www.headout.com\/de\/tal-der-konige\/tal-der-konige-schnelleinlass-tickets-e-33125\/?affiliate_code=KXkQ69&amp;utm_campaign=etidetalderkonigesp&amp;utm_content=link&amp;utm_medium=affiliate&amp;utm_source=most_amazing_places\" target=\"_blank\" rel=\"nofollow noopener\" style=\"outline: none;\" spellcheck=\"false\">Weitere Details&#8230;<\/a><\/p>\n<h2>Einige Aktivit\u00e4ten, die Ihnen gefallen k\u00f6nnten<\/h2>\n<p><span># <\/span><strong><span>2<\/span><\/strong><span># <\/span><strong><span>2<\/span><\/strong><span><img decoding=\"async\" alt=\"\" data-id=\"8964\" width=\"159\" data-init-width=\"720\" height=\"106\" data-init-height=\"480\" title=\"Luxor \u2013 Fahrt mit dem Hei\u00dfluftballon \u00fcber die Reliquien von Luxor\" loading=\"lazy\" src=\"https:\/\/egypt-tourist-information.com\/wp-content\/uploads\/Luxor-Hot-Air-Balloon-Ride-over-Luxor-Relics-ota.avif\" data-width=\"159\" data-height=\"106\" style=\"aspect-ratio: auto 720 \/ 480;\"><\/span><\/p>\n<table>\n<tbody>\n<tr>\n<td><a href=\"https:\/\/www.getyourguide.com\/luxor-l109\/luxor-sunrise-hot-air-balloon-ride-with-transfer-t460620\/?partner_id=NO9XIDE&amp;utm_medium=online_publisher&amp;cmp=ETIDeValleyoftheKingsSP2\" target=\"_blank\" rel=\"nofollow noopener\" style=\"outline: none;\" data-lt-tmp-id=\"lt-628227\" spellcheck=\"false\">Luxor: Hei\u00dfluftballonfahrt \u00fcber die Reliquien von Luxor<\/a><\/td>\n<\/tr>\n<\/tbody>\n<\/table>\n<p>Schweben Sie bei einer atemberaubenden<strong> Fahrt im Hei\u00dfluftballon<\/strong><strong>&nbsp;\u00fcber die antiken Wunder von Luxor<\/strong> und&nbsp;erleben Sie, wie sich die ber\u00fchmten Relikte und der majest\u00e4tische Nil bei Sonnenaufgang unter Ihnen entfalten.<\/p>\n<h3 style=\"\">Gesamtpreis<\/h3>\n<h3 style=\"\">Ihnen wird noch nichts berechnet<\/h3>\n<p><span># <\/span><strong><span>2<\/span><\/strong><span># <\/span><strong><span>2<\/span><\/strong><span><img decoding=\"async\" alt=\"\" data-id=\"8966\" width=\"159\" data-init-width=\"1598\" height=\"103\" data-init-height=\"999\" title=\"Hurghada \u2013 Luxor-Tal der K\u00f6nige und Ausflug zum Grab des Tutanchamun usw\" loading=\"lazy\" src=\"https:\/\/egypt-tourist-information.com\/wp-content\/uploads\/Hurghada-Luxor-Valley-of-the-Kings-Tutankhamun-Tomb-Trip-ota.avif\" data-width=\"159\" data-height=\"103\" style=\"aspect-ratio: auto 1598 \/ 999;\"><\/span><\/p>\n<table>\n<tbody>\n<tr>\n<td><a data-lt-tmp-id=\"lt-698057\" href=\"https:\/\/www.getyourguide.com\/luxor-l109\/hurghada-luxor-valley-of-the-kings-tutankhamun-tomb-trip-t22357\/?partner_id=NO9XIDE&amp;utm_medium=online_publisher&amp;cmp=ETIDeValleyoftheKingsSP3\" rel=\"nofollow noopener\" spellcheck=\"false\" target=\"_blank\" style=\"outline: none;\">Hurghada: Luxor Tal der K\u00f6nige &amp; Tutanchamun Grabmal Reise<\/a><\/td>\n<\/tr>\n<\/tbody>\n<\/table>\n<p>Begeben Sie sich auf eine unvergessliche Reise <strong>von Hurghada nach Luxor,<\/strong> erkunden Sie das legend\u00e4re <strong>Tal der K\u00f6nige<\/strong> und steigen Sie hinab in das ikonische Grab von <strong>Tutanchamun<\/strong>.<\/p>\n<h3 style=\"\">Gesamtpreis<\/h3>\n<h3 style=\"\">Ihnen wird noch nichts berechnet<\/h3>\n<p><span># <\/span><strong><span>2<\/span><\/strong><span><img decoding=\"async\" alt=\"\" data-id=\"8968\" width=\"159\" data-init-width=\"2333\" height=\"92\" data-init-height=\"1556\" title=\"Luxor - Gemeinsame Ganztagestour zum West- und Ostufer von Luxor\" loading=\"lazy\" src=\"https:\/\/egypt-tourist-information.com\/wp-content\/uploads\/Luxor-Shared-Full-Day-Tour-to-Luxor-West-and-East-Banks-ota.avif\" data-width=\"159\" data-height=\"92\" style=\"aspect-ratio: auto 2333 \/ 1556;\"><\/span><\/p>\n<table>\n<tbody>\n<tr>\n<td><a data-lt-tmp-id=\"lt-674580\" href=\"https:\/\/www.getyourguide.com\/luxor-l109\/luxor-shared-full-day-tour-to-luxor-west-and-east-banks-t453520\/?partner_id=NO9XIDE&amp;utm_medium=online_publisher&amp;cmp=ETIDeValleyoftheKingsSP4\" rel=\"nofollow noopener\" spellcheck=\"false\" target=\"_blank\" style=\"outline: none;\">Luxor: Gruppentagestour zum West- und Oststufer von Luxor<\/a><\/td>\n<\/tr>\n<\/tbody>\n<\/table>\n<p>Erkunden Sie die antiken Wunder des <strong>Ost- und Westufers von Luxor<\/strong> auf einer umfassenden gemeinsamen Tagestour und entdecken Sie legend\u00e4re Tempel, Gr\u00e4ber und Monumente.<\/p>\n<h3 style=\"\">Gesamtpreis<\/h3>\n<h3 style=\"\">Ihnen wird noch nichts berechnet<\/h3>\n<p><\/p>\n<h2><a href=\"https:\/\/www.headout.com\/r\/most-amazing-placesrecommends-UvZjf\/\" target=\"_blank\" rel=\"nofollow noopener\" style=\"outline: none;\" spellcheck=\"false\">Zur Buchung<\/a><span style=\"font-weight: normal;\"><\/span><\/h2>\n<p><strong style=\"outline: currentcolor;\"><a href=\"https:\/\/www.headout.com\/r\/most-amazing-placesrecommends-UvZjf\/\" target=\"_blank\" rel=\"nofollow noopener\" spellcheck=\"false\" style=\"outline: none;\"><span style=\"font-weight: normal;\">Ab 16,23 \u20ac<\/span><\/a><\/strong><\/p>\n<p style=\"\">Ihnen wird noch nichts berechnet<\/p>\n","protected":false},"excerpt":{"rendered":"<p>Tal der K\u00f6nige Schnelleinlass-Tickets Zur Buchung Ab&nbsp;16,23 \u20ac Entdecken Sie die k\u00f6niglichen Geheimnisse \u00c4gyptens mit Tickets f\u00fcr das&nbsp;Tal der K\u00f6nige mit Schnelleinlass. Erkunden Sie pharaonische Gr\u00e4ber, Hyroglyphen, Verzierungen und jahrtausendealte Artefakte in diesem UNESCO-Weltwunder. Handverlesenes Ticket&nbsp; Handyticket Schnelleinlass Nicht erstattungsf\u00e4hig Inbegriffen Bevorzugter Eintritt in das Tal der K\u00f6nige zur gew\u00e4hlten \u00d6ffnungszeit Zugang zu aktuellen Ausstellungen [&hellip;]<\/p>\n","protected":false},"author":6,"featured_media":10867,"parent":0,"menu_order":0,"comment_status":"closed","ping_status":"closed","template":"","meta":{"_acf_changed":false,"footnotes":"","tve_updated_post":"","tve_custom_css":"","tve_user_custom_css":"","tve_globals":{},"tcb2_ready":1,"tcb_editor_enabled":1,"tve_landing_page":"bd86f3fc67210fed5b2794ad4a56d3a9","_tve_header":"10865","_tve_footer":"10866"},"categories":[115],"tags":[123,129],"class_list":["post-11562","page","type-page","status-publish","has-post-thumbnail","hentry","category-luxor-de","tag-luxor-de","tag-verkaufsseite","post-wrapper","thrv_wrapper"],"acf":[],"_links":{"self":[{"href":"https:\/\/egypt-tourist-information.com\/de\/wp-json\/wp\/v2\/pages\/11562","targetHints":{"allow":["GET"]}}],"collection":[{"href":"https:\/\/egypt-tourist-information.com\/de\/wp-json\/wp\/v2\/pages"}],"about":[{"href":"https:\/\/egypt-tourist-information.com\/de\/wp-json\/wp\/v2\/types\/page"}],"author":[{"embeddable":true,"href":"https:\/\/egypt-tourist-information.com\/de\/wp-json\/wp\/v2\/users\/6"}],"replies":[{"embeddable":true,"href":"https:\/\/egypt-tourist-information.com\/de\/wp-json\/wp\/v2\/comments?post=11562"}],"version-history":[{"count":10,"href":"https:\/\/egypt-tourist-information.com\/de\/wp-json\/wp\/v2\/pages\/11562\/revisions"}],"predecessor-version":[{"id":13746,"href":"https:\/\/egypt-tourist-information.com\/de\/wp-json\/wp\/v2\/pages\/11562\/revisions\/13746"}],"wp:featuredmedia":[{"embeddable":true,"href":"https:\/\/egypt-tourist-information.com\/de\/wp-json\/wp\/v2\/media\/10867"}],"wp:attachment":[{"href":"https:\/\/egypt-tourist-information.com\/de\/wp-json\/wp\/v2\/media?parent=11562"}],"wp:term":[{"taxonomy":"category","embeddable":true,"href":"https:\/\/egypt-tourist-information.com\/de\/wp-json\/wp\/v2\/categories?post=11562"},{"taxonomy":"post_tag","embeddable":true,"href":"https:\/\/egypt-tourist-information.com\/de\/wp-json\/wp\/v2\/tags?post=11562"}],"curies":[{"name":"wp","href":"https:\/\/api.w.org\/{rel}","templated":true}]}}