{"id":12544,"date":"2025-09-08T07:30:35","date_gmt":"2025-09-08T07:30:35","guid":{"rendered":"https:\/\/egypt-tourist-information.com\/?page_id=12544"},"modified":"2025-09-08T07:30:36","modified_gmt":"2025-09-08T07:30:36","slug":"impressum","status":"publish","type":"page","link":"https:\/\/egypt-tourist-information.com\/de\/impressum","title":{"rendered":"Impressum"},"content":{"rendered":"","protected":false},"excerpt":{"rendered":"","protected":false},"author":18,"featured_media":11037,"parent":0,"menu_order":0,"comment_status":"closed","ping_status":"closed","template":"","meta":{"_acf_changed":false,"footnotes":"","tve_updated_post":"<div class=\"thrv_wrapper thrv_text_element\">\t<p>MOST AMAZING PLACES TANITIM VE T\u0130C. A.\u015e.<\/p><p>G\u00fcm\u00fc\u015fsuyu Mah.&nbsp;<\/p><p>\u0130n\u00f6n\u00fc Cd. Melek Apt, NO: 11, K1 D2<\/p><p>34437 Beyo\u011flu\/\u0130stanbul<\/p><p><strong>Tax-Identifikationsnummer:<br><\/strong>Beyoglu VD 6232114088<\/p><p><strong>Gesch\u00e4ftsf\u00fchrer:&nbsp;<\/strong>D. Eronal<\/p><p><strong>Internet:&nbsp;<\/strong><a href=\"https:\/\/most-amazing-places.com\/\" target=\"_blank\" class=\"\" style=\"outline: none;\" data-lt-tmp-id=\"lt-258087\" spellcheck=\"false\" rel=\"nofollow\">https:\/\/most-amazing-places.com\/<\/a><\/p><\/div>","tve_custom_css":"","tve_user_custom_css":"","tve_globals":{"e":"1","font_cls":[]},"tcb2_ready":1,"tcb_editor_enabled":1,"tve_landing_page":"","_tve_header":"","_tve_footer":""},"categories":[],"tags":[],"class_list":["post-12544","page","type-page","status-publish","has-post-thumbnail","hentry","post-wrapper","thrv_wrapper"],"acf":[],"_links":{"self":[{"href":"https:\/\/egypt-tourist-information.com\/de\/wp-json\/wp\/v2\/pages\/12544","targetHints":{"allow":["GET"]}}],"collection":[{"href":"https:\/\/egypt-tourist-information.com\/de\/wp-json\/wp\/v2\/pages"}],"about":[{"href":"https:\/\/egypt-tourist-information.com\/de\/wp-json\/wp\/v2\/types\/page"}],"author":[{"embeddable":true,"href":"https:\/\/egypt-tourist-information.com\/de\/wp-json\/wp\/v2\/users\/18"}],"replies":[{"embeddable":true,"href":"https:\/\/egypt-tourist-information.com\/de\/wp-json\/wp\/v2\/comments?post=12544"}],"version-history":[{"count":5,"href":"https:\/\/egypt-tourist-information.com\/de\/wp-json\/wp\/v2\/pages\/12544\/revisions"}],"predecessor-version":[{"id":12549,"href":"https:\/\/egypt-tourist-information.com\/de\/wp-json\/wp\/v2\/pages\/12544\/revisions\/12549"}],"wp:featuredmedia":[{"embeddable":true,"href":"https:\/\/egypt-tourist-information.com\/de\/wp-json\/wp\/v2\/media\/11037"}],"wp:attachment":[{"href":"https:\/\/egypt-tourist-information.com\/de\/wp-json\/wp\/v2\/media?parent=12544"}],"wp:term":[{"taxonomy":"category","embeddable":true,"href":"https:\/\/egypt-tourist-information.com\/de\/wp-json\/wp\/v2\/categories?post=12544"},{"taxonomy":"post_tag","embeddable":true,"href":"https:\/\/egypt-tourist-information.com\/de\/wp-json\/wp\/v2\/tags?post=12544"}],"curies":[{"name":"wp","href":"https:\/\/api.w.org\/{rel}","templated":true}]}}