{"id":13140,"date":"2025-06-24T11:13:37","date_gmt":"2025-06-24T11:13:37","guid":{"rendered":"https:\/\/egypt-tourist-information.com\/nile-dinner-cruise"},"modified":"2025-09-18T13:18:18","modified_gmt":"2025-09-18T13:18:18","slug":"nil-dinner-kreuzfahrt-ab-kairo","status":"publish","type":"page","link":"https:\/\/egypt-tourist-information.com\/de\/nil-dinner-kreuzfahrt-ab-kairo","title":{"rendered":"Nil-Dinner-Kreuzfahrt ab Kairo: Abendessen &amp; Live-Show"},"content":{"rendered":"<p><span><img decoding=\"async\" alt=\"\" data-id=\"9111\" width=\"\" height=\"undefined\" title=\"Von Kairo aus: Dinner-Kreuzfahrt auf dem Nil mit Live-Unterhaltung\" src=\"https:\/\/egypt-tourist-information.com\/wp-content\/uploads\/From-Cairo-Nile-River-Dinner-Cruise-with-Live-Entertainment-ota-1.avif\" data-src=\"https:\/\/egypt-tourist-information.com\/wp-content\/uploads\/From-Cairo-Nile-River-Dinner-Cruise-with-Live-Entertainment-ota-1.avif\" loading=\"lazy\" data-sizes=\"{&quot;full&quot;:{&quot;url&quot;:&quot;https:\/\/egypt-tourist-information.com\/wp-content\/uploads\/From-Cairo-Nile-River-Dinner-Cruise-with-Live-Entertainment-ota-1.avif&quot;}}\"><\/span><span><img decoding=\"async\" alt=\"\" data-id=\"9112\" width=\"2311\" height=\"1300\" title=\"Ab Kairo: Dinner-Kreuzfahrt auf dem Nil mit Live-Unterhaltung ota6\" src=\"https:\/\/egypt-tourist-information.com\/wp-content\/uploads\/From-Cairo-Nile-River-Dinner-Cruise-with-Live-Entertainment-ota6-1024x576.webp\" data-src=\"https:\/\/egypt-tourist-information.com\/wp-content\/uploads\/From-Cairo-Nile-River-Dinner-Cruise-with-Live-Entertainment-ota6-300x169.webp\" loading=\"lazy\" data-sizes=\"{&quot;thumbnail&quot;:{&quot;url&quot;:&quot;https:\/\/egypt-tourist-information.com\/wp-content\/uploads\/From-Cairo-Nile-River-Dinner-Cruise-with-Live-Entertainment-ota6-150x150.webp&quot;,&quot;height&quot;:150,&quot;width&quot;:150,&quot;orientation&quot;:&quot;landscape&quot;},&quot;medium&quot;:{&quot;url&quot;:&quot;https:\/\/egypt-tourist-information.com\/wp-content\/uploads\/From-Cairo-Nile-River-Dinner-Cruise-with-Live-Entertainment-ota6-300x169.webp&quot;,&quot;height&quot;:169,&quot;width&quot;:300,&quot;orientation&quot;:&quot;landscape&quot;},&quot;large&quot;:{&quot;url&quot;:&quot;https:\/\/egypt-tourist-information.com\/wp-content\/uploads\/From-Cairo-Nile-River-Dinner-Cruise-with-Live-Entertainment-ota6-1024x576.webp&quot;,&quot;height&quot;:576,&quot;width&quot;:1024,&quot;orientation&quot;:&quot;landscape&quot;},&quot;full&quot;:{&quot;url&quot;:&quot;https:\/\/egypt-tourist-information.com\/wp-content\/uploads\/From-Cairo-Nile-River-Dinner-Cruise-with-Live-Entertainment-ota6.webp&quot;,&quot;height&quot;:1300,&quot;width&quot;:2311,&quot;orientation&quot;:&quot;landscape&quot;},&quot;1536x1536&quot;:{&quot;url&quot;:&quot;https:\/\/egypt-tourist-information.com\/wp-content\/uploads\/From-Cairo-Nile-River-Dinner-Cruise-with-Live-Entertainment-ota6-1536x864.webp&quot;,&quot;height&quot;:864,&quot;width&quot;:1536,&quot;orientation&quot;:&quot;landscape&quot;},&quot;2048x2048&quot;:{&quot;url&quot;:&quot;https:\/\/egypt-tourist-information.com\/wp-content\/uploads\/From-Cairo-Nile-River-Dinner-Cruise-with-Live-Entertainment-ota6-2048x1152.webp&quot;,&quot;height&quot;:1152,&quot;width&quot;:2048,&quot;orientation&quot;:&quot;landscape&quot;}}\"><\/span><span><img decoding=\"async\" alt=\"\" data-id=\"9113\" width=\"\" height=\"undefined\" title=\"Ab Kairo: Dinner-Kreuzfahrt auf dem Nil mit Live-Unterhaltung ota5\" src=\"https:\/\/egypt-tourist-information.com\/wp-content\/uploads\/From-Cairo-Nile-River-Dinner-Cruise-with-Live-Entertainment-ota5.avif\" data-src=\"https:\/\/egypt-tourist-information.com\/wp-content\/uploads\/From-Cairo-Nile-River-Dinner-Cruise-with-Live-Entertainment-ota5.avif\" loading=\"lazy\" data-sizes=\"{&quot;full&quot;:{&quot;url&quot;:&quot;https:\/\/egypt-tourist-information.com\/wp-content\/uploads\/From-Cairo-Nile-River-Dinner-Cruise-with-Live-Entertainment-ota5.avif&quot;}}\"><\/span><span><img decoding=\"async\" alt=\"\" data-id=\"9114\" width=\"2317\" height=\"1300\" title=\"Ab Kairo: Dinner-Kreuzfahrt auf dem Nil mit Live-Unterhaltung ota4\" src=\"https:\/\/egypt-tourist-information.com\/wp-content\/uploads\/From-Cairo-Nile-River-Dinner-Cruise-with-Live-Entertainment-ota4-1024x575.webp\" data-src=\"https:\/\/egypt-tourist-information.com\/wp-content\/uploads\/From-Cairo-Nile-River-Dinner-Cruise-with-Live-Entertainment-ota4-300x168.webp\" loading=\"lazy\" data-sizes=\"{&quot;thumbnail&quot;:{&quot;url&quot;:&quot;https:\/\/egypt-tourist-information.com\/wp-content\/uploads\/From-Cairo-Nile-River-Dinner-Cruise-with-Live-Entertainment-ota4-150x150.webp&quot;,&quot;height&quot;:150,&quot;width&quot;:150,&quot;orientation&quot;:&quot;landscape&quot;},&quot;medium&quot;:{&quot;url&quot;:&quot;https:\/\/egypt-tourist-information.com\/wp-content\/uploads\/From-Cairo-Nile-River-Dinner-Cruise-with-Live-Entertainment-ota4-300x168.webp&quot;,&quot;height&quot;:168,&quot;width&quot;:300,&quot;orientation&quot;:&quot;landscape&quot;},&quot;large&quot;:{&quot;url&quot;:&quot;https:\/\/egypt-tourist-information.com\/wp-content\/uploads\/From-Cairo-Nile-River-Dinner-Cruise-with-Live-Entertainment-ota4-1024x575.webp&quot;,&quot;height&quot;:575,&quot;width&quot;:1024,&quot;orientation&quot;:&quot;landscape&quot;},&quot;full&quot;:{&quot;url&quot;:&quot;https:\/\/egypt-tourist-information.com\/wp-content\/uploads\/From-Cairo-Nile-River-Dinner-Cruise-with-Live-Entertainment-ota4.webp&quot;,&quot;height&quot;:1300,&quot;width&quot;:2317,&quot;orientation&quot;:&quot;landscape&quot;},&quot;1536x1536&quot;:{&quot;url&quot;:&quot;https:\/\/egypt-tourist-information.com\/wp-content\/uploads\/From-Cairo-Nile-River-Dinner-Cruise-with-Live-Entertainment-ota4-1536x862.webp&quot;,&quot;height&quot;:862,&quot;width&quot;:1536,&quot;orientation&quot;:&quot;landscape&quot;},&quot;2048x2048&quot;:{&quot;url&quot;:&quot;https:\/\/egypt-tourist-information.com\/wp-content\/uploads\/From-Cairo-Nile-River-Dinner-Cruise-with-Live-Entertainment-ota4-2048x1149.webp&quot;,&quot;height&quot;:1149,&quot;width&quot;:2048,&quot;orientation&quot;:&quot;landscape&quot;}}\"><\/span><span><img decoding=\"async\" alt=\"\" data-id=\"9115\" width=\"\" height=\"undefined\" title=\"Ab Kairo: Dinner-Kreuzfahrt auf dem Nil mit Live-Unterhaltung ota3\" src=\"https:\/\/egypt-tourist-information.com\/wp-content\/uploads\/From-Cairo-Nile-River-Dinner-Cruise-with-Live-Entertainment-ota3.avif\" data-src=\"https:\/\/egypt-tourist-information.com\/wp-content\/uploads\/From-Cairo-Nile-River-Dinner-Cruise-with-Live-Entertainment-ota3.avif\" loading=\"lazy\" data-sizes=\"{&quot;full&quot;:{&quot;url&quot;:&quot;https:\/\/egypt-tourist-information.com\/wp-content\/uploads\/From-Cairo-Nile-River-Dinner-Cruise-with-Live-Entertainment-ota3.avif&quot;}}\"><\/span><span><img decoding=\"async\" alt=\"\" data-id=\"9116\" width=\"\" height=\"undefined\" title=\"Ab Kairo: Dinner-Kreuzfahrt auf dem Nil mit Live-Unterhaltung ota2\" src=\"https:\/\/egypt-tourist-information.com\/wp-content\/uploads\/From-Cairo-Nile-River-Dinner-Cruise-with-Live-Entertainment-ota2.avif\" data-src=\"https:\/\/egypt-tourist-information.com\/wp-content\/uploads\/From-Cairo-Nile-River-Dinner-Cruise-with-Live-Entertainment-ota2.avif\" loading=\"lazy\" data-sizes=\"{&quot;full&quot;:{&quot;url&quot;:&quot;https:\/\/egypt-tourist-information.com\/wp-content\/uploads\/From-Cairo-Nile-River-Dinner-Cruise-with-Live-Entertainment-ota2.avif&quot;}}\"><\/span><\/p>\n<h1 data-test-id=\"activity-title\" data-track=\"activity-title\" data-v-aba56113=\"\">Ab Kairo: Nil-Dinner-Kreuzfahrt mit Live-Unterhaltung<\/h1>\n<h2><a href=\"https:\/\/www.getyourguide.com\/cairo-l92\/from-cairodinner-cruise-on-the-nile-river-with-entertainmet-t474376\/?partner_id=NO9XIDE&amp;utm_medium=online_publisher&amp;cmp=ETIDeNileDinnerCruiseSP\" target=\"_blank\" rel=\"nofollow noopener\" style=\"outline: none;\">Zur Buchung<\/a><\/h2>\n<h1><a href=\"https:\/\/www.getyourguide.com\/cairo-l92\/from-cairodinner-cruise-on-the-nile-river-with-entertainmet-t474376\/?partner_id=NO9XIDE&amp;utm_medium=online_publisher&amp;cmp=ETIDeNileDinnerCruiseSP\" target=\"_blank\" rel=\"nofollow noopener\" style=\"outline: none;\" spellcheck=\"false\"><span style=\"font-weight: normal;\">Ab&nbsp;<\/span><strong>22,05 \u20ac<\/strong><\/a><strong><\/strong><\/h1>\n<p dir=\"ltr\">Genie\u00dfen Sie einen <strong>magischen Abend auf dem Nil bei einer Nil-Dinner-Kreuzfahrt<\/strong>&nbsp;mit Buffet-Abendessen, Live-Unterhaltung und Bauchtanz, w\u00e4hrend Sie an der beleuchteten Skyline von Kairo entlanggleiten. Abholung und R\u00fccktransfer vom Hotel inklusive.<\/p>\n<ul>\n<li style=\"\"><span>Handverlesenes Ticket&nbsp;<\/span><\/li>\n<li style=\"\"><span>Jetzt reservieren &amp; sp\u00e4ter bezahlen<\/span><\/li>\n<li style=\"\"><span>Dauer: 3 Stunden<\/span><\/li>\n<li style=\"\"><span>Kostenlose Stornierung<\/span><\/li>\n<\/ul>\n<h2>Ingegriffen<\/h2>\n<ul>\n<li style=\"\">                    <span>Nilkreuzfahrt<\/span><\/li>\n<li style=\"\">                    <span>Abholung und R\u00fccktransfer vom Hotel (Innenstadt von Kairo oder Gegend um Gizeh)<\/span><\/li>\n<li style=\"\">                    <span>Abendbuffet mit \u00e4gyptischen und internationalen Gerichten<\/span><\/li>\n<li style=\"\">                    <span>Live-Bauchtanz und Folkloreshow<\/span><\/li>\n<li style=\"\">                    <span>Live-Unterhaltung<\/span><\/li>\n<\/ul>\n<h2>Nicht inbegriffen<\/h2>\n<ul>\n<li style=\"\"><span>Getr\u00e4nke<\/span><\/li>\n<li style=\"\"><span>Trinkgelder (optional)<\/span><\/li>\n<\/ul>\n<h2>Wichtige Informationen<\/h2>\n<ul>\n<li style=\"\"><span>Abholung m\u00f6glich in der Innenstadt von Kairo oder in der Gegend der Pyramiden von Gizeh. Bitte seien Sie 15 Minuten vor Ihrer geplanten Abholzeit bereit<\/span><\/li>\n<li><span>Kleiderordnung: Smart Casual empfohlen<\/span><\/li>\n<li><span>Vegetarische Optionen am Buffet erh\u00e4ltlich<\/span><\/li>\n<li><span>Die Kreuzfahrt kann je nach Ihrer Auswahl gemeinsam oder privat sein<\/span><\/li>\n<\/ul>\n<h2>Beschreibung:<\/h2>\n<p dir=\"ltr\">Gleiten Sie entlang des legend\u00e4ren Nil und erleben Sie&nbsp;<strong>das Nachtleben Kairos aus einer anderen Perspektive.<\/strong>&nbsp;Genie\u00dfen Sie auf Ihrer Nil-Dinner-Kreuzfahrt ein&nbsp;<strong>\u00fcppiges Abendbuffet<\/strong> mit \u00e4gyptischen und internationalen Aromen.<\/p>\n<p dir=\"ltr\">Der Abend wird mit<strong> Bauchtanz, Folkloredarbietungen<\/strong>&nbsp;und&nbsp;<strong>Hintergrundmusik<\/strong>&nbsp;zu einem Erlebnis. Ob Sie einen besonderen Anlass feiern oder Ihren Tag stilvoll ausklingen lassen m\u00f6chten, diese Dinner-Kreuzfahrt verspricht Romantik, Kultur und atemberaubende Ausblicke auf die beleuchtete Stadt.<\/p>\n<h2>Highlights:<\/h2>\n<ul>\n<li dir=\"ltr\">Bewundern Sie die glitzernde Skyline von Kairo vom Nil aus<\/li>\n<li dir=\"ltr\">Genie\u00dfen Sie ein offenes Abendbuffet mit lokalen und internationalen Gerichten<\/li>\n<li dir=\"ltr\">Sehen Sie sich eine Live-Bauchtanzshow und eine Folklore-Auff\u00fchrung an<\/li>\n<li dir=\"ltr\">H\u00f6ren Sie entspannende Musik im Hintergrund<\/li>\n<li dir=\"ltr\">Hoteltransfers inklusive f\u00fcr ein stressfreies Erlebnis<\/li>\n<\/ul>\n<h2>Stornierungsbedingungen<\/h2>\n<p dir=\"ltr\">Kostenlose Stornierung bis 24 Stunden vor Beginn mit voller R\u00fcckerstattung m\u00f6glich.<\/p>\n<h2>Treffpunkt &amp; Anweisungen<\/h2>\n<p dir=\"ltr\">Die Abholung von Ihrem Hotel in der Innenstadt von Kairo oder in der Gegend der Pyramiden von Gizeh ist inbegriffen.<\/p>\n<p dir=\"ltr\">Nach der Buchung erhalten Sie eine Best\u00e4tigung mit der genauen Abholzeit. Suchen Sie Ihren Fahrer in der Hotellobby mit einem Schild mit Ihrem Namen<\/p>\n<p><a href=\"https:\/\/www.getyourguide.com\/cairo-l92\/from-cairodinner-cruise-on-the-nile-river-with-entertainmet-t474376\/?partner_id=NO9XIDE&amp;utm_medium=online_publisher&amp;cmp=ETINileDinnerCruiseSP\" rel=\"nofollow noopener\" spellcheck=\"false\" target=\"_blank\" style=\"outline: none;\">Bereiche anzeigen<\/a><\/p>\n<h2>Bewertungen und Bewertung<\/h2>\n<p><strong>4.7\/ 5&nbsp; <\/strong><strong>(2430+ Bewertungen)<\/strong><\/p>\n<p dir=\"ltr\"><em>\u201e<\/em>Sie waren sehr zuvorkommend, die Kommunikation war klar, ihr Transport holte uns p\u00fcnktlich von einem anderen Ort ab, tolles Essen, interessante Unterhaltung und ein sehr freundlicher Reiseleiter. Was f\u00fcr eine tolle Art, einen Abend in Kairo am Nil zu verbringen. W\u00fcrde ich empfehlen.<em>\u201c<\/em> Wayne, Juni 2025 &gt;&gt; <a href=\"https:\/\/www.getyourguide.com\/cairo-l92\/from-cairodinner-cruise-on-the-nile-river-with-entertainmet-t474376\/?partner_id=NO9XIDE&amp;utm_medium=online_publisher&amp;cmp=ETIDeNileDinnerCruiseSP\" target=\"_blank\" rel=\"nofollow noopener\" style=\"outline: none;\" spellcheck=\"false\">Alle Bewertungen<\/a><\/p>\n<h2>Einige Aktivit\u00e4ten, die Ihnen gefallen k\u00f6nnten<\/h2>\n<p><span># <\/span><strong><span>2<\/span><\/strong><span># <\/span><strong><span>2<\/span><\/strong><span><img decoding=\"async\" alt=\"\" data-id=\"9063\" width=\"159\" data-init-width=\"720\" height=\"106\" data-init-height=\"480\" title=\"Ab Kairo: Pyramiden von Gizeh, Sphinx, Sakkara und Memphis \u2013 Tour\" loading=\"lazy\" src=\"https:\/\/egypt-tourist-information.com\/wp-content\/uploads\/From-Cairo-Pyramids-of-Giza-Sphinx-Saqqara-Memphis-Tour-ota.avif\" data-width=\"159\" data-height=\"106\" style=\"aspect-ratio: auto 720 \/ 480;\"><\/span><\/p>\n<table>\n<tbody>\n<tr>\n<td><a href=\"https:\/\/www.getyourguide.com\/cairo-l92\/giza-pyramids-sphinx-saqqara-and-dahshur-tour-from-cairo-t215709\/?partner_id=NO9XIDE&amp;utm_medium=online_publisher&amp;cmp=ETIDeNileDinnerCruiseSP2\" target=\"_blank\" rel=\"nofollow noopener\" style=\"outline: none;\" data-lt-tmp-id=\"lt-197061\" spellcheck=\"false\">Ab Kairo: Pyramiden von Gizeh, Sphinx, Sakkara und Memphis<\/a><\/td>\n<\/tr>\n<\/tbody>\n<\/table>\n<p>Reisen Sie von Kairo aus in die Vergangenheit und erkunden Sie w\u00e4hrend einer 8-st\u00fcndigen Tour die ber\u00fchmten Pyramiden von Gizeh, die r\u00e4tselhafte Sphinx, die antike Stufenpyramide von Sakkara und die Ruinen des historischen Memphis.<\/p>\n<h3 style=\"\">Gesamtpreis<\/h3>\n<h3 style=\"\">Ihnen wird noch nichts berechnet<\/h3>\n<p><span># <\/span><strong><span>2<\/span><\/strong><span># <\/span><strong><span>2<\/span><\/strong><span><img decoding=\"async\" alt=\"Quad-Tour zu den Pyramiden mit optionalem Kamelritt\" data-id=\"8831\" width=\"159\" data-init-width=\"1598\" height=\"99\" data-init-height=\"999\" title=\"Quad-Tour zu den Pyramiden mit optionalem Kamelritt ota\" loading=\"lazy\" src=\"https:\/\/egypt-tourist-information.com\/wp-content\/uploads\/Quad-Biking-Tour-of-the-Pyramids-with-Optional-Camel-Ride-ota.avif\" data-width=\"159\" data-height=\"99\" style=\"aspect-ratio: auto 1598 \/ 999;\"><\/span><\/p>\n<table>\n<tbody>\n<tr>\n<td><a href=\"https:\/\/www.headout.com\/de\/pyramide-von-gizeh-touren\/private-quadtour-und-kamelritt-zu-den-pyramiden-e-13980\/?affiliate_code=KXkQ69&amp;utm_campaign=etidenildeinnercruisecairosp3&amp;utm_content=link&amp;utm_medium=affiliate&amp;utm_source=most_amazing_places\" rel=\"nofollow noopener\" spellcheck=\"false\" target=\"_blank\" style=\"outline: none;\">Quad-Tour zu den Pyramiden mit optionalem Kamelritt<\/a><\/td>\n<\/tr>\n<\/tbody>\n<\/table>\n<p>Erleben Sie die Pyramiden von Gizeh aus einer aufregenden neuen Perspektive auf einer aufregenden Quad-Tour. Optional k\u00f6nnen Sie f\u00fcr ein unvergessliches W\u00fcstenabenteuer auch einen klassischen Kamelritt hinzuf\u00fcgen.<\/p>\n<h3 style=\"\">Gesamtpreis<\/h3>\n<h3 style=\"\">Ihnen wird noch nichts berechnet<\/h3>\n<p><span># <\/span><strong><span>2<\/span><\/strong><span><img decoding=\"async\" alt=\"Kairo: Abendessen im The Great Pyramid Inn + Transfers\" data-id=\"8835\" width=\"159\" data-init-width=\"2333\" height=\"106\" data-init-height=\"1556\" title=\"Kairo \u2013 Abendessen im The Great Pyramid Inn + Transfers ota\" loading=\"lazy\" src=\"https:\/\/egypt-tourist-information.com\/wp-content\/uploads\/Cairo-Dinner-at-The-Great-Pyramid-Inn-Transfers-ota.avif\" data-width=\"159\" data-height=\"106\" style=\"aspect-ratio: auto 2333 \/ 1556;\"><\/span><\/p>\n<table>\n<tbody>\n<tr>\n<td><a data-lt-tmp-id=\"lt-54115\" href=\"https:\/\/www.tiqets.com\/de\/giza-attractions-c274\/tickets-for-cairo-dinner-at-the-great-pyramid-inn-transfers-p1115096\/?partner=egypttouristinformation&amp;tq_campaign=ETIDeNileDinnerCruiseSP4\" rel=\"nofollow noopener\" spellcheck=\"false\" target=\"_blank\" style=\"outline: none;\">Kairo: Abendessen im The Great Pyramid Inn + Transfers<\/a><\/td>\n<\/tr>\n<\/tbody>\n<\/table>\n<p>Erleben Sie einen unvergesslichen Abend mit einem Abendessen im The Great Pyramid Inn. Genie\u00dfen Sie einen spektakul\u00e4ren Blick auf die beleuchteten Pyramiden von Gizeh und die Sphinx, w\u00e4hrend Sie die Ton- und Lichtshow ansehen, inklusive bequemer Transfers.<\/p>\n<h3 style=\"\">Gesamtpreis<\/h3>\n<h3 style=\"\">Ihnen wird noch nichts berechnet<\/h3>\n<\/p>\n<h2><a href=\"https:\/\/www.getyourguide.com\/cairo-l92\/from-cairodinner-cruise-on-the-nile-river-with-entertainmet-t474376\/?partner_id=NO9XIDE&amp;utm_medium=online_publisher&amp;cmp=ETIDeNileDinnerCruiseSP\" target=\"_blank\" rel=\"nofollow noopener\" style=\"outline: none;\" spellcheck=\"false\">Zur Buchung<\/a><span style=\"font-weight: normal;\"><\/span><\/h2>\n<p><strong style=\"outline: currentcolor;\"><a href=\"https:\/\/www.getyourguide.com\/cairo-l92\/from-cairodinner-cruise-on-the-nile-river-with-entertainmet-t474376\/?partner_id=NO9XIDE&amp;utm_medium=online_publisher&amp;cmp=ETIDeNileDinnerCruiseSP\" target=\"_blank\" rel=\"nofollow noopener\" spellcheck=\"false\" style=\"outline: none;\">Ab 22,05 \u20ac<\/a><\/strong><\/p>\n<p style=\"\">Ihnen wird noch nichts berechnet<\/p>\n","protected":false},"excerpt":{"rendered":"<p>Ab Kairo: Nil-Dinner-Kreuzfahrt mit Live-Unterhaltung Zur Buchung Ab&nbsp;22,05 \u20ac Genie\u00dfen Sie einen magischen Abend auf dem Nil bei einer Nil-Dinner-Kreuzfahrt&nbsp;mit Buffet-Abendessen, Live-Unterhaltung und Bauchtanz, w\u00e4hrend Sie an der beleuchteten Skyline von Kairo entlanggleiten. Abholung und R\u00fccktransfer vom Hotel inklusive. Handverlesenes Ticket&nbsp; Jetzt reservieren &amp; sp\u00e4ter bezahlen Dauer: 3 Stunden Kostenlose Stornierung Ingegriffen Nilkreuzfahrt Abholung und [&hellip;]<\/p>\n","protected":false},"author":6,"featured_media":10895,"parent":0,"menu_order":0,"comment_status":"closed","ping_status":"closed","template":"","meta":{"_acf_changed":false,"footnotes":"","tve_updated_post":"","tve_custom_css":"","tve_user_custom_css":"","tve_globals":{},"tcb2_ready":1,"tcb_editor_enabled":1,"tve_landing_page":"bd86f3fc67210fed5b2794ad4a56d3a9","_tve_header":"2517","_tve_footer":"2519"},"categories":[113],"tags":[121,128,129],"class_list":["post-13140","page","type-page","status-publish","has-post-thumbnail","hentry","category-kairo","tag-erfahrungen","tag-kairo","tag-verkaufsseite","post-wrapper","thrv_wrapper"],"acf":[],"_links":{"self":[{"href":"https:\/\/egypt-tourist-information.com\/de\/wp-json\/wp\/v2\/pages\/13140","targetHints":{"allow":["GET"]}}],"collection":[{"href":"https:\/\/egypt-tourist-information.com\/de\/wp-json\/wp\/v2\/pages"}],"about":[{"href":"https:\/\/egypt-tourist-information.com\/de\/wp-json\/wp\/v2\/types\/page"}],"author":[{"embeddable":true,"href":"https:\/\/egypt-tourist-information.com\/de\/wp-json\/wp\/v2\/users\/6"}],"replies":[{"embeddable":true,"href":"https:\/\/egypt-tourist-information.com\/de\/wp-json\/wp\/v2\/comments?post=13140"}],"version-history":[{"count":7,"href":"https:\/\/egypt-tourist-information.com\/de\/wp-json\/wp\/v2\/pages\/13140\/revisions"}],"predecessor-version":[{"id":13154,"href":"https:\/\/egypt-tourist-information.com\/de\/wp-json\/wp\/v2\/pages\/13140\/revisions\/13154"}],"wp:featuredmedia":[{"embeddable":true,"href":"https:\/\/egypt-tourist-information.com\/de\/wp-json\/wp\/v2\/media\/10895"}],"wp:attachment":[{"href":"https:\/\/egypt-tourist-information.com\/de\/wp-json\/wp\/v2\/media?parent=13140"}],"wp:term":[{"taxonomy":"category","embeddable":true,"href":"https:\/\/egypt-tourist-information.com\/de\/wp-json\/wp\/v2\/categories?post=13140"},{"taxonomy":"post_tag","embeddable":true,"href":"https:\/\/egypt-tourist-information.com\/de\/wp-json\/wp\/v2\/tags?post=13140"}],"curies":[{"name":"wp","href":"https:\/\/api.w.org\/{rel}","templated":true}]}}