{"id":13142,"date":"2025-06-25T07:14:27","date_gmt":"2025-06-25T07:14:27","guid":{"rendered":"https:\/\/egypt-tourist-information.com\/quad-biking-tour-of-the-pyramids"},"modified":"2026-04-24T09:34:33","modified_gmt":"2026-04-24T09:34:33","slug":"kairo-quad-tour-pyramiden","status":"publish","type":"page","link":"https:\/\/egypt-tourist-information.com\/de\/kairo-quad-tour-pyramiden","title":{"rendered":"Kairo: Quad-Tour zu den Pyramiden mit optionalem Kamelritt"},"content":{"rendered":"<p><span><img decoding=\"async\" alt=\"\" data-id=\"9088\" width=\"\" height=\"undefined\" title=\"Ab Kairo: Pyramiden von Gizeh, Sphinx, Sakkara und Memphis \u2013 Tour ota6\" src=\"https:\/\/egypt-tourist-information.com\/wp-content\/uploads\/From-Cairo-Pyramids-of-Giza-Sphinx-Saqqara-Memphis-Tour-ota6.avif\" data-src=\"https:\/\/egypt-tourist-information.com\/wp-content\/uploads\/From-Cairo-Pyramids-of-Giza-Sphinx-Saqqara-Memphis-Tour-ota6.avif\" loading=\"lazy\" data-sizes=\"{&quot;full&quot;:{&quot;url&quot;:&quot;https:\/\/egypt-tourist-information.com\/wp-content\/uploads\/From-Cairo-Pyramids-of-Giza-Sphinx-Saqqara-Memphis-Tour-ota6.avif&quot;}}\"><\/span><span><img decoding=\"async\" alt=\"\" data-id=\"9138\" width=\"1600\" height=\"1000\" title=\"Quad-Tour zu den Pyramiden mit optionalem Kamelritt ota3\" src=\"https:\/\/egypt-tourist-information.com\/wp-content\/uploads\/Quad-Biking-Tour-of-the-Pyramids-with-Optional-Camel-Ride-ota3-1024x640.avif\" data-src=\"https:\/\/egypt-tourist-information.com\/wp-content\/uploads\/Quad-Biking-Tour-of-the-Pyramids-with-Optional-Camel-Ride-ota3-300x188.avif\" loading=\"lazy\" data-sizes=\"{&quot;thumbnail&quot;:{&quot;url&quot;:&quot;https:\/\/egypt-tourist-information.com\/wp-content\/uploads\/Quad-Biking-Tour-of-the-Pyramids-with-Optional-Camel-Ride-ota3-150x150.avif&quot;,&quot;height&quot;:150,&quot;width&quot;:150,&quot;orientation&quot;:&quot;landscape&quot;},&quot;medium&quot;:{&quot;url&quot;:&quot;https:\/\/egypt-tourist-information.com\/wp-content\/uploads\/Quad-Biking-Tour-of-the-Pyramids-with-Optional-Camel-Ride-ota3-300x188.avif&quot;,&quot;height&quot;:188,&quot;width&quot;:300,&quot;orientation&quot;:&quot;landscape&quot;},&quot;large&quot;:{&quot;url&quot;:&quot;https:\/\/egypt-tourist-information.com\/wp-content\/uploads\/Quad-Biking-Tour-of-the-Pyramids-with-Optional-Camel-Ride-ota3-1024x640.avif&quot;,&quot;height&quot;:640,&quot;width&quot;:1024,&quot;orientation&quot;:&quot;landscape&quot;},&quot;full&quot;:{&quot;url&quot;:&quot;https:\/\/egypt-tourist-information.com\/wp-content\/uploads\/Quad-Biking-Tour-of-the-Pyramids-with-Optional-Camel-Ride-ota3.avif&quot;,&quot;height&quot;:1000,&quot;width&quot;:1600,&quot;orientation&quot;:&quot;landscape&quot;},&quot;1536x1536&quot;:{&quot;url&quot;:&quot;https:\/\/egypt-tourist-information.com\/wp-content\/uploads\/Quad-Biking-Tour-of-the-Pyramids-with-Optional-Camel-Ride-ota3-1536x960.avif&quot;,&quot;height&quot;:960,&quot;width&quot;:1536,&quot;orientation&quot;:&quot;landscape&quot;}}\"><\/span><span><img decoding=\"async\" alt=\"\" data-id=\"9139\" width=\"1598\" height=\"999\" title=\"Quad-Tour zu den Pyramiden mit optionalem Kamelritt ota2\" src=\"https:\/\/egypt-tourist-information.com\/wp-content\/uploads\/Quad-Biking-Tour-of-the-Pyramids-with-Optional-Camel-Ride-ota2-1024x640.avif\" data-src=\"https:\/\/egypt-tourist-information.com\/wp-content\/uploads\/Quad-Biking-Tour-of-the-Pyramids-with-Optional-Camel-Ride-ota2-300x188.avif\" loading=\"lazy\" data-sizes=\"{&quot;thumbnail&quot;:{&quot;url&quot;:&quot;https:\/\/egypt-tourist-information.com\/wp-content\/uploads\/Quad-Biking-Tour-of-the-Pyramids-with-Optional-Camel-Ride-ota2-150x150.avif&quot;,&quot;height&quot;:150,&quot;width&quot;:150,&quot;orientation&quot;:&quot;landscape&quot;},&quot;medium&quot;:{&quot;url&quot;:&quot;https:\/\/egypt-tourist-information.com\/wp-content\/uploads\/Quad-Biking-Tour-of-the-Pyramids-with-Optional-Camel-Ride-ota2-300x188.avif&quot;,&quot;height&quot;:188,&quot;width&quot;:300,&quot;orientation&quot;:&quot;landscape&quot;},&quot;large&quot;:{&quot;url&quot;:&quot;https:\/\/egypt-tourist-information.com\/wp-content\/uploads\/Quad-Biking-Tour-of-the-Pyramids-with-Optional-Camel-Ride-ota2-1024x640.avif&quot;,&quot;height&quot;:640,&quot;width&quot;:1024,&quot;orientation&quot;:&quot;landscape&quot;},&quot;full&quot;:{&quot;url&quot;:&quot;https:\/\/egypt-tourist-information.com\/wp-content\/uploads\/Quad-Biking-Tour-of-the-Pyramids-with-Optional-Camel-Ride-ota2.avif&quot;,&quot;height&quot;:999,&quot;width&quot;:1598,&quot;orientation&quot;:&quot;landscape&quot;},&quot;1536x1536&quot;:{&quot;url&quot;:&quot;https:\/\/egypt-tourist-information.com\/wp-content\/uploads\/Quad-Biking-Tour-of-the-Pyramids-with-Optional-Camel-Ride-ota2-1536x960.avif&quot;,&quot;height&quot;:960,&quot;width&quot;:1536,&quot;orientation&quot;:&quot;landscape&quot;}}\"><\/span><span><img decoding=\"async\" alt=\"\" data-id=\"9140\" width=\"1598\" height=\"999\" title=\"Quad-Tour zu den Pyramiden mit optionalem Kamelritt ota\" src=\"https:\/\/egypt-tourist-information.com\/wp-content\/uploads\/Quad-Biking-Tour-of-the-Pyramids-with-Optional-Camel-Ride-ota-1-1024x640.avif\" data-src=\"https:\/\/egypt-tourist-information.com\/wp-content\/uploads\/Quad-Biking-Tour-of-the-Pyramids-with-Optional-Camel-Ride-ota-1-300x188.avif\" loading=\"lazy\" data-sizes=\"{&quot;thumbnail&quot;:{&quot;url&quot;:&quot;https:\/\/egypt-tourist-information.com\/wp-content\/uploads\/Quad-Biking-Tour-of-the-Pyramids-with-Optional-Camel-Ride-ota-1-150x150.avif&quot;,&quot;height&quot;:150,&quot;width&quot;:150,&quot;orientation&quot;:&quot;landscape&quot;},&quot;medium&quot;:{&quot;url&quot;:&quot;https:\/\/egypt-tourist-information.com\/wp-content\/uploads\/Quad-Biking-Tour-of-the-Pyramids-with-Optional-Camel-Ride-ota-1-300x188.avif&quot;,&quot;height&quot;:188,&quot;width&quot;:300,&quot;orientation&quot;:&quot;landscape&quot;},&quot;large&quot;:{&quot;url&quot;:&quot;https:\/\/egypt-tourist-information.com\/wp-content\/uploads\/Quad-Biking-Tour-of-the-Pyramids-with-Optional-Camel-Ride-ota-1-1024x640.avif&quot;,&quot;height&quot;:640,&quot;width&quot;:1024,&quot;orientation&quot;:&quot;landscape&quot;},&quot;full&quot;:{&quot;url&quot;:&quot;https:\/\/egypt-tourist-information.com\/wp-content\/uploads\/Quad-Biking-Tour-of-the-Pyramids-with-Optional-Camel-Ride-ota-1.avif&quot;,&quot;height&quot;:999,&quot;width&quot;:1598,&quot;orientation&quot;:&quot;landscape&quot;},&quot;1536x1536&quot;:{&quot;url&quot;:&quot;https:\/\/egypt-tourist-information.com\/wp-content\/uploads\/Quad-Biking-Tour-of-the-Pyramids-with-Optional-Camel-Ride-ota-1-1536x960.avif&quot;,&quot;height&quot;:960,&quot;width&quot;:1536,&quot;orientation&quot;:&quot;landscape&quot;}}\"><\/span><\/p>\n<h1 data-qa-marker=\"product-name\">Quadtour zu den Pyramiden mit optionalem Kamelritt<\/h1>\n<h2><a href=\"https:\/\/www.headout.com\/de\/pyramide-von-gizeh-touren\/private-quadtour-und-kamelritt-zu-den-pyramiden-e-13980\/?affiliate_code=KXkQ69&amp;utm_campaign=etidequadtoursp&amp;utm_content=link&amp;utm_medium=affiliate&amp;utm_source=most_amazing_places\" target=\"_blank\" rel=\"nofollow noopener\" style=\"outline: none;\">Zur Buchung<\/a><\/h2>\n<h1><a href=\"https:\/\/www.headout.com\/de\/pyramide-von-gizeh-touren\/private-quadtour-und-kamelritt-zu-den-pyramiden-e-13980\/?affiliate_code=KXkQ69&amp;utm_campaign=etidequadtoursp&amp;utm_content=link&amp;utm_medium=affiliate&amp;utm_source=most_amazing_places\" target=\"_blank\" rel=\"nofollow noopener\" style=\"outline: none;\"><span style=\"font-weight: normal;\">Ab&nbsp;<\/span><strong>38,64 \u20ac<\/strong><\/a><strong><\/strong><\/h1>\n<p dir=\"ltr\">Begeben Sie&nbsp;<strong>sich auf eine aufregende Quad-Tour<\/strong>&nbsp;\u00fcber das Gizeh-Plateau, genie\u00dfen Sie einen <strong>Kamelritt<\/strong> und bestaunen Sie die m\u00e4chtigen <strong>Pyramiden<\/strong> \u2013 Abholung vom Hotel, Getr\u00e4nke und Reisef\u00fchrer inklusive.<\/p>\n<ul>\n<li style=\"\"><span>Handverlesenes Ticket&nbsp;<\/span><\/li>\n<li style=\"\"><span>Sofortige Best\u00e4tigung<\/span><\/li>\n<li style=\"\"><span>Dauer: 2 &#8211; 4 Stunden<\/span><\/li>\n<li style=\"\"><span>Kostenlose Stornierung<\/span><\/li>\n<\/ul>\n<h2>Inbegriffen<\/h2>\n<ul>\n<li style=\"\">                    <span>Hin- und R\u00fccktransfer von Kairo oder Gizeh<\/span><\/li>\n<li style=\"\">                    <span>Transport im klimatisierten Fahrzeug<\/span><\/li>\n<li style=\"\">                    <span>1-st\u00fcndige Quad-Tour in der W\u00fcste<\/span><\/li>\n<li style=\"\">                    <span>30-min\u00fctiger oder einst\u00fcndiger Kamelritt (je nach gew\u00e4hlter Option)<\/span><\/li>\n<li style=\"\">                    <span>Englischsprachiger Reiseleiter<\/span><\/li>\n<li style=\"\">                    <span>Mineralwasser, Tee oder Softdrink<\/span><\/li>\n<li style=\"\">                    <span>Servicegeb\u00fchren und Steuern<\/span><\/li>\n<\/ul>\n<h2>Nicht inbegriffen<\/h2>\n<ul>\n<li style=\"\"><span>Eintritt zu den Pyramiden von Gizeh<\/span><\/li>\n<li style=\"\"><span>Eintritt zur Sphinx<\/span><\/li>\n<\/ul>\n<h2>Wichtige Informationen<\/h2>\n<ul>\n<li style=\"\"><span><strong>Wichtig<\/strong>: Quadfahren findet au\u00dferhalb des Pyramiden- und Sphinx-Gebiets (in der Sahara) statt.<\/span><\/li>\n<li><span>F\u00fcr das Quadfahren kann ein Mindestalter gelten \u2013 kontaktieren Sie den Anbieter im Voraus.<\/span><\/li>\n<li><span>Bei der Buchung m\u00fcssen Sie den Namen Ihres Hotels angeben<br \/><\/span><\/li>\n<li><span>F\u00fcr Hotels in Gebieten au\u00dferhalb des Versorgungsgebiets (z. B. Flughafen Kairo, Mirage City, Nasir City, Heliopolis, New Cairo, New Capital, Rehab City, Madinty, 6th of October City) ist die Abholung gegen einen Aufpreis von 10 USD pro Person m\u00f6glich<\/span><\/li>\n<li><span>Der genaue Abholort wird nach der Buchung best\u00e4tigt.<\/span><\/li>\n<li><span>Seien Sie 10\u201315 Minuten vor der Abholzeit in der Lobby oder am Eingang Ihres Hotels bereit<\/span><\/li>\n<li><span>Bringen Sie einen g\u00fcltigen Lichtbildausweis und Ihren mobilen Voucher mit<\/span><\/li>\n<\/ul>\n<h2>Beschreibung:<\/h2>\n<p dir=\"ltr\">Erleben Sie \u00c4gypten wie nie zuvor \u2013&nbsp;<strong>bei einer Quad-Tour zu den Pyramiden!<\/strong> Nach einer bequemen Abholung vom Hotel fahren Sie in die W\u00fcste in der N\u00e4he der Pyramiden und <strong>sausen durch den goldenen Sand.<\/strong><\/p>\n<p dir=\"ltr\">Bewundern Sie die Pracht der Pyramiden&nbsp;<strong>Cheops, Chephren und Mykerinos<\/strong> aus aufregenden Perspektiven. Genie\u00dfen Sie nach der Fahrt Tee oder Erfrischungsgetr\u00e4nke an einem <strong>Aussichtspunkt in der W\u00fcste,<\/strong> bevor Sie f\u00fcr einen traditionelleren Ritt auf ein <strong>Kamel<\/strong>&nbsp;steigen. <\/p>\n<p dir=\"ltr\">Machen Sie atemberaubende Fotos, lauschen Sie alten Legenden und lassen Sie sich stressfrei zur\u00fcckbringen.<\/p>\n<h2>Highlights:<\/h2>\n<p ltr\"\"=\"\">\n<ul>\n<li dir=\"ltr\">Fahren Sie mit einem Quad durch die offene W\u00fcste mit Pyramiden als Kulisse<\/li>\n<li dir=\"ltr\">Sehen Sie die Gro\u00dfen Pyramiden und die Sphinx aus einzigartigen W\u00fcstenperspektiven<\/li>\n<li dir=\"ltr\">Besuchen Sie Sahara City f\u00fcr eine W\u00fcstenpause und genie\u00dfen Sie ein traditionelles Getr\u00e4nk<\/li>\n<li dir=\"ltr\">Steigen Sie auf ein Kamel f\u00fcr ein klassisches W\u00fcstenerlebnis<\/li>\n<li dir=\"ltr\">Inklusive Hoteltransfers und einem lokalen Experten \u2013 kein zus\u00e4tzlicher Aufwand<\/li>\n<\/ul>\n<h2>Stornierungsbedingungen<\/h2>\n<p dir=\"ltr\">Kostenlose Stornierung bis 24 Stunden vor Tourbeginn mit voller R\u00fcckerstattung m\u00f6glich.<\/p>\n<h2>Treffpunkt &amp; Anweisungen<\/h2>\n<p dir=\"ltr\">Sie werden von Ihrem Hotel in Kairo oder Gizeh abgeholt<\/p>\n<p dir=\"ltr\">F\u00fcr Abholungen au\u00dferhalb des Gebiets (z. B. New Cairo, Flughafenhotels) f\u00e4llt eine Geb\u00fchr von 10 USD pro Person an<\/p>\n<p dir=\"ltr\">Seien Sie 10\u201315 Minuten vor der Abholzeit in der Lobby oder am Eingang bereit. Legen Sie bei der Abholung Ihren mobilen Voucher und Ihren Lichtbildausweis vor<\/p>\n<p><a href=\"https:\/\/www.headout.com\/de\/pyramide-von-gizeh-touren\/private-quadtour-und-kamelritt-zu-den-pyramiden-e-13980\/?affiliate_code=KXkQ69&amp;utm_campaign=etidequadtoursp&amp;utm_content=link&amp;utm_medium=affiliate&amp;utm_source=most_amazing_places\" rel=\"nofollow noopener\" spellcheck=\"false\" target=\"_blank\" style=\"outline: none;\">Bereiche anzeigen<\/a><\/p>\n<h2>Bewertungen<\/h2>\n<p><strong>4.3\/ 5&nbsp; <\/strong><strong>(880+ Bewertungen)<\/strong><\/p>\n<p dir=\"ltr\">&#8222;Dank meines Reiseleiters, Ramy, hatte ich ein gro\u00dfartiges Erlebnis. Er kam fr\u00fch, um mich abzuholen, brachte mir ein bisschen Arabisch bei und war w\u00e4hrend des gesamten ATV- und Kamelritts sehr freundlich. Danke Ramy!&#8220; Tony, Juni 2024&gt;&gt;&nbsp;<a href=\"https:\/\/www.headout.com\/de\/pyramide-von-gizeh-touren\/private-quadtour-und-kamelritt-zu-den-pyramiden-e-13980\/?affiliate_code=KXkQ69&amp;utm_campaign=etidequadtoursp&amp;utm_content=link&amp;utm_medium=affiliate&amp;utm_source=most_amazing_places\" target=\"_blank\" rel=\"nofollow noopener\" style=\"outline: none;\" spellcheck=\"false\">Zu den Bewertungen<\/a><\/p>\n<h2>Einige Aktivit\u00e4ten, die Ihnen gefallen k\u00f6nnten<\/h2>\n<p><span># <\/span><strong><span>2<\/span><\/strong><span># <\/span><strong><span>2<\/span><\/strong><span><img decoding=\"async\" alt=\"Kairo: Private Tour zu den Pyramiden und der Gro\u00dfen Sphinx mit Kamelritt\" data-id=\"8829\" width=\"159\" data-init-width=\"720\" height=\"106\" data-init-height=\"480\" title=\"Kairo: Private Tour zu den Pyramiden und der Gro\u00dfen Sphinx mit Kamelritt\" loading=\"lazy\" src=\"https:\/\/egypt-tourist-information.com\/wp-content\/uploads\/Cairo-Pyramids-Great-Sphinx-Private-Tour-with-Camel-Ride-ota.avif\" data-width=\"159\" data-height=\"106\" style=\"aspect-ratio: auto 720 \/ 480;\"><\/span><\/p>\n<table>\n<tbody>\n<tr>\n<td><a href=\"https:\/\/www.getyourguide.com\/cairo-l92\/cairo-pyramids-great-sphinx-private-tour-with-camel-ride-t459032\/?partner_id=NO9XIDE&amp;utm_medium=online_publisher&amp;cmp=ETIDeQuadBikingTourSP2\" rel=\"nofollow noopener\" spellcheck=\"false\" target=\"_blank\" style=\"outline: none;\">Kairo: Pyramiden &amp; Gro\u00dfe Sphinx &#8211; Private Tour mit Kamelritt<\/a><\/td>\n<\/tr>\n<\/tbody>\n<\/table>\n<p>Erkunden Sie die antiken Wunder \u00c4gyptens auf einer 4-st\u00fcndigen Privattour zu den Pyramiden von Gizeh und der Sphinx, inklusive eines unvergesslichen Kamelritts.<\/p>\n<h3 style=\"\">Gesamtpreis<\/h3>\n<h3 style=\"\">Ihnen wird noch nichts berechnet<\/h3>\n<p><span># <\/span><strong><span>2<\/span><\/strong><span># <\/span><strong><span>2<\/span><\/strong><span><img decoding=\"async\" alt=\"Ab Kairo: Nil-Dinner-Kreuzfahrt mit Live-Unterhaltung\" data-id=\"9111\" width=\"159\" data-init-width=\"1598\" height=\"114\" data-init-height=\"999\" title=\"Von Kairo aus: Dinner-Kreuzfahrt auf dem Nil mit Live-Unterhaltung\" loading=\"lazy\" src=\"https:\/\/egypt-tourist-information.com\/wp-content\/uploads\/From-Cairo-Nile-River-Dinner-Cruise-with-Live-Entertainment-ota-1.avif\" data-width=\"159\" data-height=\"114\" style=\"aspect-ratio: auto 1598 \/ 999;\"><\/span><\/p>\n<table>\n<tbody>\n<tr>\n<td>\n<table>\n<tbody>\n<tr>\n<td><a href=\"https:\/\/www.getyourguide.com\/cairo-l92\/from-cairodinner-cruise-on-the-nile-river-with-entertainmet-t474376\/?partner_id=NO9XIDE&amp;utm_medium=online_publisher&amp;cmp=ETIhttps:\/\/www.getyourguide.com\/cairo-l92\/cairo-pyramids-great-sphinx-private-tour-with-camel-ride-t459032\/?partner_id=NO9XIDE&amp;utm_medium=online_publisher&amp;cmp=ETIDeQuadBikingCairoSP3\" rel=\"nofollow noopener\" spellcheck=\"false\" target=\"_blank\" style=\"outline: none;\">Ab Kairo: Dinner-Kreuzfahrt auf dem Nil mit Live-Unterhaltung<\/a><\/td>\n<\/tr>\n<\/tbody>\n<\/table>\n<\/td>\n<\/tr>\n<\/tbody>\n<\/table>\n<p>Erleben Sie die Magie von Kairo bei Nacht auf einer faszinierenden Dinner-Kreuzfahrt auf dem Nil, komplett mit Live-Unterhaltung und traditionellen Darbietungen.<\/p>\n<h3 style=\"\">Gesamtpreis<\/h3>\n<h3 style=\"\">Ihnen wird noch nichts berechnet<\/h3>\n<p><span># <\/span><strong><span>2<\/span><\/strong><span><img decoding=\"async\" alt=\"Kairo: Abendessen im The Great Pyramid Inn + Transfers\" data-id=\"8835\" width=\"159\" data-init-width=\"2333\" height=\"106\" data-init-height=\"1556\" title=\"Kairo \u2013 Abendessen im The Great Pyramid Inn + Transfers ota\" loading=\"lazy\" src=\"https:\/\/egypt-tourist-information.com\/wp-content\/uploads\/Cairo-Dinner-at-The-Great-Pyramid-Inn-Transfers-ota.avif\" data-width=\"159\" data-height=\"106\" style=\"aspect-ratio: auto 2333 \/ 1556;\"><\/span><\/p>\n<table>\n<tbody>\n<tr>\n<td><a data-lt-tmp-id=\"lt-428355\" href=\"https:\/\/www.tiqets.com\/de\/giza-attractions-c274\/tickets-for-cairo-dinner-at-the-great-pyramid-inn-transfers-p1115096\/?partner=egypttouristinformation&amp;tq_campaign=ETIDeQuadBikingCairoSP4\" rel=\"nofollow noopener\" spellcheck=\"false\" target=\"_blank\" style=\"outline: none;\">Kairo: Abendessen im The Great Pyramid Inn + Transfers<\/a><\/td>\n<\/tr>\n<\/tbody>\n<\/table>\n<p>Erleben Sie einen unvergesslichen Abend mit einem Abendessen im The Great Pyramid Inn. Genie\u00dfen Sie einen spektakul\u00e4ren Blick auf die beleuchteten Pyramiden von Gizeh und die Sphinx, w\u00e4hrend Sie die Ton- und Lichtshow ansehen, inklusive bequemer Transfers.<\/p>\n<h3 style=\"\">Gesamtpreis<\/h3>\n<h3 style=\"\">Ihnen wird noch nichts berechnet<\/h3>\n<p><\/p>\n<h2><a href=\"https:\/\/www.headout.com\/de\/pyramide-von-gizeh-touren\/private-quadtour-und-kamelritt-zu-den-pyramiden-e-13980\/?affiliate_code=KXkQ69&amp;utm_campaign=etidequadtoursp&amp;utm_content=link&amp;utm_medium=affiliate&amp;utm_source=most_amazing_places\" target=\"_blank\" rel=\"nofollow noopener\" style=\"outline: none;\" spellcheck=\"false\">Zur Buchung<\/a><span style=\"font-weight: normal;\"><\/span><\/h2>\n<p><strong style=\"outline: currentcolor;\"><a href=\"https:\/\/www.headout.com\/de\/pyramide-von-gizeh-touren\/private-quadtour-und-kamelritt-zu-den-pyramiden-e-13980\/?affiliate_code=KXkQ69&amp;utm_campaign=etidequadtoursp&amp;utm_content=link&amp;utm_medium=affiliate&amp;utm_source=most_amazing_places\" target=\"_blank\" rel=\"nofollow noopener\" spellcheck=\"false\" style=\"outline: none;\">Ab 37,64&nbsp;<span style=\"font-weight: normal;\">\u20ac<\/span><\/a><\/strong><\/p>\n<p style=\"\">Ihnen wird noch nichts berechnet<\/p>\n","protected":false},"excerpt":{"rendered":"<p>Quadtour zu den Pyramiden mit optionalem Kamelritt Zur Buchung Ab&nbsp;38,64 \u20ac Begeben Sie&nbsp;sich auf eine aufregende Quad-Tour&nbsp;\u00fcber das Gizeh-Plateau, genie\u00dfen Sie einen Kamelritt und bestaunen Sie die m\u00e4chtigen Pyramiden \u2013 Abholung vom Hotel, Getr\u00e4nke und Reisef\u00fchrer inklusive. Handverlesenes Ticket&nbsp; Sofortige Best\u00e4tigung Dauer: 2 &#8211; 4 Stunden Kostenlose Stornierung Inbegriffen Hin- und R\u00fccktransfer von Kairo oder [&hellip;]<\/p>\n","protected":false},"author":6,"featured_media":10824,"parent":0,"menu_order":0,"comment_status":"closed","ping_status":"closed","template":"","meta":{"_acf_changed":false,"footnotes":"","tve_updated_post":"","tve_custom_css":"","tve_user_custom_css":"","tve_globals":{},"tcb2_ready":1,"tcb_editor_enabled":1,"tve_landing_page":"bd86f3fc67210fed5b2794ad4a56d3a9","_tve_header":"2517","_tve_footer":"2519"},"categories":[113],"tags":[121,128,129],"class_list":["post-13142","page","type-page","status-publish","has-post-thumbnail","hentry","category-kairo","tag-erfahrungen","tag-kairo","tag-verkaufsseite","post-wrapper","thrv_wrapper"],"acf":[],"_links":{"self":[{"href":"https:\/\/egypt-tourist-information.com\/de\/wp-json\/wp\/v2\/pages\/13142","targetHints":{"allow":["GET"]}}],"collection":[{"href":"https:\/\/egypt-tourist-information.com\/de\/wp-json\/wp\/v2\/pages"}],"about":[{"href":"https:\/\/egypt-tourist-information.com\/de\/wp-json\/wp\/v2\/types\/page"}],"author":[{"embeddable":true,"href":"https:\/\/egypt-tourist-information.com\/de\/wp-json\/wp\/v2\/users\/6"}],"replies":[{"embeddable":true,"href":"https:\/\/egypt-tourist-information.com\/de\/wp-json\/wp\/v2\/comments?post=13142"}],"version-history":[{"count":7,"href":"https:\/\/egypt-tourist-information.com\/de\/wp-json\/wp\/v2\/pages\/13142\/revisions"}],"predecessor-version":[{"id":13712,"href":"https:\/\/egypt-tourist-information.com\/de\/wp-json\/wp\/v2\/pages\/13142\/revisions\/13712"}],"wp:featuredmedia":[{"embeddable":true,"href":"https:\/\/egypt-tourist-information.com\/de\/wp-json\/wp\/v2\/media\/10824"}],"wp:attachment":[{"href":"https:\/\/egypt-tourist-information.com\/de\/wp-json\/wp\/v2\/media?parent=13142"}],"wp:term":[{"taxonomy":"category","embeddable":true,"href":"https:\/\/egypt-tourist-information.com\/de\/wp-json\/wp\/v2\/categories?post=13142"},{"taxonomy":"post_tag","embeddable":true,"href":"https:\/\/egypt-tourist-information.com\/de\/wp-json\/wp\/v2\/tags?post=13142"}],"curies":[{"name":"wp","href":"https:\/\/api.w.org\/{rel}","templated":true}]}}