{"id":13144,"date":"2025-06-25T11:39:57","date_gmt":"2025-06-25T11:39:57","guid":{"rendered":"https:\/\/egypt-tourist-information.com\/hurghada-orange-bay-trip"},"modified":"2026-04-24T09:56:29","modified_gmt":"2026-04-24T09:56:29","slug":"ausflug-orange-bay-hurghada","status":"publish","type":"page","link":"https:\/\/egypt-tourist-information.com\/de\/ausflug-orange-bay-hurghada","title":{"rendered":"Ausflug nach Orange Bay ab Hurghada: Luxus-Kreuzfahrt mit Mittagessen"},"content":{"rendered":"<p><span><img decoding=\"async\" alt=\"\" data-id=\"9250\" width=\"\" height=\"undefined\" title=\"Hurghada \u2013 Luxus-Kreuzfahrt nach Orange Bay mit Mittagessen\" src=\"https:\/\/egypt-tourist-information.com\/wp-content\/uploads\/Hurghada-Luxury-Cruise-Trip-to-Orange-Bay-with-Lunch-ota-1.avif\" data-src=\"https:\/\/egypt-tourist-information.com\/wp-content\/uploads\/Hurghada-Luxury-Cruise-Trip-to-Orange-Bay-with-Lunch-ota-1.avif\" loading=\"lazy\" data-sizes=\"{&quot;full&quot;:{&quot;url&quot;:&quot;https:\/\/egypt-tourist-information.com\/wp-content\/uploads\/Hurghada-Luxury-Cruise-Trip-to-Orange-Bay-with-Lunch-ota-1.avif&quot;}}\"><\/span><span><img decoding=\"async\" alt=\"\" data-id=\"9249\" width=\"\" height=\"undefined\" title=\"Hurghada \u2013 Luxus-Kreuzfahrt nach Orange Bay mit Mittagessen ota2\" src=\"https:\/\/egypt-tourist-information.com\/wp-content\/uploads\/Hurghada-Luxury-Cruise-Trip-to-Orange-Bay-with-Lunch-ota2.avif\" data-src=\"https:\/\/egypt-tourist-information.com\/wp-content\/uploads\/Hurghada-Luxury-Cruise-Trip-to-Orange-Bay-with-Lunch-ota2.avif\" loading=\"lazy\" data-sizes=\"{&quot;full&quot;:{&quot;url&quot;:&quot;https:\/\/egypt-tourist-information.com\/wp-content\/uploads\/Hurghada-Luxury-Cruise-Trip-to-Orange-Bay-with-Lunch-ota2.avif&quot;}}\"><\/span><span><img decoding=\"async\" alt=\"\" data-id=\"9246\" width=\"\" height=\"undefined\" title=\"Hurghada \u2013 Luxus-Kreuzfahrt nach Orange Bay mit Mittagessen ota5\" src=\"https:\/\/egypt-tourist-information.com\/wp-content\/uploads\/Hurghada-Luxury-Cruise-Trip-to-Orange-Bay-with-Lunch-ota5.avif\" data-src=\"https:\/\/egypt-tourist-information.com\/wp-content\/uploads\/Hurghada-Luxury-Cruise-Trip-to-Orange-Bay-with-Lunch-ota5.avif\" loading=\"lazy\" data-sizes=\"{&quot;full&quot;:{&quot;url&quot;:&quot;https:\/\/egypt-tourist-information.com\/wp-content\/uploads\/Hurghada-Luxury-Cruise-Trip-to-Orange-Bay-with-Lunch-ota5.avif&quot;}}\"><\/span><span><img decoding=\"async\" alt=\"\" data-id=\"9247\" width=\"\" height=\"undefined\" title=\"Hurghada \u2013 Luxus-Kreuzfahrt nach Orange Bay mit Mittagessen ota4\" src=\"https:\/\/egypt-tourist-information.com\/wp-content\/uploads\/Hurghada-Luxury-Cruise-Trip-to-Orange-Bay-with-Lunch-ota4.avif\" data-src=\"https:\/\/egypt-tourist-information.com\/wp-content\/uploads\/Hurghada-Luxury-Cruise-Trip-to-Orange-Bay-with-Lunch-ota4.avif\" loading=\"lazy\" data-sizes=\"{&quot;full&quot;:{&quot;url&quot;:&quot;https:\/\/egypt-tourist-information.com\/wp-content\/uploads\/Hurghada-Luxury-Cruise-Trip-to-Orange-Bay-with-Lunch-ota4.avif&quot;}}\"><\/span><span><img decoding=\"async\" alt=\"\" data-id=\"9245\" width=\"2311\" height=\"1300\" title=\"Hurghada \u2013 Luxus-Kreuzfahrt nach Orange Bay mit Mittagessen ota6\" src=\"https:\/\/egypt-tourist-information.com\/wp-content\/uploads\/Hurghada-Luxury-Cruise-Trip-to-Orange-Bay-with-Lunch-ota6-1024x576.webp\" data-src=\"https:\/\/egypt-tourist-information.com\/wp-content\/uploads\/Hurghada-Luxury-Cruise-Trip-to-Orange-Bay-with-Lunch-ota6-300x169.webp\" loading=\"lazy\" data-sizes=\"{&quot;thumbnail&quot;:{&quot;url&quot;:&quot;https:\/\/egypt-tourist-information.com\/wp-content\/uploads\/Hurghada-Luxury-Cruise-Trip-to-Orange-Bay-with-Lunch-ota6-150x150.webp&quot;,&quot;height&quot;:150,&quot;width&quot;:150,&quot;orientation&quot;:&quot;landscape&quot;},&quot;medium&quot;:{&quot;url&quot;:&quot;https:\/\/egypt-tourist-information.com\/wp-content\/uploads\/Hurghada-Luxury-Cruise-Trip-to-Orange-Bay-with-Lunch-ota6-300x169.webp&quot;,&quot;height&quot;:169,&quot;width&quot;:300,&quot;orientation&quot;:&quot;landscape&quot;},&quot;large&quot;:{&quot;url&quot;:&quot;https:\/\/egypt-tourist-information.com\/wp-content\/uploads\/Hurghada-Luxury-Cruise-Trip-to-Orange-Bay-with-Lunch-ota6-1024x576.webp&quot;,&quot;height&quot;:576,&quot;width&quot;:1024,&quot;orientation&quot;:&quot;landscape&quot;},&quot;full&quot;:{&quot;url&quot;:&quot;https:\/\/egypt-tourist-information.com\/wp-content\/uploads\/Hurghada-Luxury-Cruise-Trip-to-Orange-Bay-with-Lunch-ota6.webp&quot;,&quot;height&quot;:1300,&quot;width&quot;:2311,&quot;orientation&quot;:&quot;landscape&quot;},&quot;1536x1536&quot;:{&quot;url&quot;:&quot;https:\/\/egypt-tourist-information.com\/wp-content\/uploads\/Hurghada-Luxury-Cruise-Trip-to-Orange-Bay-with-Lunch-ota6-1536x864.webp&quot;,&quot;height&quot;:864,&quot;width&quot;:1536,&quot;orientation&quot;:&quot;landscape&quot;},&quot;2048x2048&quot;:{&quot;url&quot;:&quot;https:\/\/egypt-tourist-information.com\/wp-content\/uploads\/Hurghada-Luxury-Cruise-Trip-to-Orange-Bay-with-Lunch-ota6-2048x1152.webp&quot;,&quot;height&quot;:1152,&quot;width&quot;:2048,&quot;orientation&quot;:&quot;landscape&quot;}}\"><\/span><span><img decoding=\"async\" alt=\"\" data-id=\"9244\" width=\"\" height=\"undefined\" title=\"Hurghada \u2013 Luxus-Kreuzfahrt nach Orange Bay mit Mittagessen ota7\" src=\"https:\/\/egypt-tourist-information.com\/wp-content\/uploads\/Hurghada-Luxury-Cruise-Trip-to-Orange-Bay-with-Lunch-ota7.avif\" data-src=\"https:\/\/egypt-tourist-information.com\/wp-content\/uploads\/Hurghada-Luxury-Cruise-Trip-to-Orange-Bay-with-Lunch-ota7.avif\" loading=\"lazy\" data-sizes=\"{&quot;full&quot;:{&quot;url&quot;:&quot;https:\/\/egypt-tourist-information.com\/wp-content\/uploads\/Hurghada-Luxury-Cruise-Trip-to-Orange-Bay-with-Lunch-ota7.avif&quot;}}\"><\/span><span><img decoding=\"async\" alt=\"\" data-id=\"9248\" width=\"2311\" height=\"1300\" title=\"Hurghada \u2013 Luxus-Kreuzfahrt nach Orange Bay mit Mittagessen ota3\" src=\"https:\/\/egypt-tourist-information.com\/wp-content\/uploads\/Hurghada-Luxury-Cruise-Trip-to-Orange-Bay-with-Lunch-ota3-1024x576.webp\" data-src=\"https:\/\/egypt-tourist-information.com\/wp-content\/uploads\/Hurghada-Luxury-Cruise-Trip-to-Orange-Bay-with-Lunch-ota3-300x169.webp\" loading=\"lazy\" data-sizes=\"{&quot;thumbnail&quot;:{&quot;url&quot;:&quot;https:\/\/egypt-tourist-information.com\/wp-content\/uploads\/Hurghada-Luxury-Cruise-Trip-to-Orange-Bay-with-Lunch-ota3-150x150.webp&quot;,&quot;height&quot;:150,&quot;width&quot;:150,&quot;orientation&quot;:&quot;landscape&quot;},&quot;medium&quot;:{&quot;url&quot;:&quot;https:\/\/egypt-tourist-information.com\/wp-content\/uploads\/Hurghada-Luxury-Cruise-Trip-to-Orange-Bay-with-Lunch-ota3-300x169.webp&quot;,&quot;height&quot;:169,&quot;width&quot;:300,&quot;orientation&quot;:&quot;landscape&quot;},&quot;large&quot;:{&quot;url&quot;:&quot;https:\/\/egypt-tourist-information.com\/wp-content\/uploads\/Hurghada-Luxury-Cruise-Trip-to-Orange-Bay-with-Lunch-ota3-1024x576.webp&quot;,&quot;height&quot;:576,&quot;width&quot;:1024,&quot;orientation&quot;:&quot;landscape&quot;},&quot;full&quot;:{&quot;url&quot;:&quot;https:\/\/egypt-tourist-information.com\/wp-content\/uploads\/Hurghada-Luxury-Cruise-Trip-to-Orange-Bay-with-Lunch-ota3.webp&quot;,&quot;height&quot;:1300,&quot;width&quot;:2311,&quot;orientation&quot;:&quot;landscape&quot;},&quot;1536x1536&quot;:{&quot;url&quot;:&quot;https:\/\/egypt-tourist-information.com\/wp-content\/uploads\/Hurghada-Luxury-Cruise-Trip-to-Orange-Bay-with-Lunch-ota3-1536x864.webp&quot;,&quot;height&quot;:864,&quot;width&quot;:1536,&quot;orientation&quot;:&quot;landscape&quot;},&quot;2048x2048&quot;:{&quot;url&quot;:&quot;https:\/\/egypt-tourist-information.com\/wp-content\/uploads\/Hurghada-Luxury-Cruise-Trip-to-Orange-Bay-with-Lunch-ota3-2048x1152.webp&quot;,&quot;height&quot;:1152,&quot;width&quot;:2048,&quot;orientation&quot;:&quot;landscape&quot;}}\"><\/span><\/p>\n<h1 data-test-id=\"activity-title\" data-track=\"activity-title\" data-v-aba56113=\"\">Hurghada: Luxus-Kreuzfahrt zur Orange Bay mit Mittagessen<\/h1>\n<h2><a href=\"https:\/\/www.getyourguide.com\/hurghada-l403\/hurghada-luxury-sailing-trip-to-orange-bay-with-lunch-t387390\/?partner_id=NO9XIDE&amp;utm_medium=online_publisher&amp;cmp=ETIDeHurghadaOrangeBayTourSP\" target=\"_blank\" rel=\"nofollow noopener\" style=\"outline: none;\">Zur Buchung<\/a><\/h2>\n<h1><a href=\"https:\/\/www.getyourguide.com\/hurghada-l403\/hurghada-luxury-sailing-trip-to-orange-bay-with-lunch-t387390\/?partner_id=NO9XIDE&amp;utm_medium=online_publisher&amp;cmp=ETIDeHurghadaOrangeBayTourSP\" target=\"_blank\" rel=\"nofollow noopener\" style=\"outline: none;\" spellcheck=\"false\"><span style=\"font-weight: normal;\">Ab <\/span>45 \u20ac<\/a><strong><\/strong><\/h1>\n<p dir=\"ltr\">Machen Sie eine <strong>luxuri\u00f6se Kreuzfahrt<\/strong>&nbsp;von Hurghada zur Orange Bay! Schnorcheln Sie im kristallklaren Wasser, erleben Sie aufregende Wassersportarten, und genie\u00dfen Sie ein reichhaltiges Meeresfr\u00fcchtebuffet und eine entspannende Massage.<\/p>\n<ul>\n<li style=\"\"><span>Handverlesenes Ticket&nbsp;<\/span><\/li>\n<li style=\"\"><span>Jetzt reservieren &amp; sp\u00e4ter bezahlen<\/span><\/li>\n<li style=\"\"><span>Dauer: 8,5 Stunden<\/span><\/li>\n<li style=\"\"><span>Kostenlose Stornierung<\/span><\/li>\n<\/ul>\n<h2>Inbegriffen<\/h2>\n<ul>\n<li style=\"\">                    <span>Abholung und R\u00fccktransfer vom Hotel&nbsp;<\/span><\/li>\n<li style=\"\">                    <span>Bootsfahrt<\/span><\/li>\n<li style=\"\">                    <span>Englisch-\/Deutsch-\/Arabisch-\/Russischsprachiger Reiseleiter<\/span><\/li>\n<li style=\"\">                    <span>Stopp an der Orange Bay Island<\/span><\/li>\n<li style=\"\">                    <span>Schnorchelsession mit Ausr\u00fcstung<\/span><\/li>\n<li style=\"\">                    <span>Wassersportstopp&nbsp;<\/span><\/li>\n<li style=\"\">                    <span>BBQ- und Meeresfr\u00fcchtebuffet (Garnelen, Fisch, H\u00fchnchen, Pasta, Reis)<\/span><\/li>\n<li style=\"\">                    <span>4 verschiedene Salatsorten<\/span><\/li>\n<li style=\"\">                    <span>3 verschiedene Obstsorten<\/span><\/li>\n<li style=\"\">                    <span>Unbegrenzt alkoholfreie und hei\u00dfe Getr\u00e4nke<\/span><\/li>\n<li style=\"\">                    <span>Unbegrenzte Snacks<\/span><\/li>\n<li style=\"\">                    <span>1 Massage pro Gast<\/span><\/li>\n<li style=\"\">                    <span>Schwimmwesten<\/span><\/li>\n<li style=\"\">                    <span>Steuern und Schiffsgeb\u00fchren<\/span><\/li>\n<\/ul>\n<h2>Nicht inbegriffen<\/h2>\n<ul>\n<li style=\"\"><span>Getr\u00e4nke auf der Insel<\/span><\/li>\n<\/ul>\n<h2>Wichtige Informationen<\/h2>\n<ul>\n<li style=\"\"><span>Dauer: ca. 8,5 Stunden<\/span><\/li>\n<li><span>Abholung inbegriffen \u2013 warten Sie 5 Minuten vor der geplanten Zeit vor Ihrem Hotel<\/span><\/li>\n<li><span>Nicht geeignet f\u00fcr G\u00e4ste mit eingeschr\u00e4nkter Mobilit\u00e4t oder Rollstuhlfahrer<\/span><\/li>\n<li><span>Was Sie mitbringen sollten: Badebekleidung, Handtuch, Sonnencreme, Sonnenhut, Sonnenbrille und Bargeld<\/span><\/li>\n<\/ul>\n<h2>Beschreibung:<\/h2>\n<p data-pm-slice=\"1 1 []\">Starten Sie von Hurghada aus zu einer <strong>luxori\u00f6sen Kreuzfahrt<\/strong> zur atemberaubenden <strong>Orange Bay Island.<\/strong>&nbsp;Schwimmen Sie im Roten Meer und erleben Sie eine aufregende&nbsp;<strong>Schnorcheltour mit Delfinen, Mantarochen und farbenfrohen Riffen. <\/strong><\/p>\n<p data-pm-slice=\"1 1 []\">Erleben Sie den Nervenkitzel einer <strong>Bananen- und Sofawasserski, bevor Sie an&nbsp;<\/strong><strong>den unber\u00fchrten Str\u00e4nden der Orange Bay<\/strong>&nbsp;entspannen.&nbsp;<\/p>\n<p data-pm-slice=\"1 1 []\">Tanken Sie neue Energie bei einem k\u00f6stlichen <strong>Meeresfr\u00fcchte- und BBQ-Buffet an Bord<\/strong> und entspannen Sie sich bei einer wohltuenden <strong>R\u00fcckenmassage<\/strong><strong>,<\/strong> w\u00e4hrend Sie entlang der K\u00fcste zur\u00fcckfahren. Diese Reise bietet die perfekte Mischung aus Abenteuer, Genuss und Ruhe am Meer.<\/p>\n<h2>Highlights:<\/h2>\n<p ltr\"\"=\"\">\n<ul>\n<li dir=\"ltr\">Fahren Sie zu den atemberaubenden <strong>Ufern der Orange Bay<\/strong><\/li>\n<li dir=\"ltr\">Entdecken Sie beim Schnorcheln im Roten Meer <strong>die lebendige Unterwasserwelt<\/strong><\/li>\n<li dir=\"ltr\">Genie\u00dfen Sie <strong>aufregende Wassersportarten<\/strong> wie Bananen- und Sofafahrten<\/li>\n<li dir=\"ltr\">Verw\u00f6hnen Sie sich mit einem <strong>reichhaltigen Meeresfr\u00fcchte- und BBQ-Buffet<\/strong> mit unbegrenzten Getr\u00e4nken<\/li>\n<li dir=\"ltr\">Entspannen Sie bei einer <strong>professionellen R\u00fcckenmassage<\/strong> an Bord<\/li>\n<li dir=\"ltr\"><strong>Unvergessliche Inselatmosph\u00e4re<\/strong> und Luxuskreuzfahrt in einem Tagesausflug<\/li>\n<\/ul>\n<h2>Stornierungsbedingungen<\/h2>\n<p dir=\"ltr\">Kostenlose Stornierung bis 24 Stunden vor Tourbeginn mit voller R\u00fcckerstattung m\u00f6glich.<\/p>\n<h2>Treffpunkt &amp; Anweisungen<\/h2>\n<p dir=\"ltr\">Die Abholung vom Hotel ist in ausgew\u00e4hlten Bereichen inbegriffen. Bitte warten Sie mindestens 5 Minuten vor der vereinbarten Abholzeit vor der Rezeption Ihres Hotels. Der Reiseleiter wird Sie dort treffen.<\/p>\n<p><a href=\"https:\/\/www.getyourguide.com\/hurghada-l403\/hurghada-luxury-sailing-trip-to-orange-bay-with-lunch-t387390\/?partner_id=NO9XIDE&amp;utm_medium=online_publisher&amp;cmp=ETIDeHurghadaOrangeBayTourSP\" rel=\"nofollow noopener\" spellcheck=\"false\" target=\"_blank\" style=\"outline: none;\">Bereiche anzeigen<\/a><\/p>\n<h2>Bewertungen und Bewertung<\/h2>\n<p><strong>4.9\/ 5&nbsp; <\/strong><strong>(5832 Bewertungen)<\/strong><\/p>\n<p dir=\"ltr\"><em>\u201eVon Anfang bis Ende war es absolut fantastisch. Das Boot war fantastisch. Unser Guide Andrew war brillant und der Rest des Personals war sehr hilfsbereit mit meiner Frau, die in ihrer Mobilit\u00e4t eingeschr\u00e4nkt ist. Was es noch besser gemacht hat: Heute war unser Hochzeitstag, und sie haben f\u00fcr alle einen selbstgebackenen Kuchen und frisches Obst organisiert, damit wir mitfeiern konnten. Ein gro\u00dfes Dankesch\u00f6n an das gesamte Team, wir werden sie auf jeden Fall weiterempfehlen.\u201c<\/em> \u2013 Ben, Juni 2025 &gt;&gt; <a href=\"https:\/\/www.getyourguide.com\/hurghada-l403\/hurghada-luxury-sailing-trip-to-orange-bay-with-lunch-t387390\/?partner_id=NO9XIDE&amp;utm_medium=online_publisher&amp;cmp=ETIDeHurghadaOrangeBayTourSP\" target=\"_blank\" rel=\"nofollow noopener\" style=\"outline: none;\" spellcheck=\"false\">Weitere Bewertungen<\/a><\/p>\n<h2>Einige Aktivit\u00e4ten, die Ihnen gefallen k\u00f6nnten<\/h2>\n<p><span># <\/span><strong><span>2<\/span><\/strong><span># <\/span><strong><span>2<\/span><\/strong><span><img decoding=\"async\" alt=\"Hurghada: Luxor-Tal der K\u00f6nige &amp; Tutanchamun-Grab\" data-id=\"8966\" width=\"159\" data-init-width=\"720\" height=\"103\" data-init-height=\"480\" title=\"Hurghada \u2013 Luxor-Tal der K\u00f6nige und Ausflug zum Grab des Tutanchamun usw\" loading=\"lazy\" src=\"https:\/\/egypt-tourist-information.com\/wp-content\/uploads\/Hurghada-Luxor-Valley-of-the-Kings-Tutankhamun-Tomb-Trip-ota.avif\" data-width=\"159\" data-height=\"103\" style=\"aspect-ratio: auto 720 \/ 480;\"><\/span><\/p>\n<table>\n<tbody>\n<tr>\n<td>\n<table>\n<tbody>\n<tr>\n<td>\n<table>\n<tbody>\n<tr>\n<td><a data-lt-tmp-id=\"lt-858979\" href=\"https:\/\/www.getyourguide.com\/-l109\/-tc4\/?partner_id=NO9XIDE&amp;utm_medium=online_publisher&amp;cmp=ETIDeHurghadaOrangeBayTourSP2&amp;lc=l109\" rel=\"nofollow noopener\" spellcheck=\"false\" target=\"_blank\" style=\"outline: none;\">Hurghada: Luxor-Tal der K\u00f6nige &amp; Tutanchamun-Grab<\/a><\/td>\n<\/tr>\n<\/tbody>\n<\/table>\n<\/td>\n<\/tr>\n<\/tbody>\n<\/table>\n<\/td>\n<\/tr>\n<\/tbody>\n<\/table>\n<p>Begeben Sie sich auf einen unvergesslichen Tagesausflug von Hurghada nach&nbsp;<strong>Luxor<\/strong>, erkunden Sie das legend\u00e4re&nbsp;<strong>Tal der K\u00f6nige<\/strong>&nbsp;und erklimmen Sie hinab in das ikonische Grab von&nbsp;<strong>Tutanchamun<\/strong>.<\/p>\n<h3 style=\"\">Gesamtpreis<\/h3>\n<h3 style=\"\">Ihnen wird noch nichts berechnet<\/h3>\n<p><span># <\/span><strong><span>2<\/span><\/strong><span># <\/span><strong><span>2<\/span><\/strong><span><img decoding=\"async\" alt=\"Ganzt\u00e4gige Kairo-Tour ab Hurghada: Pyramiden von Gizeh und Highlights\" data-id=\"9160\" width=\"159\" data-init-width=\"1598\" height=\"119\" data-init-height=\"999\" title=\"Ganzt\u00e4gige Kairo-Tour ab Hurghada: Pyramiden von Gizeh und Highlights\" loading=\"lazy\" src=\"https:\/\/egypt-tourist-information.com\/wp-content\/uploads\/From-Hurghada-Cairo-and-Giza-Highlights-Full-Day-Tour-ota.avif\" data-width=\"159\" data-height=\"119\" style=\"aspect-ratio: auto 1598 \/ 999;\"><\/span><\/p>\n<table>\n<tbody>\n<tr>\n<td>\n<table>\n<tbody>\n<tr>\n<td><a href=\"https:\/\/www.getyourguide.com\/hurghada-l403\/from-hurghada-cairo-and-giza-highlights-full-day-tour-t686648\/?partner_id=NO9XIDE&amp;utm_medium=online_publisher&amp;cmp=ETIDeHurghadaOrangeBayTourSP3\" rel=\"nofollow noopener\" spellcheck=\"false\" target=\"_blank\" style=\"outline: none;\">Ab Hurghada: Tagestour zu den Highlights von Kairo und Gizeh<\/a><\/td>\n<\/tr>\n<\/tbody>\n<\/table>\n<\/td>\n<\/tr>\n<\/tbody>\n<\/table>\n<p data-end=\"393\" data-start=\"186\">Verpassen Sie nicht diese Tagestour&nbsp;<strong data-end=\"241\" data-start=\"213\">nach Kairo ab Hurghada im Minivan<\/strong>! Besuchen Sie die ber\u00fchmten&nbsp;<strong data-end=\"280\" data-start=\"260\">Pyramiden von Gizeh<\/strong>, die<strong data-end=\"302\" data-start=\"286\">&nbsp;Sphinx<\/strong>&nbsp;und das&nbsp;<strong data-end=\"331\" data-start=\"312\">\u00c4gyptische Museum<\/strong> an einem Tag \u2013 Transfers, Mittagessen und fachkundige Reiseleiter inklusive.<\/p>\n<h3 style=\"\">Gesamtpreis<\/h3>\n<h3 style=\"\">Ihnen wird noch nichts berechnet<\/h3>\n<p><span># <\/span><strong><span>2<\/span><\/strong><span><img decoding=\"async\" alt=\"Hurghada oder Makadi: Entdecken Sie die Magie des Dolphin House\" data-id=\"9242\" width=\"159\" data-init-width=\"2333\" height=\"106\" data-init-height=\"1556\" title=\"Hurghada oder Makadi \u2013 Entdecken Sie die Magie des Dolphin House\" loading=\"lazy\" src=\"https:\/\/egypt-tourist-information.com\/wp-content\/uploads\/Hurghada-or-Makadi-Discover-the-Magic-of-Dolphin-House-ota.avif\" data-width=\"159\" data-height=\"106\" style=\"aspect-ratio: auto 2333 \/ 1556;\"><\/span><\/p>\n<table>\n<tbody>\n<tr>\n<td><a data-lt-tmp-id=\"lt-410990\" href=\"https:\/\/www.getyourguide.com\/hurghada-l403\/hurghada-or-makadi-discover-the-magic-of-dolphin-house-t482952\/?partner_id=NO9XIDE&amp;utm_medium=online_publisher&amp;cmp=ETIDeHurghadaOrangeBayTourSP4\" rel=\"nofollow noopener\" spellcheck=\"false\" target=\"_blank\" style=\"outline: none;\">Hurghada oder Makadi: Entdecken Sie die Magie des Dolphin House<\/a><\/td>\n<\/tr>\n<\/tbody>\n<\/table>\n<p>Begeben Sie sich von Hurghada oder Makadi auf eine bezaubernde Reise zum <strong>Dolphin House,<\/strong> wo Sie die Magie des Schwimmens <strong>neben wilden Delfinen<\/strong>&nbsp;in ihrem nat\u00fcrlichen Lebensraum entdecken k\u00f6nnen.<\/p>\n<h3 style=\"\">Gesamtpreis<\/h3>\n<h3 style=\"\">Ihnen wird noch nichts berechnet<\/h3>\n<p><\/p>\n<h2><a href=\"https:\/\/www.getyourguide.com\/hurghada-l403\/hurghada-luxury-sailing-trip-to-orange-bay-with-lunch-t387390\/?partner_id=NO9XIDE&amp;utm_medium=online_publisher&amp;cmp=ETIDeHurghadaOrangeBayTourSP\" target=\"_blank\" rel=\"nofollow noopener\" style=\"outline: none;\" spellcheck=\"false\">Zur Buchung<\/a><span style=\"font-weight: normal;\"><\/span><\/h2>\n<p><strong style=\"outline: currentcolor;\"><a href=\"https:\/\/www.getyourguide.com\/hurghada-l403\/hurghada-luxury-sailing-trip-to-orange-bay-with-lunch-t387390\/?partner_id=NO9XIDE&amp;utm_medium=online_publisher&amp;cmp=ETIDeHurghadaOrangeBayTourSP\" target=\"_blank\" rel=\"nofollow noopener\" spellcheck=\"false\" style=\"outline: none;\"><span style=\"font-weight: normal;\">Ab<\/span>&nbsp;45 \u20ac<\/a><\/strong><\/p>\n<p style=\"\">Ihnen wird noch nichts berechnet<\/p>\n","protected":false},"excerpt":{"rendered":"<p>Hurghada: Luxus-Kreuzfahrt zur Orange Bay mit Mittagessen Zur Buchung Ab 45 \u20ac Machen Sie eine luxuri\u00f6se Kreuzfahrt&nbsp;von Hurghada zur Orange Bay! Schnorcheln Sie im kristallklaren Wasser, erleben Sie aufregende Wassersportarten, und genie\u00dfen Sie ein reichhaltiges Meeresfr\u00fcchtebuffet und eine entspannende Massage. Handverlesenes Ticket&nbsp; Jetzt reservieren &amp; sp\u00e4ter bezahlen Dauer: 8,5 Stunden Kostenlose Stornierung Inbegriffen Abholung und [&hellip;]<\/p>\n","protected":false},"author":6,"featured_media":10910,"parent":0,"menu_order":0,"comment_status":"closed","ping_status":"closed","template":"","meta":{"_acf_changed":false,"footnotes":"","tve_updated_post":"","tve_custom_css":"","tve_user_custom_css":"","tve_globals":{},"tcb2_ready":1,"tcb_editor_enabled":1,"tve_landing_page":"bd86f3fc67210fed5b2794ad4a56d3a9","_tve_header":"2517","_tve_footer":"2519"},"categories":[76,114],"tags":[121,122,120,129],"class_list":["post-13144","page","type-page","status-publish","has-post-thumbnail","hentry","category-hurghada","category-hurghada-de","tag-erfahrungen","tag-hurghada-de","tag-tagesausfluge","tag-verkaufsseite","post-wrapper","thrv_wrapper"],"acf":[],"_links":{"self":[{"href":"https:\/\/egypt-tourist-information.com\/de\/wp-json\/wp\/v2\/pages\/13144","targetHints":{"allow":["GET"]}}],"collection":[{"href":"https:\/\/egypt-tourist-information.com\/de\/wp-json\/wp\/v2\/pages"}],"about":[{"href":"https:\/\/egypt-tourist-information.com\/de\/wp-json\/wp\/v2\/types\/page"}],"author":[{"embeddable":true,"href":"https:\/\/egypt-tourist-information.com\/de\/wp-json\/wp\/v2\/users\/6"}],"replies":[{"embeddable":true,"href":"https:\/\/egypt-tourist-information.com\/de\/wp-json\/wp\/v2\/comments?post=13144"}],"version-history":[{"count":13,"href":"https:\/\/egypt-tourist-information.com\/de\/wp-json\/wp\/v2\/pages\/13144\/revisions"}],"predecessor-version":[{"id":13717,"href":"https:\/\/egypt-tourist-information.com\/de\/wp-json\/wp\/v2\/pages\/13144\/revisions\/13717"}],"wp:featuredmedia":[{"embeddable":true,"href":"https:\/\/egypt-tourist-information.com\/de\/wp-json\/wp\/v2\/media\/10910"}],"wp:attachment":[{"href":"https:\/\/egypt-tourist-information.com\/de\/wp-json\/wp\/v2\/media?parent=13144"}],"wp:term":[{"taxonomy":"category","embeddable":true,"href":"https:\/\/egypt-tourist-information.com\/de\/wp-json\/wp\/v2\/categories?post=13144"},{"taxonomy":"post_tag","embeddable":true,"href":"https:\/\/egypt-tourist-information.com\/de\/wp-json\/wp\/v2\/tags?post=13144"}],"curies":[{"name":"wp","href":"https:\/\/api.w.org\/{rel}","templated":true}]}}